{"id":6545,"date":"2020-01-13T10:06:54","date_gmt":"2020-01-13T10:06:54","guid":{"rendered":"https:\/\/bottlepromotions.com\/?page_id=6545"},"modified":"2020-02-11T09:59:00","modified_gmt":"2020-02-11T09:59:00","slug":"selling-bottles","status":"publish","type":"page","link":"https:\/\/bottlepromotions.com\/fr\/selling-bottles\/","title":{"rendered":"Vente de bidons"},"content":{"rendered":"\n<section class=\"wp-block-uagb-section uagb-section__wrap uagb-section__background-undefined\" id=\"uagb-section-b513812d-3bd8-45f7-9489-c2fdeba20f8b\"><div class=\"uagb-section__overlay\"><\/div><div class=\"uagb-section__inner-wrap\">\n<h2 class=\"has-text-align-center wp-block-heading\">Vente de bidons<\/h2>\n\n\n\n<p class=\"has-text-align-center\">Les bidons et les accessoires sont uniquement disponibles chez les revendeurs qui travaillent dans la branche promotionnelle et le secteur du cyclisme. Les utilisateurs finaux qui nous contactent sont redirig\u00e9s vers l&rsquo;un de nos partenaires dans la r\u00e9gion ou le pays ad\u00e9quat.<br><br>Vous \u00eates un revendeur&nbsp;? Vous pouvez utiliser l&rsquo;un des outils de vente ci-dessous pour vous inspirer et vous aider. <br><\/p>\n<\/div><\/section>\n\n\n\n<section class=\"wp-block-uagb-columns uagb-columns__wrap uagb-columns__background-undefined uagb-columns__stack-mobile uagb-columns__valign-undefined uagb-columns__gap-10 alignundefined\" id=\"uagb-columns-fdb4502c-fd68-490a-8ecb-5753b9fb0926\"><div class=\"uagb-columns__overlay\"><\/div><div class=\"uagb-columns__inner-wrap uagb-columns__columns-2\">\n<div class=\"wp-block-uagb-column uagb-column__wrap uagb-column__background-undefined\" id=\"uagb-column-540f4f5b-c42c-4fbc-8aa8-69d34446599f\"><div class=\"uagb-column__overlay\"><\/div><div class=\"uagb-column__inner-wrap\">\r\n<div id=\"pagelead-block_5db8472d6f66d\" class=\"cta-block page-lead\">\r\n\r\n\t<a class=\"block\" href=\"https:\/\/bottlepromotions.com\/fr\/bidons-et-accessoires\/\" >\r\n\t\t<div class=\"block-header\">\r\n\t\t\t<div class=\"block-header-inner\">\r\n\t\t\t\t<h3>Pr\u00e9sentoirs<\/h3>\r\n\t\t\t\t<div class=\"intro\">\r\n\t\t\t\t\t<p>Notre gamme d&rsquo;accessoires se compose de 2 types de pr\u00e9sentoirs pour 23 ou 10 bidons. Utilisez-les dans votre showroom ou lors d&rsquo;un salon. Les pr\u00e9sentoirs sont inclus \u00e0 plusieurs bidons avec diff\u00e9rentes impressions.<\/p>\r\n\t\t\t\t<\/div>\r\n\t\t\t<\/div>\r\n\t\t<\/div>\r\n\t\t\t\t<div class=\"block-image\" style=\"background-image:url(https:\/\/bottlepromotions.com\/wp-content\/uploads\/2018\/11\/JvdB20180411-0027.jpg)\"><\/div>\r\n\t<\/a>\r\n\r\n<\/div><\/div><\/div>\n\n\n\n<div class=\"wp-block-uagb-column uagb-column__wrap uagb-column__background-undefined\" id=\"uagb-column-899f59ff-6807-4f5a-9425-af28f53bce69\"><div class=\"uagb-column__overlay\"><\/div><div class=\"uagb-column__inner-wrap\">\r\n<div id=\"pagelead-block_5db847646f66e\" class=\"cta-block page-lead\">\r\n\r\n\t<a class=\"block\" href=\"https:\/\/bottlepromotions.com\/fr\/demander-un-devis\/\" >\r\n\t\t<div class=\"block-header\">\r\n\t\t\t<div class=\"block-header-inner\">\r\n\t\t\t\t<h3>Bo\u00eete d&rsquo;\u00e9chantillons<\/h3>\r\n\t\t\t\t<div class=\"intro\">\r\n\t\t\t\t\t<p>Nous proposons des bo\u00eetes gratuites d&rsquo;\u00e9chantillons de bidons pour que vous vous fassiez une bonne id\u00e9e de nos bidons. Vous recevrez un m\u00e9lange d&rsquo;impressions simples \u00e0 1 ou 2 couleurs et de jolies impressions en couleur.<\/p>\r\n\t\t\t\t<\/div>\r\n\t\t\t<\/div>\r\n\t\t<\/div>\r\n\t\t\t\t<div class=\"block-image\" style=\"background-image:url(https:\/\/bottlepromotions.com\/wp-content\/uploads\/2020\/01\/selling-bottles-block.jpg)\"><\/div>\r\n\t<\/a>\r\n\r\n<\/div><\/div><\/div>\n<\/div><\/section>\n\n\n\n<section class=\"wp-block-uagb-columns uagb-columns__wrap uagb-columns__background-undefined uagb-columns__stack-tablet uagb-columns__valign-undefined uagb-columns__gap-10 alignundefined\" id=\"uagb-columns-6b2f8a09-5bfc-41a0-ae97-0a8fe886aea5\"><div class=\"uagb-columns__overlay\"><\/div><div class=\"uagb-columns__inner-wrap uagb-columns__columns-2\">\n<div class=\"wp-block-uagb-column uagb-column__wrap uagb-column__background-undefined\" id=\"uagb-column-8a191efd-6305-43e9-9137-db69eaedf663\"><div class=\"uagb-column__overlay\"><\/div><div class=\"uagb-column__inner-wrap\">\r\n<div id=\"pagelead-block_5db847c16f66f\" class=\"cta-block page-lead\">\r\n\r\n\t<a class=\"block\" href=\"https:\/\/bottlepromotions.com\/fr\/lien-neutre-vers-le-createur-de-bidon\/\" >\r\n\t\t<div class=\"block-header\">\r\n\t\t\t<div class=\"block-header-inner\">\r\n\t\t\t\t<h3>Lien neutre vers le Cr\u00e9ateur de bidon<\/h3>\r\n\t\t\t\t<div class=\"intro\">\r\n\t\t\t\t\t<p>Int\u00e9grez le Cr\u00e9ateur de bidon \u00e0 votre site. \r\nLes clients peuvent donc concevoir eux-m\u00eames un bidon rapidement et simplement et demander un devis. Vous recevez les demandes dans votre bo\u00eete mail.<\/p>\r\n\t\t\t\t<\/div>\r\n\t\t\t<\/div>\r\n\t\t<\/div>\r\n\t\t\t\t<div class=\"block-image\" style=\"background-image:url(https:\/\/bottlepromotions.com\/wp-content\/uploads\/2018\/10\/bottle-creator-img.jpg)\"><\/div>\r\n\t<\/a>\r\n\r\n<\/div><\/div><\/div>\n\n\n\n<div class=\"wp-block-uagb-column uagb-column__wrap uagb-column__background-undefined\" id=\"uagb-column-f783d5d8-6d33-48c5-b6f6-f68345674e5c\"><div class=\"uagb-column__overlay\"><\/div><div class=\"uagb-column__inner-wrap\">\r\n<div id=\"pagelead-block_5db847c16f670\" class=\"cta-block page-lead\">\r\n\r\n\t<a class=\"block\" href=\"https:\/\/mediakit.bottlepromotions.com\/\" >\r\n\t\t<div class=\"block-header\">\r\n\t\t\t<div class=\"block-header-inner\">\r\n\t\t\t\t<h3>Site partenaire<\/h3>\r\n\t\t\t\t<div class=\"intro\">\r\n\t\t\t\t\t<p>T\u00e9l\u00e9chargez facilement des photos de produits \u00e0 haute r\u00e9solution ainsi que du mat\u00e9riel de vente pour votre utilisation personnelle.<\/p>\r\n\t\t\t\t<\/div>\r\n\t\t\t<\/div>\r\n\t\t<\/div>\r\n\t\t\t\t<div class=\"block-image\" style=\"background-image:url(https:\/\/bottlepromotions.com\/wp-content\/uploads\/2017\/05\/Foto-Astana-in-ijs.jpg)\"><\/div>\r\n\t<\/a>\r\n\r\n<\/div><\/div><\/div>\n<\/div><\/section>\n\n\n\n<section class=\"wp-block-uagb-section uagb-section__wrap uagb-section__background-color\" id=\"uagb-section-22824a0a-62f0-4818-8a6d-ca8dd1198405\"><div class=\"uagb-section__overlay\"><\/div><div class=\"uagb-section__inner-wrap\">\n<h2 class=\"has-text-align-center wp-block-heading\">Transport<\/h2>\n\n\n\n<p class=\"has-text-align-center\">Nos conditions de livraison relatives aux bidons imprim\u00e9s s&rsquo;entendent \u00ab&nbsp;d\u00e9part usine&nbsp;\u00bb. Cela signifie que vous devez organiser vous-m\u00eame le transport. Nous pouvons \u00e9galement nous en charger. Pour ce faire, nous faisons appel \u00e0 nos transporteurs de confiance qui proposent de bons prix. Contactez-nous pour obtenir un devis. Pour les colis s\u00e9par\u00e9s, nous utilisons un service de colis.<br><br> <a href=\"https:\/\/bottlepromotions.com\/transport-info\/\">Transport information<\/a><\/p>\n<\/div><\/section>\n\n\n","protected":false},"excerpt":{"rendered":"","protected":false},"author":11,"featured_media":6881,"parent":0,"menu_order":0,"comment_status":"closed","ping_status":"closed","template":"page-gutenberg.php","meta":{"_acf_changed":false,"_uag_custom_page_level_css":"","footnotes":""},"class_list":["post-6545","page","type-page","status-publish","has-post-thumbnail","hentry"],"acf":[],"yoast_head":"<!-- This site is optimized with the Yoast SEO plugin v26.9 - https:\/\/yoast.com\/product\/yoast-seo-wordpress\/ -->\n<title>Vente de bidons - Bottle Promotions<\/title>\n<meta name=\"robots\" content=\"index, follow, max-snippet:-1, max-image-preview:large, max-video-preview:-1\" \/>\n<link rel=\"canonical\" href=\"https:\/\/bottlepromotions.com\/fr\/selling-bottles\/\" \/>\n<meta property=\"og:locale\" content=\"fr_FR\" \/>\n<meta property=\"og:type\" content=\"article\" \/>\n<meta property=\"og:title\" content=\"Vente de bidons - Bottle Promotions\" \/>\n<meta property=\"og:url\" content=\"https:\/\/bottlepromotions.com\/fr\/selling-bottles\/\" \/>\n<meta property=\"og:site_name\" content=\"Bottle Promotions\" \/>\n<meta property=\"article:modified_time\" content=\"2020-02-11T09:59:00+00:00\" \/>\n<meta property=\"og:image\" content=\"https:\/\/bottlepromotions.com\/wp-content\/uploads\/2020\/01\/kids-2020.jpg\" \/>\n\t<meta property=\"og:image:width\" content=\"1920\" \/>\n\t<meta property=\"og:image:height\" content=\"899\" \/>\n\t<meta property=\"og:image:type\" content=\"image\/jpeg\" \/>\n<meta name=\"twitter:card\" content=\"summary_large_image\" \/>\n<meta name=\"twitter:label1\" content=\"Dur\u00e9e de lecture estim\u00e9e\" \/>\n\t<meta name=\"twitter:data1\" content=\"1 minute\" \/>\n<script type=\"application\/ld+json\" class=\"yoast-schema-graph\">{\"@context\":\"https:\/\/schema.org\",\"@graph\":[{\"@type\":\"WebPage\",\"@id\":\"https:\/\/bottlepromotions.com\/fr\/selling-bottles\/\",\"url\":\"https:\/\/bottlepromotions.com\/fr\/selling-bottles\/\",\"name\":\"Vente de bidons - Bottle Promotions\",\"isPartOf\":{\"@id\":\"https:\/\/bottlepromotions.com\/fr\/#website\"},\"primaryImageOfPage\":{\"@id\":\"https:\/\/bottlepromotions.com\/fr\/selling-bottles\/#primaryimage\"},\"image\":{\"@id\":\"https:\/\/bottlepromotions.com\/fr\/selling-bottles\/#primaryimage\"},\"thumbnailUrl\":\"https:\/\/bottlepromotions.com\/wp-content\/uploads\/2020\/01\/kids-2020.jpg\",\"datePublished\":\"2020-01-13T10:06:54+00:00\",\"dateModified\":\"2020-02-11T09:59:00+00:00\",\"breadcrumb\":{\"@id\":\"https:\/\/bottlepromotions.com\/fr\/selling-bottles\/#breadcrumb\"},\"inLanguage\":\"fr-FR\",\"potentialAction\":[{\"@type\":\"ReadAction\",\"target\":[\"https:\/\/bottlepromotions.com\/fr\/selling-bottles\/\"]}]},{\"@type\":\"ImageObject\",\"inLanguage\":\"fr-FR\",\"@id\":\"https:\/\/bottlepromotions.com\/fr\/selling-bottles\/#primaryimage\",\"url\":\"https:\/\/bottlepromotions.com\/wp-content\/uploads\/2020\/01\/kids-2020.jpg\",\"contentUrl\":\"https:\/\/bottlepromotions.com\/wp-content\/uploads\/2020\/01\/kids-2020.jpg\",\"width\":1920,\"height\":899},{\"@type\":\"BreadcrumbList\",\"@id\":\"https:\/\/bottlepromotions.com\/fr\/selling-bottles\/#breadcrumb\",\"itemListElement\":[{\"@type\":\"ListItem\",\"position\":1,\"name\":\"Home\",\"item\":\"https:\/\/bottlepromotions.com\/fr\/\"},{\"@type\":\"ListItem\",\"position\":2,\"name\":\"Vente de bidons\"}]},{\"@type\":\"WebSite\",\"@id\":\"https:\/\/bottlepromotions.com\/fr\/#website\",\"url\":\"https:\/\/bottlepromotions.com\/fr\/\",\"name\":\"Bottle Promotions\",\"description\":\"Your partner in promotional bottles\",\"publisher\":{\"@id\":\"https:\/\/bottlepromotions.com\/fr\/#organization\"},\"potentialAction\":[{\"@type\":\"SearchAction\",\"target\":{\"@type\":\"EntryPoint\",\"urlTemplate\":\"https:\/\/bottlepromotions.com\/fr\/?s={search_term_string}\"},\"query-input\":{\"@type\":\"PropertyValueSpecification\",\"valueRequired\":true,\"valueName\":\"search_term_string\"}}],\"inLanguage\":\"fr-FR\"},{\"@type\":\"Organization\",\"@id\":\"https:\/\/bottlepromotions.com\/fr\/#organization\",\"name\":\"Bottle Promotions\",\"url\":\"https:\/\/bottlepromotions.com\/fr\/\",\"logo\":{\"@type\":\"ImageObject\",\"inLanguage\":\"fr-FR\",\"@id\":\"https:\/\/bottlepromotions.com\/fr\/#\/schema\/logo\/image\/\",\"url\":\"https:\/\/bottlepromotions.com\/wp-content\/uploads\/2021\/05\/BP-logo-white.png\",\"contentUrl\":\"https:\/\/bottlepromotions.com\/wp-content\/uploads\/2021\/05\/BP-logo-white.png\",\"width\":1284,\"height\":802,\"caption\":\"Bottle Promotions\"},\"image\":{\"@id\":\"https:\/\/bottlepromotions.com\/fr\/#\/schema\/logo\/image\/\"}}]}<\/script>\n<!-- \/ Yoast SEO plugin. -->","yoast_head_json":{"title":"Vente de bidons - Bottle Promotions","robots":{"index":"index","follow":"follow","max-snippet":"max-snippet:-1","max-image-preview":"max-image-preview:large","max-video-preview":"max-video-preview:-1"},"canonical":"https:\/\/bottlepromotions.com\/fr\/selling-bottles\/","og_locale":"fr_FR","og_type":"article","og_title":"Vente de bidons - Bottle Promotions","og_url":"https:\/\/bottlepromotions.com\/fr\/selling-bottles\/","og_site_name":"Bottle Promotions","article_modified_time":"2020-02-11T09:59:00+00:00","og_image":[{"width":1920,"height":899,"url":"https:\/\/bottlepromotions.com\/wp-content\/uploads\/2020\/01\/kids-2020.jpg","type":"image\/jpeg"}],"twitter_card":"summary_large_image","twitter_misc":{"Dur\u00e9e de lecture estim\u00e9e":"1 minute"},"schema":{"@context":"https:\/\/schema.org","@graph":[{"@type":"WebPage","@id":"https:\/\/bottlepromotions.com\/fr\/selling-bottles\/","url":"https:\/\/bottlepromotions.com\/fr\/selling-bottles\/","name":"Vente de bidons - Bottle Promotions","isPartOf":{"@id":"https:\/\/bottlepromotions.com\/fr\/#website"},"primaryImageOfPage":{"@id":"https:\/\/bottlepromotions.com\/fr\/selling-bottles\/#primaryimage"},"image":{"@id":"https:\/\/bottlepromotions.com\/fr\/selling-bottles\/#primaryimage"},"thumbnailUrl":"https:\/\/bottlepromotions.com\/wp-content\/uploads\/2020\/01\/kids-2020.jpg","datePublished":"2020-01-13T10:06:54+00:00","dateModified":"2020-02-11T09:59:00+00:00","breadcrumb":{"@id":"https:\/\/bottlepromotions.com\/fr\/selling-bottles\/#breadcrumb"},"inLanguage":"fr-FR","potentialAction":[{"@type":"ReadAction","target":["https:\/\/bottlepromotions.com\/fr\/selling-bottles\/"]}]},{"@type":"ImageObject","inLanguage":"fr-FR","@id":"https:\/\/bottlepromotions.com\/fr\/selling-bottles\/#primaryimage","url":"https:\/\/bottlepromotions.com\/wp-content\/uploads\/2020\/01\/kids-2020.jpg","contentUrl":"https:\/\/bottlepromotions.com\/wp-content\/uploads\/2020\/01\/kids-2020.jpg","width":1920,"height":899},{"@type":"BreadcrumbList","@id":"https:\/\/bottlepromotions.com\/fr\/selling-bottles\/#breadcrumb","itemListElement":[{"@type":"ListItem","position":1,"name":"Home","item":"https:\/\/bottlepromotions.com\/fr\/"},{"@type":"ListItem","position":2,"name":"Vente de bidons"}]},{"@type":"WebSite","@id":"https:\/\/bottlepromotions.com\/fr\/#website","url":"https:\/\/bottlepromotions.com\/fr\/","name":"Bottle Promotions","description":"Your partner in promotional bottles","publisher":{"@id":"https:\/\/bottlepromotions.com\/fr\/#organization"},"potentialAction":[{"@type":"SearchAction","target":{"@type":"EntryPoint","urlTemplate":"https:\/\/bottlepromotions.com\/fr\/?s={search_term_string}"},"query-input":{"@type":"PropertyValueSpecification","valueRequired":true,"valueName":"search_term_string"}}],"inLanguage":"fr-FR"},{"@type":"Organization","@id":"https:\/\/bottlepromotions.com\/fr\/#organization","name":"Bottle Promotions","url":"https:\/\/bottlepromotions.com\/fr\/","logo":{"@type":"ImageObject","inLanguage":"fr-FR","@id":"https:\/\/bottlepromotions.com\/fr\/#\/schema\/logo\/image\/","url":"https:\/\/bottlepromotions.com\/wp-content\/uploads\/2021\/05\/BP-logo-white.png","contentUrl":"https:\/\/bottlepromotions.com\/wp-content\/uploads\/2021\/05\/BP-logo-white.png","width":1284,"height":802,"caption":"Bottle Promotions"},"image":{"@id":"https:\/\/bottlepromotions.com\/fr\/#\/schema\/logo\/image\/"}}]}},"uagb_featured_image_src":{"full":["https:\/\/bottlepromotions.com\/wp-content\/uploads\/2020\/01\/kids-2020.jpg",1920,899,false],"thumbnail":["https:\/\/bottlepromotions.com\/wp-content\/uploads\/2020\/01\/kids-2020-150x150.jpg",150,150,true],"medium":["https:\/\/bottlepromotions.com\/wp-content\/uploads\/2020\/01\/kids-2020-300x140.jpg",300,140,true],"medium_large":["https:\/\/bottlepromotions.com\/wp-content\/uploads\/2020\/01\/kids-2020-768x360.jpg",768,360,true],"large":["https:\/\/bottlepromotions.com\/wp-content\/uploads\/2020\/01\/kids-2020-1024x479.jpg",900,421,true],"1536x1536":["https:\/\/bottlepromotions.com\/wp-content\/uploads\/2020\/01\/kids-2020-1536x719.jpg",1536,719,true],"2048x2048":["https:\/\/bottlepromotions.com\/wp-content\/uploads\/2020\/01\/kids-2020.jpg",1920,899,false],"fullwidth":["https:\/\/bottlepromotions.com\/wp-content\/uploads\/2020\/01\/kids-2020.jpg",1920,899,false],"mediumplus":["https:\/\/bottlepromotions.com\/wp-content\/uploads\/2020\/01\/kids-2020-600x281.jpg",600,281,true],"gform-image-choice-sm":["https:\/\/bottlepromotions.com\/wp-content\/uploads\/2020\/01\/kids-2020.jpg",300,140,false],"gform-image-choice-md":["https:\/\/bottlepromotions.com\/wp-content\/uploads\/2020\/01\/kids-2020.jpg",400,187,false],"gform-image-choice-lg":["https:\/\/bottlepromotions.com\/wp-content\/uploads\/2020\/01\/kids-2020.jpg",600,281,false]},"uagb_author_info":{"display_name":"Job Hanemaaijer","author_link":"https:\/\/bottlepromotions.com\/fr\/author\/job\/"},"uagb_comment_info":0,"uagb_excerpt":null,"_links":{"self":[{"href":"https:\/\/bottlepromotions.com\/fr\/wp-json\/wp\/v2\/pages\/6545","targetHints":{"allow":["GET"]}}],"collection":[{"href":"https:\/\/bottlepromotions.com\/fr\/wp-json\/wp\/v2\/pages"}],"about":[{"href":"https:\/\/bottlepromotions.com\/fr\/wp-json\/wp\/v2\/types\/page"}],"author":[{"embeddable":true,"href":"https:\/\/bottlepromotions.com\/fr\/wp-json\/wp\/v2\/users\/11"}],"replies":[{"embeddable":true,"href":"https:\/\/bottlepromotions.com\/fr\/wp-json\/wp\/v2\/comments?post=6545"}],"version-history":[{"count":14,"href":"https:\/\/bottlepromotions.com\/fr\/wp-json\/wp\/v2\/pages\/6545\/revisions"}],"predecessor-version":[{"id":7010,"href":"https:\/\/bottlepromotions.com\/fr\/wp-json\/wp\/v2\/pages\/6545\/revisions\/7010"}],"wp:featuredmedia":[{"embeddable":true,"href":"https:\/\/bottlepromotions.com\/fr\/wp-json\/wp\/v2\/media\/6881"}],"wp:attachment":[{"href":"https:\/\/bottlepromotions.com\/fr\/wp-json\/wp\/v2\/media?parent=6545"}],"curies":[{"name":"wp","href":"https:\/\/api.w.org\/{rel}","templated":true}]}}