{"id":6236,"date":"2020-01-07T10:57:04","date_gmt":"2020-01-07T10:57:04","guid":{"rendered":"https:\/\/bottlepromotions.com\/?page_id=6236"},"modified":"2026-03-26T13:34:40","modified_gmt":"2026-03-26T13:34:40","slug":"bidons-ecologiques","status":"publish","type":"page","link":"https:\/\/bottlepromotions.com\/fr\/bidons-ecologiques\/","title":{"rendered":"Bidons \u00e9cologiques"},"content":{"rendered":"<div id=\"page-header-block_8377d5c0b4682da9ae59adc2d517d431\" class=\"page-header-block alignfull\">\r\n\t<div class=\"image\">\r\n\t\t<img loading=\"lazy\" decoding=\"async\" width=\"1920\" height=\"1030\" src=\"https:\/\/bottlepromotions.com\/wp-content\/uploads\/2024\/02\/compositie-ECO-1920px-b.jpg\" class=\"attachment-fullwidth size-fullwidth\" alt=\"\" srcset=\"https:\/\/bottlepromotions.com\/wp-content\/uploads\/2024\/02\/compositie-ECO-1920px-b.jpg 1920w, https:\/\/bottlepromotions.com\/wp-content\/uploads\/2024\/02\/compositie-ECO-1920px-b-300x161.jpg 300w, https:\/\/bottlepromotions.com\/wp-content\/uploads\/2024\/02\/compositie-ECO-1920px-b-1024x549.jpg 1024w, https:\/\/bottlepromotions.com\/wp-content\/uploads\/2024\/02\/compositie-ECO-1920px-b-768x412.jpg 768w, https:\/\/bottlepromotions.com\/wp-content\/uploads\/2024\/02\/compositie-ECO-1920px-b-1536x824.jpg 1536w, https:\/\/bottlepromotions.com\/wp-content\/uploads\/2024\/02\/compositie-ECO-1920px-b-600x322.jpg 600w\" sizes=\"auto, (max-width: 1920px) 100vw, 1920px\" \/>\t<\/div>\r\n\r\n\t<div class=\"container container-xl\">\r\n\t\t<div class=\"page-header-content col-md-12 col-lg-7\">\r\n\t\t\t<h1>BOUTEILLES \u00c9CO<\/h1>\r\n\r\n\t\t\t\t\t\t\t<h2>Bouteilles de haute qualit\u00e9, choix responsables<\/h2>\r\n\t\t\t\r\n\t\t\t\t\t\t\t<div>\n<p><span lang=\"EN-US\">Chez Bottle Promotions, nous produisons des bouteilles d&rsquo;eau imprim\u00e9es de haute qualit\u00e9 con\u00e7ues pour durer. Tous les composants sont fabriqu\u00e9s \u00e0 partir de monoplastiques, ce qui signifie qu&rsquo;ils peuvent \u00eatre facilement recycl\u00e9s dans les installations appropri\u00e9es, minimisant ainsi leur impact environnemental.<\/span><\/p>\n<\/div>\n<div>\n<p><span lang=\"EN-US\">Nous recherchons constamment les meilleurs mat\u00e9riaux sur le march\u00e9 et surveillons de pr\u00e8s les d\u00e9veloppements en mati\u00e8re de durabilit\u00e9 pour am\u00e9liorer nos produits. <\/span>Pour les clients \u00e0 la recherche d&rsquo;options encore plus durables, nous proposons des bouteilles en poly\u00e9thyl\u00e8ne biobas\u00e9 d\u00e9riv\u00e9 de la canne \u00e0 sucre.<\/p>\n<\/div>\n<div>\n<p><span lang=\"EN-US\">Avec les bouteilles Tacx Eco, vous faites un choix pratique pour la durabilit\u00e9\u2014sans sacrifier les performances.<\/span><\/p>\n<\/div>\n\t\t\t\t\t<\/div>\r\n\t<\/div>\r\n<\/div>\n\n\n<div style=\"height:40px\" aria-hidden=\"true\" class=\"wp-block-spacer\"><\/div>\n\n\n\n<div class=\"wp-block-uagb-container uagb-block-95e6c9c6 alignwide uagb-is-root-container\">\n<div class=\"wp-block-uagb-container uagb-block-8c54e248\">\n<div class=\"wp-block-uagb-info-box uagb-block-11f3d48a uagb-infobox__content-wrap  uagb-infobox-icon-above-title uagb-infobox-image-valign-top\"><div class=\"uagb-ifb-content\"><div class=\"uagb-ifb-image-content\"><img decoding=\"async\" src=\"https:\/\/bottlepromotions.com\/wp-content\/uploads\/2023\/08\/druppel-150x150.png\" alt=\"\" width=\"20\" height=\"20\" loading=\"lazy\"\/><\/div><div class=\"uagb-ifb-title-wrap\"><h3 class=\"uagb-ifb-title\">Des bouteilles en plastique 100% recyclables<\/h3><\/div><\/div><\/div>\n<\/div>\n\n\n\n<div class=\"wp-block-uagb-container uagb-block-11f95374\">\n<div class=\"wp-block-uagb-info-box uagb-block-f128360d uagb-infobox__content-wrap  uagb-infobox-icon-above-title uagb-infobox-image-valign-top\"><div class=\"uagb-ifb-content\"><div class=\"uagb-ifb-image-content\"><img decoding=\"async\" src=\"https:\/\/bottlepromotions.com\/wp-content\/uploads\/2023\/08\/druppel-150x150.png\" alt=\"\" width=\"20\" height=\"20\" loading=\"lazy\"\/><\/div><div class=\"uagb-ifb-title-wrap\"><h3 class=\"uagb-ifb-title\">Apte au contact alimentaire &#8211; conforme UE<\/h3><\/div><\/div><\/div>\n<\/div>\n\n\n\n<div class=\"wp-block-uagb-container uagb-block-743837ac\">\n<div class=\"wp-block-uagb-info-box uagb-block-54fccea7 uagb-infobox__content-wrap  uagb-infobox-icon-above-title uagb-infobox-image-valign-top\"><div class=\"uagb-ifb-content\"><div class=\"uagb-ifb-image-content\"><img decoding=\"async\" src=\"https:\/\/bottlepromotions.com\/wp-content\/uploads\/2023\/08\/druppel-150x150.png\" alt=\"\" width=\"20\" height=\"20\" loading=\"lazy\"\/><\/div><div class=\"uagb-ifb-title-wrap\"><h3 class=\"uagb-ifb-title\">Bouteilles biosourc\u00e9es en 16 couleurs<\/h3><\/div><\/div><\/div>\n<\/div>\n\n\n\n<div class=\"wp-block-uagb-container uagb-block-ed94be53\">\n<div class=\"wp-block-uagb-info-box uagb-block-8bc9fb0c uagb-infobox__content-wrap  uagb-infobox-icon-above-title uagb-infobox-image-valign-top\"><div class=\"uagb-ifb-content\"><div class=\"uagb-ifb-image-content\"><img decoding=\"async\" src=\"https:\/\/bottlepromotions.com\/wp-content\/uploads\/2023\/08\/druppel-150x150.png\" alt=\"\" width=\"20\" height=\"20\" loading=\"lazy\"\/><\/div><div class=\"uagb-ifb-title-wrap\"><h3 class=\"uagb-ifb-title\">Tous les bidons Tacx sont fabriqu\u00e9s en monomat\u00e9riau<\/h3><\/div><\/div><\/div>\n<\/div>\n<\/div>\n\n\n\n<div style=\"height:40px\" aria-hidden=\"true\" class=\"wp-block-spacer\"><\/div>\n\n\n\r\n\t<div id=\"products-block_264d6fd2003959172764e75fbd5b09b2\" class=\"products-block\">\r\n\r\n\t\t\t\t\t<a class=\"product-block\" href=\"\/fr\/bottle\/shiva-o2-canne-a-sucre-500ml\/\">\r\n\t\t\t\t<h3>\r\n\t\t\t\t\tShiva \u2013 02 <small>500ml &#038; 750ml<\/small>\t\t\t\t<\/h3>\r\n\r\n\t\t\t\t<div class=\"intro\">\r\n\t\t\t\t\t100% Biosourc\u00e9 de canne \u00e0 sucre. 4 couleurs de bidons, 4 couleurs de bouchon\t\t\t\t<\/div>\r\n\r\n\t\t\t\t<div class=\"image\">\r\n\t\t\t\t\t<img decoding=\"async\" src=\"https:\/\/bottlepromotions.com\/wp-content\/uploads\/2023\/11\/Shiva-nieuwekleuren-site-2020-O2-4-label.png\" alt=\"Shiva-nieuwekleuren-site-2020-O2-4-label\" \/>\r\n\t\t\t\t<\/div>\r\n\t\t\t<\/a>\r\n\t\t\t\t\t<a class=\"product-block\" href=\"\/fr\/bottle\/daiya-o2-550ml\/\">\r\n\t\t\t\t<h3>\r\n\t\t\t\t\tDAIYA &#8211; 02<small>550ml<\/small>\t\t\t\t<\/h3>\r\n\r\n\t\t\t\t<div class=\"intro\">\r\n\t\t\t\t\tD\u00e9couvrez le Daiya \u2013 la nouvelle gourde Tacx au design audacieux, con\u00e7ue \u00e0 partir de canne \u00e0 sucre\t\t\t\t<\/div>\r\n\r\n\t\t\t\t<div class=\"image\">\r\n\t\t\t\t\t<img decoding=\"async\" src=\"https:\/\/bottlepromotions.com\/wp-content\/uploads\/2023\/10\/daiya-o2-bottles-new.png\" alt=\"daiya-o2-bottles-new\" \/>\r\n\t\t\t\t<\/div>\r\n\t\t\t<\/a>\r\n\t\t\r\n\t<\/div>\r\n\n\n\n<div style=\"height:40px\" aria-hidden=\"true\" class=\"wp-block-spacer\"><\/div>\n\n\n<div id=\"container-block-block_7f247fbe9ff5279a2fdad4001c7f22b1\" class=\"container-block alignfull background-grey\">\r\n\t<div class=\"container\">\r\n\t\t\n\n<div style=\"height:50px\" aria-hidden=\"true\" class=\"wp-block-spacer\"><\/div>\n\n\n\r\n<div id=\"text-with-image-block-block_1e672eee8744df1065b135f3bd6e374a\" class=\"fullwidth text-with-image-block position-right layout-normal\">\r\n\r\n\t<div class=\"container-text\">\r\n\t\t\t\t\t\t\t\t\t<h3>Pr\u00e9sentation de Daiya \u2013 La nouvelle bouteille Tacx au design audacieux et moderne<\/h3>\r\n\t\t\t\t\t\t\t\r\n\t\t\r\n\t\t<div class=\"text-with-image-block-text\">\r\n\t\t\t<div><span lang=\"DE\">La bouteille durable et r\u00e9sistante aux chocs Daiya combine un style moderne avec des caract\u00e9ristiques pratiques, telles qu&rsquo;un bouchon diamant\u00e9 et \u00e9tanche, ainsi qu&rsquo;une buse souple pour une hydratation instantan\u00e9e. <\/span><\/div>\n<div><span lang=\"EN-US\">Son ouverture extra-large facilite le remplissage et le nettoyage, tandis que l&rsquo;impression en couleurs \u00e0 360\u00b0 assure une visibilit\u00e9 optimale de votre logo. <\/span><\/div>\n<ul>\n<li>550ml<\/li>\n<li>Ouverture de remplissage extra large pour un nettoyage facile<\/li>\n<li>\n<div><span lang=\"EN-US\">Bouchon souple pour une hydratation rapide et sans effort<\/span><\/div>\n<\/li>\n<li>\n<div><span lang=\"EN-US\">Bouchon \u00e0 vis \u00e9tanche<\/span><\/div>\n<\/li>\n<li>\n<div><span lang=\"EN-US\">Mat\u00e9riaux 100 % recyclables<\/span><\/div>\n<\/li>\n<li>\n<div><span lang=\"EN-US\">S&rsquo;adapte \u00e0 tous les porte-bidons<\/span><\/div>\n<\/li>\n<li>\n<div><span lang=\"EN-US\">R\u00e9sistant aux impacts pour plus de durabilit\u00e9<\/span><\/div>\n<\/li>\n<li>BPA free<\/li>\n<\/ul>\n\t\t<\/div>\r\n\r\n\t\t\t\t\t<a class=\"btn\" href=\"\/fr\/bottle\/daiya-o2-550ml\/\" >\r\n\t\t\t\tDisponible maintenant !\t\t\t<\/a>\r\n\t\t\t<\/div>\r\n\r\n\t<div class=\"container-visual\">\r\n\t\t\t\t\t<img loading=\"lazy\" decoding=\"async\" width=\"1920\" height=\"1079\" src=\"https:\/\/bottlepromotions.com\/wp-content\/uploads\/2024\/10\/daiya-photo-c.jpg\" class=\"attachment-fullwidth size-fullwidth\" alt=\"\" srcset=\"https:\/\/bottlepromotions.com\/wp-content\/uploads\/2024\/10\/daiya-photo-c.jpg 1920w, https:\/\/bottlepromotions.com\/wp-content\/uploads\/2024\/10\/daiya-photo-c-300x169.jpg 300w, https:\/\/bottlepromotions.com\/wp-content\/uploads\/2024\/10\/daiya-photo-c-1024x575.jpg 1024w, https:\/\/bottlepromotions.com\/wp-content\/uploads\/2024\/10\/daiya-photo-c-768x432.jpg 768w, https:\/\/bottlepromotions.com\/wp-content\/uploads\/2024\/10\/daiya-photo-c-1536x863.jpg 1536w, https:\/\/bottlepromotions.com\/wp-content\/uploads\/2024\/10\/daiya-photo-c-600x337.jpg 600w\" sizes=\"auto, (max-width: 1920px) 100vw, 1920px\" \/>\t\t\t<\/div>\r\n\r\n<\/div>\n\n\n<div style=\"height:50px\" aria-hidden=\"true\" class=\"wp-block-spacer\"><\/div>\n\n\n\r\n<div id=\"text-with-image-block-block_9034f2a523179f2adcccd1a08c91a0fc\" class=\"fullwidth text-with-image-block position-left layout-normal\">\r\n\r\n\t<div class=\"container-text\">\r\n\t\t\t\t\t\t\t\t\t<h3>100% biosourc\u00e9e \u00e0 base de canne \u00e0 sucre<\/h3>\r\n\t\t\t\t\t\t\t\r\n\t\t\r\n\t\t<div class=\"text-with-image-block-text\">\r\n\t\t\t<p>Notre Shiva O2 est fabriqu\u00e9 \u00e0 partir de mat\u00e9riaux 100% bio-sourc\u00e9s (canne \u00e0 sucre). En utilisant un processus durable, le sirop de sucre est transform\u00e9 en produits sucr\u00e9s. Tandis que le mat\u00e9riau restant est converti en m\u00e9thanol respectueux de l\u2019environnement, par exemple poly\u00e9thyl\u00e8ne. Cette approche est plus propre que les m\u00e9thodes conventionnelles utilisant du p\u00e9trole ce qui garantit un produit final enti\u00e8rement recyclable, comme notre bouteille Tacx O2.<\/p>\n<p>Mais ce n\u2019est pas tout. Lorsque la canne \u00e0 sucre pousse, le Co2 est \u00e9limin\u00e9 de l\u2019air. En fait, une tonne de poly\u00e9thyl\u00e8ne d\u2019origine biologique \u00e9limine deux fois le poids de Co2 de l\u2019atmosph\u00e8re.<\/p>\n\t\t<\/div>\r\n\r\n\t\t\t\t\t<a class=\"btn\" href=\"https:\/\/bottlepromotions.com\/fr\/bio-based-polyethylene\/\" >\r\n\t\t\t\tPlus d\u2019information\t\t\t<\/a>\r\n\t\t\t<\/div>\r\n\r\n\t<div class=\"container-visual\">\r\n\t\t\t\t\t<img loading=\"lazy\" decoding=\"async\" width=\"1252\" height=\"704\" src=\"https:\/\/bottlepromotions.com\/wp-content\/uploads\/2021\/04\/eco-bottles-edited.jpeg\" class=\"attachment-fullwidth size-fullwidth\" alt=\"\" srcset=\"https:\/\/bottlepromotions.com\/wp-content\/uploads\/2021\/04\/eco-bottles-edited.jpeg 1252w, https:\/\/bottlepromotions.com\/wp-content\/uploads\/2021\/04\/eco-bottles-edited-300x169.jpeg 300w, https:\/\/bottlepromotions.com\/wp-content\/uploads\/2021\/04\/eco-bottles-edited-1024x576.jpeg 1024w, https:\/\/bottlepromotions.com\/wp-content\/uploads\/2021\/04\/eco-bottles-edited-768x432.jpeg 768w, https:\/\/bottlepromotions.com\/wp-content\/uploads\/2021\/04\/eco-bottles-edited-600x337.jpeg 600w\" sizes=\"auto, (max-width: 1252px) 100vw, 1252px\" \/>\t\t\t<\/div>\r\n\r\n<\/div>\n\n\n<div style=\"height:50px\" aria-hidden=\"true\" class=\"wp-block-spacer\"><\/div>\n\n\r\n\t<\/div>\r\n<\/div>\n\n\n<p><\/p>\n","protected":false},"excerpt":{"rendered":"","protected":false},"author":11,"featured_media":0,"parent":0,"menu_order":0,"comment_status":"closed","ping_status":"closed","template":"page-gutenberg.php","meta":{"_acf_changed":false,"_uag_custom_page_level_css":"","footnotes":""},"class_list":["post-6236","page","type-page","status-publish","hentry"],"acf":[],"yoast_head":"<!-- This site is optimized with the Yoast SEO plugin v26.9 - https:\/\/yoast.com\/product\/yoast-seo-wordpress\/ -->\n<title>Bidon biodegradable | Fabricant et fournisseur | Bottle Promotions<\/title>\n<meta name=\"description\" content=\"Gourde des mat\u00e9riaux \u00e9cologique de Tacx, fabricant et fournisseur des bidons avec impression\" \/>\n<meta name=\"robots\" content=\"index, follow, max-snippet:-1, max-image-preview:large, max-video-preview:-1\" \/>\n<link rel=\"canonical\" href=\"https:\/\/bottlepromotions.com\/fr\/bidons-ecologiques\/\" \/>\n<meta property=\"og:locale\" content=\"fr_FR\" \/>\n<meta property=\"og:type\" content=\"article\" \/>\n<meta property=\"og:title\" content=\"Bidon biodegradable | Fabricant et fournisseur | Bottle Promotions\" \/>\n<meta property=\"og:description\" content=\"Gourde des mat\u00e9riaux \u00e9cologique de Tacx, fabricant et fournisseur des bidons avec impression\" \/>\n<meta property=\"og:url\" content=\"https:\/\/bottlepromotions.com\/fr\/bidons-ecologiques\/\" \/>\n<meta property=\"og:site_name\" content=\"Bottle Promotions\" \/>\n<meta property=\"article:modified_time\" content=\"2026-03-26T13:34:40+00:00\" \/>\n<meta property=\"og:image\" content=\"https:\/\/bottlepromotions.com\/wp-content\/uploads\/2023\/08\/druppel-150x150.png\" \/>\n<meta name=\"twitter:card\" content=\"summary_large_image\" \/>\n<meta name=\"twitter:label1\" content=\"Dur\u00e9e de lecture estim\u00e9e\" \/>\n\t<meta name=\"twitter:data1\" content=\"2 minutes\" \/>\n<script type=\"application\/ld+json\" class=\"yoast-schema-graph\">{\"@context\":\"https:\/\/schema.org\",\"@graph\":[{\"@type\":\"WebPage\",\"@id\":\"https:\/\/bottlepromotions.com\/fr\/bidons-ecologiques\/\",\"url\":\"https:\/\/bottlepromotions.com\/fr\/bidons-ecologiques\/\",\"name\":\"Bidon biodegradable | Fabricant et fournisseur | Bottle Promotions\",\"isPartOf\":{\"@id\":\"https:\/\/bottlepromotions.com\/fr\/#website\"},\"primaryImageOfPage\":{\"@id\":\"https:\/\/bottlepromotions.com\/fr\/bidons-ecologiques\/#primaryimage\"},\"image\":{\"@id\":\"https:\/\/bottlepromotions.com\/fr\/bidons-ecologiques\/#primaryimage\"},\"thumbnailUrl\":\"https:\/\/bottlepromotions.com\/wp-content\/uploads\/2023\/08\/druppel-150x150.png\",\"datePublished\":\"2020-01-07T10:57:04+00:00\",\"dateModified\":\"2026-03-26T13:34:40+00:00\",\"description\":\"Gourde des mat\u00e9riaux \u00e9cologique de Tacx, fabricant et fournisseur des bidons avec impression\",\"breadcrumb\":{\"@id\":\"https:\/\/bottlepromotions.com\/fr\/bidons-ecologiques\/#breadcrumb\"},\"inLanguage\":\"fr-FR\",\"potentialAction\":[{\"@type\":\"ReadAction\",\"target\":[\"https:\/\/bottlepromotions.com\/fr\/bidons-ecologiques\/\"]}]},{\"@type\":\"ImageObject\",\"inLanguage\":\"fr-FR\",\"@id\":\"https:\/\/bottlepromotions.com\/fr\/bidons-ecologiques\/#primaryimage\",\"url\":\"https:\/\/bottlepromotions.com\/wp-content\/uploads\/2023\/08\/druppel-150x150.png\",\"contentUrl\":\"https:\/\/bottlepromotions.com\/wp-content\/uploads\/2023\/08\/druppel-150x150.png\"},{\"@type\":\"BreadcrumbList\",\"@id\":\"https:\/\/bottlepromotions.com\/fr\/bidons-ecologiques\/#breadcrumb\",\"itemListElement\":[{\"@type\":\"ListItem\",\"position\":1,\"name\":\"Home\",\"item\":\"https:\/\/bottlepromotions.com\/fr\/\"},{\"@type\":\"ListItem\",\"position\":2,\"name\":\"Bidons \u00e9cologiques\"}]},{\"@type\":\"WebSite\",\"@id\":\"https:\/\/bottlepromotions.com\/fr\/#website\",\"url\":\"https:\/\/bottlepromotions.com\/fr\/\",\"name\":\"Bottle Promotions\",\"description\":\"Your partner in promotional bottles\",\"publisher\":{\"@id\":\"https:\/\/bottlepromotions.com\/fr\/#organization\"},\"potentialAction\":[{\"@type\":\"SearchAction\",\"target\":{\"@type\":\"EntryPoint\",\"urlTemplate\":\"https:\/\/bottlepromotions.com\/fr\/?s={search_term_string}\"},\"query-input\":{\"@type\":\"PropertyValueSpecification\",\"valueRequired\":true,\"valueName\":\"search_term_string\"}}],\"inLanguage\":\"fr-FR\"},{\"@type\":\"Organization\",\"@id\":\"https:\/\/bottlepromotions.com\/fr\/#organization\",\"name\":\"Bottle Promotions\",\"url\":\"https:\/\/bottlepromotions.com\/fr\/\",\"logo\":{\"@type\":\"ImageObject\",\"inLanguage\":\"fr-FR\",\"@id\":\"https:\/\/bottlepromotions.com\/fr\/#\/schema\/logo\/image\/\",\"url\":\"https:\/\/bottlepromotions.com\/wp-content\/uploads\/2021\/05\/BP-logo-white.png\",\"contentUrl\":\"https:\/\/bottlepromotions.com\/wp-content\/uploads\/2021\/05\/BP-logo-white.png\",\"width\":1284,\"height\":802,\"caption\":\"Bottle Promotions\"},\"image\":{\"@id\":\"https:\/\/bottlepromotions.com\/fr\/#\/schema\/logo\/image\/\"}}]}<\/script>\n<!-- \/ Yoast SEO plugin. -->","yoast_head_json":{"title":"Bidon biodegradable | Fabricant et fournisseur | Bottle Promotions","description":"Gourde des mat\u00e9riaux \u00e9cologique de Tacx, fabricant et fournisseur des bidons avec impression","robots":{"index":"index","follow":"follow","max-snippet":"max-snippet:-1","max-image-preview":"max-image-preview:large","max-video-preview":"max-video-preview:-1"},"canonical":"https:\/\/bottlepromotions.com\/fr\/bidons-ecologiques\/","og_locale":"fr_FR","og_type":"article","og_title":"Bidon biodegradable | Fabricant et fournisseur | Bottle Promotions","og_description":"Gourde des mat\u00e9riaux \u00e9cologique de Tacx, fabricant et fournisseur des bidons avec impression","og_url":"https:\/\/bottlepromotions.com\/fr\/bidons-ecologiques\/","og_site_name":"Bottle Promotions","article_modified_time":"2026-03-26T13:34:40+00:00","og_image":[{"url":"https:\/\/bottlepromotions.com\/wp-content\/uploads\/2023\/08\/druppel-150x150.png","type":"","width":"","height":""}],"twitter_card":"summary_large_image","twitter_misc":{"Dur\u00e9e de lecture estim\u00e9e":"2 minutes"},"schema":{"@context":"https:\/\/schema.org","@graph":[{"@type":"WebPage","@id":"https:\/\/bottlepromotions.com\/fr\/bidons-ecologiques\/","url":"https:\/\/bottlepromotions.com\/fr\/bidons-ecologiques\/","name":"Bidon biodegradable | Fabricant et fournisseur | Bottle Promotions","isPartOf":{"@id":"https:\/\/bottlepromotions.com\/fr\/#website"},"primaryImageOfPage":{"@id":"https:\/\/bottlepromotions.com\/fr\/bidons-ecologiques\/#primaryimage"},"image":{"@id":"https:\/\/bottlepromotions.com\/fr\/bidons-ecologiques\/#primaryimage"},"thumbnailUrl":"https:\/\/bottlepromotions.com\/wp-content\/uploads\/2023\/08\/druppel-150x150.png","datePublished":"2020-01-07T10:57:04+00:00","dateModified":"2026-03-26T13:34:40+00:00","description":"Gourde des mat\u00e9riaux \u00e9cologique de Tacx, fabricant et fournisseur des bidons avec impression","breadcrumb":{"@id":"https:\/\/bottlepromotions.com\/fr\/bidons-ecologiques\/#breadcrumb"},"inLanguage":"fr-FR","potentialAction":[{"@type":"ReadAction","target":["https:\/\/bottlepromotions.com\/fr\/bidons-ecologiques\/"]}]},{"@type":"ImageObject","inLanguage":"fr-FR","@id":"https:\/\/bottlepromotions.com\/fr\/bidons-ecologiques\/#primaryimage","url":"https:\/\/bottlepromotions.com\/wp-content\/uploads\/2023\/08\/druppel-150x150.png","contentUrl":"https:\/\/bottlepromotions.com\/wp-content\/uploads\/2023\/08\/druppel-150x150.png"},{"@type":"BreadcrumbList","@id":"https:\/\/bottlepromotions.com\/fr\/bidons-ecologiques\/#breadcrumb","itemListElement":[{"@type":"ListItem","position":1,"name":"Home","item":"https:\/\/bottlepromotions.com\/fr\/"},{"@type":"ListItem","position":2,"name":"Bidons \u00e9cologiques"}]},{"@type":"WebSite","@id":"https:\/\/bottlepromotions.com\/fr\/#website","url":"https:\/\/bottlepromotions.com\/fr\/","name":"Bottle Promotions","description":"Your partner in promotional bottles","publisher":{"@id":"https:\/\/bottlepromotions.com\/fr\/#organization"},"potentialAction":[{"@type":"SearchAction","target":{"@type":"EntryPoint","urlTemplate":"https:\/\/bottlepromotions.com\/fr\/?s={search_term_string}"},"query-input":{"@type":"PropertyValueSpecification","valueRequired":true,"valueName":"search_term_string"}}],"inLanguage":"fr-FR"},{"@type":"Organization","@id":"https:\/\/bottlepromotions.com\/fr\/#organization","name":"Bottle Promotions","url":"https:\/\/bottlepromotions.com\/fr\/","logo":{"@type":"ImageObject","inLanguage":"fr-FR","@id":"https:\/\/bottlepromotions.com\/fr\/#\/schema\/logo\/image\/","url":"https:\/\/bottlepromotions.com\/wp-content\/uploads\/2021\/05\/BP-logo-white.png","contentUrl":"https:\/\/bottlepromotions.com\/wp-content\/uploads\/2021\/05\/BP-logo-white.png","width":1284,"height":802,"caption":"Bottle Promotions"},"image":{"@id":"https:\/\/bottlepromotions.com\/fr\/#\/schema\/logo\/image\/"}}]}},"uagb_featured_image_src":{"full":false,"thumbnail":false,"medium":false,"medium_large":false,"large":false,"1536x1536":false,"2048x2048":false,"fullwidth":false,"mediumplus":false,"gform-image-choice-sm":false,"gform-image-choice-md":false,"gform-image-choice-lg":false},"uagb_author_info":{"display_name":"Job Hanemaaijer","author_link":"https:\/\/bottlepromotions.com\/fr\/author\/job\/"},"uagb_comment_info":0,"uagb_excerpt":null,"_links":{"self":[{"href":"https:\/\/bottlepromotions.com\/fr\/wp-json\/wp\/v2\/pages\/6236","targetHints":{"allow":["GET"]}}],"collection":[{"href":"https:\/\/bottlepromotions.com\/fr\/wp-json\/wp\/v2\/pages"}],"about":[{"href":"https:\/\/bottlepromotions.com\/fr\/wp-json\/wp\/v2\/types\/page"}],"author":[{"embeddable":true,"href":"https:\/\/bottlepromotions.com\/fr\/wp-json\/wp\/v2\/users\/11"}],"replies":[{"embeddable":true,"href":"https:\/\/bottlepromotions.com\/fr\/wp-json\/wp\/v2\/comments?post=6236"}],"version-history":[{"count":73,"href":"https:\/\/bottlepromotions.com\/fr\/wp-json\/wp\/v2\/pages\/6236\/revisions"}],"predecessor-version":[{"id":21152,"href":"https:\/\/bottlepromotions.com\/fr\/wp-json\/wp\/v2\/pages\/6236\/revisions\/21152"}],"wp:attachment":[{"href":"https:\/\/bottlepromotions.com\/fr\/wp-json\/wp\/v2\/media?parent=6236"}],"curies":[{"name":"wp","href":"https:\/\/api.w.org\/{rel}","templated":true}]}}