{"id":5666,"date":"2019-11-28T12:15:41","date_gmt":"2019-11-28T12:15:41","guid":{"rendered":"https:\/\/bottlepromotions.com\/bottles-and-accessories\/"},"modified":"2026-01-14T09:34:42","modified_gmt":"2026-01-14T09:34:42","slug":"bidons-et-accessoires","status":"publish","type":"page","link":"https:\/\/bottlepromotions.com\/fr\/bidons-et-accessoires\/","title":{"rendered":"Bidons et accessoires"},"content":{"rendered":"<div id=\"page-header-block_45cc88c7e59dc60d2e8b49b0b61c8050\" class=\"page-header-block alignfull\">\r\n\t<div class=\"image\">\r\n\t\t<img loading=\"lazy\" decoding=\"async\" width=\"1920\" height=\"793\" src=\"https:\/\/bottlepromotions.com\/wp-content\/uploads\/2023\/08\/Jumbo-in-een-tourrit-2021-scaled-1-e1692779540757-1920x793.jpg\" class=\"attachment-fullwidth size-fullwidth\" alt=\"\" \/>\t<\/div>\r\n\r\n\t<div class=\"container container-xl\">\r\n\t\t<div class=\"page-header-content col-md-12 col-lg-7\">\r\n\t\t\t<h1>Des bidons et des accessoires<\/h1>\r\n\r\n\t\t\t\r\n\t\t\t\t\t\t\t<h2>Une bouteille de Tacx, l\u2019accroche-regard ultime<\/h2>\n<p>Avec une large gamme de 3 types de bidons \u2013 Sport, Eco et Mode-de-vie \u2013 nous offrons un choix dynamique pour couvrir diverses occasions. Faites votre choix parmi les mod\u00e8les Shiva (avec 3 fermetures diff\u00e9rentes), le Fuse et notre mod\u00e8le tout neuf, le Daiya, qui incarne un m\u00e9lange parfait de style et fonctionnalit\u00e9. Nous proposons \u00e9galement des options \u00e9cologiques, y compris le PE biobas\u00e9 Shiva et Daiya d\u00e9riv\u00e9 de la canne \u00e0 sucre. Ces produits sont con\u00e7us pour soutenir votre contribution \u00e0 la durabilit\u00e9 sans compromettre la qualit\u00e9.<\/p>\n<p>Pour augmenter l\u2019efficacit\u00e9 de la publicit\u00e9, nous vous offrons aussi des accessoires comme le Starlight ; une caisse \u00e0 bidons pouvant contenir 8 pi\u00e8ces (id\u00e9al pour des \u00e9v\u00e9nements sportifs).<\/p>\n<p>Nos bidons Tacx sont synonymes de qualit\u00e9. Faits pour durer, ils sont parfaits pour une utilisation \u00e0 long terme et augmenter la valeur de vos future promotions.<\/p>\n\t\t\t\t\t<\/div>\r\n\t<\/div>\r\n<\/div>\n\n\n<div style=\"height:40px\" aria-hidden=\"true\" class=\"wp-block-spacer\"><\/div>\n\n\n\n<div class=\"wp-block-uagb-container uagb-block-0d1f8896 alignwide uagb-is-root-container\">\n<div class=\"wp-block-uagb-container uagb-block-ab0d664c\">\n<div class=\"wp-block-uagb-info-box uagb-block-12ab0108 uagb-infobox__content-wrap  uagb-infobox-icon-above-title uagb-infobox-image-valign-top\"><div class=\"uagb-ifb-content\"><div class=\"uagb-ifb-image-content\"><img decoding=\"async\" src=\"https:\/\/bottlepromotions.com\/wp-content\/uploads\/2023\/08\/druppel-150x150.png\" alt=\"\" width=\"20\" height=\"20\" loading=\"lazy\"\/><\/div><div class=\"uagb-ifb-title-wrap\"><h3 class=\"uagb-ifb-title\">Ils contribuent \u00e0 r\u00e9duire les bouteilles jetables.<\/h3><\/div><\/div><\/div>\n<\/div>\n\n\n\n<div class=\"wp-block-uagb-container uagb-block-12b1c1de\">\n<div class=\"wp-block-uagb-info-box uagb-block-49d962da uagb-infobox__content-wrap  uagb-infobox-icon-above-title uagb-infobox-image-valign-top\"><div class=\"uagb-ifb-content\"><div class=\"uagb-ifb-image-content\"><img decoding=\"async\" src=\"https:\/\/bottlepromotions.com\/wp-content\/uploads\/2023\/08\/druppel-150x150.png\" alt=\"\" width=\"20\" height=\"20\" loading=\"lazy\"\/><\/div><div class=\"uagb-ifb-title-wrap\"><h3 class=\"uagb-ifb-title\">Pousser une vie seine<\/h3><\/div><\/div><\/div>\n<\/div>\n\n\n\n<div class=\"wp-block-uagb-container uagb-block-537ff0a1\">\n<div class=\"wp-block-uagb-info-box uagb-block-5a866834 uagb-infobox__content-wrap  uagb-infobox-icon-above-title uagb-infobox-image-valign-top\"><div class=\"uagb-ifb-content\"><div class=\"uagb-ifb-image-content\"><img decoding=\"async\" src=\"https:\/\/bottlepromotions.com\/wp-content\/uploads\/2023\/08\/druppel-150x150.png\" alt=\"\" width=\"20\" height=\"20\" loading=\"lazy\"\/><\/div><div class=\"uagb-ifb-title-wrap\"><h3 class=\"uagb-ifb-title\">Le logo et le message publicitaire sont clairement visibles pendant des ann\u00e9es<\/h3><\/div><\/div><\/div>\n<\/div>\n\n\n\n<div class=\"wp-block-uagb-container uagb-block-5eede63e\">\n<div class=\"wp-block-uagb-info-box uagb-block-dc3139da uagb-infobox__content-wrap  uagb-infobox-icon-above-title uagb-infobox-image-valign-top\"><div class=\"uagb-ifb-content\"><div class=\"uagb-ifb-image-content\"><img decoding=\"async\" src=\"https:\/\/bottlepromotions.com\/wp-content\/uploads\/2023\/08\/druppel-150x150.png\" alt=\"\" width=\"20\" height=\"20\" loading=\"lazy\"\/><\/div><div class=\"uagb-ifb-title-wrap\"><h3 class=\"uagb-ifb-title\">De grandes zones imprimables stimulent la cr\u00e9ativit\u00e9<\/h3><\/div><\/div><\/div>\n<\/div>\n<\/div>\n\n\n\n<div style=\"height:40px\" aria-hidden=\"true\" class=\"wp-block-spacer\"><\/div>\n\n\n<div id=\"title-button-block_7ae71b37a8fc1238be9a40738a18399b\" class=\"title-button-block\">\r\n\t<div class=\"row\">\r\n\t\t<div class=\"col-12 heading\">\r\n\t\t\t<h1 style=\"color:#448f1e;\">Eco<\/h1>\r\n\t\t\t<p class=\"font-caveat\" style=\"color:#448f1e;\">We care for our planet<\/p><br>\r\n\t\t\t\t\t\t\t<a href=\"\/fr\/bidons-ecologiques\/\" target=\"\" class=\"btn outline\">PE biosourc\u00e9, issu de la canne \u00e0 sucre<\/a>\r\n\t\t\t\t\t<\/div>\r\n\t\t<!-- <div class=\"col-md-4 button-col\">\r\n\t\t\t<a href=\"\/fr\/bidons-ecologiques\/\" target=\"\" class=\"btn outline\">PE biosourc\u00e9, issu de la canne \u00e0 sucre<\/a>\r\n\t  \t<\/div> -->\r\n\t<\/div>\r\n<\/div>\n\n\r\n\t<div id=\"products-block_b212b3952414f4d91f98ba249344fa63\" class=\"products-block\">\r\n\r\n\t\t\t\t\t<a class=\"product-block\" href=\"\/fr\/bottle\/shiva-o2-canne-a-sucre-500ml\/\">\r\n\t\t\t\t<h3>\r\n\t\t\t\t\tShiva \u2013 02 <small>500ml &#038; 750ml<\/small>\t\t\t\t<\/h3>\r\n\r\n\t\t\t\t<div class=\"intro\">\r\n\t\t\t\t\t100% Biosourc\u00e9 de canne \u00e0 sucre. 4 couleurs de bidons, 4 couleurs de bouchon\t\t\t\t<\/div>\r\n\r\n\t\t\t\t<div class=\"image\">\r\n\t\t\t\t\t<img decoding=\"async\" src=\"https:\/\/bottlepromotions.com\/wp-content\/uploads\/2023\/11\/Shiva-nieuwekleuren-site-2020-O2-4-label.png\" alt=\"Shiva-nieuwekleuren-site-2020-O2-4-label\" \/>\r\n\t\t\t\t<\/div>\r\n\t\t\t<\/a>\r\n\t\t\t\t\t<a class=\"product-block\" href=\"\/fr\/bottle\/daiya-o2-550ml\/\">\r\n\t\t\t\t<h3>\r\n\t\t\t\t\tDAIYA &#8211; 02<small>550ml<\/small>\t\t\t\t<\/h3>\r\n\r\n\t\t\t\t<div class=\"intro\">\r\n\t\t\t\t\tD\u00e9couvrez le Daiya \u2013 la nouvelle gourde Tacx au design audacieux, con\u00e7ue \u00e0 partir de canne \u00e0 sucre\t\t\t\t<\/div>\r\n\r\n\t\t\t\t<div class=\"image\">\r\n\t\t\t\t\t<img decoding=\"async\" src=\"https:\/\/bottlepromotions.com\/wp-content\/uploads\/2023\/10\/daiya-o2-bottles-new.png\" alt=\"daiya-o2-bottles-new\" \/>\r\n\t\t\t\t<\/div>\r\n\t\t\t<\/a>\r\n\t\t\r\n\t<\/div>\r\n\n\n\n<div style=\"height:40px\" aria-hidden=\"true\" class=\"wp-block-spacer\"><\/div>\n\n\n<div id=\"title-button-block_9f126138525d3315c8abb084573cdea6\" class=\"title-button-block\">\r\n\t<div class=\"row\">\r\n\t\t<div class=\"col-12 heading\">\r\n\t\t\t<h1 style=\"color:#5081b4;\">Sport<\/h1>\r\n\t\t\t<p class=\"font-caveat\" style=\"color:#5081b4;\">We care for your hydration<\/p><br>\r\n\t\t\t\t\t\t\t<a href=\"\/fr\/bidon-sport\/\" target=\"\" class=\"btn outline\">Sports Bottles<\/a>\r\n\t\t\t\t\t<\/div>\r\n\t\t<!-- <div class=\"col-md-4 button-col\">\r\n\t\t\t<a href=\"\/fr\/bidon-sport\/\" target=\"\" class=\"btn outline\">Sports Bottles<\/a>\r\n\t  \t<\/div> -->\r\n\t<\/div>\r\n<\/div>\n\n\r\n\t<div id=\"products-block_4f2c8cc7d6712d46baf455b7a8e2fa72\" class=\"products-block\">\r\n\r\n\t\t\t\t\t<a class=\"product-block\" href=\"\/fr\/bottle\/shiva-50-cl-couvercle-a-visser-classique\/\">\r\n\t\t\t\t<h3>\r\n\t\t\t\t\tShiva Original <small>500ml &#038; 750ml<\/small>\t\t\t\t<\/h3>\r\n\r\n\t\t\t\t<div class=\"intro\">\r\n\t\t\t\t\tBouchon \u00e0 vis avec embout \u00e0 tirer refermable, 22 couleurs de bidon, 26 couleurs de bouchon\t\t\t\t<\/div>\r\n\r\n\t\t\t\t<div class=\"image\">\r\n\t\t\t\t\t<img decoding=\"async\" src=\"https:\/\/bottlepromotions.com\/wp-content\/uploads\/2023\/11\/shiva-original-with-banner.png\" alt=\"shiva-original-with-banner\" \/>\r\n\t\t\t\t<\/div>\r\n\t\t\t<\/a>\r\n\t\t\t\t\t<a class=\"product-block\" href=\"\/fr\/bottle\/shiva-50-cl-couvercle-a-membrane-haute-qualite-shanti\/\">\r\n\t\t\t\t<h3>\r\n\t\t\t\t\tShiva Premium <small>500ml &#038; 750ml<\/small>\t\t\t\t<\/h3>\r\n\r\n\t\t\t\t<div class=\"intro\">\r\n\t\t\t\t\tBouchon \u00e0 membrane Shanti, 22 couleurs de bidon, bouchon anthracite, 8 couleurs d\u2019anneau\t\t\t\t<\/div>\r\n\r\n\t\t\t\t<div class=\"image\">\r\n\t\t\t\t\t<img decoding=\"async\" src=\"https:\/\/bottlepromotions.com\/wp-content\/uploads\/2019\/12\/shiva-premium-bottle.png\" alt=\"shiva-premium-bottle\" \/>\r\n\t\t\t\t<\/div>\r\n\t\t\t<\/a>\r\n\t\t\t\t\t<a class=\"product-block\" href=\"\/fr\/bottle\/shiva-50-cl-couvercle-xt-avec-embout-a-tirer-allonge\/\">\r\n\t\t\t\t<h3>\r\n\t\t\t\t\tShiva XT <small>500ml &#038; 750ml<\/small>\t\t\t\t<\/h3>\r\n\r\n\t\t\t\t<div class=\"intro\">\r\n\t\t\t\t\tBouchon \u00e0 vis avec embout \u00e0 tirer rallong\u00e9, 22 couleurs de bidon, bouchon noir\t\t\t\t<\/div>\r\n\r\n\t\t\t\t<div class=\"image\">\r\n\t\t\t\t\t<img decoding=\"async\" src=\"https:\/\/bottlepromotions.com\/wp-content\/uploads\/2019\/12\/shiva-xt-bottle.png\" alt=\"shiva-xt-bottle\" \/>\r\n\t\t\t\t<\/div>\r\n\t\t\t<\/a>\r\n\t\t\t\t\t<a class=\"product-block\" href=\"\/fr\/bottle\/daiya-550ml\/\">\r\n\t\t\t\t<h3>\r\n\t\t\t\t\tDAIYA <small>550ml<\/small>\t\t\t\t<\/h3>\r\n\r\n\t\t\t\t<div class=\"intro\">\r\n\t\t\t\t\tD\u00e9couvrez le Daiya \u2013 la nouvelle gourde Tacx au design audacieux\t\t\t\t<\/div>\r\n\r\n\t\t\t\t<div class=\"image\">\r\n\t\t\t\t\t<img decoding=\"async\" src=\"https:\/\/bottlepromotions.com\/wp-content\/uploads\/2023\/10\/daiya-bottles-new.png\" alt=\"daiya-bottles-new\" \/>\r\n\t\t\t\t<\/div>\r\n\t\t\t<\/a>\r\n\t\t\r\n\t<\/div>\r\n\n\n\n<div style=\"height:40px\" aria-hidden=\"true\" class=\"wp-block-spacer\"><\/div>\n\n\n<div id=\"title-button-block_0244868d1c5322c88ffde882bd6d44bc\" class=\"title-button-block\">\r\n\t<div class=\"row\">\r\n\t\t<div class=\"col-12 heading\">\r\n\t\t\t<h1 style=\"color:#dc5e00;\">Lifestyle<\/h1>\r\n\t\t\t<p class=\"font-caveat\" style=\"color:#dc5e00;\">We care for your health<\/p><br>\r\n\t\t\t\t\t\t\t<a href=\"\/fr\/lifestyle-bottles\/\" target=\"\" class=\"btn outline\">Lifestyle bottles<\/a>\r\n\t\t\t\t\t<\/div>\r\n\t\t<!-- <div class=\"col-md-4 button-col\">\r\n\t\t\t<a href=\"\/fr\/lifestyle-bottles\/\" target=\"\" class=\"btn outline\">Lifestyle bottles<\/a>\r\n\t  \t<\/div> -->\r\n\t<\/div>\r\n<\/div>\n\n\r\n\t<div id=\"products-block_176884f12a05705132876414823792ef\" class=\"products-block\">\r\n\r\n\t\t\t\t\t<a class=\"product-block\" href=\"\/fr\/bottle\/fuse\/\">\r\n\t\t\t\t<h3>\r\n\t\t\t\t\tFuse <small>450ml<\/small>\t\t\t\t<\/h3>\r\n\r\n\t\t\t\t<div class=\"intro\">\r\n\t\t\t\t\tBouchon \u00e0 vis, avec ou sans b\u00e2tonnet Fruit Fusion\t\t\t\t<\/div>\r\n\r\n\t\t\t\t<div class=\"image\">\r\n\t\t\t\t\t<img decoding=\"async\" src=\"https:\/\/bottlepromotions.com\/wp-content\/uploads\/2019\/12\/fuse-unprinted.png\" alt=\"fuse-unprinted\" \/>\r\n\t\t\t\t<\/div>\r\n\t\t\t<\/a>\r\n\t\t\r\n\t<\/div>\r\n\n\n\n<div style=\"height:40px\" aria-hidden=\"true\" id=\"Accessories\" class=\"wp-block-spacer\"><\/div>\n\n\n<div id=\"title-button-block_e0e55caf92a2d8ecc9f58c16f3a6e154\" class=\"title-button-block\">\r\n\t<div class=\"row\">\r\n\t\t<div class=\"col-12 heading\">\r\n\t\t\t<h1 style=\"color:#0a0000;\">Accessoires<\/h1>\r\n\t\t\t<p class=\"font-caveat\" style=\"color:#0a0000;\"><\/p><br>\r\n\t\t\t\t\t<\/div>\r\n\t\t<!-- <div class=\"col-md-4 button-col\">\r\n\t\t<\/div> -->\r\n\t<\/div>\r\n<\/div>\n\n\r\n\t<div id=\"products-block_87e655487efb37f181d5811f1ad4b0c5\" class=\"products-block\">\r\n\r\n\t\t\t\t\t<a class=\"product-block\" href=\"\/fr\/accessory\/starlight\/\">\r\n\t\t\t\t<h3>\r\n\t\t\t\t\tStarLight\t\t\t\t<\/h3>\r\n\r\n\t\t\t\t<div class=\"intro\">\r\n\t\t\t\t\tConvient pour le transport de 8 bidons\r\n500ml or 750ml\t\t\t\t<\/div>\r\n\r\n\t\t\t\t<div class=\"image\">\r\n\t\t\t\t\t<img decoding=\"async\" src=\"https:\/\/bottlepromotions.com\/wp-content\/uploads\/2023\/07\/accessoires-wide.png\" alt=\"accessoires-wide\" \/>\r\n\t\t\t\t<\/div>\r\n\t\t\t<\/a>\r\n\t\t\t\t\t<a class=\"product-block\" href=\"https:\/\/bottlepromotions.com\/fr\/porte-bidons-tacx\/\">\r\n\t\t\t\t<h3>\r\n\t\t\t\t\tPorte-bidons Tacx\t\t\t\t<\/h3>\r\n\r\n\t\t\t\t<div class=\"intro\">\r\n\t\t\t\t\tOptions au choix:<br \/>\r\nDeva, Ciro ou Radar\t\t\t\t<\/div>\r\n\r\n\t\t\t\t<div class=\"image\">\r\n\t\t\t\t\t<img decoding=\"async\" src=\"https:\/\/bottlepromotions.com\/wp-content\/uploads\/2024\/03\/T6154.01_Deva_White_0517_perspective_cutout_b.png\" alt=\"T6154.01_Deva_White_0517_perspective_cutout_b\" \/>\r\n\t\t\t\t<\/div>\r\n\t\t\t<\/a>\r\n\t\t\r\n\t<\/div>\r\n","protected":false},"excerpt":{"rendered":"","protected":false},"author":11,"featured_media":0,"parent":0,"menu_order":0,"comment_status":"closed","ping_status":"closed","template":"page-gutenberg.php","meta":{"_acf_changed":false,"_uag_custom_page_level_css":"","footnotes":""},"class_list":["post-5666","page","type-page","status-publish","hentry"],"acf":[],"yoast_head":"<!-- This site is optimized with the Yoast SEO plugin v26.9 - https:\/\/yoast.com\/product\/yoast-seo-wordpress\/ -->\n<title>Bidons et accessoires - Bottle Promotions<\/title>\n<meta name=\"robots\" content=\"index, follow, max-snippet:-1, max-image-preview:large, max-video-preview:-1\" \/>\n<link rel=\"canonical\" href=\"https:\/\/bottlepromotions.com\/fr\/bidons-et-accessoires\/\" \/>\n<meta property=\"og:locale\" content=\"fr_FR\" \/>\n<meta property=\"og:type\" content=\"article\" \/>\n<meta property=\"og:title\" content=\"Bidons et accessoires - Bottle Promotions\" \/>\n<meta property=\"og:url\" content=\"https:\/\/bottlepromotions.com\/fr\/bidons-et-accessoires\/\" \/>\n<meta property=\"og:site_name\" content=\"Bottle Promotions\" \/>\n<meta property=\"article:modified_time\" content=\"2026-01-14T09:34:42+00:00\" \/>\n<meta property=\"og:image\" content=\"https:\/\/bottlepromotions.com\/wp-content\/uploads\/2023\/08\/druppel-150x150.png\" \/>\n<meta name=\"twitter:card\" content=\"summary_large_image\" \/>\n<meta name=\"twitter:label1\" content=\"Dur\u00e9e de lecture estim\u00e9e\" \/>\n\t<meta name=\"twitter:data1\" content=\"1 minute\" \/>\n<script type=\"application\/ld+json\" class=\"yoast-schema-graph\">{\"@context\":\"https:\/\/schema.org\",\"@graph\":[{\"@type\":\"WebPage\",\"@id\":\"https:\/\/bottlepromotions.com\/fr\/bidons-et-accessoires\/\",\"url\":\"https:\/\/bottlepromotions.com\/fr\/bidons-et-accessoires\/\",\"name\":\"Bidons et accessoires - Bottle Promotions\",\"isPartOf\":{\"@id\":\"https:\/\/bottlepromotions.com\/fr\/#website\"},\"primaryImageOfPage\":{\"@id\":\"https:\/\/bottlepromotions.com\/fr\/bidons-et-accessoires\/#primaryimage\"},\"image\":{\"@id\":\"https:\/\/bottlepromotions.com\/fr\/bidons-et-accessoires\/#primaryimage\"},\"thumbnailUrl\":\"https:\/\/bottlepromotions.com\/wp-content\/uploads\/2023\/08\/druppel-150x150.png\",\"datePublished\":\"2019-11-28T12:15:41+00:00\",\"dateModified\":\"2026-01-14T09:34:42+00:00\",\"breadcrumb\":{\"@id\":\"https:\/\/bottlepromotions.com\/fr\/bidons-et-accessoires\/#breadcrumb\"},\"inLanguage\":\"fr-FR\",\"potentialAction\":[{\"@type\":\"ReadAction\",\"target\":[\"https:\/\/bottlepromotions.com\/fr\/bidons-et-accessoires\/\"]}]},{\"@type\":\"ImageObject\",\"inLanguage\":\"fr-FR\",\"@id\":\"https:\/\/bottlepromotions.com\/fr\/bidons-et-accessoires\/#primaryimage\",\"url\":\"https:\/\/bottlepromotions.com\/wp-content\/uploads\/2023\/08\/druppel-150x150.png\",\"contentUrl\":\"https:\/\/bottlepromotions.com\/wp-content\/uploads\/2023\/08\/druppel-150x150.png\"},{\"@type\":\"BreadcrumbList\",\"@id\":\"https:\/\/bottlepromotions.com\/fr\/bidons-et-accessoires\/#breadcrumb\",\"itemListElement\":[{\"@type\":\"ListItem\",\"position\":1,\"name\":\"Home\",\"item\":\"https:\/\/bottlepromotions.com\/fr\/\"},{\"@type\":\"ListItem\",\"position\":2,\"name\":\"Bidons et accessoires\"}]},{\"@type\":\"WebSite\",\"@id\":\"https:\/\/bottlepromotions.com\/fr\/#website\",\"url\":\"https:\/\/bottlepromotions.com\/fr\/\",\"name\":\"Bottle Promotions\",\"description\":\"Your partner in promotional bottles\",\"publisher\":{\"@id\":\"https:\/\/bottlepromotions.com\/fr\/#organization\"},\"potentialAction\":[{\"@type\":\"SearchAction\",\"target\":{\"@type\":\"EntryPoint\",\"urlTemplate\":\"https:\/\/bottlepromotions.com\/fr\/?s={search_term_string}\"},\"query-input\":{\"@type\":\"PropertyValueSpecification\",\"valueRequired\":true,\"valueName\":\"search_term_string\"}}],\"inLanguage\":\"fr-FR\"},{\"@type\":\"Organization\",\"@id\":\"https:\/\/bottlepromotions.com\/fr\/#organization\",\"name\":\"Bottle Promotions\",\"url\":\"https:\/\/bottlepromotions.com\/fr\/\",\"logo\":{\"@type\":\"ImageObject\",\"inLanguage\":\"fr-FR\",\"@id\":\"https:\/\/bottlepromotions.com\/fr\/#\/schema\/logo\/image\/\",\"url\":\"https:\/\/bottlepromotions.com\/wp-content\/uploads\/2021\/05\/BP-logo-white.png\",\"contentUrl\":\"https:\/\/bottlepromotions.com\/wp-content\/uploads\/2021\/05\/BP-logo-white.png\",\"width\":1284,\"height\":802,\"caption\":\"Bottle Promotions\"},\"image\":{\"@id\":\"https:\/\/bottlepromotions.com\/fr\/#\/schema\/logo\/image\/\"}}]}<\/script>\n<!-- \/ Yoast SEO plugin. -->","yoast_head_json":{"title":"Bidons et accessoires - Bottle Promotions","robots":{"index":"index","follow":"follow","max-snippet":"max-snippet:-1","max-image-preview":"max-image-preview:large","max-video-preview":"max-video-preview:-1"},"canonical":"https:\/\/bottlepromotions.com\/fr\/bidons-et-accessoires\/","og_locale":"fr_FR","og_type":"article","og_title":"Bidons et accessoires - Bottle Promotions","og_url":"https:\/\/bottlepromotions.com\/fr\/bidons-et-accessoires\/","og_site_name":"Bottle Promotions","article_modified_time":"2026-01-14T09:34:42+00:00","og_image":[{"url":"https:\/\/bottlepromotions.com\/wp-content\/uploads\/2023\/08\/druppel-150x150.png","type":"","width":"","height":""}],"twitter_card":"summary_large_image","twitter_misc":{"Dur\u00e9e de lecture estim\u00e9e":"1 minute"},"schema":{"@context":"https:\/\/schema.org","@graph":[{"@type":"WebPage","@id":"https:\/\/bottlepromotions.com\/fr\/bidons-et-accessoires\/","url":"https:\/\/bottlepromotions.com\/fr\/bidons-et-accessoires\/","name":"Bidons et accessoires - Bottle Promotions","isPartOf":{"@id":"https:\/\/bottlepromotions.com\/fr\/#website"},"primaryImageOfPage":{"@id":"https:\/\/bottlepromotions.com\/fr\/bidons-et-accessoires\/#primaryimage"},"image":{"@id":"https:\/\/bottlepromotions.com\/fr\/bidons-et-accessoires\/#primaryimage"},"thumbnailUrl":"https:\/\/bottlepromotions.com\/wp-content\/uploads\/2023\/08\/druppel-150x150.png","datePublished":"2019-11-28T12:15:41+00:00","dateModified":"2026-01-14T09:34:42+00:00","breadcrumb":{"@id":"https:\/\/bottlepromotions.com\/fr\/bidons-et-accessoires\/#breadcrumb"},"inLanguage":"fr-FR","potentialAction":[{"@type":"ReadAction","target":["https:\/\/bottlepromotions.com\/fr\/bidons-et-accessoires\/"]}]},{"@type":"ImageObject","inLanguage":"fr-FR","@id":"https:\/\/bottlepromotions.com\/fr\/bidons-et-accessoires\/#primaryimage","url":"https:\/\/bottlepromotions.com\/wp-content\/uploads\/2023\/08\/druppel-150x150.png","contentUrl":"https:\/\/bottlepromotions.com\/wp-content\/uploads\/2023\/08\/druppel-150x150.png"},{"@type":"BreadcrumbList","@id":"https:\/\/bottlepromotions.com\/fr\/bidons-et-accessoires\/#breadcrumb","itemListElement":[{"@type":"ListItem","position":1,"name":"Home","item":"https:\/\/bottlepromotions.com\/fr\/"},{"@type":"ListItem","position":2,"name":"Bidons et accessoires"}]},{"@type":"WebSite","@id":"https:\/\/bottlepromotions.com\/fr\/#website","url":"https:\/\/bottlepromotions.com\/fr\/","name":"Bottle Promotions","description":"Your partner in promotional bottles","publisher":{"@id":"https:\/\/bottlepromotions.com\/fr\/#organization"},"potentialAction":[{"@type":"SearchAction","target":{"@type":"EntryPoint","urlTemplate":"https:\/\/bottlepromotions.com\/fr\/?s={search_term_string}"},"query-input":{"@type":"PropertyValueSpecification","valueRequired":true,"valueName":"search_term_string"}}],"inLanguage":"fr-FR"},{"@type":"Organization","@id":"https:\/\/bottlepromotions.com\/fr\/#organization","name":"Bottle Promotions","url":"https:\/\/bottlepromotions.com\/fr\/","logo":{"@type":"ImageObject","inLanguage":"fr-FR","@id":"https:\/\/bottlepromotions.com\/fr\/#\/schema\/logo\/image\/","url":"https:\/\/bottlepromotions.com\/wp-content\/uploads\/2021\/05\/BP-logo-white.png","contentUrl":"https:\/\/bottlepromotions.com\/wp-content\/uploads\/2021\/05\/BP-logo-white.png","width":1284,"height":802,"caption":"Bottle Promotions"},"image":{"@id":"https:\/\/bottlepromotions.com\/fr\/#\/schema\/logo\/image\/"}}]}},"uagb_featured_image_src":{"full":false,"thumbnail":false,"medium":false,"medium_large":false,"large":false,"1536x1536":false,"2048x2048":false,"fullwidth":false,"mediumplus":false,"gform-image-choice-sm":false,"gform-image-choice-md":false,"gform-image-choice-lg":false},"uagb_author_info":{"display_name":"Job Hanemaaijer","author_link":"https:\/\/bottlepromotions.com\/fr\/author\/job\/"},"uagb_comment_info":0,"uagb_excerpt":null,"_links":{"self":[{"href":"https:\/\/bottlepromotions.com\/fr\/wp-json\/wp\/v2\/pages\/5666","targetHints":{"allow":["GET"]}}],"collection":[{"href":"https:\/\/bottlepromotions.com\/fr\/wp-json\/wp\/v2\/pages"}],"about":[{"href":"https:\/\/bottlepromotions.com\/fr\/wp-json\/wp\/v2\/types\/page"}],"author":[{"embeddable":true,"href":"https:\/\/bottlepromotions.com\/fr\/wp-json\/wp\/v2\/users\/11"}],"replies":[{"embeddable":true,"href":"https:\/\/bottlepromotions.com\/fr\/wp-json\/wp\/v2\/comments?post=5666"}],"version-history":[{"count":85,"href":"https:\/\/bottlepromotions.com\/fr\/wp-json\/wp\/v2\/pages\/5666\/revisions"}],"predecessor-version":[{"id":20757,"href":"https:\/\/bottlepromotions.com\/fr\/wp-json\/wp\/v2\/pages\/5666\/revisions\/20757"}],"wp:attachment":[{"href":"https:\/\/bottlepromotions.com\/fr\/wp-json\/wp\/v2\/media?parent=5666"}],"curies":[{"name":"wp","href":"https:\/\/api.w.org\/{rel}","templated":true}]}}