{"id":19882,"date":"2025-04-18T14:38:49","date_gmt":"2025-04-18T14:38:49","guid":{"rendered":"https:\/\/bottlepromotions.com\/product-safety-regulations\/"},"modified":"2025-04-23T08:39:00","modified_gmt":"2025-04-23T08:39:00","slug":"product-safety-regulations","status":"publish","type":"page","link":"https:\/\/bottlepromotions.com\/fr\/product-safety-regulations\/","title":{"rendered":"R\u00e9glementations sur les produits"},"content":{"rendered":"<div id=\"container-block-block_7298cc2e3dab733f54e4f2b443146e17\" class=\"container-block alignfull background-light-blue width-medium\">\r\n\t<div class=\"container\">\r\n\t\t\n\n<div style=\"height:50px\" aria-hidden=\"true\" class=\"wp-block-spacer\"><\/div>\n\n\n\n<div class=\"wp-block-uagb-container uagb-block-7c32b9c7 default uagb-is-root-container\">\n<div class=\"wp-block-uagb-info-box uagb-block-33cab08d uagb-infobox__content-wrap  uagb-infobox-icon-above-title uagb-infobox-image-valign-top\"><div class=\"uagb-ifb-content\"><div class=\"uagb-ifb-title-wrap\"><h3 class=\"uagb-ifb-title\">R\u00e9glementations sur les produits<\/h3><\/div><p class=\"uagb-ifb-desc\">Nos bouteilles sont rigoureusement test\u00e9es et conformes aux r\u00e9glementations sur la s\u00e9curit\u00e9 alimentaire de l&rsquo;UE ainsi qu&rsquo;\u00e0 la norme California Prop65 (\u00c9tats-Unis). Des documents tels que le protocole de s\u00e9curit\u00e9 des produits de l&rsquo;UE, les formulaires de conformit\u00e9 alimentaire, le code de conduite, la d\u00e9claration de conformit\u00e9, les analyses de risques, les r\u00e9sultats de tests ou les r\u00e9sultats d&rsquo;audits SMETA peuvent \u00eatre obtenus en envoyant un e-mail \u00e0: <a href=\"mailto:Bpaccountmanager3@gamin.com\">Bpaccountmanager3@gamin.com<\/a><\/p><\/div><\/div>\n<\/div>\n\n\n\n<div style=\"height:50px\" aria-hidden=\"true\" class=\"wp-block-spacer\"><\/div>\n\n\r\n\t<\/div>\r\n<\/div>","protected":false},"excerpt":{"rendered":"","protected":false},"author":2,"featured_media":0,"parent":0,"menu_order":0,"comment_status":"closed","ping_status":"closed","template":"page-gutenberg.php","meta":{"_acf_changed":false,"_uag_custom_page_level_css":"","footnotes":""},"class_list":["post-19882","page","type-page","status-publish","hentry"],"acf":[],"yoast_head":"<!-- This site is optimized with the Yoast SEO plugin v26.9 - https:\/\/yoast.com\/product\/yoast-seo-wordpress\/ -->\n<title>R\u00e9glementations sur les produits - Bottle Promotions<\/title>\n<meta name=\"robots\" content=\"index, follow, max-snippet:-1, max-image-preview:large, max-video-preview:-1\" \/>\n<link rel=\"canonical\" href=\"https:\/\/bottlepromotions.com\/fr\/product-safety-regulations\/\" \/>\n<meta property=\"og:locale\" content=\"fr_FR\" \/>\n<meta property=\"og:type\" content=\"article\" \/>\n<meta property=\"og:title\" content=\"R\u00e9glementations sur les produits - Bottle Promotions\" \/>\n<meta property=\"og:url\" content=\"https:\/\/bottlepromotions.com\/fr\/product-safety-regulations\/\" \/>\n<meta property=\"og:site_name\" content=\"Bottle Promotions\" \/>\n<meta property=\"article:modified_time\" content=\"2025-04-23T08:39:00+00:00\" \/>\n<meta name=\"twitter:card\" content=\"summary_large_image\" \/>\n<meta name=\"twitter:label1\" content=\"Dur\u00e9e de lecture estim\u00e9e\" \/>\n\t<meta name=\"twitter:data1\" content=\"1 minute\" \/>\n<script type=\"application\/ld+json\" class=\"yoast-schema-graph\">{\"@context\":\"https:\/\/schema.org\",\"@graph\":[{\"@type\":\"WebPage\",\"@id\":\"https:\/\/bottlepromotions.com\/fr\/product-safety-regulations\/\",\"url\":\"https:\/\/bottlepromotions.com\/fr\/product-safety-regulations\/\",\"name\":\"R\u00e9glementations sur les produits - Bottle Promotions\",\"isPartOf\":{\"@id\":\"https:\/\/bottlepromotions.com\/fr\/#website\"},\"datePublished\":\"2025-04-18T14:38:49+00:00\",\"dateModified\":\"2025-04-23T08:39:00+00:00\",\"breadcrumb\":{\"@id\":\"https:\/\/bottlepromotions.com\/fr\/product-safety-regulations\/#breadcrumb\"},\"inLanguage\":\"fr-FR\",\"potentialAction\":[{\"@type\":\"ReadAction\",\"target\":[\"https:\/\/bottlepromotions.com\/fr\/product-safety-regulations\/\"]}]},{\"@type\":\"BreadcrumbList\",\"@id\":\"https:\/\/bottlepromotions.com\/fr\/product-safety-regulations\/#breadcrumb\",\"itemListElement\":[{\"@type\":\"ListItem\",\"position\":1,\"name\":\"Home\",\"item\":\"https:\/\/bottlepromotions.com\/fr\/\"},{\"@type\":\"ListItem\",\"position\":2,\"name\":\"R\u00e9glementations sur les produits\"}]},{\"@type\":\"WebSite\",\"@id\":\"https:\/\/bottlepromotions.com\/fr\/#website\",\"url\":\"https:\/\/bottlepromotions.com\/fr\/\",\"name\":\"Bottle Promotions\",\"description\":\"Your partner in promotional bottles\",\"publisher\":{\"@id\":\"https:\/\/bottlepromotions.com\/fr\/#organization\"},\"potentialAction\":[{\"@type\":\"SearchAction\",\"target\":{\"@type\":\"EntryPoint\",\"urlTemplate\":\"https:\/\/bottlepromotions.com\/fr\/?s={search_term_string}\"},\"query-input\":{\"@type\":\"PropertyValueSpecification\",\"valueRequired\":true,\"valueName\":\"search_term_string\"}}],\"inLanguage\":\"fr-FR\"},{\"@type\":\"Organization\",\"@id\":\"https:\/\/bottlepromotions.com\/fr\/#organization\",\"name\":\"Bottle Promotions\",\"url\":\"https:\/\/bottlepromotions.com\/fr\/\",\"logo\":{\"@type\":\"ImageObject\",\"inLanguage\":\"fr-FR\",\"@id\":\"https:\/\/bottlepromotions.com\/fr\/#\/schema\/logo\/image\/\",\"url\":\"https:\/\/bottlepromotions.com\/wp-content\/uploads\/2021\/05\/BP-logo-white.png\",\"contentUrl\":\"https:\/\/bottlepromotions.com\/wp-content\/uploads\/2021\/05\/BP-logo-white.png\",\"width\":1284,\"height\":802,\"caption\":\"Bottle Promotions\"},\"image\":{\"@id\":\"https:\/\/bottlepromotions.com\/fr\/#\/schema\/logo\/image\/\"}}]}<\/script>\n<!-- \/ Yoast SEO plugin. -->","yoast_head_json":{"title":"R\u00e9glementations sur les produits - Bottle Promotions","robots":{"index":"index","follow":"follow","max-snippet":"max-snippet:-1","max-image-preview":"max-image-preview:large","max-video-preview":"max-video-preview:-1"},"canonical":"https:\/\/bottlepromotions.com\/fr\/product-safety-regulations\/","og_locale":"fr_FR","og_type":"article","og_title":"R\u00e9glementations sur les produits - Bottle Promotions","og_url":"https:\/\/bottlepromotions.com\/fr\/product-safety-regulations\/","og_site_name":"Bottle Promotions","article_modified_time":"2025-04-23T08:39:00+00:00","twitter_card":"summary_large_image","twitter_misc":{"Dur\u00e9e de lecture estim\u00e9e":"1 minute"},"schema":{"@context":"https:\/\/schema.org","@graph":[{"@type":"WebPage","@id":"https:\/\/bottlepromotions.com\/fr\/product-safety-regulations\/","url":"https:\/\/bottlepromotions.com\/fr\/product-safety-regulations\/","name":"R\u00e9glementations sur les produits - Bottle Promotions","isPartOf":{"@id":"https:\/\/bottlepromotions.com\/fr\/#website"},"datePublished":"2025-04-18T14:38:49+00:00","dateModified":"2025-04-23T08:39:00+00:00","breadcrumb":{"@id":"https:\/\/bottlepromotions.com\/fr\/product-safety-regulations\/#breadcrumb"},"inLanguage":"fr-FR","potentialAction":[{"@type":"ReadAction","target":["https:\/\/bottlepromotions.com\/fr\/product-safety-regulations\/"]}]},{"@type":"BreadcrumbList","@id":"https:\/\/bottlepromotions.com\/fr\/product-safety-regulations\/#breadcrumb","itemListElement":[{"@type":"ListItem","position":1,"name":"Home","item":"https:\/\/bottlepromotions.com\/fr\/"},{"@type":"ListItem","position":2,"name":"R\u00e9glementations sur les produits"}]},{"@type":"WebSite","@id":"https:\/\/bottlepromotions.com\/fr\/#website","url":"https:\/\/bottlepromotions.com\/fr\/","name":"Bottle Promotions","description":"Your partner in promotional bottles","publisher":{"@id":"https:\/\/bottlepromotions.com\/fr\/#organization"},"potentialAction":[{"@type":"SearchAction","target":{"@type":"EntryPoint","urlTemplate":"https:\/\/bottlepromotions.com\/fr\/?s={search_term_string}"},"query-input":{"@type":"PropertyValueSpecification","valueRequired":true,"valueName":"search_term_string"}}],"inLanguage":"fr-FR"},{"@type":"Organization","@id":"https:\/\/bottlepromotions.com\/fr\/#organization","name":"Bottle Promotions","url":"https:\/\/bottlepromotions.com\/fr\/","logo":{"@type":"ImageObject","inLanguage":"fr-FR","@id":"https:\/\/bottlepromotions.com\/fr\/#\/schema\/logo\/image\/","url":"https:\/\/bottlepromotions.com\/wp-content\/uploads\/2021\/05\/BP-logo-white.png","contentUrl":"https:\/\/bottlepromotions.com\/wp-content\/uploads\/2021\/05\/BP-logo-white.png","width":1284,"height":802,"caption":"Bottle Promotions"},"image":{"@id":"https:\/\/bottlepromotions.com\/fr\/#\/schema\/logo\/image\/"}}]}},"uagb_featured_image_src":{"full":false,"thumbnail":false,"medium":false,"medium_large":false,"large":false,"1536x1536":false,"2048x2048":false,"fullwidth":false,"mediumplus":false,"gform-image-choice-sm":false,"gform-image-choice-md":false,"gform-image-choice-lg":false},"uagb_author_info":{"display_name":"Red Factory","author_link":"https:\/\/bottlepromotions.com\/fr\/author\/redfactory\/"},"uagb_comment_info":0,"uagb_excerpt":null,"_links":{"self":[{"href":"https:\/\/bottlepromotions.com\/fr\/wp-json\/wp\/v2\/pages\/19882","targetHints":{"allow":["GET"]}}],"collection":[{"href":"https:\/\/bottlepromotions.com\/fr\/wp-json\/wp\/v2\/pages"}],"about":[{"href":"https:\/\/bottlepromotions.com\/fr\/wp-json\/wp\/v2\/types\/page"}],"author":[{"embeddable":true,"href":"https:\/\/bottlepromotions.com\/fr\/wp-json\/wp\/v2\/users\/2"}],"replies":[{"embeddable":true,"href":"https:\/\/bottlepromotions.com\/fr\/wp-json\/wp\/v2\/comments?post=19882"}],"version-history":[{"count":1,"href":"https:\/\/bottlepromotions.com\/fr\/wp-json\/wp\/v2\/pages\/19882\/revisions"}],"predecessor-version":[{"id":19886,"href":"https:\/\/bottlepromotions.com\/fr\/wp-json\/wp\/v2\/pages\/19882\/revisions\/19886"}],"wp:attachment":[{"href":"https:\/\/bottlepromotions.com\/fr\/wp-json\/wp\/v2\/media?parent=19882"}],"curies":[{"name":"wp","href":"https:\/\/api.w.org\/{rel}","templated":true}]}}