{"id":19872,"date":"2025-04-18T13:46:06","date_gmt":"2025-04-18T13:46:06","guid":{"rendered":"https:\/\/bottlepromotions.com\/usage-and-aftercare\/"},"modified":"2025-04-24T11:59:44","modified_gmt":"2025-04-24T11:59:44","slug":"usage-and-aftercare","status":"publish","type":"page","link":"https:\/\/bottlepromotions.com\/fr\/usage-and-aftercare\/","title":{"rendered":"Prenez soin de votre bouteille"},"content":{"rendered":"<div id=\"container-block-block_e0ecc4e16bf8cb97c0a3d9c797910e11\" class=\"container-block alignfull background-light-blue width-medium\">\r\n\t<div class=\"container\">\r\n\t\t\n\n<div style=\"height:50px\" aria-hidden=\"true\" class=\"wp-block-spacer\"><\/div>\n\n\n\r\n<div id=\"text-with-image-block-block_212b19a56ef8aedae7e7980c27bbc872\" class=\"fullwidth text-with-image-block img-xs position-left layout-small\">\r\n\r\n\t<div class=\"container-text\">\r\n\t\t\t\t\t\t\t\t\t<h2>Prenez soin de votre bouteille<\/h2>\r\n\t\t\t\t\t\t\t\r\n\t\t\r\n\t\t<div class=\"text-with-image-block-text\">\r\n\t\t\t<p>Avec un bon nettoyage et un peu d\u2019attention, vos bouteilles Shiva, Daiya et Fuse resteront comme neuves : durables, hygi\u00e9niques et pr\u00eates \u00e0 l\u2019emploi \u00e0 tout moment. Ce guide vous donne des astuces simples pour bien les utiliser, les entretenir, et m\u00eame d\u00e9monter le bouchon \u00e0 tirer Daiya. Cliquez sur le lien pour d\u00e9couvrir tous les conseils pratiques.<\/p>\n\t\t<\/div>\r\n\r\n\t\t\t\t\t<a class=\"btn\" href=\"https:\/\/bottlepromotions.com\/wp-content\/uploads\/2025\/04\/BP-Usage-and-aftercare-2025_FR.pdf\"  target=\"_blank\" >\r\n\t\t\t\tPlus d\u2019information\t\t\t<\/a>\r\n\t\t\t<\/div>\r\n\r\n\t<div class=\"container-visual\">\r\n\t\t\t\t\t<img loading=\"lazy\" decoding=\"async\" width=\"1920\" height=\"1945\" src=\"https:\/\/bottlepromotions.com\/wp-content\/uploads\/2025\/04\/IMG_5236c-1920x1945.jpg\" class=\"attachment-fullwidth size-fullwidth\" alt=\"\" \/>\t\t\t<\/div>\r\n\r\n<\/div>\n\n\n<div style=\"height:50px\" aria-hidden=\"true\" class=\"wp-block-spacer\"><\/div>\n\n\r\n\t<\/div>\r\n<\/div>","protected":false},"excerpt":{"rendered":"","protected":false},"author":2,"featured_media":0,"parent":0,"menu_order":0,"comment_status":"closed","ping_status":"closed","template":"page-gutenberg.php","meta":{"_acf_changed":false,"_uag_custom_page_level_css":"","footnotes":""},"class_list":["post-19872","page","type-page","status-publish","hentry"],"acf":[],"yoast_head":"<!-- This site is optimized with the Yoast SEO plugin v26.9 - https:\/\/yoast.com\/product\/yoast-seo-wordpress\/ -->\n<title>Prenez soin de votre bouteille - Bottle Promotions<\/title>\n<meta name=\"robots\" content=\"index, follow, max-snippet:-1, max-image-preview:large, max-video-preview:-1\" \/>\n<link rel=\"canonical\" href=\"https:\/\/bottlepromotions.com\/fr\/usage-and-aftercare\/\" \/>\n<meta property=\"og:locale\" content=\"fr_FR\" \/>\n<meta property=\"og:type\" content=\"article\" \/>\n<meta property=\"og:title\" content=\"Prenez soin de votre bouteille - Bottle Promotions\" \/>\n<meta property=\"og:url\" content=\"https:\/\/bottlepromotions.com\/fr\/usage-and-aftercare\/\" \/>\n<meta property=\"og:site_name\" content=\"Bottle Promotions\" \/>\n<meta property=\"article:modified_time\" content=\"2025-04-24T11:59:44+00:00\" \/>\n<meta name=\"twitter:card\" content=\"summary_large_image\" \/>\n<script type=\"application\/ld+json\" class=\"yoast-schema-graph\">{\"@context\":\"https:\/\/schema.org\",\"@graph\":[{\"@type\":\"WebPage\",\"@id\":\"https:\/\/bottlepromotions.com\/fr\/usage-and-aftercare\/\",\"url\":\"https:\/\/bottlepromotions.com\/fr\/usage-and-aftercare\/\",\"name\":\"Prenez soin de votre bouteille - Bottle Promotions\",\"isPartOf\":{\"@id\":\"https:\/\/bottlepromotions.com\/fr\/#website\"},\"datePublished\":\"2025-04-18T13:46:06+00:00\",\"dateModified\":\"2025-04-24T11:59:44+00:00\",\"breadcrumb\":{\"@id\":\"https:\/\/bottlepromotions.com\/fr\/usage-and-aftercare\/#breadcrumb\"},\"inLanguage\":\"fr-FR\",\"potentialAction\":[{\"@type\":\"ReadAction\",\"target\":[\"https:\/\/bottlepromotions.com\/fr\/usage-and-aftercare\/\"]}]},{\"@type\":\"BreadcrumbList\",\"@id\":\"https:\/\/bottlepromotions.com\/fr\/usage-and-aftercare\/#breadcrumb\",\"itemListElement\":[{\"@type\":\"ListItem\",\"position\":1,\"name\":\"Home\",\"item\":\"https:\/\/bottlepromotions.com\/fr\/\"},{\"@type\":\"ListItem\",\"position\":2,\"name\":\"Prenez soin de votre bouteille\"}]},{\"@type\":\"WebSite\",\"@id\":\"https:\/\/bottlepromotions.com\/fr\/#website\",\"url\":\"https:\/\/bottlepromotions.com\/fr\/\",\"name\":\"Bottle Promotions\",\"description\":\"Your partner in promotional bottles\",\"publisher\":{\"@id\":\"https:\/\/bottlepromotions.com\/fr\/#organization\"},\"potentialAction\":[{\"@type\":\"SearchAction\",\"target\":{\"@type\":\"EntryPoint\",\"urlTemplate\":\"https:\/\/bottlepromotions.com\/fr\/?s={search_term_string}\"},\"query-input\":{\"@type\":\"PropertyValueSpecification\",\"valueRequired\":true,\"valueName\":\"search_term_string\"}}],\"inLanguage\":\"fr-FR\"},{\"@type\":\"Organization\",\"@id\":\"https:\/\/bottlepromotions.com\/fr\/#organization\",\"name\":\"Bottle Promotions\",\"url\":\"https:\/\/bottlepromotions.com\/fr\/\",\"logo\":{\"@type\":\"ImageObject\",\"inLanguage\":\"fr-FR\",\"@id\":\"https:\/\/bottlepromotions.com\/fr\/#\/schema\/logo\/image\/\",\"url\":\"https:\/\/bottlepromotions.com\/wp-content\/uploads\/2021\/05\/BP-logo-white.png\",\"contentUrl\":\"https:\/\/bottlepromotions.com\/wp-content\/uploads\/2021\/05\/BP-logo-white.png\",\"width\":1284,\"height\":802,\"caption\":\"Bottle Promotions\"},\"image\":{\"@id\":\"https:\/\/bottlepromotions.com\/fr\/#\/schema\/logo\/image\/\"}}]}<\/script>\n<!-- \/ Yoast SEO plugin. -->","yoast_head_json":{"title":"Prenez soin de votre bouteille - Bottle Promotions","robots":{"index":"index","follow":"follow","max-snippet":"max-snippet:-1","max-image-preview":"max-image-preview:large","max-video-preview":"max-video-preview:-1"},"canonical":"https:\/\/bottlepromotions.com\/fr\/usage-and-aftercare\/","og_locale":"fr_FR","og_type":"article","og_title":"Prenez soin de votre bouteille - Bottle Promotions","og_url":"https:\/\/bottlepromotions.com\/fr\/usage-and-aftercare\/","og_site_name":"Bottle Promotions","article_modified_time":"2025-04-24T11:59:44+00:00","twitter_card":"summary_large_image","schema":{"@context":"https:\/\/schema.org","@graph":[{"@type":"WebPage","@id":"https:\/\/bottlepromotions.com\/fr\/usage-and-aftercare\/","url":"https:\/\/bottlepromotions.com\/fr\/usage-and-aftercare\/","name":"Prenez soin de votre bouteille - Bottle Promotions","isPartOf":{"@id":"https:\/\/bottlepromotions.com\/fr\/#website"},"datePublished":"2025-04-18T13:46:06+00:00","dateModified":"2025-04-24T11:59:44+00:00","breadcrumb":{"@id":"https:\/\/bottlepromotions.com\/fr\/usage-and-aftercare\/#breadcrumb"},"inLanguage":"fr-FR","potentialAction":[{"@type":"ReadAction","target":["https:\/\/bottlepromotions.com\/fr\/usage-and-aftercare\/"]}]},{"@type":"BreadcrumbList","@id":"https:\/\/bottlepromotions.com\/fr\/usage-and-aftercare\/#breadcrumb","itemListElement":[{"@type":"ListItem","position":1,"name":"Home","item":"https:\/\/bottlepromotions.com\/fr\/"},{"@type":"ListItem","position":2,"name":"Prenez soin de votre bouteille"}]},{"@type":"WebSite","@id":"https:\/\/bottlepromotions.com\/fr\/#website","url":"https:\/\/bottlepromotions.com\/fr\/","name":"Bottle Promotions","description":"Your partner in promotional bottles","publisher":{"@id":"https:\/\/bottlepromotions.com\/fr\/#organization"},"potentialAction":[{"@type":"SearchAction","target":{"@type":"EntryPoint","urlTemplate":"https:\/\/bottlepromotions.com\/fr\/?s={search_term_string}"},"query-input":{"@type":"PropertyValueSpecification","valueRequired":true,"valueName":"search_term_string"}}],"inLanguage":"fr-FR"},{"@type":"Organization","@id":"https:\/\/bottlepromotions.com\/fr\/#organization","name":"Bottle Promotions","url":"https:\/\/bottlepromotions.com\/fr\/","logo":{"@type":"ImageObject","inLanguage":"fr-FR","@id":"https:\/\/bottlepromotions.com\/fr\/#\/schema\/logo\/image\/","url":"https:\/\/bottlepromotions.com\/wp-content\/uploads\/2021\/05\/BP-logo-white.png","contentUrl":"https:\/\/bottlepromotions.com\/wp-content\/uploads\/2021\/05\/BP-logo-white.png","width":1284,"height":802,"caption":"Bottle Promotions"},"image":{"@id":"https:\/\/bottlepromotions.com\/fr\/#\/schema\/logo\/image\/"}}]}},"uagb_featured_image_src":{"full":false,"thumbnail":false,"medium":false,"medium_large":false,"large":false,"1536x1536":false,"2048x2048":false,"fullwidth":false,"mediumplus":false,"gform-image-choice-sm":false,"gform-image-choice-md":false,"gform-image-choice-lg":false},"uagb_author_info":{"display_name":"Red Factory","author_link":"https:\/\/bottlepromotions.com\/fr\/author\/redfactory\/"},"uagb_comment_info":0,"uagb_excerpt":null,"_links":{"self":[{"href":"https:\/\/bottlepromotions.com\/fr\/wp-json\/wp\/v2\/pages\/19872","targetHints":{"allow":["GET"]}}],"collection":[{"href":"https:\/\/bottlepromotions.com\/fr\/wp-json\/wp\/v2\/pages"}],"about":[{"href":"https:\/\/bottlepromotions.com\/fr\/wp-json\/wp\/v2\/types\/page"}],"author":[{"embeddable":true,"href":"https:\/\/bottlepromotions.com\/fr\/wp-json\/wp\/v2\/users\/2"}],"replies":[{"embeddable":true,"href":"https:\/\/bottlepromotions.com\/fr\/wp-json\/wp\/v2\/comments?post=19872"}],"version-history":[{"count":3,"href":"https:\/\/bottlepromotions.com\/fr\/wp-json\/wp\/v2\/pages\/19872\/revisions"}],"predecessor-version":[{"id":19922,"href":"https:\/\/bottlepromotions.com\/fr\/wp-json\/wp\/v2\/pages\/19872\/revisions\/19922"}],"wp:attachment":[{"href":"https:\/\/bottlepromotions.com\/fr\/wp-json\/wp\/v2\/media?parent=19872"}],"curies":[{"name":"wp","href":"https:\/\/api.w.org\/{rel}","templated":true}]}}