{"id":18813,"date":"2024-09-25T12:46:43","date_gmt":"2024-09-25T12:46:43","guid":{"rendered":"https:\/\/bottlepromotions.com\/trade-shows-new\/"},"modified":"2026-01-07T07:00:54","modified_gmt":"2026-01-07T07:00:54","slug":"trade-shows","status":"publish","type":"page","link":"https:\/\/bottlepromotions.com\/fr\/trade-shows\/","title":{"rendered":"Trade shows new"},"content":{"rendered":"<div id=\"container-block-block_8aa19a0f82a916edeb7eb6b829d3cbee\" class=\"container-block alignfull background-white width-medium\">\r\n\t<div class=\"container\">\r\n\t\t\n\n<div style=\"height:80px\" aria-hidden=\"true\" class=\"wp-block-spacer\"><\/div>\n\n\n\n<h1 class=\"wp-block-heading\">Des salons<\/h1>\n\n\n\n<p>Nous participons r\u00e9guli\u00e8rement \u00e0 des salons aux Pays-Bas, en Belgique, en France, en Grande-Bretagne et en Allemagne. Vous pouvez d\u00e9couvrir sur notre stand notre gamme compl\u00e8te de bidons avec ou sans impression. Laissez-vous inspirer par les nombreuses possibilit\u00e9s que nous offrons. Passez nous voir \u00e0 l\u2019occasion de l\u2019un de ces salons pour faire connaissance ou simplement pour discuter. Au plaisir de vous rencontrer!<\/p>\n\n\n\n<p><strong>PSI Germany<\/strong><br>7\/9-01-2026<\/p>\n\n\n\n<p><strong>Merchandising World UK<\/strong><br>21\/22-01-2026<\/p>\n\n\n\n<p><strong>Promz product premi\u00e8re<\/strong> &#8211; Breda<strong><br><\/strong>21\/22-01-2026<\/p>\n\n\n\n<p><strong>CTCO France<\/strong><br>3\/5-02-2026<\/p>\n\n\n\n<p><strong>Myvendo fair<\/strong> &#8211; Denmark<br>4\/5-03-2026<\/p>\n\n\n\n<div style=\"height:40px\" aria-hidden=\"true\" class=\"wp-block-spacer\"><\/div>\n\n\r\n\t<\/div>\r\n<\/div>","protected":false},"excerpt":{"rendered":"","protected":false},"author":2,"featured_media":0,"parent":0,"menu_order":0,"comment_status":"closed","ping_status":"closed","template":"page-gutenberg.php","meta":{"_acf_changed":false,"_uag_custom_page_level_css":"","footnotes":""},"class_list":["post-18813","page","type-page","status-publish","hentry"],"acf":[],"yoast_head":"<!-- This site is optimized with the Yoast SEO plugin v26.9 - https:\/\/yoast.com\/product\/yoast-seo-wordpress\/ -->\n<title>Trade shows new - Bottle Promotions<\/title>\n<meta name=\"robots\" content=\"index, follow, max-snippet:-1, max-image-preview:large, max-video-preview:-1\" \/>\n<link rel=\"canonical\" href=\"https:\/\/bottlepromotions.com\/fr\/trade-shows\/\" \/>\n<meta property=\"og:locale\" content=\"fr_FR\" \/>\n<meta property=\"og:type\" content=\"article\" \/>\n<meta property=\"og:title\" content=\"Trade shows new - Bottle Promotions\" \/>\n<meta property=\"og:url\" content=\"https:\/\/bottlepromotions.com\/fr\/trade-shows\/\" \/>\n<meta property=\"og:site_name\" content=\"Bottle Promotions\" \/>\n<meta property=\"article:modified_time\" content=\"2026-01-07T07:00:54+00:00\" \/>\n<meta name=\"twitter:card\" content=\"summary_large_image\" \/>\n<meta name=\"twitter:label1\" content=\"Dur\u00e9e de lecture estim\u00e9e\" \/>\n\t<meta name=\"twitter:data1\" content=\"1 minute\" \/>\n<script type=\"application\/ld+json\" class=\"yoast-schema-graph\">{\"@context\":\"https:\/\/schema.org\",\"@graph\":[{\"@type\":\"WebPage\",\"@id\":\"https:\/\/bottlepromotions.com\/fr\/trade-shows\/\",\"url\":\"https:\/\/bottlepromotions.com\/fr\/trade-shows\/\",\"name\":\"Trade shows new - Bottle Promotions\",\"isPartOf\":{\"@id\":\"https:\/\/bottlepromotions.com\/fr\/#website\"},\"datePublished\":\"2024-09-25T12:46:43+00:00\",\"dateModified\":\"2026-01-07T07:00:54+00:00\",\"breadcrumb\":{\"@id\":\"https:\/\/bottlepromotions.com\/fr\/trade-shows\/#breadcrumb\"},\"inLanguage\":\"fr-FR\",\"potentialAction\":[{\"@type\":\"ReadAction\",\"target\":[\"https:\/\/bottlepromotions.com\/fr\/trade-shows\/\"]}]},{\"@type\":\"BreadcrumbList\",\"@id\":\"https:\/\/bottlepromotions.com\/fr\/trade-shows\/#breadcrumb\",\"itemListElement\":[{\"@type\":\"ListItem\",\"position\":1,\"name\":\"Home\",\"item\":\"https:\/\/bottlepromotions.com\/fr\/\"},{\"@type\":\"ListItem\",\"position\":2,\"name\":\"Trade shows new\"}]},{\"@type\":\"WebSite\",\"@id\":\"https:\/\/bottlepromotions.com\/fr\/#website\",\"url\":\"https:\/\/bottlepromotions.com\/fr\/\",\"name\":\"Bottle Promotions\",\"description\":\"Your partner in promotional bottles\",\"publisher\":{\"@id\":\"https:\/\/bottlepromotions.com\/fr\/#organization\"},\"potentialAction\":[{\"@type\":\"SearchAction\",\"target\":{\"@type\":\"EntryPoint\",\"urlTemplate\":\"https:\/\/bottlepromotions.com\/fr\/?s={search_term_string}\"},\"query-input\":{\"@type\":\"PropertyValueSpecification\",\"valueRequired\":true,\"valueName\":\"search_term_string\"}}],\"inLanguage\":\"fr-FR\"},{\"@type\":\"Organization\",\"@id\":\"https:\/\/bottlepromotions.com\/fr\/#organization\",\"name\":\"Bottle Promotions\",\"url\":\"https:\/\/bottlepromotions.com\/fr\/\",\"logo\":{\"@type\":\"ImageObject\",\"inLanguage\":\"fr-FR\",\"@id\":\"https:\/\/bottlepromotions.com\/fr\/#\/schema\/logo\/image\/\",\"url\":\"https:\/\/bottlepromotions.com\/wp-content\/uploads\/2021\/05\/BP-logo-white.png\",\"contentUrl\":\"https:\/\/bottlepromotions.com\/wp-content\/uploads\/2021\/05\/BP-logo-white.png\",\"width\":1284,\"height\":802,\"caption\":\"Bottle Promotions\"},\"image\":{\"@id\":\"https:\/\/bottlepromotions.com\/fr\/#\/schema\/logo\/image\/\"}}]}<\/script>\n<!-- \/ Yoast SEO plugin. -->","yoast_head_json":{"title":"Trade shows new - Bottle Promotions","robots":{"index":"index","follow":"follow","max-snippet":"max-snippet:-1","max-image-preview":"max-image-preview:large","max-video-preview":"max-video-preview:-1"},"canonical":"https:\/\/bottlepromotions.com\/fr\/trade-shows\/","og_locale":"fr_FR","og_type":"article","og_title":"Trade shows new - Bottle Promotions","og_url":"https:\/\/bottlepromotions.com\/fr\/trade-shows\/","og_site_name":"Bottle Promotions","article_modified_time":"2026-01-07T07:00:54+00:00","twitter_card":"summary_large_image","twitter_misc":{"Dur\u00e9e de lecture estim\u00e9e":"1 minute"},"schema":{"@context":"https:\/\/schema.org","@graph":[{"@type":"WebPage","@id":"https:\/\/bottlepromotions.com\/fr\/trade-shows\/","url":"https:\/\/bottlepromotions.com\/fr\/trade-shows\/","name":"Trade shows new - Bottle Promotions","isPartOf":{"@id":"https:\/\/bottlepromotions.com\/fr\/#website"},"datePublished":"2024-09-25T12:46:43+00:00","dateModified":"2026-01-07T07:00:54+00:00","breadcrumb":{"@id":"https:\/\/bottlepromotions.com\/fr\/trade-shows\/#breadcrumb"},"inLanguage":"fr-FR","potentialAction":[{"@type":"ReadAction","target":["https:\/\/bottlepromotions.com\/fr\/trade-shows\/"]}]},{"@type":"BreadcrumbList","@id":"https:\/\/bottlepromotions.com\/fr\/trade-shows\/#breadcrumb","itemListElement":[{"@type":"ListItem","position":1,"name":"Home","item":"https:\/\/bottlepromotions.com\/fr\/"},{"@type":"ListItem","position":2,"name":"Trade shows new"}]},{"@type":"WebSite","@id":"https:\/\/bottlepromotions.com\/fr\/#website","url":"https:\/\/bottlepromotions.com\/fr\/","name":"Bottle Promotions","description":"Your partner in promotional bottles","publisher":{"@id":"https:\/\/bottlepromotions.com\/fr\/#organization"},"potentialAction":[{"@type":"SearchAction","target":{"@type":"EntryPoint","urlTemplate":"https:\/\/bottlepromotions.com\/fr\/?s={search_term_string}"},"query-input":{"@type":"PropertyValueSpecification","valueRequired":true,"valueName":"search_term_string"}}],"inLanguage":"fr-FR"},{"@type":"Organization","@id":"https:\/\/bottlepromotions.com\/fr\/#organization","name":"Bottle Promotions","url":"https:\/\/bottlepromotions.com\/fr\/","logo":{"@type":"ImageObject","inLanguage":"fr-FR","@id":"https:\/\/bottlepromotions.com\/fr\/#\/schema\/logo\/image\/","url":"https:\/\/bottlepromotions.com\/wp-content\/uploads\/2021\/05\/BP-logo-white.png","contentUrl":"https:\/\/bottlepromotions.com\/wp-content\/uploads\/2021\/05\/BP-logo-white.png","width":1284,"height":802,"caption":"Bottle Promotions"},"image":{"@id":"https:\/\/bottlepromotions.com\/fr\/#\/schema\/logo\/image\/"}}]}},"uagb_featured_image_src":{"full":false,"thumbnail":false,"medium":false,"medium_large":false,"large":false,"1536x1536":false,"2048x2048":false,"fullwidth":false,"mediumplus":false,"gform-image-choice-sm":false,"gform-image-choice-md":false,"gform-image-choice-lg":false},"uagb_author_info":{"display_name":"Red Factory","author_link":"https:\/\/bottlepromotions.com\/fr\/author\/redfactory\/"},"uagb_comment_info":0,"uagb_excerpt":null,"_links":{"self":[{"href":"https:\/\/bottlepromotions.com\/fr\/wp-json\/wp\/v2\/pages\/18813","targetHints":{"allow":["GET"]}}],"collection":[{"href":"https:\/\/bottlepromotions.com\/fr\/wp-json\/wp\/v2\/pages"}],"about":[{"href":"https:\/\/bottlepromotions.com\/fr\/wp-json\/wp\/v2\/types\/page"}],"author":[{"embeddable":true,"href":"https:\/\/bottlepromotions.com\/fr\/wp-json\/wp\/v2\/users\/2"}],"replies":[{"embeddable":true,"href":"https:\/\/bottlepromotions.com\/fr\/wp-json\/wp\/v2\/comments?post=18813"}],"version-history":[{"count":8,"href":"https:\/\/bottlepromotions.com\/fr\/wp-json\/wp\/v2\/pages\/18813\/revisions"}],"predecessor-version":[{"id":20625,"href":"https:\/\/bottlepromotions.com\/fr\/wp-json\/wp\/v2\/pages\/18813\/revisions\/20625"}],"wp:attachment":[{"href":"https:\/\/bottlepromotions.com\/fr\/wp-json\/wp\/v2\/media?parent=18813"}],"curies":[{"name":"wp","href":"https:\/\/api.w.org\/{rel}","templated":true}]}}