{"id":18370,"date":"2024-04-10T14:14:58","date_gmt":"2024-04-10T14:14:58","guid":{"rendered":"https:\/\/bottlepromotions.com\/treebytree\/"},"modified":"2024-07-04T12:52:56","modified_gmt":"2024-07-04T12:52:56","slug":"treebytree","status":"publish","type":"page","link":"https:\/\/bottlepromotions.com\/fr\/treebytree\/","title":{"rendered":"TreeByTree"},"content":{"rendered":"<div id=\"page-header-block_312b728f009adaf528af3ca53a1fe963\" class=\"page-header-block alignfull\">\r\n\t<div class=\"image\">\r\n\t\t<img loading=\"lazy\" decoding=\"async\" width=\"1920\" height=\"1275\" src=\"https:\/\/bottlepromotions.com\/wp-content\/uploads\/2024\/04\/12-Hans-02-2021-_-Manchali-Chamwino-_-Kisiki-Hai-_-Dodoma-Tanzania-b.jpg\" class=\"attachment-fullwidth size-fullwidth\" alt=\"\" srcset=\"https:\/\/bottlepromotions.com\/wp-content\/uploads\/2024\/04\/12-Hans-02-2021-_-Manchali-Chamwino-_-Kisiki-Hai-_-Dodoma-Tanzania-b.jpg 1920w, https:\/\/bottlepromotions.com\/wp-content\/uploads\/2024\/04\/12-Hans-02-2021-_-Manchali-Chamwino-_-Kisiki-Hai-_-Dodoma-Tanzania-b-300x199.jpg 300w, https:\/\/bottlepromotions.com\/wp-content\/uploads\/2024\/04\/12-Hans-02-2021-_-Manchali-Chamwino-_-Kisiki-Hai-_-Dodoma-Tanzania-b-1024x680.jpg 1024w, https:\/\/bottlepromotions.com\/wp-content\/uploads\/2024\/04\/12-Hans-02-2021-_-Manchali-Chamwino-_-Kisiki-Hai-_-Dodoma-Tanzania-b-768x510.jpg 768w, https:\/\/bottlepromotions.com\/wp-content\/uploads\/2024\/04\/12-Hans-02-2021-_-Manchali-Chamwino-_-Kisiki-Hai-_-Dodoma-Tanzania-b-1536x1020.jpg 1536w, https:\/\/bottlepromotions.com\/wp-content\/uploads\/2024\/04\/12-Hans-02-2021-_-Manchali-Chamwino-_-Kisiki-Hai-_-Dodoma-Tanzania-b-600x398.jpg 600w\" sizes=\"auto, (max-width: 1920px) 100vw, 1920px\" \/>\t<\/div>\r\n\r\n\t<div class=\"container container-xl\">\r\n\t\t<div class=\"page-header-content col-md-12 col-lg-7\">\r\n\t\t\t<h1>Avec Bottle Promotions, la nature se r\u00e9g\u00e9n\u00e8re. Arbre par arbre.<\/h1>\r\n\r\n\t\t\t\t\t\t\t<h2>Avec vous, nous faisons des pas en direction d&rsquo;un avenir plus vert, auquel chaque commande de 1.000 pi\u00e8ces et plus contribue \u00e0 la r\u00e9cup\u00e9ration de la nature. Arbre par arbre&#8230;<\/h2>\r\n\t\t\t\r\n\t\t\t\t\t\t\t<p style=\"font-weight: 400\">Nous, Bottle Promotions, allons au-del\u00e0 de la fourniture de produits de qualit\u00e9 en contribuant \u00e0 la r\u00e9cup\u00e9ration d&rsquo;un arbre en Afrique pour chaque commande de 1 000 bidons ou plus. D\u00e9couvre comment votre choix peut avoir un effet sur l&rsquo;environnement gr\u00e2ce \u00e0 notre \u00ab\u00a0arbre num\u00e9rique offre de l&rsquo;exp\u00e9rience\u00a0\u00bb.<\/p>\n\t\t\t\t\t<\/div>\r\n\t<\/div>\r\n<\/div>\n\n<div id=\"container-block-block_57fef173dc0d3de363a89ab192ea15a3\" class=\"container-block alignfull background-grey width-medium\">\r\n\t<div class=\"container\">\r\n\t\t\n\n<div style=\"height:60px\" aria-hidden=\"true\" class=\"wp-block-spacer\"><\/div>\n\n\n\r\n<div id=\"text-with-image-block-block_6a46c1f039762503615910140e55a6d6\" class=\"fullwidth text-with-image-block position-right layout-medium\">\r\n\r\n\t<div class=\"container-text\">\r\n\t\t\t\t\t\t\t\t\t<h3>Qui s&rsquo;occupe des arbres r\u00e9els ?<\/h3>\r\n\t\t\t\t\t\t\t\r\n\t\t\r\n\t\t<div class=\"text-with-image-block-text\">\r\n\t\t\t<p><strong>Justdiggit<\/strong><\/p>\n<p style=\"font-weight: 400;\">La plateforme que nous utilisons est fi\u00e8re d&rsquo;avoir les superh\u00e9ros de Justdiggit comme partenaire dans le reverdissement de la plan\u00e8te. Ce sont eux qui r\u00e9g\u00e9n\u00e8rent les arbres que vous offrez sur treebytree.<\/p>\n<p style=\"font-weight: 400;\">Nous travaillons avec Justdiggit, car leurs programmes sont scientifiquement \u00e9tay\u00e9s, qu\u2019ils ont fait leurs preuves depuis longtemps et qu\u2019ils b\u00e9n\u00e9ficient du soutien des communaut\u00e9s locales. Depuis 2009, ils ont aid\u00e9 \u00e0 restaurer plus de 400 000 hectares de terres, fait rena\u00eetre plus de 14 millions d\u2019arbres et cr\u00e9\u00e9 un mouvement populaire qui ne cesse de cro\u00eetre chaque jour !<\/p>\n<p style=\"font-weight: 400;\">Justdiggit applique de multiples techniques pour faire rena\u00eetre la v\u00e9g\u00e9tation et stimuler la \u00a0iodiversit\u00e9 dans les zones d\u00e9grad\u00e9es. En Tanzanie, les agriculteurs utilisent une technique appel\u00e9e \u00ab R\u00e9g\u00e9n\u00e9ration naturelle assist\u00e9e par l\u2019agriculteur \u00bb (Farmer Managed Natural Regeneration ou FMNR), \u00e9galement connue sous le nom de \u00ab Kisiki Hai \u00bb en swahili. Elle aide les agriculteurs \u00e0 faire repousser les arbres abattus auparavant. Justdiggit a r\u00e9alis\u00e9 deux magnifiques documentaires illustrant exactement comment cela fonctionne : Kiski Hai I etKisiki Hai II.<\/p>\n<p style=\"font-weight: 400;\">Consultez le site www.justdiggit.org pour en savoir plus sur leur incroyable travail!<\/p>\n\t\t<\/div>\r\n\r\n\t\t\t<\/div>\r\n\r\n\t<div class=\"container-visual\">\r\n\t\t\t\t\t<img loading=\"lazy\" decoding=\"async\" width=\"1300\" height=\"1022\" src=\"https:\/\/bottlepromotions.com\/wp-content\/uploads\/2024\/04\/35-Hans-02-2021-_-Msunjulile-A-Kongwa-_-Kisiki-Hai-_-Dodoma-Tanzania-b.jpg\" class=\"attachment-fullwidth size-fullwidth\" alt=\"\" srcset=\"https:\/\/bottlepromotions.com\/wp-content\/uploads\/2024\/04\/35-Hans-02-2021-_-Msunjulile-A-Kongwa-_-Kisiki-Hai-_-Dodoma-Tanzania-b.jpg 1300w, https:\/\/bottlepromotions.com\/wp-content\/uploads\/2024\/04\/35-Hans-02-2021-_-Msunjulile-A-Kongwa-_-Kisiki-Hai-_-Dodoma-Tanzania-b-300x236.jpg 300w, https:\/\/bottlepromotions.com\/wp-content\/uploads\/2024\/04\/35-Hans-02-2021-_-Msunjulile-A-Kongwa-_-Kisiki-Hai-_-Dodoma-Tanzania-b-1024x805.jpg 1024w, https:\/\/bottlepromotions.com\/wp-content\/uploads\/2024\/04\/35-Hans-02-2021-_-Msunjulile-A-Kongwa-_-Kisiki-Hai-_-Dodoma-Tanzania-b-768x604.jpg 768w, https:\/\/bottlepromotions.com\/wp-content\/uploads\/2024\/04\/35-Hans-02-2021-_-Msunjulile-A-Kongwa-_-Kisiki-Hai-_-Dodoma-Tanzania-b-600x472.jpg 600w\" sizes=\"auto, (max-width: 1300px) 100vw, 1300px\" \/>\t\t\t<\/div>\r\n\r\n<\/div>\n\n\n<div style=\"height:60px\" aria-hidden=\"true\" class=\"wp-block-spacer\"><\/div>\n\n\r\n\t<\/div>\r\n<\/div>\n\n<div id=\"container-block-block_4c3dcaca8323d3949ae7b7e6e6d23099\" class=\"container-block alignfull background-grey width-default\">\r\n\t<div class=\"container\">\r\n\t\t\n\r\n<div id=\"text-with-image-block-block_ac9ca3682e513b94484a6feebf46b4d2\" class=\"fullwidth text-with-image-block position-left layout-medium\">\r\n\r\n\t<div class=\"container-text\">\r\n\t\t\t\t\t\t\t\t\t<h3>POURQUOI NE PAS PLANTER DE NOUVEAUX ARBRES ?<\/h3>\r\n\t\t\t\t\t\t\t\r\n\t\t\r\n\t\t<div class=\"text-with-image-block-text\">\r\n\t\t\t<p style=\"font-weight: 400;\">Les arbres d\u00e9j\u00e0 existants, qui en raison de dommages ressemblent plus \u00e0 des broussailles qu&rsquo;\u00e0 des arbres, ont de longues racines capables d&rsquo;absorber l&rsquo;eau en profondeur dans le sol. La probabilit\u00e9 de succ\u00e8s et de r\u00e9cup\u00e9ration compl\u00e8te d&rsquo;une broussaille \u00e0 un arbre (par une taille appropri\u00e9e) est bien plus grande que de planter un nouvel arbre avec de petites racines.<\/p>\n\t\t<\/div>\r\n\r\n\t\t\t<\/div>\r\n\r\n\t<div class=\"container-visual\">\r\n\t\t\t\t\t<img loading=\"lazy\" decoding=\"async\" width=\"1300\" height=\"867\" src=\"https:\/\/bottlepromotions.com\/wp-content\/uploads\/2024\/04\/1-Hans-champion-farmers-11-2021-Ikungi-_-Singida-Tanzania-1-b.jpg\" class=\"attachment-fullwidth size-fullwidth\" alt=\"\" srcset=\"https:\/\/bottlepromotions.com\/wp-content\/uploads\/2024\/04\/1-Hans-champion-farmers-11-2021-Ikungi-_-Singida-Tanzania-1-b.jpg 1300w, https:\/\/bottlepromotions.com\/wp-content\/uploads\/2024\/04\/1-Hans-champion-farmers-11-2021-Ikungi-_-Singida-Tanzania-1-b-300x200.jpg 300w, https:\/\/bottlepromotions.com\/wp-content\/uploads\/2024\/04\/1-Hans-champion-farmers-11-2021-Ikungi-_-Singida-Tanzania-1-b-1024x683.jpg 1024w, https:\/\/bottlepromotions.com\/wp-content\/uploads\/2024\/04\/1-Hans-champion-farmers-11-2021-Ikungi-_-Singida-Tanzania-1-b-768x512.jpg 768w, https:\/\/bottlepromotions.com\/wp-content\/uploads\/2024\/04\/1-Hans-champion-farmers-11-2021-Ikungi-_-Singida-Tanzania-1-b-600x400.jpg 600w\" sizes=\"auto, (max-width: 1300px) 100vw, 1300px\" \/>\t\t\t<\/div>\r\n\r\n<\/div>\n\n\n<div style=\"height:60px\" aria-hidden=\"true\" class=\"wp-block-spacer\"><\/div>\n\n\r\n\t<\/div>\r\n<\/div>\n\n<div id=\"container-block-block_57fef173dc0d3de363a89ab192ea15a3\" class=\"container-block alignfull background-grey width-medium\">\r\n\t<div class=\"container\">\r\n\t\t\n<div id=\"content-card-block_6bbf364cc9852a86dc664d766c9d4330\" class=\"content-card-block background-white border-radius-medium\">\r\n\t<div class=\"content\">\r\n\r\n\t\t\t\t\t<h3>Pourquoi voulons-nous redonner vie aux arbres ? Id\u00e9alement, 1 milliard d&rsquo;arbres d&rsquo;ici 2050<\/h3>\r\n\t\t\r\n\t\t\r\n\t\t\n\n<div style=\"height:10px\" aria-hidden=\"true\" class=\"wp-block-spacer\"><\/div>\n\n\n\n<h4 class=\"wp-block-heading has-text-align-left\">Plus d&rsquo;arbres = un climat plus stable<\/h4>\n\n\n\n<p>Les arbres ne produisent pas seulement de l&rsquo;oxyg\u00e8ne, ils absorbent aussi le dioxyde de carbone. Cela permet de r\u00e9duire les effets du r\u00e9chauffement de la plan\u00e8te et de stabiliser le climat.&nbsp;Si un arbre absorbe environ 10 \u00e0 40 kg de C0\u2082 par an, 1 milliard d&rsquo;arbres absorberaient au moins 10 millions de tonnes de C0\u2082 par an.&nbsp;Cela \u00e9quivaut \u00e0 retirer 2 millions de voitures de la circulation chaque ann\u00e9e !<\/p>\n\n\n\n<div style=\"height:10px\" aria-hidden=\"true\" class=\"wp-block-spacer\"><\/div>\n\n\n\n<h4 class=\"wp-block-heading has-text-align-left\">Plus d&rsquo;arbres = de la pluie en abondance<\/h4>\n\n\n\n<p>Les arbres agissent comme des climatiseurs naturels et \u00ab\u00a0cr\u00e9ent de la pluie\u00a0\u00bb en refroidissant l&rsquo;air ambiant par la lib\u00e9ration de vapeur d&rsquo;eau. Leur canop\u00e9e fournit \u00e9galement de l&rsquo;ombre,&nbsp;&nbsp;refroidissant le sol, et leur syst\u00e8me racinaire retient l&rsquo;eau, augmentant ainsi la fertilit\u00e9 du sol et r\u00e9duisant l&rsquo;\u00e9rosion.<\/p>\n\n\n\n<div style=\"height:10px\" aria-hidden=\"true\" class=\"wp-block-spacer\"><\/div>\n\n\n\n<h4 class=\"wp-block-heading has-text-align-left\">Plus d&rsquo;arbres = un soutien crucial pour la biodiversit\u00e9<\/h4>\n\n\n\n<p>Environ 30 % des esp\u00e8ces ont \u00e9t\u00e9 menac\u00e9es au niveau mondial ou menac\u00e9es d&rsquo;extinction depuis l&rsquo;an 1500. Et environ 80 % des esp\u00e8ces terrestres d\u00e9pendent des for\u00eats et des arbres pour se nourrir, s&rsquo;abriter et r\u00e9pondre \u00e0 d&rsquo;autres besoins. Imaginez donc le nombre d&rsquo;animaux qui b\u00e9n\u00e9ficieraient d&rsquo;un milliard d&rsquo;arbres.<\/p>\n\n\n\n<div style=\"height:10px\" aria-hidden=\"true\" class=\"wp-block-spacer\"><\/div>\n\n\n\n<h4 class=\"wp-block-heading has-text-align-left\">1 milliard d&rsquo;arbres = 2 millions d&rsquo;hectares de for\u00eat<\/h4>\n\n\n\n<p>Toutes les deux secondes, nous perdons environ un terrain de football de for\u00eat en raison de la d\u00e9forestation. Gagner 2 millions d&rsquo;acres de for\u00eat \u00e9quivaudrait \u00e0 plus d&rsquo;un million de terrains de football !<\/p>\n\n\n\n<div style=\"height:10px\" aria-hidden=\"true\" class=\"wp-block-spacer\"><\/div>\n\n\n\n<h4 class=\"wp-block-heading has-text-align-left\">Plus d&rsquo;arbres = une alimentation saine pour les communaut\u00e9s<\/h4>\n\n\n\n<p>Les projets de r\u00e9cup\u00e9ration d&rsquo;arbres ram\u00e8nent une grande vari\u00e9t\u00e9 d&rsquo;arbres. Parmi ceux-ci, on trouve des arbres \u00e0 fruits et \u00e0 noix, qui fournissent des aliments sains et riches en nutriments aux communaut\u00e9s dans le besoin.&nbsp;1 milliard d&rsquo;arbres produiraient une quantit\u00e9 substantielle de nourriture !<\/p>\n\n\n\n<div style=\"height:10px\" aria-hidden=\"true\" class=\"wp-block-spacer\"><\/div>\n\n\n\n<h4 class=\"wp-block-heading has-text-align-left\">1 milliard d&rsquo;arbres = de l&rsquo;oxyg\u00e8ne pour 2 milliards de personnes<\/h4>\n\n\n\n<p>Tout le monde sait que les arbres produisent de l&rsquo;oxyg\u00e8ne, mais saviez-vous qu&rsquo;un arbre moyen \u00e0 maturit\u00e9 produit une journ\u00e9e d&rsquo;oxyg\u00e8ne pour vous et un ami ? Ainsi, 1 milliard d&rsquo;arbres adultes produiraient suffisamment d&rsquo;oxyg\u00e8ne pour que 2 milliards de personnes puissent respirer !<\/p>\n\n\n\n<div style=\"height:10px\" aria-hidden=\"true\" class=\"wp-block-spacer\"><\/div>\n\n\n\n<h4 class=\"wp-block-heading has-text-align-left\">Nous perdons 10 % de nos arbres chaque ann\u00e9e.<\/h4>\n\n\n\n<p>L&rsquo;ambition audacieuse de notre plateforme est de planter 1 milliard d&rsquo;arbres, mais c&rsquo;est loin d&rsquo;\u00eatre suffisant d&rsquo;un point de vue mondial.&nbsp;Heureusement, nous ne sommes pas seuls. En collaboration avec des initiatives mondiales, nous devons faire tout ce qui est en notre pouvoir pour faire revenir les arbres et restaurer nos \u00e9cosyst\u00e8mes.<\/p>\n\n\n\n<div style=\"height:30px\" aria-hidden=\"true\" class=\"wp-block-spacer\"><\/div>\n\n\n<div class=\"wp-block-image is-style-default\">\n<figure class=\"aligncenter size-large\"><img loading=\"lazy\" decoding=\"async\" width=\"1024\" height=\"683\" src=\"https:\/\/bottlepromotions.com\/wp-content\/uploads\/2024\/04\/3-Hans-fixed-before-11-2019-after-02-2020-site-1-_-Mnyakongo-Kongwa-_-Kisiki-Hai-_-Dodoma-Tanzania-b-1024x683.jpg\" alt=\"\" class=\"wp-image-18332\" srcset=\"https:\/\/bottlepromotions.com\/wp-content\/uploads\/2024\/04\/3-Hans-fixed-before-11-2019-after-02-2020-site-1-_-Mnyakongo-Kongwa-_-Kisiki-Hai-_-Dodoma-Tanzania-b-1024x683.jpg 1024w, https:\/\/bottlepromotions.com\/wp-content\/uploads\/2024\/04\/3-Hans-fixed-before-11-2019-after-02-2020-site-1-_-Mnyakongo-Kongwa-_-Kisiki-Hai-_-Dodoma-Tanzania-b-300x200.jpg 300w, https:\/\/bottlepromotions.com\/wp-content\/uploads\/2024\/04\/3-Hans-fixed-before-11-2019-after-02-2020-site-1-_-Mnyakongo-Kongwa-_-Kisiki-Hai-_-Dodoma-Tanzania-b-768x512.jpg 768w, https:\/\/bottlepromotions.com\/wp-content\/uploads\/2024\/04\/3-Hans-fixed-before-11-2019-after-02-2020-site-1-_-Mnyakongo-Kongwa-_-Kisiki-Hai-_-Dodoma-Tanzania-b-600x400.jpg 600w, https:\/\/bottlepromotions.com\/wp-content\/uploads\/2024\/04\/3-Hans-fixed-before-11-2019-after-02-2020-site-1-_-Mnyakongo-Kongwa-_-Kisiki-Hai-_-Dodoma-Tanzania-b.jpg 1300w\" sizes=\"auto, (max-width: 1024px) 100vw, 1024px\" \/><\/figure>\n<\/div>\n\n\n<div style=\"height:20px\" aria-hidden=\"true\" class=\"wp-block-spacer\"><\/div>\n\n\r\n\t<\/div>\r\n<\/div>\n\n\n<div style=\"height:60px\" aria-hidden=\"true\" class=\"wp-block-spacer\"><\/div>\n\n\r\n\t<\/div>\r\n<\/div>","protected":false},"excerpt":{"rendered":"","protected":false},"author":2,"featured_media":0,"parent":0,"menu_order":0,"comment_status":"closed","ping_status":"closed","template":"page-gutenberg.php","meta":{"_acf_changed":false,"_uag_custom_page_level_css":"","footnotes":""},"class_list":["post-18370","page","type-page","status-publish","hentry"],"acf":[],"yoast_head":"<!-- This site is optimized with the Yoast SEO plugin v26.9 - https:\/\/yoast.com\/product\/yoast-seo-wordpress\/ -->\n<title>TreeByTree - Bottle Promotions<\/title>\n<meta name=\"robots\" content=\"index, follow, max-snippet:-1, max-image-preview:large, max-video-preview:-1\" \/>\n<link rel=\"canonical\" href=\"https:\/\/bottlepromotions.com\/fr\/treebytree\/\" \/>\n<meta property=\"og:locale\" content=\"fr_FR\" \/>\n<meta property=\"og:type\" content=\"article\" \/>\n<meta property=\"og:title\" content=\"TreeByTree - Bottle Promotions\" \/>\n<meta property=\"og:url\" content=\"https:\/\/bottlepromotions.com\/fr\/treebytree\/\" \/>\n<meta property=\"og:site_name\" content=\"Bottle Promotions\" \/>\n<meta property=\"article:modified_time\" content=\"2024-07-04T12:52:56+00:00\" \/>\n<meta property=\"og:image\" content=\"https:\/\/bottlepromotions.com\/wp-content\/uploads\/2024\/04\/3-Hans-fixed-before-11-2019-after-02-2020-site-1-_-Mnyakongo-Kongwa-_-Kisiki-Hai-_-Dodoma-Tanzania-b-1024x683.jpg\" \/>\n<meta name=\"twitter:card\" content=\"summary_large_image\" \/>\n<meta name=\"twitter:label1\" content=\"Dur\u00e9e de lecture estim\u00e9e\" \/>\n\t<meta name=\"twitter:data1\" content=\"2 minutes\" \/>\n<script type=\"application\/ld+json\" class=\"yoast-schema-graph\">{\"@context\":\"https:\/\/schema.org\",\"@graph\":[{\"@type\":\"WebPage\",\"@id\":\"https:\/\/bottlepromotions.com\/fr\/treebytree\/\",\"url\":\"https:\/\/bottlepromotions.com\/fr\/treebytree\/\",\"name\":\"TreeByTree - Bottle Promotions\",\"isPartOf\":{\"@id\":\"https:\/\/bottlepromotions.com\/fr\/#website\"},\"primaryImageOfPage\":{\"@id\":\"https:\/\/bottlepromotions.com\/fr\/treebytree\/#primaryimage\"},\"image\":{\"@id\":\"https:\/\/bottlepromotions.com\/fr\/treebytree\/#primaryimage\"},\"thumbnailUrl\":\"https:\/\/bottlepromotions.com\/wp-content\/uploads\/2024\/04\/3-Hans-fixed-before-11-2019-after-02-2020-site-1-_-Mnyakongo-Kongwa-_-Kisiki-Hai-_-Dodoma-Tanzania-b-1024x683.jpg\",\"datePublished\":\"2024-04-10T14:14:58+00:00\",\"dateModified\":\"2024-07-04T12:52:56+00:00\",\"breadcrumb\":{\"@id\":\"https:\/\/bottlepromotions.com\/fr\/treebytree\/#breadcrumb\"},\"inLanguage\":\"fr-FR\",\"potentialAction\":[{\"@type\":\"ReadAction\",\"target\":[\"https:\/\/bottlepromotions.com\/fr\/treebytree\/\"]}]},{\"@type\":\"ImageObject\",\"inLanguage\":\"fr-FR\",\"@id\":\"https:\/\/bottlepromotions.com\/fr\/treebytree\/#primaryimage\",\"url\":\"https:\/\/bottlepromotions.com\/wp-content\/uploads\/2024\/04\/3-Hans-fixed-before-11-2019-after-02-2020-site-1-_-Mnyakongo-Kongwa-_-Kisiki-Hai-_-Dodoma-Tanzania-b-1024x683.jpg\",\"contentUrl\":\"https:\/\/bottlepromotions.com\/wp-content\/uploads\/2024\/04\/3-Hans-fixed-before-11-2019-after-02-2020-site-1-_-Mnyakongo-Kongwa-_-Kisiki-Hai-_-Dodoma-Tanzania-b-1024x683.jpg\"},{\"@type\":\"BreadcrumbList\",\"@id\":\"https:\/\/bottlepromotions.com\/fr\/treebytree\/#breadcrumb\",\"itemListElement\":[{\"@type\":\"ListItem\",\"position\":1,\"name\":\"Home\",\"item\":\"https:\/\/bottlepromotions.com\/fr\/\"},{\"@type\":\"ListItem\",\"position\":2,\"name\":\"TreeByTree\"}]},{\"@type\":\"WebSite\",\"@id\":\"https:\/\/bottlepromotions.com\/fr\/#website\",\"url\":\"https:\/\/bottlepromotions.com\/fr\/\",\"name\":\"Bottle Promotions\",\"description\":\"Your partner in promotional bottles\",\"publisher\":{\"@id\":\"https:\/\/bottlepromotions.com\/fr\/#organization\"},\"potentialAction\":[{\"@type\":\"SearchAction\",\"target\":{\"@type\":\"EntryPoint\",\"urlTemplate\":\"https:\/\/bottlepromotions.com\/fr\/?s={search_term_string}\"},\"query-input\":{\"@type\":\"PropertyValueSpecification\",\"valueRequired\":true,\"valueName\":\"search_term_string\"}}],\"inLanguage\":\"fr-FR\"},{\"@type\":\"Organization\",\"@id\":\"https:\/\/bottlepromotions.com\/fr\/#organization\",\"name\":\"Bottle Promotions\",\"url\":\"https:\/\/bottlepromotions.com\/fr\/\",\"logo\":{\"@type\":\"ImageObject\",\"inLanguage\":\"fr-FR\",\"@id\":\"https:\/\/bottlepromotions.com\/fr\/#\/schema\/logo\/image\/\",\"url\":\"https:\/\/bottlepromotions.com\/wp-content\/uploads\/2021\/05\/BP-logo-white.png\",\"contentUrl\":\"https:\/\/bottlepromotions.com\/wp-content\/uploads\/2021\/05\/BP-logo-white.png\",\"width\":1284,\"height\":802,\"caption\":\"Bottle Promotions\"},\"image\":{\"@id\":\"https:\/\/bottlepromotions.com\/fr\/#\/schema\/logo\/image\/\"}}]}<\/script>\n<!-- \/ Yoast SEO plugin. -->","yoast_head_json":{"title":"TreeByTree - Bottle Promotions","robots":{"index":"index","follow":"follow","max-snippet":"max-snippet:-1","max-image-preview":"max-image-preview:large","max-video-preview":"max-video-preview:-1"},"canonical":"https:\/\/bottlepromotions.com\/fr\/treebytree\/","og_locale":"fr_FR","og_type":"article","og_title":"TreeByTree - Bottle Promotions","og_url":"https:\/\/bottlepromotions.com\/fr\/treebytree\/","og_site_name":"Bottle Promotions","article_modified_time":"2024-07-04T12:52:56+00:00","og_image":[{"url":"https:\/\/bottlepromotions.com\/wp-content\/uploads\/2024\/04\/3-Hans-fixed-before-11-2019-after-02-2020-site-1-_-Mnyakongo-Kongwa-_-Kisiki-Hai-_-Dodoma-Tanzania-b-1024x683.jpg","type":"","width":"","height":""}],"twitter_card":"summary_large_image","twitter_misc":{"Dur\u00e9e de lecture estim\u00e9e":"2 minutes"},"schema":{"@context":"https:\/\/schema.org","@graph":[{"@type":"WebPage","@id":"https:\/\/bottlepromotions.com\/fr\/treebytree\/","url":"https:\/\/bottlepromotions.com\/fr\/treebytree\/","name":"TreeByTree - Bottle Promotions","isPartOf":{"@id":"https:\/\/bottlepromotions.com\/fr\/#website"},"primaryImageOfPage":{"@id":"https:\/\/bottlepromotions.com\/fr\/treebytree\/#primaryimage"},"image":{"@id":"https:\/\/bottlepromotions.com\/fr\/treebytree\/#primaryimage"},"thumbnailUrl":"https:\/\/bottlepromotions.com\/wp-content\/uploads\/2024\/04\/3-Hans-fixed-before-11-2019-after-02-2020-site-1-_-Mnyakongo-Kongwa-_-Kisiki-Hai-_-Dodoma-Tanzania-b-1024x683.jpg","datePublished":"2024-04-10T14:14:58+00:00","dateModified":"2024-07-04T12:52:56+00:00","breadcrumb":{"@id":"https:\/\/bottlepromotions.com\/fr\/treebytree\/#breadcrumb"},"inLanguage":"fr-FR","potentialAction":[{"@type":"ReadAction","target":["https:\/\/bottlepromotions.com\/fr\/treebytree\/"]}]},{"@type":"ImageObject","inLanguage":"fr-FR","@id":"https:\/\/bottlepromotions.com\/fr\/treebytree\/#primaryimage","url":"https:\/\/bottlepromotions.com\/wp-content\/uploads\/2024\/04\/3-Hans-fixed-before-11-2019-after-02-2020-site-1-_-Mnyakongo-Kongwa-_-Kisiki-Hai-_-Dodoma-Tanzania-b-1024x683.jpg","contentUrl":"https:\/\/bottlepromotions.com\/wp-content\/uploads\/2024\/04\/3-Hans-fixed-before-11-2019-after-02-2020-site-1-_-Mnyakongo-Kongwa-_-Kisiki-Hai-_-Dodoma-Tanzania-b-1024x683.jpg"},{"@type":"BreadcrumbList","@id":"https:\/\/bottlepromotions.com\/fr\/treebytree\/#breadcrumb","itemListElement":[{"@type":"ListItem","position":1,"name":"Home","item":"https:\/\/bottlepromotions.com\/fr\/"},{"@type":"ListItem","position":2,"name":"TreeByTree"}]},{"@type":"WebSite","@id":"https:\/\/bottlepromotions.com\/fr\/#website","url":"https:\/\/bottlepromotions.com\/fr\/","name":"Bottle Promotions","description":"Your partner in promotional bottles","publisher":{"@id":"https:\/\/bottlepromotions.com\/fr\/#organization"},"potentialAction":[{"@type":"SearchAction","target":{"@type":"EntryPoint","urlTemplate":"https:\/\/bottlepromotions.com\/fr\/?s={search_term_string}"},"query-input":{"@type":"PropertyValueSpecification","valueRequired":true,"valueName":"search_term_string"}}],"inLanguage":"fr-FR"},{"@type":"Organization","@id":"https:\/\/bottlepromotions.com\/fr\/#organization","name":"Bottle Promotions","url":"https:\/\/bottlepromotions.com\/fr\/","logo":{"@type":"ImageObject","inLanguage":"fr-FR","@id":"https:\/\/bottlepromotions.com\/fr\/#\/schema\/logo\/image\/","url":"https:\/\/bottlepromotions.com\/wp-content\/uploads\/2021\/05\/BP-logo-white.png","contentUrl":"https:\/\/bottlepromotions.com\/wp-content\/uploads\/2021\/05\/BP-logo-white.png","width":1284,"height":802,"caption":"Bottle Promotions"},"image":{"@id":"https:\/\/bottlepromotions.com\/fr\/#\/schema\/logo\/image\/"}}]}},"uagb_featured_image_src":{"full":false,"thumbnail":false,"medium":false,"medium_large":false,"large":false,"1536x1536":false,"2048x2048":false,"fullwidth":false,"mediumplus":false,"gform-image-choice-sm":false,"gform-image-choice-md":false,"gform-image-choice-lg":false},"uagb_author_info":{"display_name":"Red Factory","author_link":"https:\/\/bottlepromotions.com\/fr\/author\/redfactory\/"},"uagb_comment_info":0,"uagb_excerpt":null,"_links":{"self":[{"href":"https:\/\/bottlepromotions.com\/fr\/wp-json\/wp\/v2\/pages\/18370","targetHints":{"allow":["GET"]}}],"collection":[{"href":"https:\/\/bottlepromotions.com\/fr\/wp-json\/wp\/v2\/pages"}],"about":[{"href":"https:\/\/bottlepromotions.com\/fr\/wp-json\/wp\/v2\/types\/page"}],"author":[{"embeddable":true,"href":"https:\/\/bottlepromotions.com\/fr\/wp-json\/wp\/v2\/users\/2"}],"replies":[{"embeddable":true,"href":"https:\/\/bottlepromotions.com\/fr\/wp-json\/wp\/v2\/comments?post=18370"}],"version-history":[{"count":4,"href":"https:\/\/bottlepromotions.com\/fr\/wp-json\/wp\/v2\/pages\/18370\/revisions"}],"predecessor-version":[{"id":18635,"href":"https:\/\/bottlepromotions.com\/fr\/wp-json\/wp\/v2\/pages\/18370\/revisions\/18635"}],"wp:attachment":[{"href":"https:\/\/bottlepromotions.com\/fr\/wp-json\/wp\/v2\/media?parent=18370"}],"curies":[{"name":"wp","href":"https:\/\/api.w.org\/{rel}","templated":true}]}}