{"id":18286,"date":"2024-04-10T07:30:33","date_gmt":"2024-04-10T07:30:33","guid":{"rendered":"https:\/\/bottlepromotions.com\/about-us\/"},"modified":"2026-04-23T07:46:34","modified_gmt":"2026-04-23T07:46:34","slug":"about-us","status":"publish","type":"page","link":"https:\/\/bottlepromotions.com\/fr\/about-us\/","title":{"rendered":"About us"},"content":{"rendered":"<div id=\"page-header-block_f4310921a6237955d55054c779a6c771\" class=\"page-header-block alignfull\">\r\n\t<div class=\"image\">\r\n\t\t<img loading=\"lazy\" decoding=\"async\" width=\"1920\" height=\"640\" src=\"https:\/\/bottlepromotions.com\/wp-content\/uploads\/2024\/04\/about-us-bottlepromotions.jpg\" class=\"attachment-fullwidth size-fullwidth\" alt=\"\" srcset=\"https:\/\/bottlepromotions.com\/wp-content\/uploads\/2024\/04\/about-us-bottlepromotions.jpg 1920w, https:\/\/bottlepromotions.com\/wp-content\/uploads\/2024\/04\/about-us-bottlepromotions-300x100.jpg 300w, https:\/\/bottlepromotions.com\/wp-content\/uploads\/2024\/04\/about-us-bottlepromotions-1024x341.jpg 1024w, https:\/\/bottlepromotions.com\/wp-content\/uploads\/2024\/04\/about-us-bottlepromotions-768x256.jpg 768w, https:\/\/bottlepromotions.com\/wp-content\/uploads\/2024\/04\/about-us-bottlepromotions-1536x512.jpg 1536w, https:\/\/bottlepromotions.com\/wp-content\/uploads\/2024\/04\/about-us-bottlepromotions-600x200.jpg 600w\" sizes=\"auto, (max-width: 1920px) 100vw, 1920px\" \/>\t<\/div>\r\n\r\n\t<div class=\"container container-xl\">\r\n\t\t<div class=\"page-header-content col-md-12 col-lg-7\">\r\n\t\t\t<h1>BOTTLE PROMOTIONS<\/h1>\r\n\r\n\t\t\t\t\t\t\t<h2>VOTRE PARTENAIRE DE CONFIANCE EN MATI\u00c8RE DE BIDONS IMPRIM\u00c9S PROMOTIONNELS<\/h2>\r\n\t\t\t\r\n\t\t\t\t\t\t\t<p>Bottle Promotions est sp\u00e9cialis\u00e9e dans la fabrication de bidons imprim\u00e9s de haute qualit\u00e9 pour le secteur publicitaire. Nous livrons rapidement \u00e0 des prix comp\u00e9titifs et \u00e0 une qualit\u00e9 de produit exceptionnelle. En tant que partie int\u00e9grante de Tacx, nous partageons la passion du sport et de la technologie et la volont\u00e9 de triompher.<\/p>\n<p style=\"font-weight: 400\">Nous sommes fiers de devenir un membre \u00e0 part enti\u00e8re de la famille Garmin. Et m\u00eame en faisant partie de la soci\u00e9t\u00e9 Garmin, BP reste le m\u00eame producteur et fournisseur de confiance de bidons TACX imprim\u00e9s pour le secteur publicitaire. Vous pouvez compter sur nous depuis toujours. (On a toujours pu compter dessus)<\/p>\n\t\t\t\t\t<\/div>\r\n\t<\/div>\r\n<\/div>\n\n<div id=\"container-block-block_1acbc9c040b6bb8d9959ab6d6fe122d8\" class=\"container-block alignfull background-grey width-medium\">\r\n\t<div class=\"container\">\r\n\t\t\n\n<div style=\"height:70px\" aria-hidden=\"true\" id=\"lovecycling\" class=\"wp-block-spacer\"><\/div>\n\n\n\r\n<div id=\"text-with-image-block-block_f47f7880492f94ff411c9f26e453b44f\" class=\"fullwidth text-with-image-block position-right layout-medium\">\r\n\r\n\t<div class=\"container-text\">\r\n\t\t\t\t\t\t\t\t\t<h3>Le cyclisme, une passion<\/h3>\r\n\t\t\t\t\t\t\t\r\n\t\t\r\n\t\t<div class=\"text-with-image-block-text\">\r\n\t\t\t<p style=\"font-weight: 400;\">Depuis la fondation de l&rsquo;entreprise en 1957, Tacx s&rsquo;est fortement impliqu\u00e9e dans le cyclisme. Sa passion pour ce sport a toujours guid\u00e9 ses d\u00e9cisions et c&rsquo;est gr\u00e2ce \u00e0 elle que Tacx est aujourd&rsquo;hui un leader en mati\u00e8re d&rsquo;innovation dans le secteur. D\u00e8s que les cyclistes ont commenc\u00e9 \u00e0 r\u00e9chercher des pi\u00e8ces de v\u00e9lo de haute qualit\u00e9, l&rsquo;entreprise leur a donn\u00e9 satisfaction en les produisant elle-m\u00eame. Quand les cyclistes ont eu besoin d&rsquo;un moyen de s&rsquo;\u00e9chauffer avant une course, Tacx a commenc\u00e9 \u00e0 fabriquer des rouleaux. Quand les cyclistes ont exprim\u00e9 le besoin de s&rsquo;entra\u00eener efficacement pendant l&rsquo;hiver, Tacx a con\u00e7u des home trainers. Enfin, quand il a fallu augmenter l&rsquo;efficacit\u00e9 des entra\u00eenements, Tacx a rendu ses home trainers interactifs. \u00c0 ce jour, Tacx d\u00e9die toujours ses efforts aux cyclistes, pour les aider \u00e0 profiter au maximum de leur sport.<\/p>\n\t\t<\/div>\r\n\r\n\t\t\t<\/div>\r\n\r\n\t<div class=\"container-visual\">\r\n\t\t\t\t\t<img loading=\"lazy\" decoding=\"async\" width=\"600\" height=\"481\" src=\"https:\/\/bottlepromotions.com\/wp-content\/uploads\/2019\/08\/About-Tacx_History-600x481.jpg\" class=\"attachment-fullwidth size-fullwidth\" alt=\"\" srcset=\"https:\/\/bottlepromotions.com\/wp-content\/uploads\/2019\/08\/About-Tacx_History-600x481.jpg 600w, https:\/\/bottlepromotions.com\/wp-content\/uploads\/2019\/08\/About-Tacx_History-600x481-300x241.jpg 300w\" sizes=\"auto, (max-width: 600px) 100vw, 600px\" \/>\t\t\t<\/div>\r\n\r\n<\/div>\n\r\n\t<\/div>\r\n<\/div>\n\n<div id=\"container-block-block_1acbc9c040b6bb8d9959ab6d6fe122d8\" class=\"container-block alignfull background-grey width-medium\">\r\n\t<div class=\"container\">\r\n\t\t\n\n<div style=\"height:70px\" aria-hidden=\"true\" id=\"netherlands\" class=\"wp-block-spacer\"><\/div>\n\n\n\r\n<div id=\"text-with-image-block-block_a877e423695f528328d207b0ca973565\" class=\"fullwidth text-with-image-block position-left layout-medium\">\r\n\r\n\t<div class=\"container-text\">\r\n\t\t\t\t\t\t\t\t\t<h3>Fabriqu\u00e9 aux Pays-Bas<\/h3>\r\n\t\t\t\t\t\t\t\r\n\t\t\r\n\t\t<div class=\"text-with-image-block-text\">\r\n\t\t\t<p style=\"font-weight: 400;\">L&rsquo;entreprise Tacx est fi\u00e8re de pouvoir concevoir et fabriquer la quasi-totalit\u00e9 de ses produits en interne. Cela permet de d\u00e9velopper, de tester et d&rsquo;automatiser rapidement les id\u00e9es et les optimisations de produits. Ainsi, tous les aspects de la conception, du moulage \u00e0 la production finale, sont r\u00e9alis\u00e9s sous un m\u00eame toit. C&rsquo;est une fa\u00e7on pour Tacx de garantir des produits de qualit\u00e9 exceptionnelle.<\/p>\n\t\t<\/div>\r\n\r\n\t\t\t<\/div>\r\n\r\n\t<div class=\"container-visual\">\r\n\t\t\t\t\t<img loading=\"lazy\" decoding=\"async\" width=\"1920\" height=\"1080\" src=\"https:\/\/bottlepromotions.com\/wp-content\/uploads\/2017\/05\/Tacx_designed-and-produced-in-nl_family_technique_innovation_production_robot-1920x1080.jpg\" class=\"attachment-fullwidth size-fullwidth\" alt=\"\" srcset=\"https:\/\/bottlepromotions.com\/wp-content\/uploads\/2017\/05\/Tacx_designed-and-produced-in-nl_family_technique_innovation_production_robot.jpg 1920w, https:\/\/bottlepromotions.com\/wp-content\/uploads\/2017\/05\/Tacx_designed-and-produced-in-nl_family_technique_innovation_production_robot-300x169.jpg 300w, https:\/\/bottlepromotions.com\/wp-content\/uploads\/2017\/05\/Tacx_designed-and-produced-in-nl_family_technique_innovation_production_robot-768x432.jpg 768w, https:\/\/bottlepromotions.com\/wp-content\/uploads\/2017\/05\/Tacx_designed-and-produced-in-nl_family_technique_innovation_production_robot-1024x576.jpg 1024w, https:\/\/bottlepromotions.com\/wp-content\/uploads\/2017\/05\/Tacx_designed-and-produced-in-nl_family_technique_innovation_production_robot-600x338.jpg 600w\" sizes=\"auto, (max-width: 1920px) 100vw, 1920px\" \/>\t\t\t<\/div>\r\n\r\n<\/div>\n\r\n\t<\/div>\r\n<\/div>\n\n<div id=\"container-block-block_1acbc9c040b6bb8d9959ab6d6fe122d8\" class=\"container-block alignfull background-grey width-medium\">\r\n\t<div class=\"container\">\r\n\t\t\n\n<div style=\"height:70px\" aria-hidden=\"true\" id=\"20years\" class=\"wp-block-spacer\"><\/div>\n\n\n\r\n<div id=\"text-with-image-block-block_07b5389d5b074fe5e1cf5e474c03f58f\" class=\"fullwidth text-with-image-block position-right layout-medium\">\r\n\r\n\t<div class=\"container-text\">\r\n\t\t\t\t\t\t\t\t\t<h3>NOTRE VOYAGE DE 20 ANS<\/h3>\r\n\t\t\t\t\t\t\t\r\n\t\t\r\n\t\t<div class=\"text-with-image-block-text\">\r\n\t\t\t<p style=\"font-weight: 400;\">En 2004, Koos Tacx a fait le premier pas vers une approche plus structur\u00e9e et professionnelle de la vente de bidons promotionnels Tacx et c&rsquo;est ainsi que BP a vu le jour de la naissance. Bien que nous ayons d\u00e9j\u00e0 re\u00e7u de nombreux \u00e9loges dans le secteur du v\u00e9lo, notre connaissance du secteur de la publicit\u00e9 \u00e9tait limit\u00e9e \u00e0 l&rsquo;\u00e9poque. En participant \u00e0 partir de 2005 aux salons professionnels PSI, nous avons acquis des connaissances inestimables dans ce secteur sp\u00e9cifique.<\/p>\n<p style=\"font-weight: 400;\">Alors que nous f\u00eatons actuellement notre 20e anniversaire, c&rsquo;est tout aussi fi\u00e8rement que nous regardons en arri\u00e8re sur ce long parcours. Apr\u00e8s des d\u00e9buts modestes dans un petit atelier de production \u00e9quip\u00e9 d&rsquo;une seule machine de moulage par soufflage et unit\u00e9 d&rsquo;impression, nous avons grandi pour devenir une entreprise de production ultramoderne certifi\u00e9e Sedex.<\/p>\n<p style=\"font-weight: 400;\">Cette croissance souligne notre engagement ind\u00e9fectible en faveur de la qualit\u00e9 et de l&rsquo;innovation.<\/p>\n\t\t<\/div>\r\n\r\n\t\t\t<\/div>\r\n\r\n\t<div class=\"container-visual\">\r\n\t\t\t\t\t<img loading=\"lazy\" decoding=\"async\" width=\"713\" height=\"360\" src=\"https:\/\/bottlepromotions.com\/wp-content\/uploads\/2024\/04\/20years.jpg\" class=\"attachment-fullwidth size-fullwidth\" alt=\"\" srcset=\"https:\/\/bottlepromotions.com\/wp-content\/uploads\/2024\/04\/20years.jpg 713w, https:\/\/bottlepromotions.com\/wp-content\/uploads\/2024\/04\/20years-300x151.jpg 300w, https:\/\/bottlepromotions.com\/wp-content\/uploads\/2024\/04\/20years-600x303.jpg 600w\" sizes=\"auto, (max-width: 713px) 100vw, 713px\" \/>\t\t\t<\/div>\r\n\r\n<\/div>\n\r\n\t<\/div>\r\n<\/div>\n\n<div id=\"container-block-block_1acbc9c040b6bb8d9959ab6d6fe122d8\" class=\"container-block alignfull background-grey width-medium\">\r\n\t<div class=\"container\">\r\n\t\t\n\n<div style=\"height:70px\" aria-hidden=\"true\" id=\"sedex\" class=\"wp-block-spacer\"><\/div>\n\n\n\r\n<div id=\"text-with-image-block-block_afe805bbe2582c8fbc146820e59c614d\" class=\"fullwidth text-with-image-block position-left layout-medium\">\r\n\r\n\t<div class=\"container-text\">\r\n\t\t\t\t\t\t\t\t\t<h3>PILIER 4 SEDEX<\/h3>\r\n\t\t\t\t\t\t\t\r\n\t\t\r\n\t\t<div class=\"text-with-image-block-text\">\r\n\t\t\t<p style=\"font-weight: 400;\">C&rsquo;est avec fiert\u00e9 que nous annon\u00e7ons l&rsquo;approbation de notre examen Sedex. En novembre 2022, BP a compl\u00e9t\u00e9 avec succ\u00e8s un nouvel examen Smeta (pilier 4) et a obtenu une d\u00e9claration de conformit\u00e9 jusqu&rsquo;en 2025. Sedex est une plateforme mondiale qui garantit les pratiques commerciales dans les domaines du droit du travail, de la sant\u00e9 et de la s\u00e9curit\u00e9, de l&rsquo;environnement et de l&rsquo;\u00e9thique. Notre adh\u00e9sion t\u00e9moigne de notre engagement en faveur de la durabilit\u00e9 et du respect de normes strictes. Sedex b\u00e9n\u00e9ficie de la confiance de plus de 50.000 membres dans 150 pays.<\/p>\n<p style=\"font-weight: 400;\">Notre code Sedex est ZC1060540. Si vous \u00eates \u00e9galement membre de Sedex, nous pouvons vous fournir un lien qui vous permettra d&rsquo;acc\u00e9der \u00e0 toutes nos donn\u00e9es.<\/p>\n<p style=\"font-weight: 400;\"><strong>Si vous souhaitez recevoir l&rsquo;un des documents ci-dessous, veuillez envoyer un e-mail \u00e0 <a href=\"mailto:berdine@tacx.nl\">berdine@tacx.nl<\/a>. Rapport Smeta \/ Code de conduite \/ certificats d\u2019approbation alimentaire \/ d\u00e9claration de conformit\u00e9<\/strong><\/p>\n\t\t<\/div>\r\n\r\n\t\t\t\t\t<a class=\"btn\" href=\"https:\/\/bottlepromotions.com\/fr\/durabilite\/\" >\r\n\t\t\t\tPlus d&rsquo;informations sur la durabilit\u00e9\t\t\t<\/a>\r\n\t\t\t<\/div>\r\n\r\n\t<div class=\"container-visual\">\r\n\t\t\t\t\t<img loading=\"lazy\" decoding=\"async\" width=\"1290\" height=\"953\" src=\"https:\/\/bottlepromotions.com\/wp-content\/uploads\/2024\/04\/image005-2-2.jpg\" class=\"attachment-fullwidth size-fullwidth\" alt=\"\" srcset=\"https:\/\/bottlepromotions.com\/wp-content\/uploads\/2024\/04\/image005-2-2.jpg 1290w, https:\/\/bottlepromotions.com\/wp-content\/uploads\/2024\/04\/image005-2-2-300x222.jpg 300w, https:\/\/bottlepromotions.com\/wp-content\/uploads\/2024\/04\/image005-2-2-1024x756.jpg 1024w, https:\/\/bottlepromotions.com\/wp-content\/uploads\/2024\/04\/image005-2-2-768x567.jpg 768w, https:\/\/bottlepromotions.com\/wp-content\/uploads\/2024\/04\/image005-2-2-600x443.jpg 600w\" sizes=\"auto, (max-width: 1290px) 100vw, 1290px\" \/>\t\t\t<\/div>\r\n\r\n<\/div>\n\r\n\t<\/div>\r\n<\/div>\n\n<div id=\"container-block-block_1acbc9c040b6bb8d9959ab6d6fe122d8\" class=\"container-block alignfull background-grey width-medium\">\r\n\t<div class=\"container\">\r\n\t\t\n\n<div style=\"height:70px\" aria-hidden=\"true\" id=\"tradeshows\" class=\"wp-block-spacer\"><\/div>\n\n\n\r\n<div id=\"text-with-image-block-block_a87f3bbb1903442e37a69bafd974f1e9\" class=\"fullwidth text-with-image-block position-right layout-medium\">\r\n\r\n\t<div class=\"container-text\">\r\n\t\t\t\t\t\t\t\t\t<h3>FAIRE CONNAISSANCE ET ACCEUILLIR<\/h3>\r\n\t\t\t\t\t\t\t\r\n\t\t\r\n\t\t<div class=\"text-with-image-block-text\">\r\n\t\t\t<p style=\"font-weight: 400;\"><span lang=\"DE\">Rendez-nous visite lors des salons professionnels europ\u00e9ens ! D\u00e9couvrez notre vaste collection de bidons, y compris des mod\u00e8les \u00e9co-responsables et une gamme de designs \u00e9l\u00e9gants. <\/span>Prenez rendez-vous avec nous ou venez nous voir spontan\u00e9ment &#8211; nous avons h\u00e2te de vous rencontrer !<\/p>\n\t\t<\/div>\r\n\r\n\t\t\t\t\t<a class=\"btn\" href=\"https:\/\/bottlepromotions.com\/fr\/trade-shows\/\" >\r\n\t\t\t\tCalendrier des salons professionnels\t\t\t<\/a>\r\n\t\t\t<\/div>\r\n\r\n\t<div class=\"container-visual\">\r\n\t\t\t\t\t<img loading=\"lazy\" decoding=\"async\" width=\"1877\" height=\"1818\" src=\"https:\/\/bottlepromotions.com\/wp-content\/uploads\/2026\/03\/Stand-BP-2026-1-scaled-e1773052672939-1.jpg\" class=\"attachment-fullwidth size-fullwidth\" alt=\"\" srcset=\"https:\/\/bottlepromotions.com\/wp-content\/uploads\/2026\/03\/Stand-BP-2026-1-scaled-e1773052672939-1.jpg 1877w, https:\/\/bottlepromotions.com\/wp-content\/uploads\/2026\/03\/Stand-BP-2026-1-scaled-e1773052672939-1-300x291.jpg 300w, https:\/\/bottlepromotions.com\/wp-content\/uploads\/2026\/03\/Stand-BP-2026-1-scaled-e1773052672939-1-1024x992.jpg 1024w, https:\/\/bottlepromotions.com\/wp-content\/uploads\/2026\/03\/Stand-BP-2026-1-scaled-e1773052672939-1-768x744.jpg 768w, https:\/\/bottlepromotions.com\/wp-content\/uploads\/2026\/03\/Stand-BP-2026-1-scaled-e1773052672939-1-1536x1488.jpg 1536w, https:\/\/bottlepromotions.com\/wp-content\/uploads\/2026\/03\/Stand-BP-2026-1-scaled-e1773052672939-1-600x581.jpg 600w\" sizes=\"auto, (max-width: 1877px) 100vw, 1877px\" \/>\t\t\t<\/div>\r\n\r\n<\/div>\n\n\n<div style=\"height:70px\" aria-hidden=\"true\" class=\"wp-block-spacer\"><\/div>\n\n\r\n\t<\/div>\r\n<\/div>\n\n<div id=\"container-block-block_1acbc9c040b6bb8d9959ab6d6fe122d8\" class=\"container-block alignfull background-grey width-medium\">\r\n\t<div class=\"container\">\r\n\t\t\n\n<div style=\"height:70px\" aria-hidden=\"true\" id=\"tradeshows\" class=\"wp-block-spacer\"><\/div>\n\n\n\r\n<div id=\"text-with-image-block-block_2362d9bb726a708a9b12634d0f662789\" class=\"fullwidth text-with-image-block position-left layout-medium\">\r\n\r\n\t<div class=\"container-text\">\r\n\t\t\t\t\t\t\t\t\t<h3>Bottle Promotions helps to accelerate the regeneration of nature, tree by tree!<\/h3>\r\n\t\t\t\t\t\t\t\r\n\t\t\r\n\t\t<div class=\"text-with-image-block-text\">\r\n\t\t\t<p>New! For orders of 1,000 bottles or more, we gift you a tree in the heart of Africa. With the extra care it receives, this tree will recover and mature into a fully grown one. This initiative contributes to the growth of our Bottle Promotions Forest. This is our way of giving back to nature.<\/p>\n<p>A couple of days after the shipment of your order, you will receive an e-mail and will be treated to an immersive digital experience. You unwrap your tree and find the exact geolocation and access cool metrics such as CO\u2082 captured, estimated water retention, tree species and much more. Through your personal dashboard and quarterly tree updates, you will stay connected to the gifted tree.<\/p>\n\t\t<\/div>\r\n\r\n\t\t\t\t\t<a class=\"btn\" href=\"https:\/\/bottlepromotions.com\/treebytree\/\" >\r\n\t\t\t\tWho is behind all this\t\t\t<\/a>\r\n\t\t\t<\/div>\r\n\r\n\t<div class=\"container-visual\">\r\n\t\t\t\t\t<img loading=\"lazy\" decoding=\"async\" width=\"1300\" height=\"1299\" src=\"https:\/\/bottlepromotions.com\/wp-content\/uploads\/2024\/04\/hand-phone-tree-c.jpg\" class=\"attachment-fullwidth size-fullwidth\" alt=\"\" srcset=\"https:\/\/bottlepromotions.com\/wp-content\/uploads\/2024\/04\/hand-phone-tree-c.jpg 1300w, https:\/\/bottlepromotions.com\/wp-content\/uploads\/2024\/04\/hand-phone-tree-c-300x300.jpg 300w, https:\/\/bottlepromotions.com\/wp-content\/uploads\/2024\/04\/hand-phone-tree-c-1024x1024.jpg 1024w, https:\/\/bottlepromotions.com\/wp-content\/uploads\/2024\/04\/hand-phone-tree-c-150x150.jpg 150w, https:\/\/bottlepromotions.com\/wp-content\/uploads\/2024\/04\/hand-phone-tree-c-768x767.jpg 768w, https:\/\/bottlepromotions.com\/wp-content\/uploads\/2024\/04\/hand-phone-tree-c-600x600.jpg 600w\" sizes=\"auto, (max-width: 1300px) 100vw, 1300px\" \/>\t\t\t<\/div>\r\n\r\n<\/div>\n\n\n<div style=\"height:70px\" aria-hidden=\"true\" class=\"wp-block-spacer\"><\/div>\n\n\r\n\t<\/div>\r\n<\/div>","protected":false},"excerpt":{"rendered":"","protected":false},"author":2,"featured_media":0,"parent":0,"menu_order":0,"comment_status":"closed","ping_status":"closed","template":"page-gutenberg.php","meta":{"_acf_changed":false,"_uag_custom_page_level_css":"","footnotes":""},"class_list":["post-18286","page","type-page","status-publish","hentry"],"acf":[],"yoast_head":"<!-- This site is optimized with the Yoast SEO plugin v26.9 - https:\/\/yoast.com\/product\/yoast-seo-wordpress\/ -->\n<title>About us - Bottle Promotions<\/title>\n<meta name=\"robots\" content=\"index, follow, max-snippet:-1, max-image-preview:large, max-video-preview:-1\" \/>\n<link rel=\"canonical\" href=\"https:\/\/bottlepromotions.com\/fr\/about-us\/\" \/>\n<meta property=\"og:locale\" content=\"fr_FR\" \/>\n<meta property=\"og:type\" content=\"article\" \/>\n<meta property=\"og:title\" content=\"About us - Bottle Promotions\" \/>\n<meta property=\"og:url\" content=\"https:\/\/bottlepromotions.com\/fr\/about-us\/\" \/>\n<meta property=\"og:site_name\" content=\"Bottle Promotions\" \/>\n<meta property=\"article:modified_time\" content=\"2026-04-23T07:46:34+00:00\" \/>\n<meta name=\"twitter:card\" content=\"summary_large_image\" \/>\n<script type=\"application\/ld+json\" class=\"yoast-schema-graph\">{\"@context\":\"https:\/\/schema.org\",\"@graph\":[{\"@type\":\"WebPage\",\"@id\":\"https:\/\/bottlepromotions.com\/fr\/about-us\/\",\"url\":\"https:\/\/bottlepromotions.com\/fr\/about-us\/\",\"name\":\"About us - Bottle Promotions\",\"isPartOf\":{\"@id\":\"https:\/\/bottlepromotions.com\/fr\/#website\"},\"datePublished\":\"2024-04-10T07:30:33+00:00\",\"dateModified\":\"2026-04-23T07:46:34+00:00\",\"breadcrumb\":{\"@id\":\"https:\/\/bottlepromotions.com\/fr\/about-us\/#breadcrumb\"},\"inLanguage\":\"fr-FR\",\"potentialAction\":[{\"@type\":\"ReadAction\",\"target\":[\"https:\/\/bottlepromotions.com\/fr\/about-us\/\"]}]},{\"@type\":\"BreadcrumbList\",\"@id\":\"https:\/\/bottlepromotions.com\/fr\/about-us\/#breadcrumb\",\"itemListElement\":[{\"@type\":\"ListItem\",\"position\":1,\"name\":\"Home\",\"item\":\"https:\/\/bottlepromotions.com\/fr\/\"},{\"@type\":\"ListItem\",\"position\":2,\"name\":\"About us\"}]},{\"@type\":\"WebSite\",\"@id\":\"https:\/\/bottlepromotions.com\/fr\/#website\",\"url\":\"https:\/\/bottlepromotions.com\/fr\/\",\"name\":\"Bottle Promotions\",\"description\":\"Your partner in promotional bottles\",\"publisher\":{\"@id\":\"https:\/\/bottlepromotions.com\/fr\/#organization\"},\"potentialAction\":[{\"@type\":\"SearchAction\",\"target\":{\"@type\":\"EntryPoint\",\"urlTemplate\":\"https:\/\/bottlepromotions.com\/fr\/?s={search_term_string}\"},\"query-input\":{\"@type\":\"PropertyValueSpecification\",\"valueRequired\":true,\"valueName\":\"search_term_string\"}}],\"inLanguage\":\"fr-FR\"},{\"@type\":\"Organization\",\"@id\":\"https:\/\/bottlepromotions.com\/fr\/#organization\",\"name\":\"Bottle Promotions\",\"url\":\"https:\/\/bottlepromotions.com\/fr\/\",\"logo\":{\"@type\":\"ImageObject\",\"inLanguage\":\"fr-FR\",\"@id\":\"https:\/\/bottlepromotions.com\/fr\/#\/schema\/logo\/image\/\",\"url\":\"https:\/\/bottlepromotions.com\/wp-content\/uploads\/2021\/05\/BP-logo-white.png\",\"contentUrl\":\"https:\/\/bottlepromotions.com\/wp-content\/uploads\/2021\/05\/BP-logo-white.png\",\"width\":1284,\"height\":802,\"caption\":\"Bottle Promotions\"},\"image\":{\"@id\":\"https:\/\/bottlepromotions.com\/fr\/#\/schema\/logo\/image\/\"}}]}<\/script>\n<!-- \/ Yoast SEO plugin. -->","yoast_head_json":{"title":"About us - Bottle Promotions","robots":{"index":"index","follow":"follow","max-snippet":"max-snippet:-1","max-image-preview":"max-image-preview:large","max-video-preview":"max-video-preview:-1"},"canonical":"https:\/\/bottlepromotions.com\/fr\/about-us\/","og_locale":"fr_FR","og_type":"article","og_title":"About us - Bottle Promotions","og_url":"https:\/\/bottlepromotions.com\/fr\/about-us\/","og_site_name":"Bottle Promotions","article_modified_time":"2026-04-23T07:46:34+00:00","twitter_card":"summary_large_image","schema":{"@context":"https:\/\/schema.org","@graph":[{"@type":"WebPage","@id":"https:\/\/bottlepromotions.com\/fr\/about-us\/","url":"https:\/\/bottlepromotions.com\/fr\/about-us\/","name":"About us - Bottle Promotions","isPartOf":{"@id":"https:\/\/bottlepromotions.com\/fr\/#website"},"datePublished":"2024-04-10T07:30:33+00:00","dateModified":"2026-04-23T07:46:34+00:00","breadcrumb":{"@id":"https:\/\/bottlepromotions.com\/fr\/about-us\/#breadcrumb"},"inLanguage":"fr-FR","potentialAction":[{"@type":"ReadAction","target":["https:\/\/bottlepromotions.com\/fr\/about-us\/"]}]},{"@type":"BreadcrumbList","@id":"https:\/\/bottlepromotions.com\/fr\/about-us\/#breadcrumb","itemListElement":[{"@type":"ListItem","position":1,"name":"Home","item":"https:\/\/bottlepromotions.com\/fr\/"},{"@type":"ListItem","position":2,"name":"About us"}]},{"@type":"WebSite","@id":"https:\/\/bottlepromotions.com\/fr\/#website","url":"https:\/\/bottlepromotions.com\/fr\/","name":"Bottle Promotions","description":"Your partner in promotional bottles","publisher":{"@id":"https:\/\/bottlepromotions.com\/fr\/#organization"},"potentialAction":[{"@type":"SearchAction","target":{"@type":"EntryPoint","urlTemplate":"https:\/\/bottlepromotions.com\/fr\/?s={search_term_string}"},"query-input":{"@type":"PropertyValueSpecification","valueRequired":true,"valueName":"search_term_string"}}],"inLanguage":"fr-FR"},{"@type":"Organization","@id":"https:\/\/bottlepromotions.com\/fr\/#organization","name":"Bottle Promotions","url":"https:\/\/bottlepromotions.com\/fr\/","logo":{"@type":"ImageObject","inLanguage":"fr-FR","@id":"https:\/\/bottlepromotions.com\/fr\/#\/schema\/logo\/image\/","url":"https:\/\/bottlepromotions.com\/wp-content\/uploads\/2021\/05\/BP-logo-white.png","contentUrl":"https:\/\/bottlepromotions.com\/wp-content\/uploads\/2021\/05\/BP-logo-white.png","width":1284,"height":802,"caption":"Bottle Promotions"},"image":{"@id":"https:\/\/bottlepromotions.com\/fr\/#\/schema\/logo\/image\/"}}]}},"uagb_featured_image_src":{"full":false,"thumbnail":false,"medium":false,"medium_large":false,"large":false,"1536x1536":false,"2048x2048":false,"fullwidth":false,"mediumplus":false,"gform-image-choice-sm":false,"gform-image-choice-md":false,"gform-image-choice-lg":false},"uagb_author_info":{"display_name":"Red Factory","author_link":"https:\/\/bottlepromotions.com\/fr\/author\/redfactory\/"},"uagb_comment_info":0,"uagb_excerpt":null,"_links":{"self":[{"href":"https:\/\/bottlepromotions.com\/fr\/wp-json\/wp\/v2\/pages\/18286","targetHints":{"allow":["GET"]}}],"collection":[{"href":"https:\/\/bottlepromotions.com\/fr\/wp-json\/wp\/v2\/pages"}],"about":[{"href":"https:\/\/bottlepromotions.com\/fr\/wp-json\/wp\/v2\/types\/page"}],"author":[{"embeddable":true,"href":"https:\/\/bottlepromotions.com\/fr\/wp-json\/wp\/v2\/users\/2"}],"replies":[{"embeddable":true,"href":"https:\/\/bottlepromotions.com\/fr\/wp-json\/wp\/v2\/comments?post=18286"}],"version-history":[{"count":13,"href":"https:\/\/bottlepromotions.com\/fr\/wp-json\/wp\/v2\/pages\/18286\/revisions"}],"predecessor-version":[{"id":21215,"href":"https:\/\/bottlepromotions.com\/fr\/wp-json\/wp\/v2\/pages\/18286\/revisions\/21215"}],"wp:attachment":[{"href":"https:\/\/bottlepromotions.com\/fr\/wp-json\/wp\/v2\/media?parent=18286"}],"curies":[{"name":"wp","href":"https:\/\/api.w.org\/{rel}","templated":true}]}}