{"id":18221,"date":"2024-04-09T14:19:25","date_gmt":"2024-04-09T14:19:25","guid":{"rendered":"https:\/\/bottlepromotions.com\/sustainability\/"},"modified":"2024-10-30T12:53:11","modified_gmt":"2024-10-30T12:53:11","slug":"durabilite","status":"publish","type":"page","link":"https:\/\/bottlepromotions.com\/fr\/durabilite\/","title":{"rendered":"Durabilit\u00e9"},"content":{"rendered":"<div id=\"page-header-block_cf7aba7137c971327ad9d344bbd4ff2a\" class=\"page-header-block alignfull\">\r\n\t<div class=\"image\">\r\n\t\t<img loading=\"lazy\" decoding=\"async\" width=\"1920\" height=\"1080\" src=\"https:\/\/bottlepromotions.com\/wp-content\/uploads\/2024\/04\/Windmolen-met-blauwe-lucht-gespiegeld-1.jpg\" class=\"attachment-fullwidth size-fullwidth\" alt=\"\" srcset=\"https:\/\/bottlepromotions.com\/wp-content\/uploads\/2024\/04\/Windmolen-met-blauwe-lucht-gespiegeld-1.jpg 1920w, https:\/\/bottlepromotions.com\/wp-content\/uploads\/2024\/04\/Windmolen-met-blauwe-lucht-gespiegeld-1-300x169.jpg 300w, https:\/\/bottlepromotions.com\/wp-content\/uploads\/2024\/04\/Windmolen-met-blauwe-lucht-gespiegeld-1-1024x576.jpg 1024w, https:\/\/bottlepromotions.com\/wp-content\/uploads\/2024\/04\/Windmolen-met-blauwe-lucht-gespiegeld-1-768x432.jpg 768w, https:\/\/bottlepromotions.com\/wp-content\/uploads\/2024\/04\/Windmolen-met-blauwe-lucht-gespiegeld-1-1536x864.jpg 1536w, https:\/\/bottlepromotions.com\/wp-content\/uploads\/2024\/04\/Windmolen-met-blauwe-lucht-gespiegeld-1-600x338.jpg 600w\" sizes=\"auto, (max-width: 1920px) 100vw, 1920px\" \/>\t<\/div>\r\n\r\n\t<div class=\"container container-xl\">\r\n\t\t<div class=\"page-header-content col-md-12 col-lg-7\">\r\n\t\t\t<h1>DURABILIT\u00c9 CHEZ Bottle Promotions <span>A Garmin company<\/span><\/h1>\r\n\r\n\t\t\t\r\n\t\t\t\t\t\t\t<p>La durabilit\u00e9 est une valeur fondamentale chez Bottle Promotions. Nous mesurons notre durabilit\u00e9 \u00e0 travers les impacts environnementaux et sociaux ainsi que les r\u00e9sultats financiers (People, Planet, Profit). Nous nous engageons \u00e0 r\u00e9aliser ce que nous disons et \u00e0 servir tous nos parties prenantes \u2013 y compris les associ\u00e9s, partenaires commerciaux, clients et actionnaires \u2013 sur le long terme. En tant que partie de Garmin, nous vous invitons \u00e0 explorer le rapport d&rsquo;impact corporate de Garmin pour en savoir plus sur nos initiatives de durabilit\u00e9.<\/p>\n<p>En tant que partie de Garmin, nous vous invitons \u00e0 explorer le rapport <a href=\"https:\/\/bottlepromotions.com\/wp-content\/uploads\/2023\/Corporate_Impact_Report_2023.pdf\" target=\"_blank\" rel=\"noopener\">le rapport d&rsquo;impact corporate de Garmin<\/a> pour obtenir plus d&rsquo;informations sur nos initiatives de durabilit\u00e9.<\/p>\n\t\t\t\t\t<\/div>\r\n\t<\/div>\r\n<\/div>\n\n<div id=\"container-block-block_df9fdbdeb546ca92047e23642c506362\" class=\"container-block alignfull background-grey width-medium\">\r\n\t<div class=\"container\">\r\n\t\t\n\n<div style=\"height:60px\" aria-hidden=\"true\" class=\"wp-block-spacer\"><\/div>\n\n\n<div id=\"content-card-block_7b09de72934b518ade3d8268a931bd48\" class=\"content-card-block background-white border-radius-medium\">\r\n\t<div class=\"content\">\r\n\r\n\t\t\t\t\t<h3>The 3 P\u2019s at Bottle Promotions<\/h3>\r\n\t\t\r\n\t\t\r\n\t\t\n\n<div style=\"height:10px\" aria-hidden=\"true\" class=\"wp-block-spacer\"><\/div>\n\n\n\n<h4 class=\"wp-block-heading has-text-align-left\">People<\/h4>\n\n\n\n<p>En ce qui concerne les personnes, chez Bottle Promotions, nous cr\u00e9ons un environnement vivable et s\u00fbr pour nos employ\u00e9s qui encourage la croissance, la collaboration et le partage des responsabilit\u00e9s, mais cela ne suffit pas. Nous respectons \u00e9galement les droits des travailleurs de notre cha\u00eene d&rsquo;approvisionnement et travaillons uniquement avec des entreprises qui adh\u00e8rent \u00e0 un code de conduite (COC).<\/p>\n\n\n\n<div style=\"height:10px\" aria-hidden=\"true\" class=\"wp-block-spacer\"><\/div>\n\n\n\n<h4 class=\"wp-block-heading has-text-align-left\">Planet<\/h4>\n\n\n\n<p>Notre engagement en faveur d&rsquo;un meilleur environnement se refl\u00e8te dans les mesures que nous prenons pour minimiser notre empreinte environnementale. Nous travaillons activement vers la neutralit\u00e9 climatique en mettant en \u0153uvre des pratiques durables dans toutes nos op\u00e9rations. Par exemple, nous travaillons \u00e0 int\u00e9grer des panneaux solaires dans notre b\u00e2timent commercial afin de r\u00e9duire notre d\u00e9pendance aux sources d\u2019\u00e9nergie non renouvelables.<\/p>\n\n\n\n<p>Nous valorisons \u00e9galement le recyclage et la gestion des d\u00e9chets, en veillant \u00e0 ce que les mat\u00e9riaux soient r\u00e9utilis\u00e9s ou \u00e9limin\u00e9s de mani\u00e8re responsable. De plus, nous nous effor\u00e7ons d&rsquo;acheter aupr\u00e8s de partenaires locaux et\/ou europ\u00e9ens pour r\u00e9duire les co\u00fbts de transport et les \u00e9missions et soutenir l&rsquo;\u00e9conomie r\u00e9gionale.<\/p>\n\n\n\n<div style=\"height:10px\" aria-hidden=\"true\" class=\"wp-block-spacer\"><\/div>\n\n\n\n<h4 class=\"wp-block-heading has-text-align-left\">Profit<\/h4>\n\n\n\n<p>La rentabilit\u00e9 sert de fondement \u00e0 nos efforts en mati\u00e8re de d\u00e9veloppement durable. En maintenant une telle situation financi\u00e8re, nous assurons la viabilit\u00e9 \u00e0 long terme de notre organisation. Cela nous permet d&rsquo;investir dans des initiatives durables et d&rsquo;am\u00e9liorer continuellement notre impact sur les personnes et la plan\u00e8te.<\/p>\n\n\r\n\t<\/div>\r\n<\/div>\n\r\n\t<\/div>\r\n<\/div>\n\n<div id=\"container-block-block_df9fdbdeb546ca92047e23642c506362\" class=\"container-block alignfull background-grey width-medium\">\r\n\t<div class=\"container\">\r\n\t\t\n\n<div style=\"height:60px\" aria-hidden=\"true\" class=\"wp-block-spacer\"><\/div>\n\n\n\r\n<div id=\"text-with-image-block-block_675625b8de99303dbd0f13902abbef6c\" class=\"fullwidth text-with-image-block position-right layout-medium\">\r\n\r\n\t<div class=\"container-text\">\r\n\t\t\t\t\t\t\t\t\t<h3>Pourquoi les bidons ne sont-ils pas encore enti\u00e8rement fabriqu\u00e9s \u00e0 partir de mat\u00e9riaux recycl\u00e9s?<\/h3>\r\n\t\t\t\t\t\t\t\r\n\t\t\r\n\t\t<div class=\"text-with-image-block-text\">\r\n\t\t\t<p>Utiliser des mat\u00e9riaux recycl\u00e9s pour les bidons qui entrent en contact avec les aliments est bien s\u00fbr une excellente id\u00e9e pour des raisons de durabilit\u00e9, mais de nombreux d\u00e9fis doivent \u00eatre surmont\u00e9s. La r\u00e9glementation concernant l&rsquo;utilisation de mat\u00e9riaux recycl\u00e9s pour des produits entrant en contact avec les aliments est tr\u00e8s stricte.<\/p>\n<p>Le processus de recyclage est complexe et rend difficile la garantie de l&rsquo;absence de contamination. R\u00e9pondre aux exigences sp\u00e9cifiques en mati\u00e8re d&#8217;emballages alimentaires et de boissons peut constituer un d\u00e9fi majeur avec les mat\u00e9riaux recycl\u00e9s. La coh\u00e9rence et l\u2019uniformit\u00e9 sont cruciales. Des efforts sont d\u00e9ploy\u00e9s pour am\u00e9liorer les technologies de recyclage et trouver des solutions innovantes.<\/p>\n<p><strong>D\u2019ici l\u00e0, il est essentiel de donner la priorit\u00e9 \u00e0 la s\u00e9curit\u00e9 des consommateurs et de respecter la r\u00e9glementation.<\/strong><\/p>\n\t\t<\/div>\r\n\r\n\t\t\t<\/div>\r\n\r\n\t<div class=\"container-visual\">\r\n\t\t\t\t\t<img loading=\"lazy\" decoding=\"async\" width=\"1920\" height=\"1551\" src=\"https:\/\/bottlepromotions.com\/wp-content\/uploads\/2024\/04\/IMG_0285.jpeg1_-scaled-1-1920x1551.jpeg\" class=\"attachment-fullwidth size-fullwidth\" alt=\"\" \/>\t\t\t<\/div>\r\n\r\n<\/div>\n\n\n<div style=\"height:60px\" aria-hidden=\"true\" class=\"wp-block-spacer\"><\/div>\n\n\r\n\t<\/div>\r\n<\/div>\n\n<div id=\"container-block-block_2786bdc106b9bdb7fe36340df68e187c\" class=\"container-block alignfull background-grey width-default\">\r\n\t<div class=\"container\">\r\n\t\t\n\r\n<div id=\"text-with-image-block-block_48f36faef91429fb036ade3c18ee6a77\" class=\"fullwidth text-with-image-block position-left layout-medium\">\r\n\r\n\t<div class=\"container-text\">\r\n\t\t\t\t\t\t\t\t\t<h3>Sedex Pilar 4<\/h3>\r\n\t\t\t\t\t\t\t\r\n\t\t\r\n\t\t<div class=\"text-with-image-block-text\">\r\n\t\t\t<p>Nous sommes tr\u00e8s fiers d&rsquo;annoncer que nous avons re\u00e7u notre approbation Sedex. Nous avons r\u00e9cemment r\u00e9alis\u00e9 avec succ\u00e8s un audit Smeta et re\u00e7u une \u00ab D\u00e9claration de conformit\u00e9 \u00bb pour les 3 prochaines ann\u00e9es. Sedex est une plateforme mondiale qui garantit des pratiques commerciales responsables dans les domaines du droit du travail, de la sant\u00e9 et de la s\u00e9curit\u00e9, de l\u2019environnement et de l\u2019\u00e9thique commerciale. Notre adh\u00e9sion d\u00e9montre notre engagement envers la durabilit\u00e9 et le respect de normes strictes. Sedex b\u00e9n\u00e9ficie de la confiance de plus de 50 000 membres dans 150 pays.<\/p>\n<p><strong>Si vous souhaitez recevoir l&rsquo;un des documents r\u00e9pertori\u00e9s ci-dessous, veuillez envoyer un e-mail \u00e0 berdine@tacx.nl: Rapport Smeta \/ Code de conduite \/ Certificats d&rsquo;approbation alimentaire \/ D\u00e9claration de conformit\u00e9.<\/strong><\/p>\n\t\t<\/div>\r\n\r\n\t\t\t<\/div>\r\n\r\n\t<div class=\"container-visual\">\r\n\t\t\t\t\t<img loading=\"lazy\" decoding=\"async\" width=\"1290\" height=\"953\" src=\"https:\/\/bottlepromotions.com\/wp-content\/uploads\/2024\/04\/image005-2-1.jpg\" class=\"attachment-fullwidth size-fullwidth\" alt=\"\" srcset=\"https:\/\/bottlepromotions.com\/wp-content\/uploads\/2024\/04\/image005-2-1.jpg 1290w, https:\/\/bottlepromotions.com\/wp-content\/uploads\/2024\/04\/image005-2-1-300x222.jpg 300w, https:\/\/bottlepromotions.com\/wp-content\/uploads\/2024\/04\/image005-2-1-1024x756.jpg 1024w, https:\/\/bottlepromotions.com\/wp-content\/uploads\/2024\/04\/image005-2-1-768x567.jpg 768w, https:\/\/bottlepromotions.com\/wp-content\/uploads\/2024\/04\/image005-2-1-600x443.jpg 600w\" sizes=\"auto, (max-width: 1290px) 100vw, 1290px\" \/>\t\t\t<\/div>\r\n\r\n<\/div>\n\n\n<div style=\"height:60px\" aria-hidden=\"true\" class=\"wp-block-spacer\"><\/div>\n\n\r\n\t<\/div>\r\n<\/div>\n\n<div id=\"container-block-block_2786bdc106b9bdb7fe36340df68e187c\" class=\"container-block alignfull background-grey width-default\">\r\n\t<div class=\"container\">\r\n\t\t\n\r\n<div id=\"text-with-image-block-block_bf78cb8f77ba4e107b2448d961100d58\" class=\"fullwidth text-with-image-block position-right layout-medium\">\r\n\r\n\t<div class=\"container-text\">\r\n\t\t\t\t\t\t\t\t\t<h3>REYCLING<\/h3>\r\n\t\t\t\t\t\t\t\r\n\t\t\r\n\t\t<div class=\"text-with-image-block-text\">\r\n\t\t\t<p>Parlons maintenant des bidons de Tacx. Nous sommes fiers de dire que 15 % des mati\u00e8res premi\u00e8res utilis\u00e9es dans nos bidons proviennent de sources post-industrielles. Nous utilisons un processus de broyage pour recycler les points d&rsquo;injection, qui sont ensuite r\u00e9utilis\u00e9s directement dans le processus de production ult\u00e9rieur (processus ferm\u00e9). Cela signifie que 15 % de tous les bidons Tacx sont fabriqu\u00e9s \u00e0 partir de mat\u00e9riaux recycl\u00e9s, r\u00e9duisant ainsi le besoin de nouvelles ressources.<\/p>\n<p>De plus, nous nous sommes associ\u00e9s avec \u00ab the Plastic Company \u00bb pour garantir que chaque bidon jet\u00e9 sera recycl\u00e9. Gr\u00e2ce \u00e0 cette collaboration, les bidons sont transform\u00e9s en petits flocons de plastique ou transform\u00e9s en nouvelles billes de plastique. Ces mat\u00e9riaux recycl\u00e9s trouvent une nouvelle vie dans des produits comme des pots de fleurs en plastique, garantissant ainsi que rien ne soit gaspill\u00e9.<\/p>\n\t\t<\/div>\r\n\r\n\t\t\t<\/div>\r\n\r\n\t<div class=\"container-visual\">\r\n\t\t\t\t\t<img loading=\"lazy\" decoding=\"async\" width=\"1920\" height=\"1628\" src=\"https:\/\/bottlepromotions.com\/wp-content\/uploads\/2024\/04\/Shredded-plastic-with-Shiva-1-1-scaled-1-1920x1628.jpg\" class=\"attachment-fullwidth size-fullwidth\" alt=\"\" \/>\t\t\t<\/div>\r\n\r\n<\/div>\n\n\n<div style=\"height:60px\" aria-hidden=\"true\" class=\"wp-block-spacer\"><\/div>\n\n\r\n\t<\/div>\r\n<\/div>","protected":false},"excerpt":{"rendered":"","protected":false},"author":2,"featured_media":0,"parent":0,"menu_order":0,"comment_status":"closed","ping_status":"closed","template":"page-gutenberg.php","meta":{"_acf_changed":false,"_uag_custom_page_level_css":"","footnotes":""},"class_list":["post-18221","page","type-page","status-publish","hentry"],"acf":[],"yoast_head":"<!-- This site is optimized with the Yoast SEO plugin v26.9 - https:\/\/yoast.com\/product\/yoast-seo-wordpress\/ -->\n<title>Durabilit\u00e9 - Bottle Promotions<\/title>\n<meta name=\"robots\" content=\"index, follow, max-snippet:-1, max-image-preview:large, max-video-preview:-1\" \/>\n<link rel=\"canonical\" href=\"https:\/\/bottlepromotions.com\/fr\/durabilite\/\" \/>\n<meta property=\"og:locale\" content=\"fr_FR\" \/>\n<meta property=\"og:type\" content=\"article\" \/>\n<meta property=\"og:title\" content=\"Durabilit\u00e9 - Bottle Promotions\" \/>\n<meta property=\"og:url\" content=\"https:\/\/bottlepromotions.com\/fr\/durabilite\/\" \/>\n<meta property=\"og:site_name\" content=\"Bottle Promotions\" \/>\n<meta property=\"article:modified_time\" content=\"2024-10-30T12:53:11+00:00\" \/>\n<meta name=\"twitter:card\" content=\"summary_large_image\" \/>\n<meta name=\"twitter:label1\" content=\"Dur\u00e9e de lecture estim\u00e9e\" \/>\n\t<meta name=\"twitter:data1\" content=\"1 minute\" \/>\n<script type=\"application\/ld+json\" class=\"yoast-schema-graph\">{\"@context\":\"https:\/\/schema.org\",\"@graph\":[{\"@type\":\"WebPage\",\"@id\":\"https:\/\/bottlepromotions.com\/fr\/durabilite\/\",\"url\":\"https:\/\/bottlepromotions.com\/fr\/durabilite\/\",\"name\":\"Durabilit\u00e9 - Bottle Promotions\",\"isPartOf\":{\"@id\":\"https:\/\/bottlepromotions.com\/fr\/#website\"},\"datePublished\":\"2024-04-09T14:19:25+00:00\",\"dateModified\":\"2024-10-30T12:53:11+00:00\",\"breadcrumb\":{\"@id\":\"https:\/\/bottlepromotions.com\/fr\/durabilite\/#breadcrumb\"},\"inLanguage\":\"fr-FR\",\"potentialAction\":[{\"@type\":\"ReadAction\",\"target\":[\"https:\/\/bottlepromotions.com\/fr\/durabilite\/\"]}]},{\"@type\":\"BreadcrumbList\",\"@id\":\"https:\/\/bottlepromotions.com\/fr\/durabilite\/#breadcrumb\",\"itemListElement\":[{\"@type\":\"ListItem\",\"position\":1,\"name\":\"Home\",\"item\":\"https:\/\/bottlepromotions.com\/fr\/\"},{\"@type\":\"ListItem\",\"position\":2,\"name\":\"Durabilit\u00e9\"}]},{\"@type\":\"WebSite\",\"@id\":\"https:\/\/bottlepromotions.com\/fr\/#website\",\"url\":\"https:\/\/bottlepromotions.com\/fr\/\",\"name\":\"Bottle Promotions\",\"description\":\"Your partner in promotional bottles\",\"publisher\":{\"@id\":\"https:\/\/bottlepromotions.com\/fr\/#organization\"},\"potentialAction\":[{\"@type\":\"SearchAction\",\"target\":{\"@type\":\"EntryPoint\",\"urlTemplate\":\"https:\/\/bottlepromotions.com\/fr\/?s={search_term_string}\"},\"query-input\":{\"@type\":\"PropertyValueSpecification\",\"valueRequired\":true,\"valueName\":\"search_term_string\"}}],\"inLanguage\":\"fr-FR\"},{\"@type\":\"Organization\",\"@id\":\"https:\/\/bottlepromotions.com\/fr\/#organization\",\"name\":\"Bottle Promotions\",\"url\":\"https:\/\/bottlepromotions.com\/fr\/\",\"logo\":{\"@type\":\"ImageObject\",\"inLanguage\":\"fr-FR\",\"@id\":\"https:\/\/bottlepromotions.com\/fr\/#\/schema\/logo\/image\/\",\"url\":\"https:\/\/bottlepromotions.com\/wp-content\/uploads\/2021\/05\/BP-logo-white.png\",\"contentUrl\":\"https:\/\/bottlepromotions.com\/wp-content\/uploads\/2021\/05\/BP-logo-white.png\",\"width\":1284,\"height\":802,\"caption\":\"Bottle Promotions\"},\"image\":{\"@id\":\"https:\/\/bottlepromotions.com\/fr\/#\/schema\/logo\/image\/\"}}]}<\/script>\n<!-- \/ Yoast SEO plugin. -->","yoast_head_json":{"title":"Durabilit\u00e9 - Bottle Promotions","robots":{"index":"index","follow":"follow","max-snippet":"max-snippet:-1","max-image-preview":"max-image-preview:large","max-video-preview":"max-video-preview:-1"},"canonical":"https:\/\/bottlepromotions.com\/fr\/durabilite\/","og_locale":"fr_FR","og_type":"article","og_title":"Durabilit\u00e9 - Bottle Promotions","og_url":"https:\/\/bottlepromotions.com\/fr\/durabilite\/","og_site_name":"Bottle Promotions","article_modified_time":"2024-10-30T12:53:11+00:00","twitter_card":"summary_large_image","twitter_misc":{"Dur\u00e9e de lecture estim\u00e9e":"1 minute"},"schema":{"@context":"https:\/\/schema.org","@graph":[{"@type":"WebPage","@id":"https:\/\/bottlepromotions.com\/fr\/durabilite\/","url":"https:\/\/bottlepromotions.com\/fr\/durabilite\/","name":"Durabilit\u00e9 - Bottle Promotions","isPartOf":{"@id":"https:\/\/bottlepromotions.com\/fr\/#website"},"datePublished":"2024-04-09T14:19:25+00:00","dateModified":"2024-10-30T12:53:11+00:00","breadcrumb":{"@id":"https:\/\/bottlepromotions.com\/fr\/durabilite\/#breadcrumb"},"inLanguage":"fr-FR","potentialAction":[{"@type":"ReadAction","target":["https:\/\/bottlepromotions.com\/fr\/durabilite\/"]}]},{"@type":"BreadcrumbList","@id":"https:\/\/bottlepromotions.com\/fr\/durabilite\/#breadcrumb","itemListElement":[{"@type":"ListItem","position":1,"name":"Home","item":"https:\/\/bottlepromotions.com\/fr\/"},{"@type":"ListItem","position":2,"name":"Durabilit\u00e9"}]},{"@type":"WebSite","@id":"https:\/\/bottlepromotions.com\/fr\/#website","url":"https:\/\/bottlepromotions.com\/fr\/","name":"Bottle Promotions","description":"Your partner in promotional bottles","publisher":{"@id":"https:\/\/bottlepromotions.com\/fr\/#organization"},"potentialAction":[{"@type":"SearchAction","target":{"@type":"EntryPoint","urlTemplate":"https:\/\/bottlepromotions.com\/fr\/?s={search_term_string}"},"query-input":{"@type":"PropertyValueSpecification","valueRequired":true,"valueName":"search_term_string"}}],"inLanguage":"fr-FR"},{"@type":"Organization","@id":"https:\/\/bottlepromotions.com\/fr\/#organization","name":"Bottle Promotions","url":"https:\/\/bottlepromotions.com\/fr\/","logo":{"@type":"ImageObject","inLanguage":"fr-FR","@id":"https:\/\/bottlepromotions.com\/fr\/#\/schema\/logo\/image\/","url":"https:\/\/bottlepromotions.com\/wp-content\/uploads\/2021\/05\/BP-logo-white.png","contentUrl":"https:\/\/bottlepromotions.com\/wp-content\/uploads\/2021\/05\/BP-logo-white.png","width":1284,"height":802,"caption":"Bottle Promotions"},"image":{"@id":"https:\/\/bottlepromotions.com\/fr\/#\/schema\/logo\/image\/"}}]}},"uagb_featured_image_src":{"full":false,"thumbnail":false,"medium":false,"medium_large":false,"large":false,"1536x1536":false,"2048x2048":false,"fullwidth":false,"mediumplus":false,"gform-image-choice-sm":false,"gform-image-choice-md":false,"gform-image-choice-lg":false},"uagb_author_info":{"display_name":"Red Factory","author_link":"https:\/\/bottlepromotions.com\/fr\/author\/redfactory\/"},"uagb_comment_info":0,"uagb_excerpt":null,"_links":{"self":[{"href":"https:\/\/bottlepromotions.com\/fr\/wp-json\/wp\/v2\/pages\/18221","targetHints":{"allow":["GET"]}}],"collection":[{"href":"https:\/\/bottlepromotions.com\/fr\/wp-json\/wp\/v2\/pages"}],"about":[{"href":"https:\/\/bottlepromotions.com\/fr\/wp-json\/wp\/v2\/types\/page"}],"author":[{"embeddable":true,"href":"https:\/\/bottlepromotions.com\/fr\/wp-json\/wp\/v2\/users\/2"}],"replies":[{"embeddable":true,"href":"https:\/\/bottlepromotions.com\/fr\/wp-json\/wp\/v2\/comments?post=18221"}],"version-history":[{"count":13,"href":"https:\/\/bottlepromotions.com\/fr\/wp-json\/wp\/v2\/pages\/18221\/revisions"}],"predecessor-version":[{"id":19131,"href":"https:\/\/bottlepromotions.com\/fr\/wp-json\/wp\/v2\/pages\/18221\/revisions\/19131"}],"wp:attachment":[{"href":"https:\/\/bottlepromotions.com\/fr\/wp-json\/wp\/v2\/media?parent=18221"}],"curies":[{"name":"wp","href":"https:\/\/api.w.org\/{rel}","templated":true}]}}