{"id":11015,"date":"2021-03-25T09:30:59","date_gmt":"2021-03-25T09:30:59","guid":{"rendered":"https:\/\/bottlepromotions.com\/lifestyle-bottles\/"},"modified":"2026-01-14T13:58:12","modified_gmt":"2026-01-14T13:58:12","slug":"lifestyle-bottles","status":"publish","type":"page","link":"https:\/\/bottlepromotions.com\/fr\/lifestyle-bottles\/","title":{"rendered":"Lifestyle Bottles"},"content":{"rendered":"<div id=\"page-header-block_9f762565b01bca2d7556b0a44887fe2b\" class=\"page-header-block alignfull\">\r\n\t<div class=\"image\">\r\n\t\t<img loading=\"lazy\" decoding=\"async\" width=\"1920\" height=\"1253\" src=\"https:\/\/bottlepromotions.com\/wp-content\/uploads\/2024\/02\/compositie-Fuse-b.jpg\" class=\"attachment-fullwidth size-fullwidth\" alt=\"\" srcset=\"https:\/\/bottlepromotions.com\/wp-content\/uploads\/2024\/02\/compositie-Fuse-b.jpg 1920w, https:\/\/bottlepromotions.com\/wp-content\/uploads\/2024\/02\/compositie-Fuse-b-300x196.jpg 300w, https:\/\/bottlepromotions.com\/wp-content\/uploads\/2024\/02\/compositie-Fuse-b-1024x668.jpg 1024w, https:\/\/bottlepromotions.com\/wp-content\/uploads\/2024\/02\/compositie-Fuse-b-768x501.jpg 768w, https:\/\/bottlepromotions.com\/wp-content\/uploads\/2024\/02\/compositie-Fuse-b-1536x1002.jpg 1536w, https:\/\/bottlepromotions.com\/wp-content\/uploads\/2024\/02\/compositie-Fuse-b-600x392.jpg 600w\" sizes=\"auto, (max-width: 1920px) 100vw, 1920px\" \/>\t<\/div>\r\n\r\n\t<div class=\"container container-xl\">\r\n\t\t<div class=\"page-header-content col-md-12 col-lg-7\">\r\n\t\t\t<h1>Fuse, le bidon-de-fruit \u00e9l\u00e9gant de Tacx avec brochette<\/h1>\r\n\r\n\t\t\t\t\t\t\t<h2>La fa\u00e7on d\u2019ajouter de la saveur et des vitamines \u00e0 votre eau.<\/h2>\r\n\t\t\t\r\n\t\t\t\t\t\t\t<p>C\u2019est essentiel de boire beaucoup de l\u2019eau, mais parfois l\u2019eau plate peut \u00eatre un peu ennuyeuse. Donc vous \u00ab pimpez \u00bb votre eau en y ajoutant un go\u00fbt par la brochette du bidon Tacx-Fuse. Par ce bidon sophistiqu\u00e9 de Tacx, vous pouvez ajouter de d\u00e9licieuses saveurs de fruits \u00e0 votre eau. Ins\u00e9rez simplement la brochette de fruits en option (disponible moyennant un co\u00fbt suppl\u00e9mentaire) dans le bouchon, embrochez les fruits sur le b\u00e2ton et aromatisez votre eau. D\u00e9licieux et sain.<br \/>\nC&rsquo;est une fa\u00e7on simple et rafra\u00eechissante d&rsquo;ajouter une touche d&rsquo;excitation \u00e0 votre habitude de boire, selon le principe : \u00ab pimpez \u00bb votre eau \u00bb.<\/p>\n<p>Restez hydrat\u00e9 de mani\u00e8re savoureuse et agr\u00e9able avec Fuse, le bidon \u00e9l\u00e9gant de fusion de fruits de Tacx.<\/p>\n\t\t\t\t\t<\/div>\r\n\t<\/div>\r\n<\/div>\n\n\n<div style=\"height:40px\" aria-hidden=\"true\" class=\"wp-block-spacer\"><\/div>\n\n\n\n<div class=\"wp-block-uagb-container uagb-block-e0811c9c alignwide uagb-is-root-container\">\n<div class=\"wp-block-uagb-container uagb-block-d9460a54\">\n<div class=\"wp-block-uagb-info-box uagb-block-0877c2df uagb-infobox__content-wrap  uagb-infobox-icon-above-title uagb-infobox-image-valign-top\"><div class=\"uagb-ifb-content\"><div class=\"uagb-ifb-image-content\"><img decoding=\"async\" src=\"https:\/\/bottlepromotions.com\/wp-content\/uploads\/2023\/08\/druppel-150x150.png\" alt=\"\" width=\"20\" height=\"20\" loading=\"lazy\"\/><\/div><div class=\"uagb-ifb-title-wrap\"><h3 class=\"uagb-ifb-title\">Le bidon Fruit Fusion le moins cher<\/h3><\/div><\/div><\/div>\n<\/div>\n\n\n\n<div class=\"wp-block-uagb-container uagb-block-d04f5403\">\n<div class=\"wp-block-uagb-info-box uagb-block-2e5cbf1c uagb-infobox__content-wrap  uagb-infobox-icon-above-title uagb-infobox-image-valign-top\"><div class=\"uagb-ifb-content\"><div class=\"uagb-ifb-image-content\"><img decoding=\"async\" src=\"https:\/\/bottlepromotions.com\/wp-content\/uploads\/2023\/08\/druppel-150x150.png\" alt=\"\" width=\"20\" height=\"20\" loading=\"lazy\"\/><\/div><div class=\"uagb-ifb-title-wrap\"><h3 class=\"uagb-ifb-title\">La taille de ce bidon convient \u00e9galement aux mains des enfants<\/h3><\/div><\/div><\/div>\n<\/div>\n\n\n\n<div class=\"wp-block-uagb-container uagb-block-78e50908\">\n<div class=\"wp-block-uagb-info-box uagb-block-0d75331d uagb-infobox__content-wrap  uagb-infobox-icon-above-title uagb-infobox-image-valign-top\"><div class=\"uagb-ifb-content\"><div class=\"uagb-ifb-image-content\"><img decoding=\"async\" src=\"https:\/\/bottlepromotions.com\/wp-content\/uploads\/2023\/08\/druppel-150x150.png\" alt=\"\" width=\"20\" height=\"20\" loading=\"lazy\"\/><\/div><div class=\"uagb-ifb-title-wrap\"><h3 class=\"uagb-ifb-title\">Avec poign\u00e9e de transport pratique&nbsp;<\/h3><\/div><\/div><\/div>\n<\/div>\n\n\n\n<div class=\"wp-block-uagb-container uagb-block-562fbcc1\">\n<div class=\"wp-block-uagb-info-box uagb-block-5284452a uagb-infobox__content-wrap  uagb-infobox-icon-above-title uagb-infobox-image-valign-top\"><div class=\"uagb-ifb-content\"><div class=\"uagb-ifb-image-content\"><img decoding=\"async\" src=\"https:\/\/bottlepromotions.com\/wp-content\/uploads\/2023\/08\/druppel-150x150.png\" alt=\"\" width=\"20\" height=\"20\" loading=\"lazy\"\/><\/div><div class=\"uagb-ifb-title-wrap\"><h3 class=\"uagb-ifb-title\">Zone d&rsquo;impression extra large pour laisser libre cours \u00e0 votre cr\u00e9ativit\u00e9<\/h3><\/div><\/div><\/div>\n<\/div>\n<\/div>\n\n\n\n<div style=\"height:40px\" aria-hidden=\"true\" class=\"wp-block-spacer\"><\/div>\n\n\n\r\n\t<div id=\"products-block_ffcfb5aaa1d53991d50c07d0119d7574\" class=\"products-block\">\r\n\r\n\t\t\t\t\t<a class=\"product-block\" href=\"\/fr\/bottle\/fuse\/\">\r\n\t\t\t\t<h3>\r\n\t\t\t\t\tFuse <small>450ml<\/small>\t\t\t\t<\/h3>\r\n\r\n\t\t\t\t<div class=\"intro\">\r\n\t\t\t\t\tBouchon \u00e0 vis, avec ou sans b\u00e2tonnet Fruit Fusion\t\t\t\t<\/div>\r\n\r\n\t\t\t\t<div class=\"image\">\r\n\t\t\t\t\t<img decoding=\"async\" src=\"https:\/\/bottlepromotions.com\/wp-content\/uploads\/2019\/12\/fuse-unprinted.png\" alt=\"fuse-unprinted\" \/>\r\n\t\t\t\t<\/div>\r\n\t\t\t<\/a>\r\n\t\t\r\n\t<\/div>\r\n\n\n\n<div style=\"height:40px\" aria-hidden=\"true\" class=\"wp-block-spacer\"><\/div>\n\n\n<div id=\"container-block-block_7bb674e2cd1a9d852f92db91000f2eab\" class=\"container-block alignfull background-grey\">\r\n\t<div class=\"container\">\r\n\t\t\n\n<div style=\"height:50px\" aria-hidden=\"true\" class=\"wp-block-spacer\"><\/div>\n\n\n\r\n<div id=\"text-with-image-block-block_e84dfbf5e7e2c8368f9a3b36bc4f71ca\" class=\"fullwidth text-with-image-block position-right layout-normal\">\r\n\r\n\t<div class=\"container-text\">\r\n\t\t\t\t\t\t\t\t\t<h3>LA BOUTEILLE LIFESTYLE PRATIQUE ET POLYVALENTE<\/h3>\r\n\t\t\t\t\t\t\t\r\n\t\t\r\n\t\t<div class=\"text-with-image-block-text\">\r\n\t\t\t<p>Le bidon de 450 ml est con\u00e7u pour un mode-de-vie actif. Id\u00e9al donc pour des personnes sportives, des paquets d&rsquo;\u00e9nergie. Le bidon est dot\u00e9 d&rsquo;un bouchon \u00e0 tirer pratique qui peut \u00e9galement \u00eatre verrouill\u00e9, ce qui la rend \u00e9galement adapt\u00e9e aux boissons gazeuses. Fabriqu\u00e9 \u00e0 partir de poly\u00e9thyl\u00e8ne compressible et sans BPA qui permet de boire facilement en d\u00e9placement. La poign\u00e9e de transport int\u00e9gr\u00e9e vous permet de l&#8217;emporter partout avec vous.<\/p>\n<p>De plus, ce bidon est vraiment polyvalent. Vous pouvez lui d\u00e9guster avec ou sans brochette de fruits (prix additif). Avec un diam\u00e8tre de seulement 64 mm, c&rsquo;est \u00e9galement un excellent objet publicitaire pour les enfants. Il tient dans toutes les mains d&rsquo;enfants et offre suffisamment d&rsquo;espace pour une impression dynamique du haut jusqu\u2019en bas et tout autour.<\/p>\n\t\t<\/div>\r\n\r\n\t\t\t<\/div>\r\n\r\n\t<div class=\"container-visual\">\r\n\t\t\t\t\t<img loading=\"lazy\" decoding=\"async\" width=\"1920\" height=\"1188\" src=\"https:\/\/bottlepromotions.com\/wp-content\/uploads\/2023\/08\/Fuse-compositie-div-kleuren-bedrukt-1920x1188.jpg\" class=\"attachment-fullwidth size-fullwidth\" alt=\"\" \/>\t\t\t<\/div>\r\n\r\n<\/div>\n\n\n<div style=\"height:50px\" aria-hidden=\"true\" class=\"wp-block-spacer\"><\/div>\n\n\r\n\t<\/div>\r\n<\/div>\n\n<div id=\"container-block-block_c3fcc0edd3d8a39926ea7ca7508eaaf5\" class=\"container-block alignfull background-blue\">\r\n\t<div class=\"container\">\r\n\t\t\n\n<div style=\"height:60px\" aria-hidden=\"true\" class=\"wp-block-spacer\"><\/div>\n\n\n\n<div style=\"height:60px\" aria-hidden=\"true\" class=\"wp-block-spacer\"><\/div>\n\n\r\n\t<\/div>\r\n<\/div>","protected":false},"excerpt":{"rendered":"","protected":false},"author":11,"featured_media":0,"parent":0,"menu_order":0,"comment_status":"closed","ping_status":"closed","template":"page-gutenberg.php","meta":{"_acf_changed":false,"_uag_custom_page_level_css":"","footnotes":""},"class_list":["post-11015","page","type-page","status-publish","hentry"],"acf":[],"yoast_head":"<!-- This site is optimized with the Yoast SEO plugin v26.9 - https:\/\/yoast.com\/product\/yoast-seo-wordpress\/ -->\n<title>Lifestyle Bottles - Bottle Promotions<\/title>\n<meta name=\"robots\" content=\"index, follow, max-snippet:-1, max-image-preview:large, max-video-preview:-1\" \/>\n<link rel=\"canonical\" href=\"https:\/\/bottlepromotions.com\/fr\/lifestyle-bottles\/\" \/>\n<meta property=\"og:locale\" content=\"fr_FR\" \/>\n<meta property=\"og:type\" content=\"article\" \/>\n<meta property=\"og:title\" content=\"Lifestyle Bottles - Bottle Promotions\" \/>\n<meta property=\"og:url\" content=\"https:\/\/bottlepromotions.com\/fr\/lifestyle-bottles\/\" \/>\n<meta property=\"og:site_name\" content=\"Bottle Promotions\" \/>\n<meta property=\"article:modified_time\" content=\"2026-01-14T13:58:12+00:00\" \/>\n<meta property=\"og:image\" content=\"https:\/\/bottlepromotions.com\/wp-content\/uploads\/2023\/08\/druppel-150x150.png\" \/>\n<meta name=\"twitter:card\" content=\"summary_large_image\" \/>\n<meta name=\"twitter:label1\" content=\"Dur\u00e9e de lecture estim\u00e9e\" \/>\n\t<meta name=\"twitter:data1\" content=\"1 minute\" \/>\n<script type=\"application\/ld+json\" class=\"yoast-schema-graph\">{\"@context\":\"https:\/\/schema.org\",\"@graph\":[{\"@type\":\"WebPage\",\"@id\":\"https:\/\/bottlepromotions.com\/fr\/lifestyle-bottles\/\",\"url\":\"https:\/\/bottlepromotions.com\/fr\/lifestyle-bottles\/\",\"name\":\"Lifestyle Bottles - Bottle Promotions\",\"isPartOf\":{\"@id\":\"https:\/\/bottlepromotions.com\/fr\/#website\"},\"primaryImageOfPage\":{\"@id\":\"https:\/\/bottlepromotions.com\/fr\/lifestyle-bottles\/#primaryimage\"},\"image\":{\"@id\":\"https:\/\/bottlepromotions.com\/fr\/lifestyle-bottles\/#primaryimage\"},\"thumbnailUrl\":\"https:\/\/bottlepromotions.com\/wp-content\/uploads\/2023\/08\/druppel-150x150.png\",\"datePublished\":\"2021-03-25T09:30:59+00:00\",\"dateModified\":\"2026-01-14T13:58:12+00:00\",\"breadcrumb\":{\"@id\":\"https:\/\/bottlepromotions.com\/fr\/lifestyle-bottles\/#breadcrumb\"},\"inLanguage\":\"fr-FR\",\"potentialAction\":[{\"@type\":\"ReadAction\",\"target\":[\"https:\/\/bottlepromotions.com\/fr\/lifestyle-bottles\/\"]}]},{\"@type\":\"ImageObject\",\"inLanguage\":\"fr-FR\",\"@id\":\"https:\/\/bottlepromotions.com\/fr\/lifestyle-bottles\/#primaryimage\",\"url\":\"https:\/\/bottlepromotions.com\/wp-content\/uploads\/2023\/08\/druppel-150x150.png\",\"contentUrl\":\"https:\/\/bottlepromotions.com\/wp-content\/uploads\/2023\/08\/druppel-150x150.png\"},{\"@type\":\"BreadcrumbList\",\"@id\":\"https:\/\/bottlepromotions.com\/fr\/lifestyle-bottles\/#breadcrumb\",\"itemListElement\":[{\"@type\":\"ListItem\",\"position\":1,\"name\":\"Home\",\"item\":\"https:\/\/bottlepromotions.com\/fr\/\"},{\"@type\":\"ListItem\",\"position\":2,\"name\":\"Lifestyle Bottles\"}]},{\"@type\":\"WebSite\",\"@id\":\"https:\/\/bottlepromotions.com\/fr\/#website\",\"url\":\"https:\/\/bottlepromotions.com\/fr\/\",\"name\":\"Bottle Promotions\",\"description\":\"Your partner in promotional bottles\",\"publisher\":{\"@id\":\"https:\/\/bottlepromotions.com\/fr\/#organization\"},\"potentialAction\":[{\"@type\":\"SearchAction\",\"target\":{\"@type\":\"EntryPoint\",\"urlTemplate\":\"https:\/\/bottlepromotions.com\/fr\/?s={search_term_string}\"},\"query-input\":{\"@type\":\"PropertyValueSpecification\",\"valueRequired\":true,\"valueName\":\"search_term_string\"}}],\"inLanguage\":\"fr-FR\"},{\"@type\":\"Organization\",\"@id\":\"https:\/\/bottlepromotions.com\/fr\/#organization\",\"name\":\"Bottle Promotions\",\"url\":\"https:\/\/bottlepromotions.com\/fr\/\",\"logo\":{\"@type\":\"ImageObject\",\"inLanguage\":\"fr-FR\",\"@id\":\"https:\/\/bottlepromotions.com\/fr\/#\/schema\/logo\/image\/\",\"url\":\"https:\/\/bottlepromotions.com\/wp-content\/uploads\/2021\/05\/BP-logo-white.png\",\"contentUrl\":\"https:\/\/bottlepromotions.com\/wp-content\/uploads\/2021\/05\/BP-logo-white.png\",\"width\":1284,\"height\":802,\"caption\":\"Bottle Promotions\"},\"image\":{\"@id\":\"https:\/\/bottlepromotions.com\/fr\/#\/schema\/logo\/image\/\"}}]}<\/script>\n<!-- \/ Yoast SEO plugin. -->","yoast_head_json":{"title":"Lifestyle Bottles - Bottle Promotions","robots":{"index":"index","follow":"follow","max-snippet":"max-snippet:-1","max-image-preview":"max-image-preview:large","max-video-preview":"max-video-preview:-1"},"canonical":"https:\/\/bottlepromotions.com\/fr\/lifestyle-bottles\/","og_locale":"fr_FR","og_type":"article","og_title":"Lifestyle Bottles - Bottle Promotions","og_url":"https:\/\/bottlepromotions.com\/fr\/lifestyle-bottles\/","og_site_name":"Bottle Promotions","article_modified_time":"2026-01-14T13:58:12+00:00","og_image":[{"url":"https:\/\/bottlepromotions.com\/wp-content\/uploads\/2023\/08\/druppel-150x150.png","type":"","width":"","height":""}],"twitter_card":"summary_large_image","twitter_misc":{"Dur\u00e9e de lecture estim\u00e9e":"1 minute"},"schema":{"@context":"https:\/\/schema.org","@graph":[{"@type":"WebPage","@id":"https:\/\/bottlepromotions.com\/fr\/lifestyle-bottles\/","url":"https:\/\/bottlepromotions.com\/fr\/lifestyle-bottles\/","name":"Lifestyle Bottles - Bottle Promotions","isPartOf":{"@id":"https:\/\/bottlepromotions.com\/fr\/#website"},"primaryImageOfPage":{"@id":"https:\/\/bottlepromotions.com\/fr\/lifestyle-bottles\/#primaryimage"},"image":{"@id":"https:\/\/bottlepromotions.com\/fr\/lifestyle-bottles\/#primaryimage"},"thumbnailUrl":"https:\/\/bottlepromotions.com\/wp-content\/uploads\/2023\/08\/druppel-150x150.png","datePublished":"2021-03-25T09:30:59+00:00","dateModified":"2026-01-14T13:58:12+00:00","breadcrumb":{"@id":"https:\/\/bottlepromotions.com\/fr\/lifestyle-bottles\/#breadcrumb"},"inLanguage":"fr-FR","potentialAction":[{"@type":"ReadAction","target":["https:\/\/bottlepromotions.com\/fr\/lifestyle-bottles\/"]}]},{"@type":"ImageObject","inLanguage":"fr-FR","@id":"https:\/\/bottlepromotions.com\/fr\/lifestyle-bottles\/#primaryimage","url":"https:\/\/bottlepromotions.com\/wp-content\/uploads\/2023\/08\/druppel-150x150.png","contentUrl":"https:\/\/bottlepromotions.com\/wp-content\/uploads\/2023\/08\/druppel-150x150.png"},{"@type":"BreadcrumbList","@id":"https:\/\/bottlepromotions.com\/fr\/lifestyle-bottles\/#breadcrumb","itemListElement":[{"@type":"ListItem","position":1,"name":"Home","item":"https:\/\/bottlepromotions.com\/fr\/"},{"@type":"ListItem","position":2,"name":"Lifestyle Bottles"}]},{"@type":"WebSite","@id":"https:\/\/bottlepromotions.com\/fr\/#website","url":"https:\/\/bottlepromotions.com\/fr\/","name":"Bottle Promotions","description":"Your partner in promotional bottles","publisher":{"@id":"https:\/\/bottlepromotions.com\/fr\/#organization"},"potentialAction":[{"@type":"SearchAction","target":{"@type":"EntryPoint","urlTemplate":"https:\/\/bottlepromotions.com\/fr\/?s={search_term_string}"},"query-input":{"@type":"PropertyValueSpecification","valueRequired":true,"valueName":"search_term_string"}}],"inLanguage":"fr-FR"},{"@type":"Organization","@id":"https:\/\/bottlepromotions.com\/fr\/#organization","name":"Bottle Promotions","url":"https:\/\/bottlepromotions.com\/fr\/","logo":{"@type":"ImageObject","inLanguage":"fr-FR","@id":"https:\/\/bottlepromotions.com\/fr\/#\/schema\/logo\/image\/","url":"https:\/\/bottlepromotions.com\/wp-content\/uploads\/2021\/05\/BP-logo-white.png","contentUrl":"https:\/\/bottlepromotions.com\/wp-content\/uploads\/2021\/05\/BP-logo-white.png","width":1284,"height":802,"caption":"Bottle Promotions"},"image":{"@id":"https:\/\/bottlepromotions.com\/fr\/#\/schema\/logo\/image\/"}}]}},"uagb_featured_image_src":{"full":false,"thumbnail":false,"medium":false,"medium_large":false,"large":false,"1536x1536":false,"2048x2048":false,"fullwidth":false,"mediumplus":false,"gform-image-choice-sm":false,"gform-image-choice-md":false,"gform-image-choice-lg":false},"uagb_author_info":{"display_name":"Job Hanemaaijer","author_link":"https:\/\/bottlepromotions.com\/fr\/author\/job\/"},"uagb_comment_info":0,"uagb_excerpt":null,"_links":{"self":[{"href":"https:\/\/bottlepromotions.com\/fr\/wp-json\/wp\/v2\/pages\/11015","targetHints":{"allow":["GET"]}}],"collection":[{"href":"https:\/\/bottlepromotions.com\/fr\/wp-json\/wp\/v2\/pages"}],"about":[{"href":"https:\/\/bottlepromotions.com\/fr\/wp-json\/wp\/v2\/types\/page"}],"author":[{"embeddable":true,"href":"https:\/\/bottlepromotions.com\/fr\/wp-json\/wp\/v2\/users\/11"}],"replies":[{"embeddable":true,"href":"https:\/\/bottlepromotions.com\/fr\/wp-json\/wp\/v2\/comments?post=11015"}],"version-history":[{"count":11,"href":"https:\/\/bottlepromotions.com\/fr\/wp-json\/wp\/v2\/pages\/11015\/revisions"}],"predecessor-version":[{"id":20803,"href":"https:\/\/bottlepromotions.com\/fr\/wp-json\/wp\/v2\/pages\/11015\/revisions\/20803"}],"wp:attachment":[{"href":"https:\/\/bottlepromotions.com\/fr\/wp-json\/wp\/v2\/media?parent=11015"}],"curies":[{"name":"wp","href":"https:\/\/api.w.org\/{rel}","templated":true}]}}