{"id":6551,"date":"2020-01-13T10:16:28","date_gmt":"2020-01-13T10:16:28","guid":{"rendered":"https:\/\/bottlepromotions.com\/?page_id=6551"},"modified":"2020-02-11T10:00:36","modified_gmt":"2020-02-11T10:00:36","slug":"selling-bottles","status":"publish","type":"page","link":"https:\/\/bottlepromotions.com\/de\/selling-bottles\/","title":{"rendered":"Trinkflaschen verkaufen"},"content":{"rendered":"\n<section class=\"wp-block-uagb-section uagb-section__wrap uagb-section__background-undefined\" id=\"uagb-section-1b108b6f-e7a0-41cd-8b79-8ecb9d1309dc\"><div class=\"uagb-section__overlay\"><\/div><div class=\"uagb-section__inner-wrap\">\n<h2 class=\"has-text-align-center wp-block-heading\">Trinkflashen verkaufen<\/h2>\n\n\n\n<p class=\"has-text-align-center\">Trinkflaschen und Zubeh\u00f6r sind nur \u00fcber in der Werbebranche und in der Fahrradindustrie t\u00e4tige Wiederverk\u00e4ufer erh\u00e4ltlich. Endkunden, die sich an uns wenden, verweisen wir an einen unserer Partner in den betreffenden Regionen oder L\u00e4ndern weiter.<br> <br>Sind Sie ein Wiederverk\u00e4ufer? Zur Inspiration und Unterst\u00fctzung k\u00f6nnen Sie die folgenden Vertriebs-Tools nutzen. <br> Bitte kontaktieren Sie uns. Wie helfen Ihnen gern weiter.<\/p>\n<\/div><\/section>\n\n\n\n<section class=\"wp-block-uagb-columns uagb-columns__wrap uagb-columns__background-undefined uagb-columns__stack-mobile uagb-columns__valign-undefined uagb-columns__gap-10 alignundefined\" id=\"uagb-columns-fdee6f45-886d-48d3-ba06-c974bc5b3475\"><div class=\"uagb-columns__overlay\"><\/div><div class=\"uagb-columns__inner-wrap uagb-columns__columns-2\">\n<div class=\"wp-block-uagb-column uagb-column__wrap uagb-column__background-undefined\" id=\"uagb-column-2aec5b8e-85b9-401f-bc40-5305df0a0040\"><div class=\"uagb-column__overlay\"><\/div><div class=\"uagb-column__inner-wrap\">\r\n<div id=\"pagelead-block_5db8472d6f66d\" class=\"cta-block page-lead\">\r\n\r\n\t<a class=\"block\" href=\"https:\/\/bottlepromotions.com\/de\/bottles-and-accessories\/\" >\r\n\t\t<div class=\"block-header\">\r\n\t\t\t<div class=\"block-header-inner\">\r\n\t\t\t\t<h3>Pr\u00e4sentationsdisplays<\/h3>\r\n\t\t\t\t<div class=\"intro\">\r\n\t\t\t\t\t<p>In unserem Zubeh\u00f6rsortiment bieten wir 2 Arten von Displays f\u00fcr 23 oder 10 Trinkflaschen an. Nutzen Sie diese Displays in Ihrem Showroom oder auf einer (Haus-)Messe. Die Displays sind einschlie\u00dflich einer Reihe verschiedener Trinkflaschen mit unterschiedlichem Aufdruck erh\u00e4ltlich. <\/p>\r\n\t\t\t\t<\/div>\r\n\t\t\t<\/div>\r\n\t\t<\/div>\r\n\t\t\t\t<div class=\"block-image\" style=\"background-image:url(https:\/\/bottlepromotions.com\/wp-content\/uploads\/2018\/11\/JvdB20180411-0027.jpg)\"><\/div>\r\n\t<\/a>\r\n\r\n<\/div><\/div><\/div>\n\n\n\n<div class=\"wp-block-uagb-column uagb-column__wrap uagb-column__background-undefined\" id=\"uagb-column-68c5cdbf-938e-43dd-88ae-b7ae4cb0a697\"><div class=\"uagb-column__overlay\"><\/div><div class=\"uagb-column__inner-wrap\">\r\n<div id=\"pagelead-block_5db847646f66e\" class=\"cta-block page-lead\">\r\n\r\n\t<a class=\"block\" href=\"https:\/\/bottlepromotions.com\/de\/fordern-sie-ein-angebot-an\/\" >\r\n\t\t<div class=\"block-header\">\r\n\t\t\t<div class=\"block-header-inner\">\r\n\t\t\t\t<h3>Karton mit Mustern  \u2028<\/h3>\r\n\t\t\t\t<div class=\"intro\">\r\n\t\t\t\t\t<p>Damit man sich ein gutes Bild von unseren Trinkflaschen machen kann, bieten wir kostenlos bedruckte Muster der verschiedenen Trinkflaschentypen an. Sie erhalten eine Zusammenstellung verschiedener einfacher Aufdrucke mit 1 bis 2 Farben und wundersch\u00f6ner Aufdrucke in Vollfarbdruck.<\/p>\r\n\t\t\t\t<\/div>\r\n\t\t\t<\/div>\r\n\t\t<\/div>\r\n\t\t\t\t<div class=\"block-image\" style=\"background-image:url(https:\/\/bottlepromotions.com\/wp-content\/uploads\/2020\/01\/selling-bottles-block.jpg)\"><\/div>\r\n\t<\/a>\r\n\r\n<\/div><\/div><\/div>\n<\/div><\/section>\n\n\n\n<section class=\"wp-block-uagb-columns uagb-columns__wrap uagb-columns__background-undefined uagb-columns__stack-tablet uagb-columns__valign-undefined uagb-columns__gap-10 alignundefined\" id=\"uagb-columns-1d3f643c-7a2a-4fbb-8e5f-6d8646058514\"><div class=\"uagb-columns__overlay\"><\/div><div class=\"uagb-columns__inner-wrap uagb-columns__columns-2\">\n<div class=\"wp-block-uagb-column uagb-column__wrap uagb-column__background-undefined\" id=\"uagb-column-bdfd9f47-9c1a-40e6-8b74-a6e59a095d9b\"><div class=\"uagb-column__overlay\"><\/div><div class=\"uagb-column__inner-wrap\">\r\n<div id=\"pagelead-block_5db847c16f66f\" class=\"cta-block page-lead\">\r\n\r\n\t<a class=\"block\" href=\"https:\/\/bottlepromotions.com\/de\/neutraler-link-bottle-creator\/\" >\r\n\t\t<div class=\"block-header\">\r\n\t\t\t<div class=\"block-header-inner\">\r\n\t\t\t\t<h3>Neutraler Link zum Bottle Creator<\/h3>\r\n\t\t\t\t<div class=\"intro\">\r\n\t\t\t\t\t<p>\u2028Integrieren Sie den Bottle Creator in Ihre eigene Website. Damit bieten Sie Kunden die M\u00f6glichkeit, schnell und einfach selbst eine Trinkflasche zu entwerfen und ein Angebot anzufordern. Die Anfragen gehen in Ihrem eigenen Posteingang ein. <\/p>\r\n\t\t\t\t<\/div>\r\n\t\t\t<\/div>\r\n\t\t<\/div>\r\n\t\t\t\t<div class=\"block-image\" style=\"background-image:url(https:\/\/bottlepromotions.com\/wp-content\/uploads\/2018\/10\/bottle-creator-img.jpg)\"><\/div>\r\n\t<\/a>\r\n\r\n<\/div><\/div><\/div>\n\n\n\n<div class=\"wp-block-uagb-column uagb-column__wrap uagb-column__background-undefined\" id=\"uagb-column-ccdce69a-537a-401a-8913-6184da7afe90\"><div class=\"uagb-column__overlay\"><\/div><div class=\"uagb-column__inner-wrap\">\r\n<div id=\"pagelead-block_5db847c16f670\" class=\"cta-block page-lead\">\r\n\r\n\t<a class=\"block\" href=\"https:\/\/mediakit.bottlepromotions.com\/\" >\r\n\t\t<div class=\"block-header\">\r\n\t\t\t<div class=\"block-header-inner\">\r\n\t\t\t\t<h3>Partner-website<\/h3>\r\n\t\t\t\t<div class=\"intro\">\r\n\t\t\t\t\t<p>Laden Sie einfach Produktfotos mit hoher Aufl\u00f6sung und Vertriebsmaterial f\u00fcr den Eigengebrauch herunter. <\/p>\r\n\t\t\t\t<\/div>\r\n\t\t\t<\/div>\r\n\t\t<\/div>\r\n\t\t\t\t<div class=\"block-image\" style=\"background-image:url(https:\/\/bottlepromotions.com\/wp-content\/uploads\/2017\/05\/Foto-Astana-in-ijs.jpg)\"><\/div>\r\n\t<\/a>\r\n\r\n<\/div><\/div><\/div>\n<\/div><\/section>\n\n\n\n<section class=\"wp-block-uagb-section uagb-section__wrap uagb-section__background-color\" id=\"uagb-section-51b58985-7551-4ac6-81f7-7fe705efd9c8\"><div class=\"uagb-section__overlay\"><\/div><div class=\"uagb-section__inner-wrap\">\n<h2 class=\"has-text-align-center wp-block-heading\">Transport<\/h2>\n\n\n\n<p class=\"has-text-align-center\">Unsere Lieferbedingung f\u00fcr bedruckte Trinkflaschen ist \u201eLieferung ab Werk\u201c. Das bedeutet, dass Sie den Transport selbst organisieren m\u00fcssen. Wir k\u00f6nnen das auch f\u00fcr Sie \u00fcbernehmen. Dazu schalten wir unsere zuverl\u00e4ssigen festen Transportunternehmen ein, mit denen wir gute Preisvereinbarungen getroffen haben. Bitte wenden Sie sich an uns und wir unterbreiten Ihnen ein Angebot. F\u00fcr Einzelpakete nutzen wir einen Paketdienst.<br><br><a href=\"https:\/\/bottlepromotions.com\/de\/transportinfo\/\">Transport information<\/a><\/p>\n<\/div><\/section>\n\n\n","protected":false},"excerpt":{"rendered":"","protected":false},"author":11,"featured_media":6882,"parent":0,"menu_order":0,"comment_status":"closed","ping_status":"closed","template":"page-gutenberg.php","meta":{"_acf_changed":false,"_uag_custom_page_level_css":"","footnotes":""},"class_list":["post-6551","page","type-page","status-publish","has-post-thumbnail","hentry"],"acf":[],"yoast_head":"<!-- This site is optimized with the Yoast SEO plugin v26.9 - https:\/\/yoast.com\/product\/yoast-seo-wordpress\/ -->\n<title>Trinkflaschen verkaufen - Bottle Promotions<\/title>\n<meta name=\"robots\" content=\"index, follow, max-snippet:-1, max-image-preview:large, max-video-preview:-1\" \/>\n<link rel=\"canonical\" href=\"https:\/\/bottlepromotions.com\/de\/selling-bottles\/\" \/>\n<meta property=\"og:locale\" content=\"de_DE\" \/>\n<meta property=\"og:type\" content=\"article\" \/>\n<meta property=\"og:title\" content=\"Trinkflaschen verkaufen - Bottle Promotions\" \/>\n<meta property=\"og:url\" content=\"https:\/\/bottlepromotions.com\/de\/selling-bottles\/\" \/>\n<meta property=\"og:site_name\" content=\"Bottle Promotions\" \/>\n<meta property=\"article:modified_time\" content=\"2020-02-11T10:00:36+00:00\" \/>\n<meta property=\"og:image\" content=\"https:\/\/bottlepromotions.com\/wp-content\/uploads\/2020\/01\/kids-2020.jpg\" \/>\n\t<meta property=\"og:image:width\" content=\"1920\" \/>\n\t<meta property=\"og:image:height\" content=\"899\" \/>\n\t<meta property=\"og:image:type\" content=\"image\/jpeg\" \/>\n<meta name=\"twitter:card\" content=\"summary_large_image\" \/>\n<meta name=\"twitter:label1\" content=\"Gesch\u00e4tzte Lesezeit\" \/>\n\t<meta name=\"twitter:data1\" content=\"1\u00a0Minute\" \/>\n<script type=\"application\/ld+json\" class=\"yoast-schema-graph\">{\"@context\":\"https:\/\/schema.org\",\"@graph\":[{\"@type\":\"WebPage\",\"@id\":\"https:\/\/bottlepromotions.com\/de\/selling-bottles\/\",\"url\":\"https:\/\/bottlepromotions.com\/de\/selling-bottles\/\",\"name\":\"Trinkflaschen verkaufen - Bottle Promotions\",\"isPartOf\":{\"@id\":\"https:\/\/bottlepromotions.com\/de\/#website\"},\"primaryImageOfPage\":{\"@id\":\"https:\/\/bottlepromotions.com\/de\/selling-bottles\/#primaryimage\"},\"image\":{\"@id\":\"https:\/\/bottlepromotions.com\/de\/selling-bottles\/#primaryimage\"},\"thumbnailUrl\":\"https:\/\/bottlepromotions.com\/wp-content\/uploads\/2020\/01\/kids-2020.jpg\",\"datePublished\":\"2020-01-13T10:16:28+00:00\",\"dateModified\":\"2020-02-11T10:00:36+00:00\",\"breadcrumb\":{\"@id\":\"https:\/\/bottlepromotions.com\/de\/selling-bottles\/#breadcrumb\"},\"inLanguage\":\"de\",\"potentialAction\":[{\"@type\":\"ReadAction\",\"target\":[\"https:\/\/bottlepromotions.com\/de\/selling-bottles\/\"]}]},{\"@type\":\"ImageObject\",\"inLanguage\":\"de\",\"@id\":\"https:\/\/bottlepromotions.com\/de\/selling-bottles\/#primaryimage\",\"url\":\"https:\/\/bottlepromotions.com\/wp-content\/uploads\/2020\/01\/kids-2020.jpg\",\"contentUrl\":\"https:\/\/bottlepromotions.com\/wp-content\/uploads\/2020\/01\/kids-2020.jpg\",\"width\":1920,\"height\":899},{\"@type\":\"BreadcrumbList\",\"@id\":\"https:\/\/bottlepromotions.com\/de\/selling-bottles\/#breadcrumb\",\"itemListElement\":[{\"@type\":\"ListItem\",\"position\":1,\"name\":\"Home\",\"item\":\"https:\/\/bottlepromotions.com\/de\/\"},{\"@type\":\"ListItem\",\"position\":2,\"name\":\"Trinkflaschen verkaufen\"}]},{\"@type\":\"WebSite\",\"@id\":\"https:\/\/bottlepromotions.com\/de\/#website\",\"url\":\"https:\/\/bottlepromotions.com\/de\/\",\"name\":\"Bottle Promotions\",\"description\":\"Your partner in promotional bottles\",\"publisher\":{\"@id\":\"https:\/\/bottlepromotions.com\/de\/#organization\"},\"potentialAction\":[{\"@type\":\"SearchAction\",\"target\":{\"@type\":\"EntryPoint\",\"urlTemplate\":\"https:\/\/bottlepromotions.com\/de\/?s={search_term_string}\"},\"query-input\":{\"@type\":\"PropertyValueSpecification\",\"valueRequired\":true,\"valueName\":\"search_term_string\"}}],\"inLanguage\":\"de\"},{\"@type\":\"Organization\",\"@id\":\"https:\/\/bottlepromotions.com\/de\/#organization\",\"name\":\"Bottle Promotions\",\"url\":\"https:\/\/bottlepromotions.com\/de\/\",\"logo\":{\"@type\":\"ImageObject\",\"inLanguage\":\"de\",\"@id\":\"https:\/\/bottlepromotions.com\/de\/#\/schema\/logo\/image\/\",\"url\":\"https:\/\/bottlepromotions.com\/wp-content\/uploads\/2021\/05\/BP-logo-white.png\",\"contentUrl\":\"https:\/\/bottlepromotions.com\/wp-content\/uploads\/2021\/05\/BP-logo-white.png\",\"width\":1284,\"height\":802,\"caption\":\"Bottle Promotions\"},\"image\":{\"@id\":\"https:\/\/bottlepromotions.com\/de\/#\/schema\/logo\/image\/\"}}]}<\/script>\n<!-- \/ Yoast SEO plugin. -->","yoast_head_json":{"title":"Trinkflaschen verkaufen - Bottle Promotions","robots":{"index":"index","follow":"follow","max-snippet":"max-snippet:-1","max-image-preview":"max-image-preview:large","max-video-preview":"max-video-preview:-1"},"canonical":"https:\/\/bottlepromotions.com\/de\/selling-bottles\/","og_locale":"de_DE","og_type":"article","og_title":"Trinkflaschen verkaufen - Bottle Promotions","og_url":"https:\/\/bottlepromotions.com\/de\/selling-bottles\/","og_site_name":"Bottle Promotions","article_modified_time":"2020-02-11T10:00:36+00:00","og_image":[{"width":1920,"height":899,"url":"https:\/\/bottlepromotions.com\/wp-content\/uploads\/2020\/01\/kids-2020.jpg","type":"image\/jpeg"}],"twitter_card":"summary_large_image","twitter_misc":{"Gesch\u00e4tzte Lesezeit":"1\u00a0Minute"},"schema":{"@context":"https:\/\/schema.org","@graph":[{"@type":"WebPage","@id":"https:\/\/bottlepromotions.com\/de\/selling-bottles\/","url":"https:\/\/bottlepromotions.com\/de\/selling-bottles\/","name":"Trinkflaschen verkaufen - Bottle Promotions","isPartOf":{"@id":"https:\/\/bottlepromotions.com\/de\/#website"},"primaryImageOfPage":{"@id":"https:\/\/bottlepromotions.com\/de\/selling-bottles\/#primaryimage"},"image":{"@id":"https:\/\/bottlepromotions.com\/de\/selling-bottles\/#primaryimage"},"thumbnailUrl":"https:\/\/bottlepromotions.com\/wp-content\/uploads\/2020\/01\/kids-2020.jpg","datePublished":"2020-01-13T10:16:28+00:00","dateModified":"2020-02-11T10:00:36+00:00","breadcrumb":{"@id":"https:\/\/bottlepromotions.com\/de\/selling-bottles\/#breadcrumb"},"inLanguage":"de","potentialAction":[{"@type":"ReadAction","target":["https:\/\/bottlepromotions.com\/de\/selling-bottles\/"]}]},{"@type":"ImageObject","inLanguage":"de","@id":"https:\/\/bottlepromotions.com\/de\/selling-bottles\/#primaryimage","url":"https:\/\/bottlepromotions.com\/wp-content\/uploads\/2020\/01\/kids-2020.jpg","contentUrl":"https:\/\/bottlepromotions.com\/wp-content\/uploads\/2020\/01\/kids-2020.jpg","width":1920,"height":899},{"@type":"BreadcrumbList","@id":"https:\/\/bottlepromotions.com\/de\/selling-bottles\/#breadcrumb","itemListElement":[{"@type":"ListItem","position":1,"name":"Home","item":"https:\/\/bottlepromotions.com\/de\/"},{"@type":"ListItem","position":2,"name":"Trinkflaschen verkaufen"}]},{"@type":"WebSite","@id":"https:\/\/bottlepromotions.com\/de\/#website","url":"https:\/\/bottlepromotions.com\/de\/","name":"Bottle Promotions","description":"Your partner in promotional bottles","publisher":{"@id":"https:\/\/bottlepromotions.com\/de\/#organization"},"potentialAction":[{"@type":"SearchAction","target":{"@type":"EntryPoint","urlTemplate":"https:\/\/bottlepromotions.com\/de\/?s={search_term_string}"},"query-input":{"@type":"PropertyValueSpecification","valueRequired":true,"valueName":"search_term_string"}}],"inLanguage":"de"},{"@type":"Organization","@id":"https:\/\/bottlepromotions.com\/de\/#organization","name":"Bottle Promotions","url":"https:\/\/bottlepromotions.com\/de\/","logo":{"@type":"ImageObject","inLanguage":"de","@id":"https:\/\/bottlepromotions.com\/de\/#\/schema\/logo\/image\/","url":"https:\/\/bottlepromotions.com\/wp-content\/uploads\/2021\/05\/BP-logo-white.png","contentUrl":"https:\/\/bottlepromotions.com\/wp-content\/uploads\/2021\/05\/BP-logo-white.png","width":1284,"height":802,"caption":"Bottle Promotions"},"image":{"@id":"https:\/\/bottlepromotions.com\/de\/#\/schema\/logo\/image\/"}}]}},"uagb_featured_image_src":{"full":["https:\/\/bottlepromotions.com\/wp-content\/uploads\/2020\/01\/kids-2020.jpg",1920,899,false],"thumbnail":["https:\/\/bottlepromotions.com\/wp-content\/uploads\/2020\/01\/kids-2020-150x150.jpg",150,150,true],"medium":["https:\/\/bottlepromotions.com\/wp-content\/uploads\/2020\/01\/kids-2020-300x140.jpg",300,140,true],"medium_large":["https:\/\/bottlepromotions.com\/wp-content\/uploads\/2020\/01\/kids-2020-768x360.jpg",768,360,true],"large":["https:\/\/bottlepromotions.com\/wp-content\/uploads\/2020\/01\/kids-2020-1024x479.jpg",900,421,true],"1536x1536":["https:\/\/bottlepromotions.com\/wp-content\/uploads\/2020\/01\/kids-2020-1536x719.jpg",1536,719,true],"2048x2048":["https:\/\/bottlepromotions.com\/wp-content\/uploads\/2020\/01\/kids-2020.jpg",1920,899,false],"fullwidth":["https:\/\/bottlepromotions.com\/wp-content\/uploads\/2020\/01\/kids-2020.jpg",1920,899,false],"mediumplus":["https:\/\/bottlepromotions.com\/wp-content\/uploads\/2020\/01\/kids-2020-600x281.jpg",600,281,true],"gform-image-choice-sm":["https:\/\/bottlepromotions.com\/wp-content\/uploads\/2020\/01\/kids-2020.jpg",300,140,false],"gform-image-choice-md":["https:\/\/bottlepromotions.com\/wp-content\/uploads\/2020\/01\/kids-2020.jpg",400,187,false],"gform-image-choice-lg":["https:\/\/bottlepromotions.com\/wp-content\/uploads\/2020\/01\/kids-2020.jpg",600,281,false]},"uagb_author_info":{"display_name":"Job Hanemaaijer","author_link":"https:\/\/bottlepromotions.com\/de\/author\/job\/"},"uagb_comment_info":0,"uagb_excerpt":null,"_links":{"self":[{"href":"https:\/\/bottlepromotions.com\/de\/wp-json\/wp\/v2\/pages\/6551","targetHints":{"allow":["GET"]}}],"collection":[{"href":"https:\/\/bottlepromotions.com\/de\/wp-json\/wp\/v2\/pages"}],"about":[{"href":"https:\/\/bottlepromotions.com\/de\/wp-json\/wp\/v2\/types\/page"}],"author":[{"embeddable":true,"href":"https:\/\/bottlepromotions.com\/de\/wp-json\/wp\/v2\/users\/11"}],"replies":[{"embeddable":true,"href":"https:\/\/bottlepromotions.com\/de\/wp-json\/wp\/v2\/comments?post=6551"}],"version-history":[{"count":16,"href":"https:\/\/bottlepromotions.com\/de\/wp-json\/wp\/v2\/pages\/6551\/revisions"}],"predecessor-version":[{"id":7012,"href":"https:\/\/bottlepromotions.com\/de\/wp-json\/wp\/v2\/pages\/6551\/revisions\/7012"}],"wp:featuredmedia":[{"embeddable":true,"href":"https:\/\/bottlepromotions.com\/de\/wp-json\/wp\/v2\/media\/6882"}],"wp:attachment":[{"href":"https:\/\/bottlepromotions.com\/de\/wp-json\/wp\/v2\/media?parent=6551"}],"curies":[{"name":"wp","href":"https:\/\/api.w.org\/{rel}","templated":true}]}}