{"id":6488,"date":"2020-01-08T14:52:45","date_gmt":"2020-01-08T14:52:45","guid":{"rendered":"https:\/\/bottlepromotions.com\/?page_id=6488"},"modified":"2025-01-16T13:52:02","modified_gmt":"2025-01-16T13:52:02","slug":"printing-bottles","status":"publish","type":"page","link":"https:\/\/bottlepromotions.com\/de\/printing-bottles\/","title":{"rendered":"Printing Bottles"},"content":{"rendered":"<div id=\"page-header-block_dc177a9e4c082f5156f2f256940c7f60\" class=\"page-header-block alignfull\">\r\n\t<div class=\"image\">\r\n\t\t<img loading=\"lazy\" decoding=\"async\" width=\"1920\" height=\"1054\" src=\"https:\/\/bottlepromotions.com\/wp-content\/uploads\/2024\/09\/IMG_4316-b.jpg\" class=\"attachment-fullwidth size-fullwidth\" alt=\"\" srcset=\"https:\/\/bottlepromotions.com\/wp-content\/uploads\/2024\/09\/IMG_4316-b.jpg 1920w, https:\/\/bottlepromotions.com\/wp-content\/uploads\/2024\/09\/IMG_4316-b-300x165.jpg 300w, https:\/\/bottlepromotions.com\/wp-content\/uploads\/2024\/09\/IMG_4316-b-1024x562.jpg 1024w, https:\/\/bottlepromotions.com\/wp-content\/uploads\/2024\/09\/IMG_4316-b-768x422.jpg 768w, https:\/\/bottlepromotions.com\/wp-content\/uploads\/2024\/09\/IMG_4316-b-1536x843.jpg 1536w, https:\/\/bottlepromotions.com\/wp-content\/uploads\/2024\/09\/IMG_4316-b-600x329.jpg 600w\" sizes=\"auto, (max-width: 1920px) 100vw, 1920px\" \/>\t<\/div>\r\n\r\n\t<div class=\"container container-xl\">\r\n\t\t<div class=\"page-header-content col-md-12 col-lg-7\">\r\n\t\t\t<h1>FLASCHEN BEDRUCKEN<\/h1>\r\n\r\n\t\t\t\r\n\t\t\t\t\t\t\t<h2>Lassen Sie Ihre Marke hervorstechen!<\/h2>\n<p>Wenn es um die F\u00f6rderung Ihrer Marke geht, sind unsere bedruckten Flaschen die perfekte Wahl. Ob Sie ein einfaches Logo oder ein lebendiges Vollfarbdesign ben\u00f6tigen, wir bieten anpassbare Optionen, die Ihren Bed\u00fcrfnissen entsprechen. Kombinieren Sie Flaschen- und Verschlussfarben f\u00fcr eine pers\u00f6nliche Note. Unsere hochmodernen Maschinen gew\u00e4hrleisten eine Druckqualit\u00e4t, die mit der des Digitaldrucks vergleichbar ist. Achten Sie darauf, uns qualitativ hochwertige Grafiken und hochaufl\u00f6sende Bilder zur Verf\u00fcgung zu stellen, um die besten Ergebnisse zu erzielen.<\/p>\n\t\t\t\t\t<\/div>\r\n\t<\/div>\r\n<\/div>\n\n\n<div style=\"height:40px\" aria-hidden=\"true\" class=\"wp-block-spacer\"><\/div>\n\n\n\n<div class=\"wp-block-uagb-container uagb-block-c33ab16a alignwide uagb-is-root-container\">\n<h2 class=\"wp-block-heading has-text-align-center has-white-color has-text-color has-link-color wp-elements-581178f3d2ed4a88c7b1d7b1367edbe3\" style=\"font-size:26px;text-transform:uppercase\"><strong>Wichtige Informationen<\/strong><\/h2>\n\n\n\n<h4 class=\"wp-block-heading has-text-align-center has-white-color has-text-color has-link-color wp-elements-907bf2fc542f4e149293edff7d81d154\" style=\"text-transform:uppercase\">Mindestbestellmenge (MOQ)<\/h4>\n\n\n\n<div class=\"wp-block-uagb-container uagb-block-9721c6c1\">\n<div class=\"wp-block-uagb-container uagb-block-7f95eb6b\">\n<div class=\"wp-block-uagb-info-box uagb-block-7d0b4da3 uagb-infobox__content-wrap  uagb-infobox-icon-above-title uagb-infobox-image-valign-top\"><div class=\"uagb-ifb-content\"><div class=\"uagb-ifb-title-wrap\"><p class=\"uagb-ifb-title\"><strong>Unbedruckte Flaschen&nbsp;<\/strong><span style=\"caret-color: rgb(0, 0, 0); color: rgb(0, 0, 0); font-family: -webkit-standard; font-size: medium; text-align: start; white-space: normal;\"><\/span><\/p><\/div><p class=\"uagb-ifb-desc\">50 Stk<br>(Erh\u00e4ltlich in Kartons zu 50 St\u00fcck)<\/p><\/div><\/div>\n<\/div>\n\n\n\n<div class=\"wp-block-uagb-container uagb-block-b43d750a\">\n<div class=\"wp-block-uagb-info-box uagb-block-c6e854c1 uagb-infobox__content-wrap  uagb-infobox-icon-above-title uagb-infobox-image-valign-top\"><div class=\"uagb-ifb-content\"><div class=\"uagb-ifb-title-wrap\"><p class=\"uagb-ifb-title\"><strong>Bedruckte Flaschen&nbsp;<\/strong><span style=\"caret-color: rgb(0, 0, 0); color: rgb(0, 0, 0); font-family: -webkit-standard; font-size: medium; text-align: start; white-space: normal;\"><\/span><\/p><\/div><p class=\"uagb-ifb-desc\">&gt; 100 Stk: Max. 2 Farben Druck&nbsp;<br>&gt; 500 Stk: Max. 6 Farben Druck (auch CMYK-Druck)<\/p><\/div><\/div>\n<\/div>\n\n\n\n<div class=\"wp-block-uagb-container uagb-block-17b7f9ba\">\n<div class=\"wp-block-uagb-info-box uagb-block-8a51d742 uagb-infobox__content-wrap  uagb-infobox-icon-above-title uagb-infobox-image-valign-top\"><div class=\"uagb-ifb-content\"><div class=\"uagb-ifb-title-wrap\"><p class=\"uagb-ifb-title\"><strong><strong>Kundenspezifische Farben f\u00fcr Flaschen und Verschl\u00fcsse&nbsp;<\/strong><\/strong><span style=\"caret-color: rgb(0, 0, 0); color: rgb(0, 0, 0); font-family: -webkit-standard; font-size: medium; text-align: start; white-space: normal;\"><\/span><\/p><\/div><p class=\"uagb-ifb-desc\">(Originale und Eco-Flaschen)&nbsp;<br>&gt; 5.000 pcs.<\/p><\/div><\/div>\n<\/div>\n<\/div>\n\n\n\n<div style=\"height:20px\" aria-hidden=\"true\" class=\"wp-block-spacer\"><\/div>\n\n\n\n<h4 class=\"wp-block-heading has-text-align-center has-white-color has-text-color has-link-color wp-elements-bbd50726612a910e893a93a2ea844d66\" style=\"text-transform:uppercase\"><a href=\"Lieferzeit: 10 - 15 Werktage\">Lieferzeit: 10 &#8211; 15 Werktage<\/a><\/h4>\n\n\n\n<div class=\"wp-block-uagb-info-box uagb-block-b57ebf39 uagb-infobox__content-wrap  uagb-infobox-icon-above-title uagb-infobox-image-valign-top\"><div class=\"uagb-ifb-content\"><div class=\"uagb-ifb-title-wrap\"><\/div><p class=\"uagb-ifb-desc\">Bevor wir mit der Produktion beginnen, senden wir Ihnen eine Auftragsbest\u00e4tigung sowie einen Druckvorschlag mit allen relevanten Informationen. Bitte \u00fcberpr\u00fcfen Sie die Hinweise auf dem Druckvorschlag sorgf\u00e4ltig. Sobald Sie mit dem Design und der Auftragsbest\u00e4tigung einverstanden sind, gilt Ihre schriftliche Best\u00e4tigung per E-Mail als Freigabe f\u00fcr den Druckprozess.<\/p><\/div><\/div>\n<\/div>\n\n\n\n<div style=\"height:40px\" aria-hidden=\"true\" class=\"wp-block-spacer\"><\/div>\n\n\n<div id=\"container-block-block_b3d7f440f40c5f71430ad1784bcea222\" class=\"container-block alignfull background-light-blue width-medium\">\r\n\t<div class=\"container\">\r\n\t\t\n\n<div style=\"height:50px\" aria-hidden=\"true\" class=\"wp-block-spacer\"><\/div>\n\n\n\r\n<div id=\"text-with-image-block-block_b2931e908c5eae461601ab4ebb4121a0\" class=\"fullwidth text-with-image-block position-left layout-medium\">\r\n\r\n\t<div class=\"container-text\">\r\n\t\t\t\t\t\t\t\t\t<h3>Spezifikationen &#038; Tipps<\/h3>\r\n\t\t\t\t\t\t\t\r\n\t\t\r\n\t\t<div class=\"text-with-image-block-text\">\r\n\t\t\t<p><strong>Spezifikationen und Tipps zum Bedrucken von Tacx-Flaschen<\/strong><\/p>\n<p>Das Bedrucken unserer Trinkflaschen erfordert Pr\u00e4zisionsarbeit. Temperaturunterschiede im Fertigungsprozess und die konische Form der Trinkflasche haben gro\u00dfen Einfluss auf die Bedruckung. Gute Druckvorlagen sind dabei von wesentlicher Bedeutung: Je besser die Druckvorlage, desto besser das Ergebnis. Wir stehen Ihnen zur Verf\u00fcgung, um sicherzustellen, dass dieser Prozess reibungslos und schnell abl\u00e4uft.<\/p>\n\t\t<\/div>\r\n\r\n\t\t\t<\/div>\r\n\r\n\t<div class=\"container-visual\">\r\n\t\t\t\t\t<img loading=\"lazy\" decoding=\"async\" width=\"1920\" height=\"1282\" src=\"https:\/\/bottlepromotions.com\/wp-content\/uploads\/2024\/09\/Shiva-500-Gekko-Fresh-b.jpg\" class=\"attachment-fullwidth size-fullwidth\" alt=\"\" srcset=\"https:\/\/bottlepromotions.com\/wp-content\/uploads\/2024\/09\/Shiva-500-Gekko-Fresh-b.jpg 1920w, https:\/\/bottlepromotions.com\/wp-content\/uploads\/2024\/09\/Shiva-500-Gekko-Fresh-b-300x200.jpg 300w, https:\/\/bottlepromotions.com\/wp-content\/uploads\/2024\/09\/Shiva-500-Gekko-Fresh-b-1024x684.jpg 1024w, https:\/\/bottlepromotions.com\/wp-content\/uploads\/2024\/09\/Shiva-500-Gekko-Fresh-b-768x513.jpg 768w, https:\/\/bottlepromotions.com\/wp-content\/uploads\/2024\/09\/Shiva-500-Gekko-Fresh-b-1536x1026.jpg 1536w, https:\/\/bottlepromotions.com\/wp-content\/uploads\/2024\/09\/Shiva-500-Gekko-Fresh-b-600x401.jpg 600w\" sizes=\"auto, (max-width: 1920px) 100vw, 1920px\" \/>\t\t\t<\/div>\r\n\r\n<\/div>\n\n\n<div style=\"height:50px\" aria-hidden=\"true\" class=\"wp-block-spacer\"><\/div>\n\n\n\n<div class=\"wp-block-uagb-container uagb-block-0ec675aa alignwide uagb-is-root-container\">\n<h2 class=\"wp-block-heading has-text-align-center\"><strong><u>Artwork-Spezifikationen<\/u><\/strong><\/h2>\n\n\n\n<div style=\"height:40px\" aria-hidden=\"true\" class=\"wp-block-spacer\"><\/div>\n\n\n\n<div class=\"wp-block-columns is-layout-flex wp-container-core-columns-is-layout-9d6595d7 wp-block-columns-is-layout-flex\">\n<div class=\"wp-block-column is-layout-flow wp-block-column-is-layout-flow\">\n<p><strong>Siebdruck<\/strong><\/p>\n\n\n\n<p>Wir bedrucken unsere Flaschen im Siebdruck und verwenden f\u00fcr jede Druckfarbe ein separates Sieb.<\/p>\n\n\n\n<div style=\"height:20px\" aria-hidden=\"true\" class=\"wp-block-spacer\"><\/div>\n\n\n\n<p><strong>Dateispezifikationen<\/strong><\/p>\n\n\n\n<p>\u2013 Adobe Illustrator 8.0 oder h\u00f6her (Vektor ai-Datei)<br>\u2013 Adobe Photoshop 5.0 oder h\u00f6her (Aufl\u00f6sung 300 dpi)<\/p>\n\n\n\n<p>Unsere Pr\u00e4ferenz gilt f\u00fcr Vektordateien, die f\u00fcr Adobe Illustrator geeignet sind. Nur Fotos k\u00f6nnen in Photoshop oder als PSD, JPG oder TIFF bereitgestellt werden.<\/p>\n\n\n\n<p>Per E-Mail, max. 10 MB<\/p>\n\n\n\n<div style=\"height:20px\" aria-hidden=\"true\" class=\"wp-block-spacer\"><\/div>\n\n\n\n<p><strong>Schriftarten<\/strong><\/p>\n\n\n\n<p>\u00c4ndern Sie immer&nbsp;<a>Buchstaben in Konturen<\/a>.<\/p>\n\n\n\n<div style=\"height:20px\" aria-hidden=\"true\" class=\"wp-block-spacer\"><\/div>\n\n\n\n<p><strong>Format Druckfl\u00e4che<\/strong><\/p>\n\n\n\n<p>&#8211; Flasche 450ml: 195 x 140 mm<br>&#8211; Flasche 500ml: 235,5 x 100 mm<br>&#8211; Flasche 750ml: 235.5 x 100 mm &amp; 22 or 235.5 x 29 mm<br>Abstand zwischen Unter- und Oberkante der 750 ml Flasche betr\u00e4gt 95 mm (Herz zu Herz Druck).<\/p>\n\n\n\n<p><strong>Druckvorlagen<\/strong><\/p>\n\n\n\n<p>Um einen Entwurf zu erstellen, stellen wir kostenfreie Druckvorlagen (Schablonen) zur Verf\u00fcgung.<\/p>\n\n\n\n<p><strong>Rundum Druck<\/strong><\/p>\n\n\n\n<p>Bei einem Rundumdruck \u00fcberlappen sich der Anfang und das Ende des Druckbildes geringf\u00fcgig auf der R\u00fcckseite der Flasche. Diese leichte \u00dcberlappung ist produktionsbedingt und kein Grund zur Reklamation. Als Alternative k\u00f6nnen Sie einen Druck mit einem 5 mm breiten Spalt im Druckbild w\u00e4hlen.<\/p>\n<\/div>\n\n\n\n<div class=\"wp-block-column is-layout-flow wp-block-column-is-layout-flow\">\n<p><strong>Vollfarbdruckprozess: CMYK mit PMS-Druck<\/strong><\/p>\n\n\n\n<p>Es kann erforderlich sein, dass ein Teil des Designs in CMYK und eine zus\u00e4tzliche Sonderfarbe angelegt werden muss, z. B. Text mit einer spezifischen Pantone-Farbe. Um sicherzustellen, dass Ihre Berechnungen korrekt sind, senden Sie uns bitte immer das Artwork, damit wir die Anzahl der ben\u00f6tigten Druckfarben \u00fcberpr\u00fcfen k\u00f6nnen.<\/p>\n\n\n\n<div style=\"height:20px\" aria-hidden=\"true\" class=\"wp-block-spacer\"><\/div>\n\n\n\n<p><strong>Vollfarbig drucken (CMYK)<\/strong><\/p>\n\n\n\n<p>Beim Druck eines Entwurfs in Vollfarbe m\u00fcssen Sie Toleranzen von 0,5 mm an den Stellen, wo sich die Farben ber\u00fchren, akzeptieren. Wenn der Vollfarbdruck in CMYK aufgebaut wird, ist das Endergebnis matt, pixelig und kann geringf\u00fcgig von der Bildvorlage abweichen.&nbsp;Das verwendete Rasterma\u00df betr\u00e4gt 34 dpi.<\/p>\n\n\n\n<div style=\"height:20px\" aria-hidden=\"true\" class=\"wp-block-spacer\"><\/div>\n\n\n\n<p><strong>Drucken in mehreren PMS Farben<\/strong><\/p>\n\n\n\n<p>Beim Drucken eines Mehrfarbendrucks muss eine Toleranz von 0,5 mm bei der Farb\u00fcbergabe akzeptiert werden. Beim PMS-Druck entsteht ein gl\u00e4nzendes Druckbild. Farben, die aus einem Teil einer PMS-Farbe erstellt werden, erscheinen pixelig. Unsere Rasteraufl\u00f6sung betr\u00e4gt 34 dpi. Wir verwenden die Pantone Solid Coated Farben.\u00a0Nur diese Farben k\u00f6nnen gedruckt werden.<\/p>\n\n\n\n<p><\/p>\n\n\n\n<p><strong>Drucken auf farbigen Flaschen<\/strong><\/p>\n\n\n\n<p>Beim Druck farbiger Trinkflaschen muss ein weisser Unterdruck verwendet werden. F\u00fcr Graut\u00f6ne, Gold, Silber und Wei\u00df ist kein wei\u00dfer Unterdruck erforderlich. In einigen F\u00e4llen ist eine Kontur sichtbar und muss akzeptiert werden. Bitte fragen Sie nach weiteren Details. Der wei\u00dfe Unterdruck wird als eine zus\u00e4tzliche Druckfarbe und ein zus\u00e4tzliches Sieb berechnet. Wenn Wei\u00df bereits Teil des Designs ist, ist kein zus\u00e4tzlicher wei\u00dfe Unterdruck erforderlich. Bei Zweifeln kontaktieren Sie uns bitte f\u00fcr weitere Informationen.<\/p>\n\n\n\n<div style=\"height:20px\" aria-hidden=\"true\" class=\"wp-block-spacer\"><\/div>\n\n\n\n<p><strong>Dunkle Flaschen und Shanti Kappe<\/strong><\/p>\n\n\n\n<p>Dunkle Flaschen und die Shanti-Verschl\u00fcsse sind leider sehr anf\u00e4llig f\u00fcr Kratzer und leichte Besch\u00e4digungen. Dies sind keine Gr\u00fcnde f\u00fcr eine Reklamation.<\/p>\n<\/div>\n<\/div>\n<\/div>\n\n\n\n<div style=\"height:50px\" aria-hidden=\"true\" class=\"wp-block-spacer\"><\/div>\n\n\n\r\n<div id=\"text-with-image-block-block_358856e9f2ac5d350451d58fedffa521\" class=\"fullwidth text-with-image-block position-right layout-medium\">\r\n\r\n\t<div class=\"container-text\">\r\n\t\t\t\t\t\t\t\t\t<h3>Tipps<\/h3>\r\n\t\t\t\t\t\t\t\r\n\t\t\r\n\t\t<div class=\"text-with-image-block-text\">\r\n\t\t\t<ul>\n<li>Um Zeit zu sparen, senden Sie uns bitte eine EPS-Vektordatei mit Buchstaben in Konturen.<\/li>\n<li>Nutzen Sie den Bottle creator f\u00fcr weitere Inspiration, da wir maximal 2 Druckvorlage pro Bestellung bereitstellen!<\/li>\n<li>Die Bottle-Creator-Farben dienen der Inspiration. Die auf Ihrem Bildschirm dargestellten Farben k\u00f6nnen von den tats\u00e4chlichen Farben abweichen. Bitte halten Sie sich an die PMS-Farben. Fordern Sie anderenfalls sicherheitshalber Gratismuster an.<\/li>\n<li>Wenn wir in mehreren PMS-Farben drucken, m\u00fcssen Sie eine Toleranz von 0,5 mm zwischen den Farben akzeptieren.<\/li>\n<li>Unsere Expertise liegt im Vollfarbdruck. Diese Art von Druck kann jedoch nicht mit dem Digitaldruck auf einer flachen Oberfl\u00e4che verglichen werden. Bitte fragen Sie nach Mustern, damit die Kunden wissen, was sie erwarten k\u00f6nnen (der Druck wird ein mattes Finish haben \/ Pixelgr\u00f6\u00dfe von 34 dpi).<\/li>\n<li>Wenn Sie eine Bestellung aufgeben, ben\u00f6tigen wir von Ihnen folgende Informationen: Menge, Modell und Gr\u00f6\u00dfe, Farbe der Trinkflasche und des Deckels, EPS-Vektordatei des Logos\/Entwurfs und\/oder Designvorgaben, Lieferadresse, Name und Telefonnummer der Kontaktperson und sowie den gew\u00fcnschten Liefertermin.<\/li>\n<\/ul>\n\t\t<\/div>\r\n\r\n\t\t\t<\/div>\r\n\r\n\t<div class=\"container-visual\">\r\n\t\t\t\t\t<img loading=\"lazy\" decoding=\"async\" width=\"1920\" height=\"1280\" src=\"https:\/\/bottlepromotions.com\/wp-content\/uploads\/2024\/09\/Shiva-Premium-500-bloemen-b.jpg\" class=\"attachment-fullwidth size-fullwidth\" alt=\"\" srcset=\"https:\/\/bottlepromotions.com\/wp-content\/uploads\/2024\/09\/Shiva-Premium-500-bloemen-b.jpg 1920w, https:\/\/bottlepromotions.com\/wp-content\/uploads\/2024\/09\/Shiva-Premium-500-bloemen-b-300x200.jpg 300w, https:\/\/bottlepromotions.com\/wp-content\/uploads\/2024\/09\/Shiva-Premium-500-bloemen-b-1024x683.jpg 1024w, https:\/\/bottlepromotions.com\/wp-content\/uploads\/2024\/09\/Shiva-Premium-500-bloemen-b-768x512.jpg 768w, https:\/\/bottlepromotions.com\/wp-content\/uploads\/2024\/09\/Shiva-Premium-500-bloemen-b-1536x1024.jpg 1536w, https:\/\/bottlepromotions.com\/wp-content\/uploads\/2024\/09\/Shiva-Premium-500-bloemen-b-600x400.jpg 600w\" sizes=\"auto, (max-width: 1920px) 100vw, 1920px\" \/>\t\t\t<\/div>\r\n\r\n<\/div>\n\n\n<div style=\"height:50px\" aria-hidden=\"true\" class=\"wp-block-spacer\"><\/div>\n\n\r\n\t<\/div>\r\n<\/div>\n\n<div id=\"container-block-block_1572c900bbbd45e1330c96bc85758661\" class=\"container-block alignfull background-white width-medium\">\r\n\t<div class=\"container\">\r\n\t\t\n\n<div style=\"height:50px\" aria-hidden=\"true\" class=\"wp-block-spacer\"><\/div>\n\n\n\r\n<div id=\"text-with-image-block-block_eae4923819e095c782afd141c40cd421\" class=\"column-tiles-block\">\r\n\r\n\t\t\t\r\n\t\t\t<div class=\"item\">\r\n\t\t\t\t\t\t\t\t\t<div class=\"image\">\r\n\t\t\t\t\t\t<img loading=\"lazy\" decoding=\"async\" width=\"900\" height=\"561\" src=\"https:\/\/bottlepromotions.com\/wp-content\/uploads\/2024\/09\/IMG_4316-c-1024x638.jpg\" class=\"attachment-large size-large\" alt=\"\" srcset=\"https:\/\/bottlepromotions.com\/wp-content\/uploads\/2024\/09\/IMG_4316-c-1024x638.jpg 1024w, https:\/\/bottlepromotions.com\/wp-content\/uploads\/2024\/09\/IMG_4316-c-300x187.jpg 300w, https:\/\/bottlepromotions.com\/wp-content\/uploads\/2024\/09\/IMG_4316-c-768x478.jpg 768w, https:\/\/bottlepromotions.com\/wp-content\/uploads\/2024\/09\/IMG_4316-c-1536x957.jpg 1536w, https:\/\/bottlepromotions.com\/wp-content\/uploads\/2024\/09\/IMG_4316-c-600x374.jpg 600w, https:\/\/bottlepromotions.com\/wp-content\/uploads\/2024\/09\/IMG_4316-c.jpg 1920w\" sizes=\"auto, (max-width: 900px) 100vw, 900px\" \/>\t\t\t\t\t<\/div>\r\n\t\t\t\t\r\n\t\t\t\t\t\t\t\t\t<h3>\r\n\t\t\t\t\t\tTemplates\t\t\t\t\t<\/h3>\r\n\t\t\t\t\r\n\t\t\t\t\t\t\t\t\t<div class=\"sub-title\">Download a template of your bottle of choice and make your own design. <\/div>\r\n\t\t\t\t\r\n\t\t\t\t\t\t\t\t\t\t\t\t\t\t<a class=\"btn btn-white btn-small\" href=\"https:\/\/bottlepromotions.com\/templates\/\" target=\"\">Read more<\/a>\r\n\t\t\t\t\t\t\t<\/div>\r\n\r\n\t\t\r\n\t\t\t<div class=\"item\">\r\n\t\t\t\t\t\t\t\t\t<div class=\"image\">\r\n\t\t\t\t\t\t<img loading=\"lazy\" decoding=\"async\" width=\"900\" height=\"506\" src=\"https:\/\/bottlepromotions.com\/wp-content\/uploads\/2024\/10\/bottle-creator-draw-hand-c.jpg\" class=\"attachment-large size-large\" alt=\"\" srcset=\"https:\/\/bottlepromotions.com\/wp-content\/uploads\/2024\/10\/bottle-creator-draw-hand-c.jpg 900w, https:\/\/bottlepromotions.com\/wp-content\/uploads\/2024\/10\/bottle-creator-draw-hand-c-300x169.jpg 300w, https:\/\/bottlepromotions.com\/wp-content\/uploads\/2024\/10\/bottle-creator-draw-hand-c-768x432.jpg 768w, https:\/\/bottlepromotions.com\/wp-content\/uploads\/2024\/10\/bottle-creator-draw-hand-c-600x337.jpg 600w\" sizes=\"auto, (max-width: 900px) 100vw, 900px\" \/>\t\t\t\t\t<\/div>\r\n\t\t\t\t\r\n\t\t\t\t\t\t\t\t\t<h3>\r\n\t\t\t\t\t\tBottle creator\t\t\t\t\t<\/h3>\r\n\t\t\t\t\r\n\t\t\t\t\t\t\t\t\t<div class=\"sub-title\">Get inspired and design your own bottle. Fast and easy! <\/div>\r\n\t\t\t\t\r\n\t\t\t\t\t\t\t\t\t\t\t\t\t\t<a class=\"btn btn-white btn-small\" href=\"https:\/\/bottlepromotions.com\/bottle-creator\/\" target=\"\">Create now<\/a>\r\n\t\t\t\t\t\t\t<\/div>\r\n\r\n\t\t\t\r\n<\/div>\n\r\n\t<\/div>\r\n<\/div>","protected":false},"excerpt":{"rendered":"<p>Wichtige Informationen Mindestbestellmenge (MOQ) Lieferzeit: 10 &#8211; 15 Werktage<\/p>\n","protected":false},"author":11,"featured_media":0,"parent":0,"menu_order":0,"comment_status":"closed","ping_status":"closed","template":"page-gutenberg.php","meta":{"_acf_changed":false,"_uag_custom_page_level_css":"","footnotes":""},"class_list":["post-6488","page","type-page","status-publish","hentry"],"acf":[],"yoast_head":"<!-- This site is optimized with the Yoast SEO plugin v26.9 - https:\/\/yoast.com\/product\/yoast-seo-wordpress\/ -->\n<title>Printing Bottles - Bottle Promotions<\/title>\n<meta name=\"robots\" content=\"index, follow, max-snippet:-1, max-image-preview:large, max-video-preview:-1\" \/>\n<link rel=\"canonical\" href=\"https:\/\/bottlepromotions.com\/de\/printing-bottles\/\" \/>\n<meta property=\"og:locale\" content=\"de_DE\" \/>\n<meta property=\"og:type\" content=\"article\" \/>\n<meta property=\"og:title\" content=\"Printing Bottles - Bottle Promotions\" \/>\n<meta property=\"og:description\" content=\"Wichtige Informationen Mindestbestellmenge (MOQ) Lieferzeit: 10 &#8211; 15 Werktage\" \/>\n<meta property=\"og:url\" content=\"https:\/\/bottlepromotions.com\/de\/printing-bottles\/\" \/>\n<meta property=\"og:site_name\" content=\"Bottle Promotions\" \/>\n<meta property=\"article:modified_time\" content=\"2025-01-16T13:52:02+00:00\" \/>\n<meta name=\"twitter:card\" content=\"summary_large_image\" \/>\n<meta name=\"twitter:label1\" content=\"Gesch\u00e4tzte Lesezeit\" \/>\n\t<meta name=\"twitter:data1\" content=\"3\u00a0Minuten\" \/>\n<script type=\"application\/ld+json\" class=\"yoast-schema-graph\">{\"@context\":\"https:\/\/schema.org\",\"@graph\":[{\"@type\":\"WebPage\",\"@id\":\"https:\/\/bottlepromotions.com\/de\/printing-bottles\/\",\"url\":\"https:\/\/bottlepromotions.com\/de\/printing-bottles\/\",\"name\":\"Printing Bottles - Bottle Promotions\",\"isPartOf\":{\"@id\":\"https:\/\/bottlepromotions.com\/de\/#website\"},\"datePublished\":\"2020-01-08T14:52:45+00:00\",\"dateModified\":\"2025-01-16T13:52:02+00:00\",\"breadcrumb\":{\"@id\":\"https:\/\/bottlepromotions.com\/de\/printing-bottles\/#breadcrumb\"},\"inLanguage\":\"de\",\"potentialAction\":[{\"@type\":\"ReadAction\",\"target\":[\"https:\/\/bottlepromotions.com\/de\/printing-bottles\/\"]}]},{\"@type\":\"BreadcrumbList\",\"@id\":\"https:\/\/bottlepromotions.com\/de\/printing-bottles\/#breadcrumb\",\"itemListElement\":[{\"@type\":\"ListItem\",\"position\":1,\"name\":\"Home\",\"item\":\"https:\/\/bottlepromotions.com\/de\/\"},{\"@type\":\"ListItem\",\"position\":2,\"name\":\"Printing Bottles\"}]},{\"@type\":\"WebSite\",\"@id\":\"https:\/\/bottlepromotions.com\/de\/#website\",\"url\":\"https:\/\/bottlepromotions.com\/de\/\",\"name\":\"Bottle Promotions\",\"description\":\"Your partner in promotional bottles\",\"publisher\":{\"@id\":\"https:\/\/bottlepromotions.com\/de\/#organization\"},\"potentialAction\":[{\"@type\":\"SearchAction\",\"target\":{\"@type\":\"EntryPoint\",\"urlTemplate\":\"https:\/\/bottlepromotions.com\/de\/?s={search_term_string}\"},\"query-input\":{\"@type\":\"PropertyValueSpecification\",\"valueRequired\":true,\"valueName\":\"search_term_string\"}}],\"inLanguage\":\"de\"},{\"@type\":\"Organization\",\"@id\":\"https:\/\/bottlepromotions.com\/de\/#organization\",\"name\":\"Bottle Promotions\",\"url\":\"https:\/\/bottlepromotions.com\/de\/\",\"logo\":{\"@type\":\"ImageObject\",\"inLanguage\":\"de\",\"@id\":\"https:\/\/bottlepromotions.com\/de\/#\/schema\/logo\/image\/\",\"url\":\"https:\/\/bottlepromotions.com\/wp-content\/uploads\/2021\/05\/BP-logo-white.png\",\"contentUrl\":\"https:\/\/bottlepromotions.com\/wp-content\/uploads\/2021\/05\/BP-logo-white.png\",\"width\":1284,\"height\":802,\"caption\":\"Bottle Promotions\"},\"image\":{\"@id\":\"https:\/\/bottlepromotions.com\/de\/#\/schema\/logo\/image\/\"}}]}<\/script>\n<!-- \/ Yoast SEO plugin. -->","yoast_head_json":{"title":"Printing Bottles - Bottle Promotions","robots":{"index":"index","follow":"follow","max-snippet":"max-snippet:-1","max-image-preview":"max-image-preview:large","max-video-preview":"max-video-preview:-1"},"canonical":"https:\/\/bottlepromotions.com\/de\/printing-bottles\/","og_locale":"de_DE","og_type":"article","og_title":"Printing Bottles - Bottle Promotions","og_description":"Wichtige Informationen Mindestbestellmenge (MOQ) Lieferzeit: 10 &#8211; 15 Werktage","og_url":"https:\/\/bottlepromotions.com\/de\/printing-bottles\/","og_site_name":"Bottle Promotions","article_modified_time":"2025-01-16T13:52:02+00:00","twitter_card":"summary_large_image","twitter_misc":{"Gesch\u00e4tzte Lesezeit":"3\u00a0Minuten"},"schema":{"@context":"https:\/\/schema.org","@graph":[{"@type":"WebPage","@id":"https:\/\/bottlepromotions.com\/de\/printing-bottles\/","url":"https:\/\/bottlepromotions.com\/de\/printing-bottles\/","name":"Printing Bottles - Bottle Promotions","isPartOf":{"@id":"https:\/\/bottlepromotions.com\/de\/#website"},"datePublished":"2020-01-08T14:52:45+00:00","dateModified":"2025-01-16T13:52:02+00:00","breadcrumb":{"@id":"https:\/\/bottlepromotions.com\/de\/printing-bottles\/#breadcrumb"},"inLanguage":"de","potentialAction":[{"@type":"ReadAction","target":["https:\/\/bottlepromotions.com\/de\/printing-bottles\/"]}]},{"@type":"BreadcrumbList","@id":"https:\/\/bottlepromotions.com\/de\/printing-bottles\/#breadcrumb","itemListElement":[{"@type":"ListItem","position":1,"name":"Home","item":"https:\/\/bottlepromotions.com\/de\/"},{"@type":"ListItem","position":2,"name":"Printing Bottles"}]},{"@type":"WebSite","@id":"https:\/\/bottlepromotions.com\/de\/#website","url":"https:\/\/bottlepromotions.com\/de\/","name":"Bottle Promotions","description":"Your partner in promotional bottles","publisher":{"@id":"https:\/\/bottlepromotions.com\/de\/#organization"},"potentialAction":[{"@type":"SearchAction","target":{"@type":"EntryPoint","urlTemplate":"https:\/\/bottlepromotions.com\/de\/?s={search_term_string}"},"query-input":{"@type":"PropertyValueSpecification","valueRequired":true,"valueName":"search_term_string"}}],"inLanguage":"de"},{"@type":"Organization","@id":"https:\/\/bottlepromotions.com\/de\/#organization","name":"Bottle Promotions","url":"https:\/\/bottlepromotions.com\/de\/","logo":{"@type":"ImageObject","inLanguage":"de","@id":"https:\/\/bottlepromotions.com\/de\/#\/schema\/logo\/image\/","url":"https:\/\/bottlepromotions.com\/wp-content\/uploads\/2021\/05\/BP-logo-white.png","contentUrl":"https:\/\/bottlepromotions.com\/wp-content\/uploads\/2021\/05\/BP-logo-white.png","width":1284,"height":802,"caption":"Bottle Promotions"},"image":{"@id":"https:\/\/bottlepromotions.com\/de\/#\/schema\/logo\/image\/"}}]}},"uagb_featured_image_src":{"full":false,"thumbnail":false,"medium":false,"medium_large":false,"large":false,"1536x1536":false,"2048x2048":false,"fullwidth":false,"mediumplus":false,"gform-image-choice-sm":false,"gform-image-choice-md":false,"gform-image-choice-lg":false},"uagb_author_info":{"display_name":"Job Hanemaaijer","author_link":"https:\/\/bottlepromotions.com\/de\/author\/job\/"},"uagb_comment_info":0,"uagb_excerpt":"Wichtige Informationen Mindestbestellmenge (MOQ) Lieferzeit: 10 &#8211; 15 Werktage","_links":{"self":[{"href":"https:\/\/bottlepromotions.com\/de\/wp-json\/wp\/v2\/pages\/6488","targetHints":{"allow":["GET"]}}],"collection":[{"href":"https:\/\/bottlepromotions.com\/de\/wp-json\/wp\/v2\/pages"}],"about":[{"href":"https:\/\/bottlepromotions.com\/de\/wp-json\/wp\/v2\/types\/page"}],"author":[{"embeddable":true,"href":"https:\/\/bottlepromotions.com\/de\/wp-json\/wp\/v2\/users\/11"}],"replies":[{"embeddable":true,"href":"https:\/\/bottlepromotions.com\/de\/wp-json\/wp\/v2\/comments?post=6488"}],"version-history":[{"count":19,"href":"https:\/\/bottlepromotions.com\/de\/wp-json\/wp\/v2\/pages\/6488\/revisions"}],"predecessor-version":[{"id":19637,"href":"https:\/\/bottlepromotions.com\/de\/wp-json\/wp\/v2\/pages\/6488\/revisions\/19637"}],"wp:attachment":[{"href":"https:\/\/bottlepromotions.com\/de\/wp-json\/wp\/v2\/media?parent=6488"}],"curies":[{"name":"wp","href":"https:\/\/api.w.org\/{rel}","templated":true}]}}