{"id":6241,"date":"2020-01-07T10:59:47","date_gmt":"2020-01-07T10:59:47","guid":{"rendered":"https:\/\/bottlepromotions.com\/?page_id=6241"},"modified":"2026-03-26T13:34:57","modified_gmt":"2026-03-26T13:34:57","slug":"oko-trinkflaschen","status":"publish","type":"page","link":"https:\/\/bottlepromotions.com\/de\/oko-trinkflaschen\/","title":{"rendered":"Oko-Trinkflaschen"},"content":{"rendered":"<div id=\"page-header-block_9efe9c7d4f4253fa7d2a98c7c7d13112\" class=\"page-header-block alignfull\">\r\n\t<div class=\"image\">\r\n\t\t<img loading=\"lazy\" decoding=\"async\" width=\"1920\" height=\"1030\" src=\"https:\/\/bottlepromotions.com\/wp-content\/uploads\/2024\/02\/compositie-ECO-1920px-b.jpg\" class=\"attachment-fullwidth size-fullwidth\" alt=\"\" srcset=\"https:\/\/bottlepromotions.com\/wp-content\/uploads\/2024\/02\/compositie-ECO-1920px-b.jpg 1920w, https:\/\/bottlepromotions.com\/wp-content\/uploads\/2024\/02\/compositie-ECO-1920px-b-300x161.jpg 300w, https:\/\/bottlepromotions.com\/wp-content\/uploads\/2024\/02\/compositie-ECO-1920px-b-1024x549.jpg 1024w, https:\/\/bottlepromotions.com\/wp-content\/uploads\/2024\/02\/compositie-ECO-1920px-b-768x412.jpg 768w, https:\/\/bottlepromotions.com\/wp-content\/uploads\/2024\/02\/compositie-ECO-1920px-b-1536x824.jpg 1536w, https:\/\/bottlepromotions.com\/wp-content\/uploads\/2024\/02\/compositie-ECO-1920px-b-600x322.jpg 600w\" sizes=\"auto, (max-width: 1920px) 100vw, 1920px\" \/>\t<\/div>\r\n\r\n\t<div class=\"container container-xl\">\r\n\t\t<div class=\"page-header-content col-md-12 col-lg-7\">\r\n\t\t\t<h1>ECO-FLASCHEN<\/h1>\r\n\r\n\t\t\t\t\t\t\t<h2>Hochwertige Wasserflaschen, verantwortungsvolle Entscheidungen<\/h2>\r\n\t\t\t\r\n\t\t\t\t\t\t\t<div>\n<p><span lang=\"DE\">Bei Bottle Promotions produzieren wir hochwertige bedruckte Wasserflaschen, die f\u00fcr Langlebigkeit ausgelegt sind. Alle Komponenten bestehen aus Monoplasten, was bedeutet, dass sie in den richtigen Anlagen leicht recycelbar sind und somit ihre Umweltbelastung minimiert wird.<\/span><\/p>\n<\/div>\n<div>\n<p><span lang=\"DE\">Wir sind st\u00e4ndig auf der Suche nach den besten Materialien auf dem Markt und beobachten die Entwicklungen im Bereich der Nachhaltigkeit genau, um unsere Produkte zu verbessern. <\/span>F\u00fcr Kunden, die nach noch nachhaltigeren Optionen suchen, bieten wir Flaschen aus biobasiertem Polyethylen, das aus Zuckerrohr gewonnen wird.<\/p>\n<\/div>\n<div>\n<p><span lang=\"DE\">Mit den Tacx Eco Bottles treffen Sie eine praktische Wahl f\u00fcr Nachhaltigkeit\u2014ohne Kompromisse bei der Leistung.<\/span><\/p>\n<\/div>\n\t\t\t\t\t<\/div>\r\n\t<\/div>\r\n<\/div>\n\n\n<div style=\"height:40px\" aria-hidden=\"true\" class=\"wp-block-spacer\"><\/div>\n\n\n\n<div class=\"wp-block-uagb-container uagb-block-71ccc39d alignwide uagb-is-root-container\">\n<div class=\"wp-block-uagb-container uagb-block-f8b8f0ad\">\n<div class=\"wp-block-uagb-info-box uagb-block-46d65385 uagb-infobox__content-wrap  uagb-infobox-icon-above-title uagb-infobox-image-valign-top\"><div class=\"uagb-ifb-content\"><div class=\"uagb-ifb-image-content\"><img decoding=\"async\" src=\"https:\/\/bottlepromotions.com\/wp-content\/uploads\/2023\/08\/druppel-150x150.png\" alt=\"\" width=\"20\" height=\"20\" loading=\"lazy\"\/><\/div><div class=\"uagb-ifb-title-wrap\"><h3 class=\"uagb-ifb-title\">Flaschen aus 100% wiederverwertbarem Plastik<\/h3><\/div><\/div><\/div>\n<\/div>\n\n\n\n<div class=\"wp-block-uagb-container uagb-block-5ce54313\">\n<div class=\"wp-block-uagb-info-box uagb-block-c4316d9e uagb-infobox__content-wrap  uagb-infobox-icon-above-title uagb-infobox-image-valign-top\"><div class=\"uagb-ifb-content\"><div class=\"uagb-ifb-image-content\"><img decoding=\"async\" src=\"https:\/\/bottlepromotions.com\/wp-content\/uploads\/2023\/08\/druppel-150x150.png\" alt=\"\" width=\"20\" height=\"20\" loading=\"lazy\"\/><\/div><div class=\"uagb-ifb-title-wrap\"><h3 class=\"uagb-ifb-title\">Lebensmittelgeeignet &#8211; EU-konform<\/h3><\/div><\/div><\/div>\n<\/div>\n\n\n\n<div class=\"wp-block-uagb-container uagb-block-a4c7193e\">\n<div class=\"wp-block-uagb-info-box uagb-block-4e3e59e1 uagb-infobox__content-wrap  uagb-infobox-icon-above-title uagb-infobox-image-valign-top\"><div class=\"uagb-ifb-content\"><div class=\"uagb-ifb-image-content\"><img decoding=\"async\" src=\"https:\/\/bottlepromotions.com\/wp-content\/uploads\/2023\/08\/druppel-150x150.png\" alt=\"\" width=\"20\" height=\"20\" loading=\"lazy\"\/><\/div><div class=\"uagb-ifb-title-wrap\"><h3 class=\"uagb-ifb-title\">Biobasierte Flasche aus Zuckerrohr in 16 Farben<\/h3><\/div><\/div><\/div>\n<\/div>\n\n\n\n<div class=\"wp-block-uagb-container uagb-block-8741fe09\">\n<div class=\"wp-block-uagb-info-box uagb-block-53922fa3 uagb-infobox__content-wrap  uagb-infobox-icon-above-title uagb-infobox-image-valign-top\"><div class=\"uagb-ifb-content\"><div class=\"uagb-ifb-image-content\"><img decoding=\"async\" src=\"https:\/\/bottlepromotions.com\/wp-content\/uploads\/2023\/08\/druppel-150x150.png\" alt=\"\" width=\"20\" height=\"20\" loading=\"lazy\"\/><\/div><div class=\"uagb-ifb-title-wrap\"><h3 class=\"uagb-ifb-title\">Alle Tacx-Flaschen werden aus Monomaterial hergestellt<\/h3><\/div><\/div><\/div>\n<\/div>\n<\/div>\n\n\n\n<div style=\"height:40px\" aria-hidden=\"true\" class=\"wp-block-spacer\"><\/div>\n\n\n\r\n\t<div id=\"products-block_d6e18135f1cd83e849509f5f91df95cf\" class=\"products-block\">\r\n\r\n\t\t\t\t\t<a class=\"product-block\" href=\"\/de\/bottle\/shiva-o2-suckerrohr-500ml\/\">\r\n\t\t\t\t<h3>\r\n\t\t\t\t\tShiva \u2013 02 <small>500ml &#038; 750ml<\/small>\t\t\t\t<\/h3>\r\n\r\n\t\t\t\t<div class=\"intro\">\r\n\t\t\t\t\t100% Biobasiert aus Zuckerrohr. 4 Flaschenbarben, 4 Kappenfarben\t\t\t\t<\/div>\r\n\r\n\t\t\t\t<div class=\"image\">\r\n\t\t\t\t\t<img decoding=\"async\" src=\"https:\/\/bottlepromotions.com\/wp-content\/uploads\/2023\/11\/Shiva-nieuwekleuren-site-2020-O2-4-label.png\" alt=\"Shiva-nieuwekleuren-site-2020-O2-4-label\" \/>\r\n\t\t\t\t<\/div>\r\n\t\t\t<\/a>\r\n\t\t\t\t\t<a class=\"product-block\" href=\"\/de\/bottle\/daiya-o2-550ml\/\">\r\n\t\t\t\t<h3>\r\n\t\t\t\t\tDAIYA &#8211; 02<small>550ml<\/small>\t\t\t\t<\/h3>\r\n\r\n\t\t\t\t<div class=\"intro\">\r\n\t\t\t\t\tEntdecken Sie den Daiya \u2013 die neue Tacx-Trinkflasche mit modernem Design, hergestellt aus Zuckerrohr\t\t\t\t<\/div>\r\n\r\n\t\t\t\t<div class=\"image\">\r\n\t\t\t\t\t<img decoding=\"async\" src=\"https:\/\/bottlepromotions.com\/wp-content\/uploads\/2023\/10\/daiya-o2-bottles-new.png\" alt=\"daiya-o2-bottles-new\" \/>\r\n\t\t\t\t<\/div>\r\n\t\t\t<\/a>\r\n\t\t\r\n\t<\/div>\r\n\n\n\n<div style=\"height:40px\" aria-hidden=\"true\" class=\"wp-block-spacer\"><\/div>\n\n\n<div id=\"container-block-block_6530ec60c670e057e6a21860730e5283\" class=\"container-block alignfull background-grey\">\r\n\t<div class=\"container\">\r\n\t\t\n\n<div style=\"height:50px\" aria-hidden=\"true\" class=\"wp-block-spacer\"><\/div>\n\n\n\r\n<div id=\"text-with-image-block-block_02697881d7a39a77f11628aa3dd05f0d\" class=\"fullwidth text-with-image-block position-right layout-normal\">\r\n\r\n\t<div class=\"container-text\">\r\n\t\t\t\t\t\t\t\t\t<h3>Vorstellung von Daiya \u2013 Die neue Tacx-Flasche mit einem gewagten, modernen Design<\/h3>\r\n\t\t\t\t\t\t\t\r\n\t\t\r\n\t\t<div class=\"text-with-image-block-text\">\r\n\t\t\t<div><span lang=\"DE\">Die langlebige und sto\u00dffeste Daiya-Flasche kombiniert modernen Stil mit praktischen Eigenschaften wie einem diamantf\u00f6rmigen, auslaufsicheren Deckel und einem weichen Ziehmundst\u00fcck f\u00fcr sofortige Hydratation. Die extra gro\u00dfe Bef\u00fcll\u00f6ffnung macht das Nachf\u00fcllen und Reinigen einfach, w\u00e4hrend der 360\u00b0-Farbdruck sicherstellt, dass Ihr Logo auff\u00e4llt. Perfekt f\u00fcr einen aktiven und umweltbewussten Lebensstil. <\/span><\/div>\n<ul>\n<li>550ml<\/li>\n<li>Extra gro\u00dfe \u00d6ffnung zum Bef\u00fcllen f\u00fcr eine einfache Reinigung<\/li>\n<li>\n<div><span lang=\"EN-US\">Soft-Touch-Deckel f\u00fcr schnelle, m\u00fchelose Hydration<\/span><\/div>\n<\/li>\n<li>Auslaufsicherer Drehverschluss<\/li>\n<li>100 % recycelbare Materialien<\/li>\n<li>Passt in alle Flaschenhalter<\/li>\n<li>Sto\u00dffest und besonders langlebig<\/li>\n<li>BPA free<\/li>\n<\/ul>\n\t\t<\/div>\r\n\r\n\t\t\t\t\t<a class=\"btn\" href=\"\/de\/bottle\/daiya-o2-550ml\/\" >\r\n\t\t\t\tJetzt erh\u00e4ltlich!\t\t\t<\/a>\r\n\t\t\t<\/div>\r\n\r\n\t<div class=\"container-visual\">\r\n\t\t\t\t\t<img loading=\"lazy\" decoding=\"async\" width=\"1920\" height=\"1079\" src=\"https:\/\/bottlepromotions.com\/wp-content\/uploads\/2024\/10\/daiya-photo-c.jpg\" class=\"attachment-fullwidth size-fullwidth\" alt=\"\" srcset=\"https:\/\/bottlepromotions.com\/wp-content\/uploads\/2024\/10\/daiya-photo-c.jpg 1920w, https:\/\/bottlepromotions.com\/wp-content\/uploads\/2024\/10\/daiya-photo-c-300x169.jpg 300w, https:\/\/bottlepromotions.com\/wp-content\/uploads\/2024\/10\/daiya-photo-c-1024x575.jpg 1024w, https:\/\/bottlepromotions.com\/wp-content\/uploads\/2024\/10\/daiya-photo-c-768x432.jpg 768w, https:\/\/bottlepromotions.com\/wp-content\/uploads\/2024\/10\/daiya-photo-c-1536x863.jpg 1536w, https:\/\/bottlepromotions.com\/wp-content\/uploads\/2024\/10\/daiya-photo-c-600x337.jpg 600w\" sizes=\"auto, (max-width: 1920px) 100vw, 1920px\" \/>\t\t\t<\/div>\r\n\r\n<\/div>\n\n\n<div style=\"height:50px\" aria-hidden=\"true\" class=\"wp-block-spacer\"><\/div>\n\n\n\r\n<div id=\"text-with-image-block-block_d80d036d320e10ebfbe1b491661719b4\" class=\"fullwidth text-with-image-block position-left layout-normal\">\r\n\r\n\t<div class=\"container-text\">\r\n\t\t\t\t\t\t\t\t\t<h3>100% biobasiert aus Zuckerrohr hergestellt<\/h3>\r\n\t\t\t\t\t\t\t\r\n\t\t\r\n\t\t<div class=\"text-with-image-block-text\">\r\n\t\t\t<p>Unsere Shiva 02 Flasche ist aus 100% biobasiertem Material (Zuckerrohr) hergestellt. Mittels eines nachhaltigen Prozesses wird Zuckersirup in Zuckerprodukte umgewandelt, w\u00e4hrend das Restmaterial in umweltfreundliches Methanol, wie z.B. Polyethylen, umgewandelt wird. Diese Vorgehensweise ist sauberer als konventionelle Methoden mit Erd\u00f6l, wodurch ein vollst\u00e4ndig recycelbares Endprodukt, wie unsere Tacx O2 Flasche garantiert ist.<br \/>\nAber das ist noch nicht alles: Beim Wachstum von Zuckerrohr wird CO2 der Luft entzogen. Tats\u00e4chlich entzieht eine Tonne biobasiertes Polyethylen das Zweifache an Gewicht CO2 aus der Atmosph\u00e4re.<\/p>\n\t\t<\/div>\r\n\r\n\t\t\t\t\t<a class=\"btn\" href=\"https:\/\/bottlepromotions.com\/de\/bio-based-polyethylene\/\" >\r\n\t\t\t\tMehr Informationen\t\t\t<\/a>\r\n\t\t\t<\/div>\r\n\r\n\t<div class=\"container-visual\">\r\n\t\t\t\t\t<img loading=\"lazy\" decoding=\"async\" width=\"1252\" height=\"704\" src=\"https:\/\/bottlepromotions.com\/wp-content\/uploads\/2021\/04\/eco-bottles-edited.jpeg\" class=\"attachment-fullwidth size-fullwidth\" alt=\"\" srcset=\"https:\/\/bottlepromotions.com\/wp-content\/uploads\/2021\/04\/eco-bottles-edited.jpeg 1252w, https:\/\/bottlepromotions.com\/wp-content\/uploads\/2021\/04\/eco-bottles-edited-300x169.jpeg 300w, https:\/\/bottlepromotions.com\/wp-content\/uploads\/2021\/04\/eco-bottles-edited-1024x576.jpeg 1024w, https:\/\/bottlepromotions.com\/wp-content\/uploads\/2021\/04\/eco-bottles-edited-768x432.jpeg 768w, https:\/\/bottlepromotions.com\/wp-content\/uploads\/2021\/04\/eco-bottles-edited-600x337.jpeg 600w\" sizes=\"auto, (max-width: 1252px) 100vw, 1252px\" \/>\t\t\t<\/div>\r\n\r\n<\/div>\n\n\n<div style=\"height:50px\" aria-hidden=\"true\" class=\"wp-block-spacer\"><\/div>\n\n\r\n\t<\/div>\r\n<\/div>\n\n\n<p><\/p>\n","protected":false},"excerpt":{"rendered":"","protected":false},"author":11,"featured_media":0,"parent":0,"menu_order":0,"comment_status":"closed","ping_status":"closed","template":"page-gutenberg.php","meta":{"_acf_changed":false,"_uag_custom_page_level_css":"","footnotes":""},"class_list":["post-6241","page","type-page","status-publish","hentry"],"acf":[],"yoast_head":"<!-- This site is optimized with the Yoast SEO plugin v26.9 - https:\/\/yoast.com\/product\/yoast-seo-wordpress\/ -->\n<title>Biologisch abbaubare Flaschen | Polyethylene aus Zuckerrohr | Bottle Promotions<\/title>\n<meta name=\"description\" content=\"Hersteller von Bio Flaschen | Unseren Beitrag zu einer besseren und lebenswerteren Umwelt | Umweltfreundlichen Werbemitteln\" \/>\n<meta name=\"robots\" content=\"index, follow, max-snippet:-1, max-image-preview:large, max-video-preview:-1\" \/>\n<link rel=\"canonical\" href=\"https:\/\/bottlepromotions.com\/de\/oko-trinkflaschen\/\" \/>\n<meta property=\"og:locale\" content=\"de_DE\" \/>\n<meta property=\"og:type\" content=\"article\" \/>\n<meta property=\"og:title\" content=\"Biologisch abbaubare Flaschen | Polyethylene aus Zuckerrohr | Bottle Promotions\" \/>\n<meta property=\"og:description\" content=\"Hersteller von Bio Flaschen | Unseren Beitrag zu einer besseren und lebenswerteren Umwelt | Umweltfreundlichen Werbemitteln\" \/>\n<meta property=\"og:url\" content=\"https:\/\/bottlepromotions.com\/de\/oko-trinkflaschen\/\" \/>\n<meta property=\"og:site_name\" content=\"Bottle Promotions\" \/>\n<meta property=\"article:modified_time\" content=\"2026-03-26T13:34:57+00:00\" \/>\n<meta property=\"og:image\" content=\"https:\/\/bottlepromotions.com\/wp-content\/uploads\/2023\/08\/druppel-150x150.png\" \/>\n<meta name=\"twitter:card\" content=\"summary_large_image\" \/>\n<meta name=\"twitter:label1\" content=\"Gesch\u00e4tzte Lesezeit\" \/>\n\t<meta name=\"twitter:data1\" content=\"2\u00a0Minuten\" \/>\n<script type=\"application\/ld+json\" class=\"yoast-schema-graph\">{\"@context\":\"https:\/\/schema.org\",\"@graph\":[{\"@type\":\"WebPage\",\"@id\":\"https:\/\/bottlepromotions.com\/de\/oko-trinkflaschen\/\",\"url\":\"https:\/\/bottlepromotions.com\/de\/oko-trinkflaschen\/\",\"name\":\"Biologisch abbaubare Flaschen | Polyethylene aus Zuckerrohr | Bottle Promotions\",\"isPartOf\":{\"@id\":\"https:\/\/bottlepromotions.com\/de\/#website\"},\"primaryImageOfPage\":{\"@id\":\"https:\/\/bottlepromotions.com\/de\/oko-trinkflaschen\/#primaryimage\"},\"image\":{\"@id\":\"https:\/\/bottlepromotions.com\/de\/oko-trinkflaschen\/#primaryimage\"},\"thumbnailUrl\":\"https:\/\/bottlepromotions.com\/wp-content\/uploads\/2023\/08\/druppel-150x150.png\",\"datePublished\":\"2020-01-07T10:59:47+00:00\",\"dateModified\":\"2026-03-26T13:34:57+00:00\",\"description\":\"Hersteller von Bio Flaschen | Unseren Beitrag zu einer besseren und lebenswerteren Umwelt | Umweltfreundlichen Werbemitteln\",\"breadcrumb\":{\"@id\":\"https:\/\/bottlepromotions.com\/de\/oko-trinkflaschen\/#breadcrumb\"},\"inLanguage\":\"de\",\"potentialAction\":[{\"@type\":\"ReadAction\",\"target\":[\"https:\/\/bottlepromotions.com\/de\/oko-trinkflaschen\/\"]}]},{\"@type\":\"ImageObject\",\"inLanguage\":\"de\",\"@id\":\"https:\/\/bottlepromotions.com\/de\/oko-trinkflaschen\/#primaryimage\",\"url\":\"https:\/\/bottlepromotions.com\/wp-content\/uploads\/2023\/08\/druppel-150x150.png\",\"contentUrl\":\"https:\/\/bottlepromotions.com\/wp-content\/uploads\/2023\/08\/druppel-150x150.png\"},{\"@type\":\"BreadcrumbList\",\"@id\":\"https:\/\/bottlepromotions.com\/de\/oko-trinkflaschen\/#breadcrumb\",\"itemListElement\":[{\"@type\":\"ListItem\",\"position\":1,\"name\":\"Home\",\"item\":\"https:\/\/bottlepromotions.com\/de\/\"},{\"@type\":\"ListItem\",\"position\":2,\"name\":\"Oko-Trinkflaschen\"}]},{\"@type\":\"WebSite\",\"@id\":\"https:\/\/bottlepromotions.com\/de\/#website\",\"url\":\"https:\/\/bottlepromotions.com\/de\/\",\"name\":\"Bottle Promotions\",\"description\":\"Your partner in promotional bottles\",\"publisher\":{\"@id\":\"https:\/\/bottlepromotions.com\/de\/#organization\"},\"potentialAction\":[{\"@type\":\"SearchAction\",\"target\":{\"@type\":\"EntryPoint\",\"urlTemplate\":\"https:\/\/bottlepromotions.com\/de\/?s={search_term_string}\"},\"query-input\":{\"@type\":\"PropertyValueSpecification\",\"valueRequired\":true,\"valueName\":\"search_term_string\"}}],\"inLanguage\":\"de\"},{\"@type\":\"Organization\",\"@id\":\"https:\/\/bottlepromotions.com\/de\/#organization\",\"name\":\"Bottle Promotions\",\"url\":\"https:\/\/bottlepromotions.com\/de\/\",\"logo\":{\"@type\":\"ImageObject\",\"inLanguage\":\"de\",\"@id\":\"https:\/\/bottlepromotions.com\/de\/#\/schema\/logo\/image\/\",\"url\":\"https:\/\/bottlepromotions.com\/wp-content\/uploads\/2021\/05\/BP-logo-white.png\",\"contentUrl\":\"https:\/\/bottlepromotions.com\/wp-content\/uploads\/2021\/05\/BP-logo-white.png\",\"width\":1284,\"height\":802,\"caption\":\"Bottle Promotions\"},\"image\":{\"@id\":\"https:\/\/bottlepromotions.com\/de\/#\/schema\/logo\/image\/\"}}]}<\/script>\n<!-- \/ Yoast SEO plugin. -->","yoast_head_json":{"title":"Biologisch abbaubare Flaschen | Polyethylene aus Zuckerrohr | Bottle Promotions","description":"Hersteller von Bio Flaschen | Unseren Beitrag zu einer besseren und lebenswerteren Umwelt | Umweltfreundlichen Werbemitteln","robots":{"index":"index","follow":"follow","max-snippet":"max-snippet:-1","max-image-preview":"max-image-preview:large","max-video-preview":"max-video-preview:-1"},"canonical":"https:\/\/bottlepromotions.com\/de\/oko-trinkflaschen\/","og_locale":"de_DE","og_type":"article","og_title":"Biologisch abbaubare Flaschen | Polyethylene aus Zuckerrohr | Bottle Promotions","og_description":"Hersteller von Bio Flaschen | Unseren Beitrag zu einer besseren und lebenswerteren Umwelt | Umweltfreundlichen Werbemitteln","og_url":"https:\/\/bottlepromotions.com\/de\/oko-trinkflaschen\/","og_site_name":"Bottle Promotions","article_modified_time":"2026-03-26T13:34:57+00:00","og_image":[{"url":"https:\/\/bottlepromotions.com\/wp-content\/uploads\/2023\/08\/druppel-150x150.png","type":"","width":"","height":""}],"twitter_card":"summary_large_image","twitter_misc":{"Gesch\u00e4tzte Lesezeit":"2\u00a0Minuten"},"schema":{"@context":"https:\/\/schema.org","@graph":[{"@type":"WebPage","@id":"https:\/\/bottlepromotions.com\/de\/oko-trinkflaschen\/","url":"https:\/\/bottlepromotions.com\/de\/oko-trinkflaschen\/","name":"Biologisch abbaubare Flaschen | Polyethylene aus Zuckerrohr | Bottle Promotions","isPartOf":{"@id":"https:\/\/bottlepromotions.com\/de\/#website"},"primaryImageOfPage":{"@id":"https:\/\/bottlepromotions.com\/de\/oko-trinkflaschen\/#primaryimage"},"image":{"@id":"https:\/\/bottlepromotions.com\/de\/oko-trinkflaschen\/#primaryimage"},"thumbnailUrl":"https:\/\/bottlepromotions.com\/wp-content\/uploads\/2023\/08\/druppel-150x150.png","datePublished":"2020-01-07T10:59:47+00:00","dateModified":"2026-03-26T13:34:57+00:00","description":"Hersteller von Bio Flaschen | Unseren Beitrag zu einer besseren und lebenswerteren Umwelt | Umweltfreundlichen Werbemitteln","breadcrumb":{"@id":"https:\/\/bottlepromotions.com\/de\/oko-trinkflaschen\/#breadcrumb"},"inLanguage":"de","potentialAction":[{"@type":"ReadAction","target":["https:\/\/bottlepromotions.com\/de\/oko-trinkflaschen\/"]}]},{"@type":"ImageObject","inLanguage":"de","@id":"https:\/\/bottlepromotions.com\/de\/oko-trinkflaschen\/#primaryimage","url":"https:\/\/bottlepromotions.com\/wp-content\/uploads\/2023\/08\/druppel-150x150.png","contentUrl":"https:\/\/bottlepromotions.com\/wp-content\/uploads\/2023\/08\/druppel-150x150.png"},{"@type":"BreadcrumbList","@id":"https:\/\/bottlepromotions.com\/de\/oko-trinkflaschen\/#breadcrumb","itemListElement":[{"@type":"ListItem","position":1,"name":"Home","item":"https:\/\/bottlepromotions.com\/de\/"},{"@type":"ListItem","position":2,"name":"Oko-Trinkflaschen"}]},{"@type":"WebSite","@id":"https:\/\/bottlepromotions.com\/de\/#website","url":"https:\/\/bottlepromotions.com\/de\/","name":"Bottle Promotions","description":"Your partner in promotional bottles","publisher":{"@id":"https:\/\/bottlepromotions.com\/de\/#organization"},"potentialAction":[{"@type":"SearchAction","target":{"@type":"EntryPoint","urlTemplate":"https:\/\/bottlepromotions.com\/de\/?s={search_term_string}"},"query-input":{"@type":"PropertyValueSpecification","valueRequired":true,"valueName":"search_term_string"}}],"inLanguage":"de"},{"@type":"Organization","@id":"https:\/\/bottlepromotions.com\/de\/#organization","name":"Bottle Promotions","url":"https:\/\/bottlepromotions.com\/de\/","logo":{"@type":"ImageObject","inLanguage":"de","@id":"https:\/\/bottlepromotions.com\/de\/#\/schema\/logo\/image\/","url":"https:\/\/bottlepromotions.com\/wp-content\/uploads\/2021\/05\/BP-logo-white.png","contentUrl":"https:\/\/bottlepromotions.com\/wp-content\/uploads\/2021\/05\/BP-logo-white.png","width":1284,"height":802,"caption":"Bottle Promotions"},"image":{"@id":"https:\/\/bottlepromotions.com\/de\/#\/schema\/logo\/image\/"}}]}},"uagb_featured_image_src":{"full":false,"thumbnail":false,"medium":false,"medium_large":false,"large":false,"1536x1536":false,"2048x2048":false,"fullwidth":false,"mediumplus":false,"gform-image-choice-sm":false,"gform-image-choice-md":false,"gform-image-choice-lg":false},"uagb_author_info":{"display_name":"Job Hanemaaijer","author_link":"https:\/\/bottlepromotions.com\/de\/author\/job\/"},"uagb_comment_info":0,"uagb_excerpt":null,"_links":{"self":[{"href":"https:\/\/bottlepromotions.com\/de\/wp-json\/wp\/v2\/pages\/6241","targetHints":{"allow":["GET"]}}],"collection":[{"href":"https:\/\/bottlepromotions.com\/de\/wp-json\/wp\/v2\/pages"}],"about":[{"href":"https:\/\/bottlepromotions.com\/de\/wp-json\/wp\/v2\/types\/page"}],"author":[{"embeddable":true,"href":"https:\/\/bottlepromotions.com\/de\/wp-json\/wp\/v2\/users\/11"}],"replies":[{"embeddable":true,"href":"https:\/\/bottlepromotions.com\/de\/wp-json\/wp\/v2\/comments?post=6241"}],"version-history":[{"count":68,"href":"https:\/\/bottlepromotions.com\/de\/wp-json\/wp\/v2\/pages\/6241\/revisions"}],"predecessor-version":[{"id":21153,"href":"https:\/\/bottlepromotions.com\/de\/wp-json\/wp\/v2\/pages\/6241\/revisions\/21153"}],"wp:attachment":[{"href":"https:\/\/bottlepromotions.com\/de\/wp-json\/wp\/v2\/media?parent=6241"}],"curies":[{"name":"wp","href":"https:\/\/api.w.org\/{rel}","templated":true}]}}