{"id":5685,"date":"2019-11-28T12:15:41","date_gmt":"2019-11-28T12:15:41","guid":{"rendered":"https:\/\/bottlepromotions.com\/bottles-and-accessories\/"},"modified":"2026-01-14T09:35:30","modified_gmt":"2026-01-14T09:35:30","slug":"trinkflaschen-und-zubehor","status":"publish","type":"page","link":"https:\/\/bottlepromotions.com\/de\/trinkflaschen-und-zubehor\/","title":{"rendered":"Trinkflaschen und Zubeh\u00f6r"},"content":{"rendered":"<div id=\"page-header-block_1d2fe2b1177dcb33e77c574848110778\" class=\"page-header-block alignfull\">\r\n\t<div class=\"image\">\r\n\t\t<img loading=\"lazy\" decoding=\"async\" width=\"1920\" height=\"793\" src=\"https:\/\/bottlepromotions.com\/wp-content\/uploads\/2023\/08\/Jumbo-in-een-tourrit-2021-scaled-1-e1692779540757-1920x793.jpg\" class=\"attachment-fullwidth size-fullwidth\" alt=\"\" \/>\t<\/div>\r\n\r\n\t<div class=\"container container-xl\">\r\n\t\t<div class=\"page-header-content col-md-12 col-lg-7\">\r\n\t\t\t<h1>Flaschen und Accessoires<\/h1>\r\n\r\n\t\t\t\r\n\t\t\t\t\t\t\t<h2>Eine TACX-Flasche, der ultimative Werbe-Blickfang<\/h2>\n<p>Mit einem vielseitigen Sortiment bestehend aus 3 Typen \u2013 Sport, Eco und Lifestyle \u2013 bieten wir eine dynamische Auswahl um diverse Anl\u00e4sse abdecken zu k\u00f6nnen. Treffe eine Wahl aus den Modellen Shiva (mit 3 verschiedenen Verschlusstypen), der Fuse und unsere hagelneue Daiya, die eine perfekte Mischung aus Stil und Funktionalit\u00e4t verk\u00f6rpert. Wir bieten auch umweltfreundliche Optionen an, darunter das biobasierte PE Shiva und Daiya, das aus Zuckerrohr gewonnen wird. Diese Produkte sind darauf ausgelegt, Ihren Beitrag zur Nachhaltigkeit zu unterst\u00fctzen, ohne Kompromisse bei der Qualit\u00e4t einzugehen.<\/p>\n<p>Um die Werbewirksamkeit zu verst\u00e4rken, liefern wir Accessoires wie der Starlight Flaschenbeh\u00e4lter, der 8 Flaschen aufnehmen kann (ideal f\u00fcr Sportveranstaltungen).<\/p>\n<p>Unsere Tacx Flaschen sind synonym mit Qualit\u00e4t. Hergestellt f\u00fcr die \u201eEwigkeit\u201c sind sie \u2013 f\u00fcr einen langen Einsatz &#8211; genau passend und erh\u00f6hen den Wert Ihrer k\u00fcnftigen Werbeaktionen.<\/p>\n\t\t\t\t\t<\/div>\r\n\t<\/div>\r\n<\/div>\n\n\n<div style=\"height:40px\" aria-hidden=\"true\" class=\"wp-block-spacer\"><\/div>\n\n\n\n<div class=\"wp-block-uagb-container uagb-block-50bcbb59 alignwide uagb-is-root-container\">\n<div class=\"wp-block-uagb-container uagb-block-e817d9bf\">\n<div class=\"wp-block-uagb-info-box uagb-block-e175a243 uagb-infobox__content-wrap  uagb-infobox-icon-above-title uagb-infobox-image-valign-top\"><div class=\"uagb-ifb-content\"><div class=\"uagb-ifb-image-content\"><img decoding=\"async\" src=\"https:\/\/bottlepromotions.com\/wp-content\/uploads\/2023\/08\/druppel-150x150.png\" alt=\"\" width=\"20\" height=\"20\" loading=\"lazy\"\/><\/div><div class=\"uagb-ifb-title-wrap\"><h3 class=\"uagb-ifb-title\">Sie tragen bei Einwegflaschen zu reduzieren<\/h3><\/div><\/div><\/div>\n<\/div>\n\n\n\n<div class=\"wp-block-uagb-container uagb-block-092253a5\">\n<div class=\"wp-block-uagb-info-box uagb-block-aa9a387c uagb-infobox__content-wrap  uagb-infobox-icon-above-title uagb-infobox-image-valign-top\"><div class=\"uagb-ifb-content\"><div class=\"uagb-ifb-image-content\"><img decoding=\"async\" src=\"https:\/\/bottlepromotions.com\/wp-content\/uploads\/2023\/08\/druppel-150x150.png\" alt=\"\" width=\"20\" height=\"20\" loading=\"lazy\"\/><\/div><div class=\"uagb-ifb-title-wrap\"><h3 class=\"uagb-ifb-title\">Schieben einen gesunden Lifestyle an<\/h3><\/div><\/div><\/div>\n<\/div>\n\n\n\n<div class=\"wp-block-uagb-container uagb-block-9ca5a6d1\">\n<div class=\"wp-block-uagb-info-box uagb-block-3dce045e uagb-infobox__content-wrap  uagb-infobox-icon-above-title uagb-infobox-image-valign-top\"><div class=\"uagb-ifb-content\"><div class=\"uagb-ifb-image-content\"><img decoding=\"async\" src=\"https:\/\/bottlepromotions.com\/wp-content\/uploads\/2023\/08\/druppel-150x150.png\" alt=\"\" width=\"20\" height=\"20\" loading=\"lazy\"\/><\/div><div class=\"uagb-ifb-title-wrap\"><h3 class=\"uagb-ifb-title\">Logo und Werbebotschaft sind \u00fcber Jahre gut sichtbar<\/h3><\/div><\/div><\/div>\n<\/div>\n\n\n\n<div class=\"wp-block-uagb-container uagb-block-9ee9832b\">\n<div class=\"wp-block-uagb-info-box uagb-block-3f0b7de0 uagb-infobox__content-wrap  uagb-infobox-icon-above-title uagb-infobox-image-valign-top\"><div class=\"uagb-ifb-content\"><div class=\"uagb-ifb-image-content\"><img decoding=\"async\" src=\"https:\/\/bottlepromotions.com\/wp-content\/uploads\/2023\/08\/druppel-150x150.png\" alt=\"\" width=\"20\" height=\"20\" loading=\"lazy\"\/><\/div><div class=\"uagb-ifb-title-wrap\"><h3 class=\"uagb-ifb-title\">Gro\u00dfe bedruckbare Fl\u00e4chen regen die Kreativit\u00e4t an<\/h3><\/div><\/div><\/div>\n<\/div>\n<\/div>\n\n\n\n<div style=\"height:40px\" aria-hidden=\"true\" class=\"wp-block-spacer\"><\/div>\n\n\n<div id=\"title-button-block_71c339cb6b7697fbb0a7155e75668ede\" class=\"title-button-block\">\r\n\t<div class=\"row\">\r\n\t\t<div class=\"col-12 heading\">\r\n\t\t\t<h1 style=\"color:#448f1e;\">Eco<\/h1>\r\n\t\t\t<p class=\"font-caveat\" style=\"color:#448f1e;\">We care for our planet<\/p><br>\r\n\t\t\t\t\t\t\t<a href=\"\/de\/oko-trinkflaschen\/\" target=\"\" class=\"btn outline\">Pflanzenbasiertes PE, aus Zuckerrohr gewonnen<\/a>\r\n\t\t\t\t\t<\/div>\r\n\t\t<!-- <div class=\"col-md-4 button-col\">\r\n\t\t\t<a href=\"\/de\/oko-trinkflaschen\/\" target=\"\" class=\"btn outline\">Pflanzenbasiertes PE, aus Zuckerrohr gewonnen<\/a>\r\n\t  \t<\/div> -->\r\n\t<\/div>\r\n<\/div>\n\n\r\n\t<div id=\"products-block_30da4e76cd68477458d9a754a1e9b41b\" class=\"products-block\">\r\n\r\n\t\t\t\t\t<a class=\"product-block\" href=\"\/de\/bottle\/shiva-o2-suckerrohr-500ml\/\">\r\n\t\t\t\t<h3>\r\n\t\t\t\t\tShiva \u2013 02 <small>500ml &#038; 750ml<\/small>\t\t\t\t<\/h3>\r\n\r\n\t\t\t\t<div class=\"intro\">\r\n\t\t\t\t\t100% Biobasiert aus Zuckerrohr. 4 Flaschenbarben, 4 Kappenfarben\t\t\t\t<\/div>\r\n\r\n\t\t\t\t<div class=\"image\">\r\n\t\t\t\t\t<img decoding=\"async\" src=\"https:\/\/bottlepromotions.com\/wp-content\/uploads\/2023\/11\/Shiva-nieuwekleuren-site-2020-O2-4-label.png\" alt=\"Shiva-nieuwekleuren-site-2020-O2-4-label\" \/>\r\n\t\t\t\t<\/div>\r\n\t\t\t<\/a>\r\n\t\t\t\t\t<a class=\"product-block\" href=\"\/de\/bottle\/daiya-o2-550ml\/\">\r\n\t\t\t\t<h3>\r\n\t\t\t\t\tDAIYA &#8211; 02<small>550ml<\/small>\t\t\t\t<\/h3>\r\n\r\n\t\t\t\t<div class=\"intro\">\r\n\t\t\t\t\tEntdecken Sie den Daiya \u2013 die neue Tacx-Trinkflasche mit modernem Design, hergestellt aus Zuckerrohr\t\t\t\t<\/div>\r\n\r\n\t\t\t\t<div class=\"image\">\r\n\t\t\t\t\t<img decoding=\"async\" src=\"https:\/\/bottlepromotions.com\/wp-content\/uploads\/2023\/10\/daiya-o2-bottles-new.png\" alt=\"daiya-o2-bottles-new\" \/>\r\n\t\t\t\t<\/div>\r\n\t\t\t<\/a>\r\n\t\t\r\n\t<\/div>\r\n\n\n\n<div style=\"height:40px\" aria-hidden=\"true\" class=\"wp-block-spacer\"><\/div>\n\n\n<div id=\"title-button-block_f2d883091518c5afbced19e6a74b7516\" class=\"title-button-block\">\r\n\t<div class=\"row\">\r\n\t\t<div class=\"col-12 heading\">\r\n\t\t\t<h1 style=\"color:#5081b4;\">Sport<\/h1>\r\n\t\t\t<p class=\"font-caveat\" style=\"color:#5081b4;\">We care for your hydration<\/p><br>\r\n\t\t\t\t\t\t\t<a href=\"\/de\/sporttrinkflasche\/\" target=\"\" class=\"btn outline\">Sports Bottles<\/a>\r\n\t\t\t\t\t<\/div>\r\n\t\t<!-- <div class=\"col-md-4 button-col\">\r\n\t\t\t<a href=\"\/de\/sporttrinkflasche\/\" target=\"\" class=\"btn outline\">Sports Bottles<\/a>\r\n\t  \t<\/div> -->\r\n\t<\/div>\r\n<\/div>\n\n\r\n\t<div id=\"products-block_fb9d75d3952de9135b0090891b4344fe\" class=\"products-block\">\r\n\r\n\t\t\t\t\t<a class=\"product-block\" href=\"\/de\/bottle\/shiva-500-ml-standard-schraubdeckel\/\">\r\n\t\t\t\t<h3>\r\n\t\t\t\t\tShiva Original <small>500ml &#038; 750ml<\/small>\t\t\t\t<\/h3>\r\n\r\n\t\t\t\t<div class=\"intro\">\r\n\t\t\t\t\tDrehverschluss mit verschlie\u00dfbarem Ziehmundst\u00fcck, 22 Trinkflaschenfarben, 26 Kappenfarben\t\t\t\t<\/div>\r\n\r\n\t\t\t\t<div class=\"image\">\r\n\t\t\t\t\t<img decoding=\"async\" src=\"https:\/\/bottlepromotions.com\/wp-content\/uploads\/2023\/11\/shiva-original-with-banner.png\" alt=\"shiva-original-with-banner\" \/>\r\n\t\t\t\t<\/div>\r\n\t\t\t<\/a>\r\n\t\t\t\t\t<a class=\"product-block\" href=\"\/de\/bottle\/shiva-500-ml-shanti-premium-membrandeckel\/\">\r\n\t\t\t\t<h3>\r\n\t\t\t\t\tShiva Premium <small>500ml &#038; 750ml<\/small>\t\t\t\t<\/h3>\r\n\r\n\t\t\t\t<div class=\"intro\">\r\n\t\t\t\t\tShanti Membranverschluss, 22 Trinkflaschenfarben, Kappe anthrazit, 8 Ringfarben\t\t\t\t<\/div>\r\n\r\n\t\t\t\t<div class=\"image\">\r\n\t\t\t\t\t<img decoding=\"async\" src=\"https:\/\/bottlepromotions.com\/wp-content\/uploads\/2019\/12\/shiva-premium-bottle.png\" alt=\"shiva-premium-bottle\" \/>\r\n\t\t\t\t<\/div>\r\n\t\t\t<\/a>\r\n\t\t\t\t\t<a class=\"product-block\" href=\"\/de\/bottle\/shiva-500-ml-xt-deckel-mit-verlangertem-ziehverschluss\/\">\r\n\t\t\t\t<h3>\r\n\t\t\t\t\tShiva XT<small>500ml &#038; 750ml<\/small>\t\t\t\t<\/h3>\r\n\r\n\t\t\t\t<div class=\"intro\">\r\n\t\t\t\t\tDrehverschluss mit verl\u00e4ngertem Ziehmundst\u00fcck, 22 Trinkflaschenfarben, Kappe schwarz\t\t\t\t<\/div>\r\n\r\n\t\t\t\t<div class=\"image\">\r\n\t\t\t\t\t<img decoding=\"async\" src=\"https:\/\/bottlepromotions.com\/wp-content\/uploads\/2019\/12\/shiva-xt-bottle.png\" alt=\"shiva-xt-bottle\" \/>\r\n\t\t\t\t<\/div>\r\n\t\t\t<\/a>\r\n\t\t\t\t\t<a class=\"product-block\" href=\"\/de\/bottle\/daiya-550ml\/\">\r\n\t\t\t\t<h3>\r\n\t\t\t\t\tDAIYA <small>550ml<\/small>\t\t\t\t<\/h3>\r\n\r\n\t\t\t\t<div class=\"intro\">\r\n\t\t\t\t\tEntdecken Sie den Daiya \u2013 die neue Tacx-Trinkflasche mit modernem Design\t\t\t\t<\/div>\r\n\r\n\t\t\t\t<div class=\"image\">\r\n\t\t\t\t\t<img decoding=\"async\" src=\"https:\/\/bottlepromotions.com\/wp-content\/uploads\/2023\/10\/daiya-bottles-new.png\" alt=\"daiya-bottles-new\" \/>\r\n\t\t\t\t<\/div>\r\n\t\t\t<\/a>\r\n\t\t\r\n\t<\/div>\r\n\n\n\n<div style=\"height:40px\" aria-hidden=\"true\" class=\"wp-block-spacer\"><\/div>\n\n\n<div id=\"title-button-block_c271fdb1f02de97d2ca405eafb22d402\" class=\"title-button-block\">\r\n\t<div class=\"row\">\r\n\t\t<div class=\"col-12 heading\">\r\n\t\t\t<h1 style=\"color:#dc5e00;\">Lifestyle<\/h1>\r\n\t\t\t<p class=\"font-caveat\" style=\"color:#dc5e00;\">We care for your health<\/p><br>\r\n\t\t\t\t\t\t\t<a href=\"\/de\/lifestyle-bottles\/\" target=\"\" class=\"btn outline\">Lifestyle bottles<\/a>\r\n\t\t\t\t\t<\/div>\r\n\t\t<!-- <div class=\"col-md-4 button-col\">\r\n\t\t\t<a href=\"\/de\/lifestyle-bottles\/\" target=\"\" class=\"btn outline\">Lifestyle bottles<\/a>\r\n\t  \t<\/div> -->\r\n\t<\/div>\r\n<\/div>\n\n\r\n\t<div id=\"products-block_a68370bef0cba9af9feb661d631e3167\" class=\"products-block\">\r\n\r\n\t\t\t\t\t<a class=\"product-block\" href=\"\/de\/bottle\/fuse\/\">\r\n\t\t\t\t<h3>\r\n\t\t\t\t\tFuse <small>450ml<\/small>\t\t\t\t<\/h3>\r\n\r\n\t\t\t\t<div class=\"intro\">\r\n\t\t\t\t\tDrehverschluss mit oder ohne Fruit-Fusion-Stiel erh\u00e4ltlich\t\t\t\t<\/div>\r\n\r\n\t\t\t\t<div class=\"image\">\r\n\t\t\t\t\t<img decoding=\"async\" src=\"https:\/\/bottlepromotions.com\/wp-content\/uploads\/2019\/12\/fuse-unprinted.png\" alt=\"fuse-unprinted\" \/>\r\n\t\t\t\t<\/div>\r\n\t\t\t<\/a>\r\n\t\t\r\n\t<\/div>\r\n\n\n\n<div style=\"height:40px\" aria-hidden=\"true\" id=\"Accessories\" class=\"wp-block-spacer\"><\/div>\n\n\n<div id=\"title-button-block_0d2c8b1a2b13e7cb5800e4682d945572\" class=\"title-button-block\">\r\n\t<div class=\"row\">\r\n\t\t<div class=\"col-12 heading\">\r\n\t\t\t<h1 style=\"color:#0a0000;\">Zubeh\u00f6r<\/h1>\r\n\t\t\t<p class=\"font-caveat\" style=\"color:#0a0000;\"><\/p><br>\r\n\t\t\t\t\t<\/div>\r\n\t\t<!-- <div class=\"col-md-4 button-col\">\r\n\t\t<\/div> -->\r\n\t<\/div>\r\n<\/div>\n\n\r\n\t<div id=\"products-block_47d78c2504bfea4cb8c4fe8083a35900\" class=\"products-block\">\r\n\r\n\t\t\t\t\t<a class=\"product-block\" href=\"\/de\/accessory\/starlight\/\">\r\n\t\t\t\t<h3>\r\n\t\t\t\t\tStarLight\t\t\t\t<\/h3>\r\n\r\n\t\t\t\t<div class=\"intro\">\r\n\t\t\t\t\tGeeignet f\u00fcr den Transport von 8 Flaschen\r\n500ml or 750ml\r\n\t\t\t\t<\/div>\r\n\r\n\t\t\t\t<div class=\"image\">\r\n\t\t\t\t\t<img decoding=\"async\" src=\"https:\/\/bottlepromotions.com\/wp-content\/uploads\/2023\/07\/accessoires-wide.png\" alt=\"accessoires-wide\" \/>\r\n\t\t\t\t<\/div>\r\n\t\t\t<\/a>\r\n\t\t\t\t\t<a class=\"product-block\" href=\"https:\/\/bottlepromotions.com\/de\/tacx-flaschenhalter\/\">\r\n\t\t\t\t<h3>\r\n\t\t\t\t\tTacx Flaschenhalter\t\t\t\t<\/h3>\r\n\r\n\t\t\t\t<div class=\"intro\">\r\n\t\t\t\t\tZur Auswahl stehen:<br \/>\r\nDeva, Ciro oder Radar\t\t\t\t<\/div>\r\n\r\n\t\t\t\t<div class=\"image\">\r\n\t\t\t\t\t<img decoding=\"async\" src=\"https:\/\/bottlepromotions.com\/wp-content\/uploads\/2024\/03\/T6154.01_Deva_White_0517_perspective_cutout_b.png\" alt=\"T6154.01_Deva_White_0517_perspective_cutout_b\" \/>\r\n\t\t\t\t<\/div>\r\n\t\t\t<\/a>\r\n\t\t\r\n\t<\/div>\r\n","protected":false},"excerpt":{"rendered":"","protected":false},"author":11,"featured_media":0,"parent":0,"menu_order":0,"comment_status":"closed","ping_status":"closed","template":"page-gutenberg.php","meta":{"_acf_changed":false,"_uag_custom_page_level_css":"","footnotes":""},"class_list":["post-5685","page","type-page","status-publish","hentry"],"acf":[],"yoast_head":"<!-- This site is optimized with the Yoast SEO plugin v26.9 - https:\/\/yoast.com\/product\/yoast-seo-wordpress\/ -->\n<title>Trinkflaschen und Zubeh\u00f6r - Bottle Promotions<\/title>\n<meta name=\"robots\" content=\"index, follow, max-snippet:-1, max-image-preview:large, max-video-preview:-1\" \/>\n<link rel=\"canonical\" href=\"https:\/\/bottlepromotions.com\/de\/trinkflaschen-und-zubehor\/\" \/>\n<meta property=\"og:locale\" content=\"de_DE\" \/>\n<meta property=\"og:type\" content=\"article\" \/>\n<meta property=\"og:title\" content=\"Trinkflaschen und Zubeh\u00f6r - Bottle Promotions\" \/>\n<meta property=\"og:url\" content=\"https:\/\/bottlepromotions.com\/de\/trinkflaschen-und-zubehor\/\" \/>\n<meta property=\"og:site_name\" content=\"Bottle Promotions\" \/>\n<meta property=\"article:modified_time\" content=\"2026-01-14T09:35:30+00:00\" \/>\n<meta property=\"og:image\" content=\"https:\/\/bottlepromotions.com\/wp-content\/uploads\/2023\/08\/druppel-150x150.png\" \/>\n<meta name=\"twitter:card\" content=\"summary_large_image\" \/>\n<meta name=\"twitter:label1\" content=\"Gesch\u00e4tzte Lesezeit\" \/>\n\t<meta name=\"twitter:data1\" content=\"1\u00a0Minute\" \/>\n<script type=\"application\/ld+json\" class=\"yoast-schema-graph\">{\"@context\":\"https:\/\/schema.org\",\"@graph\":[{\"@type\":\"WebPage\",\"@id\":\"https:\/\/bottlepromotions.com\/de\/trinkflaschen-und-zubehor\/\",\"url\":\"https:\/\/bottlepromotions.com\/de\/trinkflaschen-und-zubehor\/\",\"name\":\"Trinkflaschen und Zubeh\u00f6r - Bottle Promotions\",\"isPartOf\":{\"@id\":\"https:\/\/bottlepromotions.com\/de\/#website\"},\"primaryImageOfPage\":{\"@id\":\"https:\/\/bottlepromotions.com\/de\/trinkflaschen-und-zubehor\/#primaryimage\"},\"image\":{\"@id\":\"https:\/\/bottlepromotions.com\/de\/trinkflaschen-und-zubehor\/#primaryimage\"},\"thumbnailUrl\":\"https:\/\/bottlepromotions.com\/wp-content\/uploads\/2023\/08\/druppel-150x150.png\",\"datePublished\":\"2019-11-28T12:15:41+00:00\",\"dateModified\":\"2026-01-14T09:35:30+00:00\",\"breadcrumb\":{\"@id\":\"https:\/\/bottlepromotions.com\/de\/trinkflaschen-und-zubehor\/#breadcrumb\"},\"inLanguage\":\"de\",\"potentialAction\":[{\"@type\":\"ReadAction\",\"target\":[\"https:\/\/bottlepromotions.com\/de\/trinkflaschen-und-zubehor\/\"]}]},{\"@type\":\"ImageObject\",\"inLanguage\":\"de\",\"@id\":\"https:\/\/bottlepromotions.com\/de\/trinkflaschen-und-zubehor\/#primaryimage\",\"url\":\"https:\/\/bottlepromotions.com\/wp-content\/uploads\/2023\/08\/druppel-150x150.png\",\"contentUrl\":\"https:\/\/bottlepromotions.com\/wp-content\/uploads\/2023\/08\/druppel-150x150.png\"},{\"@type\":\"BreadcrumbList\",\"@id\":\"https:\/\/bottlepromotions.com\/de\/trinkflaschen-und-zubehor\/#breadcrumb\",\"itemListElement\":[{\"@type\":\"ListItem\",\"position\":1,\"name\":\"Home\",\"item\":\"https:\/\/bottlepromotions.com\/de\/\"},{\"@type\":\"ListItem\",\"position\":2,\"name\":\"Trinkflaschen und Zubeh\u00f6r\"}]},{\"@type\":\"WebSite\",\"@id\":\"https:\/\/bottlepromotions.com\/de\/#website\",\"url\":\"https:\/\/bottlepromotions.com\/de\/\",\"name\":\"Bottle Promotions\",\"description\":\"Your partner in promotional bottles\",\"publisher\":{\"@id\":\"https:\/\/bottlepromotions.com\/de\/#organization\"},\"potentialAction\":[{\"@type\":\"SearchAction\",\"target\":{\"@type\":\"EntryPoint\",\"urlTemplate\":\"https:\/\/bottlepromotions.com\/de\/?s={search_term_string}\"},\"query-input\":{\"@type\":\"PropertyValueSpecification\",\"valueRequired\":true,\"valueName\":\"search_term_string\"}}],\"inLanguage\":\"de\"},{\"@type\":\"Organization\",\"@id\":\"https:\/\/bottlepromotions.com\/de\/#organization\",\"name\":\"Bottle Promotions\",\"url\":\"https:\/\/bottlepromotions.com\/de\/\",\"logo\":{\"@type\":\"ImageObject\",\"inLanguage\":\"de\",\"@id\":\"https:\/\/bottlepromotions.com\/de\/#\/schema\/logo\/image\/\",\"url\":\"https:\/\/bottlepromotions.com\/wp-content\/uploads\/2021\/05\/BP-logo-white.png\",\"contentUrl\":\"https:\/\/bottlepromotions.com\/wp-content\/uploads\/2021\/05\/BP-logo-white.png\",\"width\":1284,\"height\":802,\"caption\":\"Bottle Promotions\"},\"image\":{\"@id\":\"https:\/\/bottlepromotions.com\/de\/#\/schema\/logo\/image\/\"}}]}<\/script>\n<!-- \/ Yoast SEO plugin. -->","yoast_head_json":{"title":"Trinkflaschen und Zubeh\u00f6r - Bottle Promotions","robots":{"index":"index","follow":"follow","max-snippet":"max-snippet:-1","max-image-preview":"max-image-preview:large","max-video-preview":"max-video-preview:-1"},"canonical":"https:\/\/bottlepromotions.com\/de\/trinkflaschen-und-zubehor\/","og_locale":"de_DE","og_type":"article","og_title":"Trinkflaschen und Zubeh\u00f6r - Bottle Promotions","og_url":"https:\/\/bottlepromotions.com\/de\/trinkflaschen-und-zubehor\/","og_site_name":"Bottle Promotions","article_modified_time":"2026-01-14T09:35:30+00:00","og_image":[{"url":"https:\/\/bottlepromotions.com\/wp-content\/uploads\/2023\/08\/druppel-150x150.png","type":"","width":"","height":""}],"twitter_card":"summary_large_image","twitter_misc":{"Gesch\u00e4tzte Lesezeit":"1\u00a0Minute"},"schema":{"@context":"https:\/\/schema.org","@graph":[{"@type":"WebPage","@id":"https:\/\/bottlepromotions.com\/de\/trinkflaschen-und-zubehor\/","url":"https:\/\/bottlepromotions.com\/de\/trinkflaschen-und-zubehor\/","name":"Trinkflaschen und Zubeh\u00f6r - Bottle Promotions","isPartOf":{"@id":"https:\/\/bottlepromotions.com\/de\/#website"},"primaryImageOfPage":{"@id":"https:\/\/bottlepromotions.com\/de\/trinkflaschen-und-zubehor\/#primaryimage"},"image":{"@id":"https:\/\/bottlepromotions.com\/de\/trinkflaschen-und-zubehor\/#primaryimage"},"thumbnailUrl":"https:\/\/bottlepromotions.com\/wp-content\/uploads\/2023\/08\/druppel-150x150.png","datePublished":"2019-11-28T12:15:41+00:00","dateModified":"2026-01-14T09:35:30+00:00","breadcrumb":{"@id":"https:\/\/bottlepromotions.com\/de\/trinkflaschen-und-zubehor\/#breadcrumb"},"inLanguage":"de","potentialAction":[{"@type":"ReadAction","target":["https:\/\/bottlepromotions.com\/de\/trinkflaschen-und-zubehor\/"]}]},{"@type":"ImageObject","inLanguage":"de","@id":"https:\/\/bottlepromotions.com\/de\/trinkflaschen-und-zubehor\/#primaryimage","url":"https:\/\/bottlepromotions.com\/wp-content\/uploads\/2023\/08\/druppel-150x150.png","contentUrl":"https:\/\/bottlepromotions.com\/wp-content\/uploads\/2023\/08\/druppel-150x150.png"},{"@type":"BreadcrumbList","@id":"https:\/\/bottlepromotions.com\/de\/trinkflaschen-und-zubehor\/#breadcrumb","itemListElement":[{"@type":"ListItem","position":1,"name":"Home","item":"https:\/\/bottlepromotions.com\/de\/"},{"@type":"ListItem","position":2,"name":"Trinkflaschen und Zubeh\u00f6r"}]},{"@type":"WebSite","@id":"https:\/\/bottlepromotions.com\/de\/#website","url":"https:\/\/bottlepromotions.com\/de\/","name":"Bottle Promotions","description":"Your partner in promotional bottles","publisher":{"@id":"https:\/\/bottlepromotions.com\/de\/#organization"},"potentialAction":[{"@type":"SearchAction","target":{"@type":"EntryPoint","urlTemplate":"https:\/\/bottlepromotions.com\/de\/?s={search_term_string}"},"query-input":{"@type":"PropertyValueSpecification","valueRequired":true,"valueName":"search_term_string"}}],"inLanguage":"de"},{"@type":"Organization","@id":"https:\/\/bottlepromotions.com\/de\/#organization","name":"Bottle Promotions","url":"https:\/\/bottlepromotions.com\/de\/","logo":{"@type":"ImageObject","inLanguage":"de","@id":"https:\/\/bottlepromotions.com\/de\/#\/schema\/logo\/image\/","url":"https:\/\/bottlepromotions.com\/wp-content\/uploads\/2021\/05\/BP-logo-white.png","contentUrl":"https:\/\/bottlepromotions.com\/wp-content\/uploads\/2021\/05\/BP-logo-white.png","width":1284,"height":802,"caption":"Bottle Promotions"},"image":{"@id":"https:\/\/bottlepromotions.com\/de\/#\/schema\/logo\/image\/"}}]}},"uagb_featured_image_src":{"full":false,"thumbnail":false,"medium":false,"medium_large":false,"large":false,"1536x1536":false,"2048x2048":false,"fullwidth":false,"mediumplus":false,"gform-image-choice-sm":false,"gform-image-choice-md":false,"gform-image-choice-lg":false},"uagb_author_info":{"display_name":"Job Hanemaaijer","author_link":"https:\/\/bottlepromotions.com\/de\/author\/job\/"},"uagb_comment_info":0,"uagb_excerpt":null,"_links":{"self":[{"href":"https:\/\/bottlepromotions.com\/de\/wp-json\/wp\/v2\/pages\/5685","targetHints":{"allow":["GET"]}}],"collection":[{"href":"https:\/\/bottlepromotions.com\/de\/wp-json\/wp\/v2\/pages"}],"about":[{"href":"https:\/\/bottlepromotions.com\/de\/wp-json\/wp\/v2\/types\/page"}],"author":[{"embeddable":true,"href":"https:\/\/bottlepromotions.com\/de\/wp-json\/wp\/v2\/users\/11"}],"replies":[{"embeddable":true,"href":"https:\/\/bottlepromotions.com\/de\/wp-json\/wp\/v2\/comments?post=5685"}],"version-history":[{"count":84,"href":"https:\/\/bottlepromotions.com\/de\/wp-json\/wp\/v2\/pages\/5685\/revisions"}],"predecessor-version":[{"id":20758,"href":"https:\/\/bottlepromotions.com\/de\/wp-json\/wp\/v2\/pages\/5685\/revisions\/20758"}],"wp:attachment":[{"href":"https:\/\/bottlepromotions.com\/de\/wp-json\/wp\/v2\/media?parent=5685"}],"curies":[{"name":"wp","href":"https:\/\/api.w.org\/{rel}","templated":true}]}}