{"id":18371,"date":"2024-04-10T14:14:58","date_gmt":"2024-04-10T14:14:58","guid":{"rendered":"https:\/\/bottlepromotions.com\/treebytree\/"},"modified":"2024-07-04T10:22:02","modified_gmt":"2024-07-04T10:22:02","slug":"treebytree","status":"publish","type":"page","link":"https:\/\/bottlepromotions.com\/de\/treebytree\/","title":{"rendered":"TreeByTree"},"content":{"rendered":"<div id=\"page-header-block_5d09a9c5422d590d317b49ba7f5eb5d3\" class=\"page-header-block alignfull\">\r\n\t<div class=\"image\">\r\n\t\t<img loading=\"lazy\" decoding=\"async\" width=\"1920\" height=\"1275\" src=\"https:\/\/bottlepromotions.com\/wp-content\/uploads\/2024\/04\/12-Hans-02-2021-_-Manchali-Chamwino-_-Kisiki-Hai-_-Dodoma-Tanzania-b.jpg\" class=\"attachment-fullwidth size-fullwidth\" alt=\"\" srcset=\"https:\/\/bottlepromotions.com\/wp-content\/uploads\/2024\/04\/12-Hans-02-2021-_-Manchali-Chamwino-_-Kisiki-Hai-_-Dodoma-Tanzania-b.jpg 1920w, https:\/\/bottlepromotions.com\/wp-content\/uploads\/2024\/04\/12-Hans-02-2021-_-Manchali-Chamwino-_-Kisiki-Hai-_-Dodoma-Tanzania-b-300x199.jpg 300w, https:\/\/bottlepromotions.com\/wp-content\/uploads\/2024\/04\/12-Hans-02-2021-_-Manchali-Chamwino-_-Kisiki-Hai-_-Dodoma-Tanzania-b-1024x680.jpg 1024w, https:\/\/bottlepromotions.com\/wp-content\/uploads\/2024\/04\/12-Hans-02-2021-_-Manchali-Chamwino-_-Kisiki-Hai-_-Dodoma-Tanzania-b-768x510.jpg 768w, https:\/\/bottlepromotions.com\/wp-content\/uploads\/2024\/04\/12-Hans-02-2021-_-Manchali-Chamwino-_-Kisiki-Hai-_-Dodoma-Tanzania-b-1536x1020.jpg 1536w, https:\/\/bottlepromotions.com\/wp-content\/uploads\/2024\/04\/12-Hans-02-2021-_-Manchali-Chamwino-_-Kisiki-Hai-_-Dodoma-Tanzania-b-600x398.jpg 600w\" sizes=\"auto, (max-width: 1920px) 100vw, 1920px\" \/>\t<\/div>\r\n\r\n\t<div class=\"container container-xl\">\r\n\t\t<div class=\"page-header-content col-md-12 col-lg-7\">\r\n\t\t\t<h1>Bottle Promotions hilft bei der Erholung der Natur. Baum f\u00fcr Baum \u2026!<\/h1>\r\n\r\n\t\t\t\t\t\t\t<h2>NEU \u2026! Bei Bestellungen ab .1000 Bidons oder mehr schenken wir Ihnen einen Baum im Herzen Afrikas. Dank der zus\u00e4tzlichen Pflege wird sich dieser Baum erholen und zu einem ausgewachsenen Exemplar heranwachsen. Auf diese Art und Weise tragen wir zum Wachstum eines Bottle Promotions Waldes bei. Mit dieser Initiative wollen wir der Natur etwas zur\u00fcckgeben.<\/h2>\r\n\t\t\t\r\n\t\t\t\t\t\t\t<p style=\"font-weight: 400\">Einige Tage nach dem Absenden Ihrer Bestellung werden Sie per E-Mail mit einem beeindruckenden digitalen Erlebnis belohnt. Sie packen Ihren Baum aus und finden dabei den genauen Geo-Standort, haben Zugriff auf interessante Statistiken wie z.B. ein fester CO2-Wert, gesch\u00e4tzte Wasserretention, verschiedene Baumarten und noch vieles mehr. \u00dcber Ihre pers\u00f6nliche \u00dcbersicht und die viertelj\u00e4hrliche Aktualisierung bleiben Sie mit Ihrem gespendeten Baum verbunden.<\/p>\n\t\t\t\t\t<\/div>\r\n\t<\/div>\r\n<\/div>\n\n<div id=\"container-block-block_7fab65ad097d72a533c9cb4f1b6b5b95\" class=\"container-block alignfull background-grey width-medium\">\r\n\t<div class=\"container\">\r\n\t\t\n\n<div style=\"height:60px\" aria-hidden=\"true\" class=\"wp-block-spacer\"><\/div>\n\n\n\r\n<div id=\"text-with-image-block-block_649e645c214c859cd5de583b4579b921\" class=\"fullwidth text-with-image-block position-right layout-medium\">\r\n\r\n\t<div class=\"container-text\">\r\n\t\t\t\t\t\t\t\t\t<h3>Wer k\u00fcmmert sich um die tats\u00e4chlichen B\u00e4ume?<\/h3>\r\n\t\t\t\t\t\t\t\r\n\t\t\r\n\t\t<div class=\"text-with-image-block-text\">\r\n\t\t\t<p><strong>Justdiggit<\/strong><\/p>\n<p style=\"font-weight: 400;\">Die Plattform, die wir verwenden, ist stolz darauf, die Superhelden von Justdiggit als Partner bei der Wiederbegr\u00fcnung des Planeten zu haben. Sie sind diejenigen, die die B\u00e4ume zur\u00fcckgewinnen, die Sie auf treebytree verschenken.<\/p>\n<p style=\"font-weight: 400;\">Wir arbeiten mit Justdiggit zusammen, weil sie \u00fcber wissenschaftlich fundierte Programme, eine lange Erfolgsbilanz und Unterst\u00fctzung durch lokale Gemeinschaften verf\u00fcgen. Seit 2009 haben sie dazu beigetragen, mehr als 400.000 Hektar Land wiederherzustellen, \u00fcber 14 Millionen B\u00e4ume zur\u00fcckzubringen und eine Graswurzelbewegung aufzubauen, die jeden Tag w\u00e4chst!<\/p>\n<p style=\"font-weight: 400;\">Justdiggit wendet mehrere Techniken an, um die Vegetation zur\u00fcckzubringen und die Artenvielfalt in degradierten Gebieten zu f\u00f6rdern. In Tansania verwenden die Bauern eine Technik namens Farmer Managed Natural Regeneration (FMNR), auf Suaheli auch Kisiki Hai genannt. Es hilft den Bauern, B\u00e4ume, die zuvor gef\u00e4llt wurden, nachwachsen zu lassen. Justdiggit hat zwei wundersch\u00f6ne Dokumentarfilme gedreht, die Ihnen genau zeigen, wie es funktioniert: Kiski Hai I &amp;Kisiki Hai II.<\/p>\n<p style=\"font-weight: 400;\">Besuchen Sie www.justdiggit.org, um mehr \u00fcber ihre unglaubliche Arbeit zu erfahren!<\/p>\n\t\t<\/div>\r\n\r\n\t\t\t<\/div>\r\n\r\n\t<div class=\"container-visual\">\r\n\t\t\t\t\t<img loading=\"lazy\" decoding=\"async\" width=\"1300\" height=\"1022\" src=\"https:\/\/bottlepromotions.com\/wp-content\/uploads\/2024\/04\/35-Hans-02-2021-_-Msunjulile-A-Kongwa-_-Kisiki-Hai-_-Dodoma-Tanzania-b.jpg\" class=\"attachment-fullwidth size-fullwidth\" alt=\"\" srcset=\"https:\/\/bottlepromotions.com\/wp-content\/uploads\/2024\/04\/35-Hans-02-2021-_-Msunjulile-A-Kongwa-_-Kisiki-Hai-_-Dodoma-Tanzania-b.jpg 1300w, https:\/\/bottlepromotions.com\/wp-content\/uploads\/2024\/04\/35-Hans-02-2021-_-Msunjulile-A-Kongwa-_-Kisiki-Hai-_-Dodoma-Tanzania-b-300x236.jpg 300w, https:\/\/bottlepromotions.com\/wp-content\/uploads\/2024\/04\/35-Hans-02-2021-_-Msunjulile-A-Kongwa-_-Kisiki-Hai-_-Dodoma-Tanzania-b-1024x805.jpg 1024w, https:\/\/bottlepromotions.com\/wp-content\/uploads\/2024\/04\/35-Hans-02-2021-_-Msunjulile-A-Kongwa-_-Kisiki-Hai-_-Dodoma-Tanzania-b-768x604.jpg 768w, https:\/\/bottlepromotions.com\/wp-content\/uploads\/2024\/04\/35-Hans-02-2021-_-Msunjulile-A-Kongwa-_-Kisiki-Hai-_-Dodoma-Tanzania-b-600x472.jpg 600w\" sizes=\"auto, (max-width: 1300px) 100vw, 1300px\" \/>\t\t\t<\/div>\r\n\r\n<\/div>\n\n\n<div style=\"height:60px\" aria-hidden=\"true\" class=\"wp-block-spacer\"><\/div>\n\n\r\n\t<\/div>\r\n<\/div>\n\n<div id=\"container-block-block_58a825d9cfc68c70476518ccc6a19e42\" class=\"container-block alignfull background-grey width-default\">\r\n\t<div class=\"container\">\r\n\t\t\n\r\n<div id=\"text-with-image-block-block_21ba6f6770390cd97def73e8f9f11a71\" class=\"fullwidth text-with-image-block position-left layout-medium\">\r\n\r\n\t<div class=\"container-text\">\r\n\t\t\t\t\t\t\t\t\t<h3>WARUM KEINE NEUEN B\u00c4UME PFLANZEN?<\/h3>\r\n\t\t\t\t\t\t\t\r\n\t\t\r\n\t\t<div class=\"text-with-image-block-text\">\r\n\t\t\t<p style=\"font-weight: 400;\">Die bereits bestehenden B\u00e4ume, die aufgrund von Sch\u00e4den eher einem Dickicht als B\u00e4umen \u00e4hneln, haben lange Wurzeln, die Wasser tief aus dem Boden aufnehmen k\u00f6nnen. Die Erfolgschancen und die vollst\u00e4ndige Erholung von einem Dickicht zu einem Baum (durch richtiges Beschneiden) sind viel gr\u00f6\u00dfer als das Pflanzen eines neuen Baums mit kleinen Wurzeln.<\/p>\n\t\t<\/div>\r\n\r\n\t\t\t<\/div>\r\n\r\n\t<div class=\"container-visual\">\r\n\t\t\t\t\t<img loading=\"lazy\" decoding=\"async\" width=\"1300\" height=\"867\" src=\"https:\/\/bottlepromotions.com\/wp-content\/uploads\/2024\/04\/1-Hans-champion-farmers-11-2021-Ikungi-_-Singida-Tanzania-1-b.jpg\" class=\"attachment-fullwidth size-fullwidth\" alt=\"\" srcset=\"https:\/\/bottlepromotions.com\/wp-content\/uploads\/2024\/04\/1-Hans-champion-farmers-11-2021-Ikungi-_-Singida-Tanzania-1-b.jpg 1300w, https:\/\/bottlepromotions.com\/wp-content\/uploads\/2024\/04\/1-Hans-champion-farmers-11-2021-Ikungi-_-Singida-Tanzania-1-b-300x200.jpg 300w, https:\/\/bottlepromotions.com\/wp-content\/uploads\/2024\/04\/1-Hans-champion-farmers-11-2021-Ikungi-_-Singida-Tanzania-1-b-1024x683.jpg 1024w, https:\/\/bottlepromotions.com\/wp-content\/uploads\/2024\/04\/1-Hans-champion-farmers-11-2021-Ikungi-_-Singida-Tanzania-1-b-768x512.jpg 768w, https:\/\/bottlepromotions.com\/wp-content\/uploads\/2024\/04\/1-Hans-champion-farmers-11-2021-Ikungi-_-Singida-Tanzania-1-b-600x400.jpg 600w\" sizes=\"auto, (max-width: 1300px) 100vw, 1300px\" \/>\t\t\t<\/div>\r\n\r\n<\/div>\n\n\n<div style=\"height:60px\" aria-hidden=\"true\" class=\"wp-block-spacer\"><\/div>\n\n\r\n\t<\/div>\r\n<\/div>\n\n<div id=\"container-block-block_7fab65ad097d72a533c9cb4f1b6b5b95\" class=\"container-block alignfull background-grey width-medium\">\r\n\t<div class=\"container\">\r\n\t\t\n<div id=\"content-card-block_59fc317f62928478bd8504a0663a5ebb\" class=\"content-card-block background-white border-radius-medium\">\r\n\t<div class=\"content\">\r\n\r\n\t\t\t\t\t<h3>Warum wollen wir B\u00e4ume wiederbeleben? Idealerweise 1 Milliarde B\u00e4ume bis 2050<\/h3>\r\n\t\t\r\n\t\t\r\n\t\t\n\n<div style=\"height:10px\" aria-hidden=\"true\" class=\"wp-block-spacer\"><\/div>\n\n\n\n<h4 class=\"wp-block-heading has-text-align-left\">Mehr B\u00e4ume = ein stabileres Klima<\/h4>\n\n\n\n<p>B\u00e4ume produzieren nicht nur Sauerstoff, sie absorbieren auch Kohlendioxid. Dies tr\u00e4gt dazu bei, die Auswirkungen der globalen Erw\u00e4rmung zu verringern und das Klima zu stabilisieren. Wenn ein Baum etwa 10-40 kg C0\u2082 pro Jahr absorbiert, w\u00fcrden 1 Milliarde B\u00e4ume mindestens 10 Millionen Tonnen C0\u2082 pro Jahr absorbieren. Das ist so viel, als w\u00fcrde man jedes Jahr 2 Millionen Autos von der Stra\u00dfe nehmen!<\/p>\n\n\n\n<div style=\"height:10px\" aria-hidden=\"true\" class=\"wp-block-spacer\"><\/div>\n\n\n\n<h4 class=\"wp-block-heading has-text-align-left\">Mehr B\u00e4ume = dringend ben\u00f6tigter Regen<\/h4>\n\n\n\n<p>B\u00e4ume wirken wie nat\u00fcrliche Klimaanlagen und &#8222;erzeugen Regen&#8220;, indem sie die Umgebungsluft durch die Abgabe von Wasserdampf abk\u00fchlen. Ihr Bl\u00e4tterdach spendet Schatten und k\u00fchlt den Boden ab, und ihr Wurzelsystem speichert Wasser, was die Bodenfruchtbarkeit erh\u00f6ht und die Erosion verringert.<\/p>\n\n\n\n<div style=\"height:10px\" aria-hidden=\"true\" class=\"wp-block-spacer\"><\/div>\n\n\n\n<h4 class=\"wp-block-heading has-text-align-left\">Mehr B\u00e4ume = entscheidende Unterst\u00fctzung f\u00fcr die Artenvielfalt<\/h4>\n\n\n\n<p>Etwa 30 % der Arten sind seit dem Jahr 1500 weltweit bedroht oder vom Aussterben bedroht. Und etwa 80 % der auf dem Land lebenden Arten sind auf W\u00e4lder und B\u00e4ume angewiesen, um sich zu ern\u00e4hren, Schutz zu finden und andere Bed\u00fcrfnisse zu befriedigen. Stellen Sie sich also vor, wie viele Tiere von 1 Milliarde B\u00e4umen profitieren w\u00fcrden.<\/p>\n\n\n\n<div style=\"height:10px\" aria-hidden=\"true\" class=\"wp-block-spacer\"><\/div>\n\n\n\n<h4 class=\"wp-block-heading has-text-align-left\">1 Milliarde B\u00e4ume = 2 Millionen Hektar Wald<\/h4>\n\n\n\n<p>Alle 2 Sekunden verlieren wir durch Abholzung etwa 1 Fu\u00dfballfeld Wald.Die Gewinnung von 2 Millionen Hektar Wald w\u00fcrde mehr als 1 Million Fu\u00dfballfeldern entsprechen!<\/p>\n\n\n\n<div style=\"height:10px\" aria-hidden=\"true\" class=\"wp-block-spacer\"><\/div>\n\n\n\n<h4 class=\"wp-block-heading has-text-align-left\">Mehr B\u00e4ume = gesunde Lebensmittel f\u00fcr Gemeinschaften<\/h4>\n\n\n\n<p>Die Baumschutzprojekte bringen eine gro\u00dfe Vielfalt an B\u00e4umen zur\u00fcck. Darunter sind auch B\u00e4ume mit Fr\u00fcchten und N\u00fcssen, die gesunde, n\u00e4hrstoffreiche Lebensmittel f\u00fcr bed\u00fcrftige Gemeinden liefern. Viele B\u00e4ume w\u00fcrden eine betr\u00e4chtliche Menge an Lebensmitteln produzieren!<\/p>\n\n\n\n<div style=\"height:10px\" aria-hidden=\"true\" class=\"wp-block-spacer\"><\/div>\n\n\n\n<h4 class=\"wp-block-heading has-text-align-left\">1 Milliarde B\u00e4ume = Sauerstoff f\u00fcr 2 Milliarden Menschen<\/h4>\n\n\n\n<p>Jeder wei\u00df, dass B\u00e4ume Sauerstoff produzieren, aber wussten Sie auch, dass ein durchschnittlicher ausgewachsener Baum einen Tagesvorrat an Sauerstoff f\u00fcr Sie und einen Freund produziert? 1 Milliarde ausgewachsener B\u00e4ume w\u00fcrde also genug Sauerstoff f\u00fcr 2 Milliarden Menschen produzieren, um zu atmen!<\/p>\n\n\n\n<div style=\"height:10px\" aria-hidden=\"true\" class=\"wp-block-spacer\"><\/div>\n\n\n\n<h4 class=\"wp-block-heading has-text-align-left\">Wir verlieren j\u00e4hrlich 10% unserer B\u00e4ume<\/h4>\n\n\n\n<p>Es ist das ehrgeizige Ziel unserer Plattform, 1 Milliarde B\u00e4ume zu pflanzen, aber aus globaler Sicht nicht ann\u00e4hernd genug. Zum Gl\u00fcck sind wir nicht allein. Gemeinsam mit globalen Initiativen m\u00fcssen wir alles tun, um B\u00e4ume zur\u00fcckzubringen und unsere \u00d6kosysteme wiederherzustellen.<\/p>\n\n\n\n<div style=\"height:30px\" aria-hidden=\"true\" class=\"wp-block-spacer\"><\/div>\n\n\n<div class=\"wp-block-image is-style-default\">\n<figure class=\"aligncenter size-large\"><img loading=\"lazy\" decoding=\"async\" width=\"1024\" height=\"683\" src=\"https:\/\/bottlepromotions.com\/wp-content\/uploads\/2024\/04\/3-Hans-fixed-before-11-2019-after-02-2020-site-1-_-Mnyakongo-Kongwa-_-Kisiki-Hai-_-Dodoma-Tanzania-b-1024x683.jpg\" alt=\"\" class=\"wp-image-18332\" srcset=\"https:\/\/bottlepromotions.com\/wp-content\/uploads\/2024\/04\/3-Hans-fixed-before-11-2019-after-02-2020-site-1-_-Mnyakongo-Kongwa-_-Kisiki-Hai-_-Dodoma-Tanzania-b-1024x683.jpg 1024w, https:\/\/bottlepromotions.com\/wp-content\/uploads\/2024\/04\/3-Hans-fixed-before-11-2019-after-02-2020-site-1-_-Mnyakongo-Kongwa-_-Kisiki-Hai-_-Dodoma-Tanzania-b-300x200.jpg 300w, https:\/\/bottlepromotions.com\/wp-content\/uploads\/2024\/04\/3-Hans-fixed-before-11-2019-after-02-2020-site-1-_-Mnyakongo-Kongwa-_-Kisiki-Hai-_-Dodoma-Tanzania-b-768x512.jpg 768w, https:\/\/bottlepromotions.com\/wp-content\/uploads\/2024\/04\/3-Hans-fixed-before-11-2019-after-02-2020-site-1-_-Mnyakongo-Kongwa-_-Kisiki-Hai-_-Dodoma-Tanzania-b-600x400.jpg 600w, https:\/\/bottlepromotions.com\/wp-content\/uploads\/2024\/04\/3-Hans-fixed-before-11-2019-after-02-2020-site-1-_-Mnyakongo-Kongwa-_-Kisiki-Hai-_-Dodoma-Tanzania-b.jpg 1300w\" sizes=\"auto, (max-width: 1024px) 100vw, 1024px\" \/><\/figure>\n<\/div>\n\n\n<div style=\"height:20px\" aria-hidden=\"true\" class=\"wp-block-spacer\"><\/div>\n\n\r\n\t<\/div>\r\n<\/div>\n\n\n<div style=\"height:60px\" aria-hidden=\"true\" class=\"wp-block-spacer\"><\/div>\n\n\r\n\t<\/div>\r\n<\/div>","protected":false},"excerpt":{"rendered":"","protected":false},"author":2,"featured_media":0,"parent":0,"menu_order":0,"comment_status":"closed","ping_status":"closed","template":"page-gutenberg.php","meta":{"_acf_changed":false,"_uag_custom_page_level_css":"","footnotes":""},"class_list":["post-18371","page","type-page","status-publish","hentry"],"acf":[],"yoast_head":"<!-- This site is optimized with the Yoast SEO plugin v26.9 - https:\/\/yoast.com\/product\/yoast-seo-wordpress\/ -->\n<title>TreeByTree - Bottle Promotions<\/title>\n<meta name=\"robots\" content=\"index, follow, max-snippet:-1, max-image-preview:large, max-video-preview:-1\" \/>\n<link rel=\"canonical\" href=\"https:\/\/bottlepromotions.com\/de\/treebytree\/\" \/>\n<meta property=\"og:locale\" content=\"de_DE\" \/>\n<meta property=\"og:type\" content=\"article\" \/>\n<meta property=\"og:title\" content=\"TreeByTree - Bottle Promotions\" \/>\n<meta property=\"og:url\" content=\"https:\/\/bottlepromotions.com\/de\/treebytree\/\" \/>\n<meta property=\"og:site_name\" content=\"Bottle Promotions\" \/>\n<meta property=\"article:modified_time\" content=\"2024-07-04T10:22:02+00:00\" \/>\n<meta property=\"og:image\" content=\"https:\/\/bottlepromotions.com\/wp-content\/uploads\/2024\/04\/3-Hans-fixed-before-11-2019-after-02-2020-site-1-_-Mnyakongo-Kongwa-_-Kisiki-Hai-_-Dodoma-Tanzania-b-1024x683.jpg\" \/>\n<meta name=\"twitter:card\" content=\"summary_large_image\" \/>\n<meta name=\"twitter:label1\" content=\"Gesch\u00e4tzte Lesezeit\" \/>\n\t<meta name=\"twitter:data1\" content=\"2\u00a0Minuten\" \/>\n<script type=\"application\/ld+json\" class=\"yoast-schema-graph\">{\"@context\":\"https:\/\/schema.org\",\"@graph\":[{\"@type\":\"WebPage\",\"@id\":\"https:\/\/bottlepromotions.com\/de\/treebytree\/\",\"url\":\"https:\/\/bottlepromotions.com\/de\/treebytree\/\",\"name\":\"TreeByTree - Bottle Promotions\",\"isPartOf\":{\"@id\":\"https:\/\/bottlepromotions.com\/de\/#website\"},\"primaryImageOfPage\":{\"@id\":\"https:\/\/bottlepromotions.com\/de\/treebytree\/#primaryimage\"},\"image\":{\"@id\":\"https:\/\/bottlepromotions.com\/de\/treebytree\/#primaryimage\"},\"thumbnailUrl\":\"https:\/\/bottlepromotions.com\/wp-content\/uploads\/2024\/04\/3-Hans-fixed-before-11-2019-after-02-2020-site-1-_-Mnyakongo-Kongwa-_-Kisiki-Hai-_-Dodoma-Tanzania-b-1024x683.jpg\",\"datePublished\":\"2024-04-10T14:14:58+00:00\",\"dateModified\":\"2024-07-04T10:22:02+00:00\",\"breadcrumb\":{\"@id\":\"https:\/\/bottlepromotions.com\/de\/treebytree\/#breadcrumb\"},\"inLanguage\":\"de\",\"potentialAction\":[{\"@type\":\"ReadAction\",\"target\":[\"https:\/\/bottlepromotions.com\/de\/treebytree\/\"]}]},{\"@type\":\"ImageObject\",\"inLanguage\":\"de\",\"@id\":\"https:\/\/bottlepromotions.com\/de\/treebytree\/#primaryimage\",\"url\":\"https:\/\/bottlepromotions.com\/wp-content\/uploads\/2024\/04\/3-Hans-fixed-before-11-2019-after-02-2020-site-1-_-Mnyakongo-Kongwa-_-Kisiki-Hai-_-Dodoma-Tanzania-b-1024x683.jpg\",\"contentUrl\":\"https:\/\/bottlepromotions.com\/wp-content\/uploads\/2024\/04\/3-Hans-fixed-before-11-2019-after-02-2020-site-1-_-Mnyakongo-Kongwa-_-Kisiki-Hai-_-Dodoma-Tanzania-b-1024x683.jpg\"},{\"@type\":\"BreadcrumbList\",\"@id\":\"https:\/\/bottlepromotions.com\/de\/treebytree\/#breadcrumb\",\"itemListElement\":[{\"@type\":\"ListItem\",\"position\":1,\"name\":\"Home\",\"item\":\"https:\/\/bottlepromotions.com\/de\/\"},{\"@type\":\"ListItem\",\"position\":2,\"name\":\"TreeByTree\"}]},{\"@type\":\"WebSite\",\"@id\":\"https:\/\/bottlepromotions.com\/de\/#website\",\"url\":\"https:\/\/bottlepromotions.com\/de\/\",\"name\":\"Bottle Promotions\",\"description\":\"Your partner in promotional bottles\",\"publisher\":{\"@id\":\"https:\/\/bottlepromotions.com\/de\/#organization\"},\"potentialAction\":[{\"@type\":\"SearchAction\",\"target\":{\"@type\":\"EntryPoint\",\"urlTemplate\":\"https:\/\/bottlepromotions.com\/de\/?s={search_term_string}\"},\"query-input\":{\"@type\":\"PropertyValueSpecification\",\"valueRequired\":true,\"valueName\":\"search_term_string\"}}],\"inLanguage\":\"de\"},{\"@type\":\"Organization\",\"@id\":\"https:\/\/bottlepromotions.com\/de\/#organization\",\"name\":\"Bottle Promotions\",\"url\":\"https:\/\/bottlepromotions.com\/de\/\",\"logo\":{\"@type\":\"ImageObject\",\"inLanguage\":\"de\",\"@id\":\"https:\/\/bottlepromotions.com\/de\/#\/schema\/logo\/image\/\",\"url\":\"https:\/\/bottlepromotions.com\/wp-content\/uploads\/2021\/05\/BP-logo-white.png\",\"contentUrl\":\"https:\/\/bottlepromotions.com\/wp-content\/uploads\/2021\/05\/BP-logo-white.png\",\"width\":1284,\"height\":802,\"caption\":\"Bottle Promotions\"},\"image\":{\"@id\":\"https:\/\/bottlepromotions.com\/de\/#\/schema\/logo\/image\/\"}}]}<\/script>\n<!-- \/ Yoast SEO plugin. -->","yoast_head_json":{"title":"TreeByTree - Bottle Promotions","robots":{"index":"index","follow":"follow","max-snippet":"max-snippet:-1","max-image-preview":"max-image-preview:large","max-video-preview":"max-video-preview:-1"},"canonical":"https:\/\/bottlepromotions.com\/de\/treebytree\/","og_locale":"de_DE","og_type":"article","og_title":"TreeByTree - Bottle Promotions","og_url":"https:\/\/bottlepromotions.com\/de\/treebytree\/","og_site_name":"Bottle Promotions","article_modified_time":"2024-07-04T10:22:02+00:00","og_image":[{"url":"https:\/\/bottlepromotions.com\/wp-content\/uploads\/2024\/04\/3-Hans-fixed-before-11-2019-after-02-2020-site-1-_-Mnyakongo-Kongwa-_-Kisiki-Hai-_-Dodoma-Tanzania-b-1024x683.jpg","type":"","width":"","height":""}],"twitter_card":"summary_large_image","twitter_misc":{"Gesch\u00e4tzte Lesezeit":"2\u00a0Minuten"},"schema":{"@context":"https:\/\/schema.org","@graph":[{"@type":"WebPage","@id":"https:\/\/bottlepromotions.com\/de\/treebytree\/","url":"https:\/\/bottlepromotions.com\/de\/treebytree\/","name":"TreeByTree - Bottle Promotions","isPartOf":{"@id":"https:\/\/bottlepromotions.com\/de\/#website"},"primaryImageOfPage":{"@id":"https:\/\/bottlepromotions.com\/de\/treebytree\/#primaryimage"},"image":{"@id":"https:\/\/bottlepromotions.com\/de\/treebytree\/#primaryimage"},"thumbnailUrl":"https:\/\/bottlepromotions.com\/wp-content\/uploads\/2024\/04\/3-Hans-fixed-before-11-2019-after-02-2020-site-1-_-Mnyakongo-Kongwa-_-Kisiki-Hai-_-Dodoma-Tanzania-b-1024x683.jpg","datePublished":"2024-04-10T14:14:58+00:00","dateModified":"2024-07-04T10:22:02+00:00","breadcrumb":{"@id":"https:\/\/bottlepromotions.com\/de\/treebytree\/#breadcrumb"},"inLanguage":"de","potentialAction":[{"@type":"ReadAction","target":["https:\/\/bottlepromotions.com\/de\/treebytree\/"]}]},{"@type":"ImageObject","inLanguage":"de","@id":"https:\/\/bottlepromotions.com\/de\/treebytree\/#primaryimage","url":"https:\/\/bottlepromotions.com\/wp-content\/uploads\/2024\/04\/3-Hans-fixed-before-11-2019-after-02-2020-site-1-_-Mnyakongo-Kongwa-_-Kisiki-Hai-_-Dodoma-Tanzania-b-1024x683.jpg","contentUrl":"https:\/\/bottlepromotions.com\/wp-content\/uploads\/2024\/04\/3-Hans-fixed-before-11-2019-after-02-2020-site-1-_-Mnyakongo-Kongwa-_-Kisiki-Hai-_-Dodoma-Tanzania-b-1024x683.jpg"},{"@type":"BreadcrumbList","@id":"https:\/\/bottlepromotions.com\/de\/treebytree\/#breadcrumb","itemListElement":[{"@type":"ListItem","position":1,"name":"Home","item":"https:\/\/bottlepromotions.com\/de\/"},{"@type":"ListItem","position":2,"name":"TreeByTree"}]},{"@type":"WebSite","@id":"https:\/\/bottlepromotions.com\/de\/#website","url":"https:\/\/bottlepromotions.com\/de\/","name":"Bottle Promotions","description":"Your partner in promotional bottles","publisher":{"@id":"https:\/\/bottlepromotions.com\/de\/#organization"},"potentialAction":[{"@type":"SearchAction","target":{"@type":"EntryPoint","urlTemplate":"https:\/\/bottlepromotions.com\/de\/?s={search_term_string}"},"query-input":{"@type":"PropertyValueSpecification","valueRequired":true,"valueName":"search_term_string"}}],"inLanguage":"de"},{"@type":"Organization","@id":"https:\/\/bottlepromotions.com\/de\/#organization","name":"Bottle Promotions","url":"https:\/\/bottlepromotions.com\/de\/","logo":{"@type":"ImageObject","inLanguage":"de","@id":"https:\/\/bottlepromotions.com\/de\/#\/schema\/logo\/image\/","url":"https:\/\/bottlepromotions.com\/wp-content\/uploads\/2021\/05\/BP-logo-white.png","contentUrl":"https:\/\/bottlepromotions.com\/wp-content\/uploads\/2021\/05\/BP-logo-white.png","width":1284,"height":802,"caption":"Bottle Promotions"},"image":{"@id":"https:\/\/bottlepromotions.com\/de\/#\/schema\/logo\/image\/"}}]}},"uagb_featured_image_src":{"full":false,"thumbnail":false,"medium":false,"medium_large":false,"large":false,"1536x1536":false,"2048x2048":false,"fullwidth":false,"mediumplus":false,"gform-image-choice-sm":false,"gform-image-choice-md":false,"gform-image-choice-lg":false},"uagb_author_info":{"display_name":"Red Factory","author_link":"https:\/\/bottlepromotions.com\/de\/author\/redfactory\/"},"uagb_comment_info":0,"uagb_excerpt":null,"_links":{"self":[{"href":"https:\/\/bottlepromotions.com\/de\/wp-json\/wp\/v2\/pages\/18371","targetHints":{"allow":["GET"]}}],"collection":[{"href":"https:\/\/bottlepromotions.com\/de\/wp-json\/wp\/v2\/pages"}],"about":[{"href":"https:\/\/bottlepromotions.com\/de\/wp-json\/wp\/v2\/types\/page"}],"author":[{"embeddable":true,"href":"https:\/\/bottlepromotions.com\/de\/wp-json\/wp\/v2\/users\/2"}],"replies":[{"embeddable":true,"href":"https:\/\/bottlepromotions.com\/de\/wp-json\/wp\/v2\/comments?post=18371"}],"version-history":[{"count":2,"href":"https:\/\/bottlepromotions.com\/de\/wp-json\/wp\/v2\/pages\/18371\/revisions"}],"predecessor-version":[{"id":18624,"href":"https:\/\/bottlepromotions.com\/de\/wp-json\/wp\/v2\/pages\/18371\/revisions\/18624"}],"wp:attachment":[{"href":"https:\/\/bottlepromotions.com\/de\/wp-json\/wp\/v2\/media?parent=18371"}],"curies":[{"name":"wp","href":"https:\/\/api.w.org\/{rel}","templated":true}]}}