{"id":18287,"date":"2024-04-10T07:30:33","date_gmt":"2024-04-10T07:30:33","guid":{"rendered":"https:\/\/bottlepromotions.com\/about-us\/"},"modified":"2026-04-23T07:47:19","modified_gmt":"2026-04-23T07:47:19","slug":"about-us","status":"publish","type":"page","link":"https:\/\/bottlepromotions.com\/de\/about-us\/","title":{"rendered":"About us"},"content":{"rendered":"<div id=\"page-header-block_993ad50689842319b187c25d27f6edf8\" class=\"page-header-block alignfull\">\r\n\t<div class=\"image\">\r\n\t\t<img loading=\"lazy\" decoding=\"async\" width=\"1920\" height=\"640\" src=\"https:\/\/bottlepromotions.com\/wp-content\/uploads\/2024\/04\/about-us-bottlepromotions.jpg\" class=\"attachment-fullwidth size-fullwidth\" alt=\"\" srcset=\"https:\/\/bottlepromotions.com\/wp-content\/uploads\/2024\/04\/about-us-bottlepromotions.jpg 1920w, https:\/\/bottlepromotions.com\/wp-content\/uploads\/2024\/04\/about-us-bottlepromotions-300x100.jpg 300w, https:\/\/bottlepromotions.com\/wp-content\/uploads\/2024\/04\/about-us-bottlepromotions-1024x341.jpg 1024w, https:\/\/bottlepromotions.com\/wp-content\/uploads\/2024\/04\/about-us-bottlepromotions-768x256.jpg 768w, https:\/\/bottlepromotions.com\/wp-content\/uploads\/2024\/04\/about-us-bottlepromotions-1536x512.jpg 1536w, https:\/\/bottlepromotions.com\/wp-content\/uploads\/2024\/04\/about-us-bottlepromotions-600x200.jpg 600w\" sizes=\"auto, (max-width: 1920px) 100vw, 1920px\" \/>\t<\/div>\r\n\r\n\t<div class=\"container container-xl\">\r\n\t\t<div class=\"page-header-content col-md-12 col-lg-7\">\r\n\t\t\t<h1>BOTTLE PROMOTIONS<\/h1>\r\n\r\n\t\t\t\t\t\t\t<h2>IHR VERTRAUENSW\u00dcRDIGER PARTNER IN SACHEN PROMOTIONELL BEDRUCKTE BIDONS<\/h2>\r\n\t\t\t\r\n\t\t\t\t\t\t\t<p style=\"font-weight: 400\">BP ist auf die Herstellung von hochwertig bedruckten Bidons f\u00fcr die Werbebranche spezialisiert. Wir liefern schnell, zu konkurrenzf\u00e4higen Preisen und au\u00dferordentliche Produktqualit\u00e4t, auf Grund dessen unsere Kunden einen bleibenden Eindruck hinterlassen k\u00f6nnen. Als Teil von Tacx teilen wir die Passion f\u00fcr Sport und Technologie und der Wille um zu gewinnen.<\/p>\n<p style=\"font-weight: 400\">Wir sind stolz darauf jetzt vollwertiges Mitglied der Garmin-Familie zu sein. Und auch als Teil des Garmin-Unternehmens bleibt BP derselbe vertrauensw\u00fcrdige Produzent und Lieferant von bedruckten Tacx-Bidons f\u00fcr die Werbebranche. Darauf haben Sie sich schon immer verlassen k\u00f6nnen.<\/p>\n\t\t\t\t\t<\/div>\r\n\t<\/div>\r\n<\/div>\n\n<div id=\"container-block-block_c3e35ad6bae2d7528b3b06917a7e988c\" class=\"container-block alignfull background-grey width-medium\">\r\n\t<div class=\"container\">\r\n\t\t\n\n<div style=\"height:70px\" aria-hidden=\"true\" id=\"lovecycling\" class=\"wp-block-spacer\"><\/div>\n\n\n\r\n<div id=\"text-with-image-block-block_c19c837862d63b6452fe288e15fa5e4e\" class=\"fullwidth text-with-image-block position-right layout-medium\">\r\n\r\n\t<div class=\"container-text\">\r\n\t\t\t\t\t\t\t\t\t<h3>Aus Liebe zum Radfahren<\/h3>\r\n\t\t\t\t\t\t\t\r\n\t\t\r\n\t\t<div class=\"text-with-image-block-text\">\r\n\t\t\t<p style=\"font-weight: 400;\">Seit der Gr\u00fcndung des Unternehmens im Jahr 1957 engagiert sich Tacx intensiv im Bereich Radfahren. Diese Liebe f\u00fcr den Sport hat die Entscheidungen des Unternehmens stets geleitet und aus Tacx den Innovationsf\u00fchrer gemacht, den wir heute kennen. Als Radsportler hochwertige Fahrradteile ben\u00f6tigten, fertigte Tacx die Produkte selbst an. Als Radsportler eine M\u00f6glichkeit zum Aufw\u00e4rmen vor dem Rennen ben\u00f6tigten, stellte Tacx Rollentrainer her. Als Radsportler auch im Winter effektiv trainieren mussten, brachte Tacx Indoor Trainer heraus. Und als das Training immer effizienter werden musste, machte Tacx die Trainer interaktiv. Tacx setzt sich bis heute daf\u00fcr ein, die Anspr\u00fcche von Radfahrern zu erf\u00fcllen, damit sie noch mehr Freude am Sport haben.<\/p>\n\t\t<\/div>\r\n\r\n\t\t\t<\/div>\r\n\r\n\t<div class=\"container-visual\">\r\n\t\t\t\t\t<img loading=\"lazy\" decoding=\"async\" width=\"600\" height=\"481\" src=\"https:\/\/bottlepromotions.com\/wp-content\/uploads\/2019\/08\/About-Tacx_History-600x481.jpg\" class=\"attachment-fullwidth size-fullwidth\" alt=\"\" srcset=\"https:\/\/bottlepromotions.com\/wp-content\/uploads\/2019\/08\/About-Tacx_History-600x481.jpg 600w, https:\/\/bottlepromotions.com\/wp-content\/uploads\/2019\/08\/About-Tacx_History-600x481-300x241.jpg 300w\" sizes=\"auto, (max-width: 600px) 100vw, 600px\" \/>\t\t\t<\/div>\r\n\r\n<\/div>\n\r\n\t<\/div>\r\n<\/div>\n\n<div id=\"container-block-block_c3e35ad6bae2d7528b3b06917a7e988c\" class=\"container-block alignfull background-grey width-medium\">\r\n\t<div class=\"container\">\r\n\t\t\n\n<div style=\"height:70px\" aria-hidden=\"true\" id=\"netherlands\" class=\"wp-block-spacer\"><\/div>\n\n\n\r\n<div id=\"text-with-image-block-block_0dcd7a037793e92fc6356372a8b085c5\" class=\"fullwidth text-with-image-block position-left layout-medium\">\r\n\r\n\t<div class=\"container-text\">\r\n\t\t\t\t\t\t\t\t\t<h3>Hergestellt in den Niederlanden<\/h3>\r\n\t\t\t\t\t\t\t\r\n\t\t\r\n\t\t<div class=\"text-with-image-block-text\">\r\n\t\t\t<p style=\"font-weight: 400;\">Tacx ist stolz darauf, dass fast alle seine Produkte intern entwickelt und produziert werden. So k\u00f6nnen Produktideen und -optimierungen schnell entwickelt, getestet und automatisiert werden. Es bedeutet, dass jeder Aspekt des Designs, von Gussformen bis hin zur endg\u00fcltigen Produktion, unter einem Dach stattfindet. Dies ist einer der Wege, auf dem Tacx Produkte von h\u00f6chster Qualit\u00e4t garantiert<\/p>\n\t\t<\/div>\r\n\r\n\t\t\t<\/div>\r\n\r\n\t<div class=\"container-visual\">\r\n\t\t\t\t\t<img loading=\"lazy\" decoding=\"async\" width=\"1920\" height=\"1080\" src=\"https:\/\/bottlepromotions.com\/wp-content\/uploads\/2017\/05\/Tacx_designed-and-produced-in-nl_family_technique_innovation_production_robot-1920x1080.jpg\" class=\"attachment-fullwidth size-fullwidth\" alt=\"\" srcset=\"https:\/\/bottlepromotions.com\/wp-content\/uploads\/2017\/05\/Tacx_designed-and-produced-in-nl_family_technique_innovation_production_robot.jpg 1920w, https:\/\/bottlepromotions.com\/wp-content\/uploads\/2017\/05\/Tacx_designed-and-produced-in-nl_family_technique_innovation_production_robot-300x169.jpg 300w, https:\/\/bottlepromotions.com\/wp-content\/uploads\/2017\/05\/Tacx_designed-and-produced-in-nl_family_technique_innovation_production_robot-768x432.jpg 768w, https:\/\/bottlepromotions.com\/wp-content\/uploads\/2017\/05\/Tacx_designed-and-produced-in-nl_family_technique_innovation_production_robot-1024x576.jpg 1024w, https:\/\/bottlepromotions.com\/wp-content\/uploads\/2017\/05\/Tacx_designed-and-produced-in-nl_family_technique_innovation_production_robot-600x338.jpg 600w\" sizes=\"auto, (max-width: 1920px) 100vw, 1920px\" \/>\t\t\t<\/div>\r\n\r\n<\/div>\n\r\n\t<\/div>\r\n<\/div>\n\n<div id=\"container-block-block_c3e35ad6bae2d7528b3b06917a7e988c\" class=\"container-block alignfull background-grey width-medium\">\r\n\t<div class=\"container\">\r\n\t\t\n\n<div style=\"height:70px\" aria-hidden=\"true\" id=\"20years\" class=\"wp-block-spacer\"><\/div>\n\n\n\r\n<div id=\"text-with-image-block-block_ebd05f8d5d7544a7919f281f1bcbf7b1\" class=\"fullwidth text-with-image-block position-right layout-medium\">\r\n\r\n\t<div class=\"container-text\">\r\n\t\t\t\t\t\t\t\t\t<h3>UNSERE 20-J\u00c4HRIGE REISE<\/h3>\r\n\t\t\t\t\t\t\t\r\n\t\t\r\n\t\t<div class=\"text-with-image-block-text\">\r\n\t\t\t<p style=\"font-weight: 400;\">Im Jahre 2004 machte Koos Tacx den ersten Schritt, zu einer mehr strukturierten und professionellen Vorgehensweise in Sachen Verkauf von Tacx promotionellen Bidons und somit wurde Bottle Promotions ins Leben gerufen. Obwohl wir in der Fahrradbranche bereits viel Lob ernten konnten, war unsere Kenntnis der Werbebranche zu der damaligen Zeit beschr\u00e4nkt. Durch die Teilnahme ab 2005 an den PSI-Fachmessen, sammelten wir unsch\u00e4tzbare Erkenntnisse in gerade dieser spezifischen Branche.<\/p>\n<p style=\"font-weight: 400;\">W\u00e4hrend wir zurzeit unser 20-j\u00e4hriges Jubil\u00e4um feiern, schauen wir ebenso voller Stolz auf diese langen Reise zur\u00fcck. Von einem bescheidenen Anfang in einer kleinen Produktionshalle mit nur einer Blasform- sowie eine einfache Druckmaschine, sind wir zu einem Sedex-zertifiziertem, hochmodernen Produktionsunternehmen herangewachsen. Dieses Wachstum unterstreicht unser nicht nachlassender Einsatz f\u00fcr Top Qualit\u00e4t und Innovation.<\/p>\n\t\t<\/div>\r\n\r\n\t\t\t<\/div>\r\n\r\n\t<div class=\"container-visual\">\r\n\t\t\t\t\t<img loading=\"lazy\" decoding=\"async\" width=\"713\" height=\"360\" src=\"https:\/\/bottlepromotions.com\/wp-content\/uploads\/2024\/04\/20years.jpg\" class=\"attachment-fullwidth size-fullwidth\" alt=\"\" srcset=\"https:\/\/bottlepromotions.com\/wp-content\/uploads\/2024\/04\/20years.jpg 713w, https:\/\/bottlepromotions.com\/wp-content\/uploads\/2024\/04\/20years-300x151.jpg 300w, https:\/\/bottlepromotions.com\/wp-content\/uploads\/2024\/04\/20years-600x303.jpg 600w\" sizes=\"auto, (max-width: 713px) 100vw, 713px\" \/>\t\t\t<\/div>\r\n\r\n<\/div>\n\r\n\t<\/div>\r\n<\/div>\n\n<div id=\"container-block-block_c3e35ad6bae2d7528b3b06917a7e988c\" class=\"container-block alignfull background-grey width-medium\">\r\n\t<div class=\"container\">\r\n\t\t\n\n<div style=\"height:70px\" aria-hidden=\"true\" id=\"sedex\" class=\"wp-block-spacer\"><\/div>\n\n\n\r\n<div id=\"text-with-image-block-block_8cf9b4ccef541ec0f4a9924bb8d50f24\" class=\"fullwidth text-with-image-block position-left layout-medium\">\r\n\r\n\t<div class=\"container-text\">\r\n\t\t\t\t\t\t\t\t\t<h3>SEDEX S\u00c4ULE 4<\/h3>\r\n\t\t\t\t\t\t\t\r\n\t\t\r\n\t\t<div class=\"text-with-image-block-text\">\r\n\t\t\t<p style=\"font-weight: 400;\">Mit Stolz verk\u00fcnden wir die Genehmigung unserer Sedex-Pr\u00fcfung. In November 2022 vervollst\u00e4ndigte BP erfolgreich eine neue Smeta (S\u00e4ule 4) Pr\u00fcfung und erhielt eine Konformit\u00e4tserkl\u00e4rung bis ins Jahr 2025. Sedex ist eine weltweite Plattform, das Gesch\u00e4ftspraktiken im Bereich Arbeitsrecht, Gesundheit und Sicherheit sowie Umwelt und Handelsethik sichert. Unsere Mitgliedschaft zeugt von unserm Engagement f\u00fcr Nachhaltigkeit und die Einhaltung strenger Standards. Sedex genie\u00dft das Vertrauen von mehr als 50.000 Mitgliedern in 150 L\u00e4ndern.<\/p>\n<p style=\"font-weight: 400;\">Unsere Sedex-Code ist ZC1060540. Sollten Sie auch Mitglied von Sedex sein, k\u00f6nnen wir Ihnen einen Link zu Verf\u00fcgung stellen, damit Sie Zugriff auf alle unsere Daten haben.<\/p>\n<p style=\"font-weight: 400;\"><strong>Wenn Sie eine der unten aufgef\u00fchrten Dokumente erhalten m\u00f6chten, schicken Sie bitte eine Mail an: <a href=\"mailto:berdine@tacx.nl\">berdine@tacx.nl<\/a>.: Smeta-Bericht \/ COC \/ Lebensmittel Zulassungszertifikate \/ Konformit\u00e4tserkl\u00e4rung.\u00a0<\/strong><\/p>\n\t\t<\/div>\r\n\r\n\t\t\t\t\t<a class=\"btn\" href=\"https:\/\/bottlepromotions.com\/de\/nachhaltigkeit\/\" >\r\n\t\t\t\tWeitere Informationen zur Nachhaltigkeit\t\t\t<\/a>\r\n\t\t\t<\/div>\r\n\r\n\t<div class=\"container-visual\">\r\n\t\t\t\t\t<img loading=\"lazy\" decoding=\"async\" width=\"1290\" height=\"953\" src=\"https:\/\/bottlepromotions.com\/wp-content\/uploads\/2024\/04\/image005-2-2.jpg\" class=\"attachment-fullwidth size-fullwidth\" alt=\"\" srcset=\"https:\/\/bottlepromotions.com\/wp-content\/uploads\/2024\/04\/image005-2-2.jpg 1290w, https:\/\/bottlepromotions.com\/wp-content\/uploads\/2024\/04\/image005-2-2-300x222.jpg 300w, https:\/\/bottlepromotions.com\/wp-content\/uploads\/2024\/04\/image005-2-2-1024x756.jpg 1024w, https:\/\/bottlepromotions.com\/wp-content\/uploads\/2024\/04\/image005-2-2-768x567.jpg 768w, https:\/\/bottlepromotions.com\/wp-content\/uploads\/2024\/04\/image005-2-2-600x443.jpg 600w\" sizes=\"auto, (max-width: 1290px) 100vw, 1290px\" \/>\t\t\t<\/div>\r\n\r\n<\/div>\n\r\n\t<\/div>\r\n<\/div>\n\n<div id=\"container-block-block_c3e35ad6bae2d7528b3b06917a7e988c\" class=\"container-block alignfull background-grey width-medium\">\r\n\t<div class=\"container\">\r\n\t\t\n\n<div style=\"height:70px\" aria-hidden=\"true\" id=\"tradeshows\" class=\"wp-block-spacer\"><\/div>\n\n\n\r\n<div id=\"text-with-image-block-block_43d334c6367d95151c8c518b100d5264\" class=\"fullwidth text-with-image-block position-right layout-medium\">\r\n\r\n\t<div class=\"container-text\">\r\n\t\t\t\t\t\t\t\t\t<h3>KENNENLERNEN und BEGR\u00dc\u00dfEN<\/h3>\r\n\t\t\t\t\t\t\t\r\n\t\t\r\n\t\t<div class=\"text-with-image-block-text\">\r\n\t\t\t<p style=\"font-weight: 400;\">Besuchen Sie uns auf den europ\u00e4ischen Fachmessen! Entdecken Sie unsere umfangreiche Kollektion an Flaschen, einschlie\u00dflich umweltfreundlicher Modelle und einer Vielzahl stilvoller Druckdesigns. Vereinbaren Sie einen Termin mit uns oder kommen Sie spontan vorbei &#8211; wir freuen uns darauf, Sie zu sehen!<\/p>\n\t\t<\/div>\r\n\r\n\t\t\t\t\t<a class=\"btn\" href=\"https:\/\/bottlepromotions.com\/de\/trade-shows\/\" >\r\n\t\t\t\tMessezeitplan\t\t\t<\/a>\r\n\t\t\t<\/div>\r\n\r\n\t<div class=\"container-visual\">\r\n\t\t\t\t\t<img loading=\"lazy\" decoding=\"async\" width=\"1877\" height=\"1818\" src=\"https:\/\/bottlepromotions.com\/wp-content\/uploads\/2026\/03\/Stand-BP-2026-1-scaled-e1773052672939-1.jpg\" class=\"attachment-fullwidth size-fullwidth\" alt=\"\" srcset=\"https:\/\/bottlepromotions.com\/wp-content\/uploads\/2026\/03\/Stand-BP-2026-1-scaled-e1773052672939-1.jpg 1877w, https:\/\/bottlepromotions.com\/wp-content\/uploads\/2026\/03\/Stand-BP-2026-1-scaled-e1773052672939-1-300x291.jpg 300w, https:\/\/bottlepromotions.com\/wp-content\/uploads\/2026\/03\/Stand-BP-2026-1-scaled-e1773052672939-1-1024x992.jpg 1024w, https:\/\/bottlepromotions.com\/wp-content\/uploads\/2026\/03\/Stand-BP-2026-1-scaled-e1773052672939-1-768x744.jpg 768w, https:\/\/bottlepromotions.com\/wp-content\/uploads\/2026\/03\/Stand-BP-2026-1-scaled-e1773052672939-1-1536x1488.jpg 1536w, https:\/\/bottlepromotions.com\/wp-content\/uploads\/2026\/03\/Stand-BP-2026-1-scaled-e1773052672939-1-600x581.jpg 600w\" sizes=\"auto, (max-width: 1877px) 100vw, 1877px\" \/>\t\t\t<\/div>\r\n\r\n<\/div>\n\n\n<div style=\"height:70px\" aria-hidden=\"true\" class=\"wp-block-spacer\"><\/div>\n\n\r\n\t<\/div>\r\n<\/div>\n\n<div id=\"container-block-block_c3e35ad6bae2d7528b3b06917a7e988c\" class=\"container-block alignfull background-grey width-medium\">\r\n\t<div class=\"container\">\r\n\t\t\n\n<div style=\"height:70px\" aria-hidden=\"true\" id=\"tradeshows\" class=\"wp-block-spacer\"><\/div>\n\n\n\r\n<div id=\"text-with-image-block-block_98bbb9e8d32ced3bb3a8aee341c34aca\" class=\"fullwidth text-with-image-block position-left layout-medium\">\r\n\r\n\t<div class=\"container-text\">\r\n\t\t\t\t\t\t\t\t\t<h3>Bottle Promotions helps to accelerate the regeneration of nature, tree by tree!<\/h3>\r\n\t\t\t\t\t\t\t\r\n\t\t\r\n\t\t<div class=\"text-with-image-block-text\">\r\n\t\t\t<p>New! For orders of 1,000 bottles or more, we gift you a tree in the heart of Africa. With the extra care it receives, this tree will recover and mature into a fully grown one. This initiative contributes to the growth of our Bottle Promotions Forest. This is our way of giving back to nature.<\/p>\n<p>A couple of days after the shipment of your order, you will receive an e-mail and will be treated to an immersive digital experience. You unwrap your tree and find the exact geolocation and access cool metrics such as CO\u2082 captured, estimated water retention, tree species and much more. Through your personal dashboard and quarterly tree updates, you will stay connected to the gifted tree.<\/p>\n\t\t<\/div>\r\n\r\n\t\t\t\t\t<a class=\"btn\" href=\"https:\/\/bottlepromotions.com\/treebytree\/\" >\r\n\t\t\t\tWho is behind all this\t\t\t<\/a>\r\n\t\t\t<\/div>\r\n\r\n\t<div class=\"container-visual\">\r\n\t\t\t\t\t<img loading=\"lazy\" decoding=\"async\" width=\"1300\" height=\"1299\" src=\"https:\/\/bottlepromotions.com\/wp-content\/uploads\/2024\/04\/hand-phone-tree-c.jpg\" class=\"attachment-fullwidth size-fullwidth\" alt=\"\" srcset=\"https:\/\/bottlepromotions.com\/wp-content\/uploads\/2024\/04\/hand-phone-tree-c.jpg 1300w, https:\/\/bottlepromotions.com\/wp-content\/uploads\/2024\/04\/hand-phone-tree-c-300x300.jpg 300w, https:\/\/bottlepromotions.com\/wp-content\/uploads\/2024\/04\/hand-phone-tree-c-1024x1024.jpg 1024w, https:\/\/bottlepromotions.com\/wp-content\/uploads\/2024\/04\/hand-phone-tree-c-150x150.jpg 150w, https:\/\/bottlepromotions.com\/wp-content\/uploads\/2024\/04\/hand-phone-tree-c-768x767.jpg 768w, https:\/\/bottlepromotions.com\/wp-content\/uploads\/2024\/04\/hand-phone-tree-c-600x600.jpg 600w\" sizes=\"auto, (max-width: 1300px) 100vw, 1300px\" \/>\t\t\t<\/div>\r\n\r\n<\/div>\n\n\n<div style=\"height:70px\" aria-hidden=\"true\" class=\"wp-block-spacer\"><\/div>\n\n\r\n\t<\/div>\r\n<\/div>","protected":false},"excerpt":{"rendered":"","protected":false},"author":2,"featured_media":0,"parent":0,"menu_order":0,"comment_status":"closed","ping_status":"closed","template":"page-gutenberg.php","meta":{"_acf_changed":false,"_uag_custom_page_level_css":"","footnotes":""},"class_list":["post-18287","page","type-page","status-publish","hentry"],"acf":[],"yoast_head":"<!-- This site is optimized with the Yoast SEO plugin v26.9 - https:\/\/yoast.com\/product\/yoast-seo-wordpress\/ -->\n<title>About us - Bottle Promotions<\/title>\n<meta name=\"robots\" content=\"index, follow, max-snippet:-1, max-image-preview:large, max-video-preview:-1\" \/>\n<link rel=\"canonical\" href=\"https:\/\/bottlepromotions.com\/de\/about-us\/\" \/>\n<meta property=\"og:locale\" content=\"de_DE\" \/>\n<meta property=\"og:type\" content=\"article\" \/>\n<meta property=\"og:title\" content=\"About us - Bottle Promotions\" \/>\n<meta property=\"og:url\" content=\"https:\/\/bottlepromotions.com\/de\/about-us\/\" \/>\n<meta property=\"og:site_name\" content=\"Bottle Promotions\" \/>\n<meta property=\"article:modified_time\" content=\"2026-04-23T07:47:19+00:00\" \/>\n<meta name=\"twitter:card\" content=\"summary_large_image\" \/>\n<script type=\"application\/ld+json\" class=\"yoast-schema-graph\">{\"@context\":\"https:\/\/schema.org\",\"@graph\":[{\"@type\":\"WebPage\",\"@id\":\"https:\/\/bottlepromotions.com\/de\/about-us\/\",\"url\":\"https:\/\/bottlepromotions.com\/de\/about-us\/\",\"name\":\"About us - Bottle Promotions\",\"isPartOf\":{\"@id\":\"https:\/\/bottlepromotions.com\/de\/#website\"},\"datePublished\":\"2024-04-10T07:30:33+00:00\",\"dateModified\":\"2026-04-23T07:47:19+00:00\",\"breadcrumb\":{\"@id\":\"https:\/\/bottlepromotions.com\/de\/about-us\/#breadcrumb\"},\"inLanguage\":\"de\",\"potentialAction\":[{\"@type\":\"ReadAction\",\"target\":[\"https:\/\/bottlepromotions.com\/de\/about-us\/\"]}]},{\"@type\":\"BreadcrumbList\",\"@id\":\"https:\/\/bottlepromotions.com\/de\/about-us\/#breadcrumb\",\"itemListElement\":[{\"@type\":\"ListItem\",\"position\":1,\"name\":\"Home\",\"item\":\"https:\/\/bottlepromotions.com\/de\/\"},{\"@type\":\"ListItem\",\"position\":2,\"name\":\"About us\"}]},{\"@type\":\"WebSite\",\"@id\":\"https:\/\/bottlepromotions.com\/de\/#website\",\"url\":\"https:\/\/bottlepromotions.com\/de\/\",\"name\":\"Bottle Promotions\",\"description\":\"Your partner in promotional bottles\",\"publisher\":{\"@id\":\"https:\/\/bottlepromotions.com\/de\/#organization\"},\"potentialAction\":[{\"@type\":\"SearchAction\",\"target\":{\"@type\":\"EntryPoint\",\"urlTemplate\":\"https:\/\/bottlepromotions.com\/de\/?s={search_term_string}\"},\"query-input\":{\"@type\":\"PropertyValueSpecification\",\"valueRequired\":true,\"valueName\":\"search_term_string\"}}],\"inLanguage\":\"de\"},{\"@type\":\"Organization\",\"@id\":\"https:\/\/bottlepromotions.com\/de\/#organization\",\"name\":\"Bottle Promotions\",\"url\":\"https:\/\/bottlepromotions.com\/de\/\",\"logo\":{\"@type\":\"ImageObject\",\"inLanguage\":\"de\",\"@id\":\"https:\/\/bottlepromotions.com\/de\/#\/schema\/logo\/image\/\",\"url\":\"https:\/\/bottlepromotions.com\/wp-content\/uploads\/2021\/05\/BP-logo-white.png\",\"contentUrl\":\"https:\/\/bottlepromotions.com\/wp-content\/uploads\/2021\/05\/BP-logo-white.png\",\"width\":1284,\"height\":802,\"caption\":\"Bottle Promotions\"},\"image\":{\"@id\":\"https:\/\/bottlepromotions.com\/de\/#\/schema\/logo\/image\/\"}}]}<\/script>\n<!-- \/ Yoast SEO plugin. -->","yoast_head_json":{"title":"About us - Bottle Promotions","robots":{"index":"index","follow":"follow","max-snippet":"max-snippet:-1","max-image-preview":"max-image-preview:large","max-video-preview":"max-video-preview:-1"},"canonical":"https:\/\/bottlepromotions.com\/de\/about-us\/","og_locale":"de_DE","og_type":"article","og_title":"About us - Bottle Promotions","og_url":"https:\/\/bottlepromotions.com\/de\/about-us\/","og_site_name":"Bottle Promotions","article_modified_time":"2026-04-23T07:47:19+00:00","twitter_card":"summary_large_image","schema":{"@context":"https:\/\/schema.org","@graph":[{"@type":"WebPage","@id":"https:\/\/bottlepromotions.com\/de\/about-us\/","url":"https:\/\/bottlepromotions.com\/de\/about-us\/","name":"About us - Bottle Promotions","isPartOf":{"@id":"https:\/\/bottlepromotions.com\/de\/#website"},"datePublished":"2024-04-10T07:30:33+00:00","dateModified":"2026-04-23T07:47:19+00:00","breadcrumb":{"@id":"https:\/\/bottlepromotions.com\/de\/about-us\/#breadcrumb"},"inLanguage":"de","potentialAction":[{"@type":"ReadAction","target":["https:\/\/bottlepromotions.com\/de\/about-us\/"]}]},{"@type":"BreadcrumbList","@id":"https:\/\/bottlepromotions.com\/de\/about-us\/#breadcrumb","itemListElement":[{"@type":"ListItem","position":1,"name":"Home","item":"https:\/\/bottlepromotions.com\/de\/"},{"@type":"ListItem","position":2,"name":"About us"}]},{"@type":"WebSite","@id":"https:\/\/bottlepromotions.com\/de\/#website","url":"https:\/\/bottlepromotions.com\/de\/","name":"Bottle Promotions","description":"Your partner in promotional bottles","publisher":{"@id":"https:\/\/bottlepromotions.com\/de\/#organization"},"potentialAction":[{"@type":"SearchAction","target":{"@type":"EntryPoint","urlTemplate":"https:\/\/bottlepromotions.com\/de\/?s={search_term_string}"},"query-input":{"@type":"PropertyValueSpecification","valueRequired":true,"valueName":"search_term_string"}}],"inLanguage":"de"},{"@type":"Organization","@id":"https:\/\/bottlepromotions.com\/de\/#organization","name":"Bottle Promotions","url":"https:\/\/bottlepromotions.com\/de\/","logo":{"@type":"ImageObject","inLanguage":"de","@id":"https:\/\/bottlepromotions.com\/de\/#\/schema\/logo\/image\/","url":"https:\/\/bottlepromotions.com\/wp-content\/uploads\/2021\/05\/BP-logo-white.png","contentUrl":"https:\/\/bottlepromotions.com\/wp-content\/uploads\/2021\/05\/BP-logo-white.png","width":1284,"height":802,"caption":"Bottle Promotions"},"image":{"@id":"https:\/\/bottlepromotions.com\/de\/#\/schema\/logo\/image\/"}}]}},"uagb_featured_image_src":{"full":false,"thumbnail":false,"medium":false,"medium_large":false,"large":false,"1536x1536":false,"2048x2048":false,"fullwidth":false,"mediumplus":false,"gform-image-choice-sm":false,"gform-image-choice-md":false,"gform-image-choice-lg":false},"uagb_author_info":{"display_name":"Red Factory","author_link":"https:\/\/bottlepromotions.com\/de\/author\/redfactory\/"},"uagb_comment_info":0,"uagb_excerpt":null,"_links":{"self":[{"href":"https:\/\/bottlepromotions.com\/de\/wp-json\/wp\/v2\/pages\/18287","targetHints":{"allow":["GET"]}}],"collection":[{"href":"https:\/\/bottlepromotions.com\/de\/wp-json\/wp\/v2\/pages"}],"about":[{"href":"https:\/\/bottlepromotions.com\/de\/wp-json\/wp\/v2\/types\/page"}],"author":[{"embeddable":true,"href":"https:\/\/bottlepromotions.com\/de\/wp-json\/wp\/v2\/users\/2"}],"replies":[{"embeddable":true,"href":"https:\/\/bottlepromotions.com\/de\/wp-json\/wp\/v2\/comments?post=18287"}],"version-history":[{"count":19,"href":"https:\/\/bottlepromotions.com\/de\/wp-json\/wp\/v2\/pages\/18287\/revisions"}],"predecessor-version":[{"id":21216,"href":"https:\/\/bottlepromotions.com\/de\/wp-json\/wp\/v2\/pages\/18287\/revisions\/21216"}],"wp:attachment":[{"href":"https:\/\/bottlepromotions.com\/de\/wp-json\/wp\/v2\/media?parent=18287"}],"curies":[{"name":"wp","href":"https:\/\/api.w.org\/{rel}","templated":true}]}}