{"id":18222,"date":"2024-04-09T14:19:25","date_gmt":"2024-04-09T14:19:25","guid":{"rendered":"https:\/\/bottlepromotions.com\/sustainability\/"},"modified":"2024-10-30T13:21:58","modified_gmt":"2024-10-30T13:21:58","slug":"nachhaltigkeit","status":"publish","type":"page","link":"https:\/\/bottlepromotions.com\/de\/nachhaltigkeit\/","title":{"rendered":"Nachhaltigkeit"},"content":{"rendered":"<div id=\"page-header-block_28cf180937528666702e843f8e637922\" class=\"page-header-block alignfull\">\r\n\t<div class=\"image\">\r\n\t\t<img loading=\"lazy\" decoding=\"async\" width=\"1920\" height=\"1080\" src=\"https:\/\/bottlepromotions.com\/wp-content\/uploads\/2024\/04\/Windmolen-met-blauwe-lucht-gespiegeld-1.jpg\" class=\"attachment-fullwidth size-fullwidth\" alt=\"\" srcset=\"https:\/\/bottlepromotions.com\/wp-content\/uploads\/2024\/04\/Windmolen-met-blauwe-lucht-gespiegeld-1.jpg 1920w, https:\/\/bottlepromotions.com\/wp-content\/uploads\/2024\/04\/Windmolen-met-blauwe-lucht-gespiegeld-1-300x169.jpg 300w, https:\/\/bottlepromotions.com\/wp-content\/uploads\/2024\/04\/Windmolen-met-blauwe-lucht-gespiegeld-1-1024x576.jpg 1024w, https:\/\/bottlepromotions.com\/wp-content\/uploads\/2024\/04\/Windmolen-met-blauwe-lucht-gespiegeld-1-768x432.jpg 768w, https:\/\/bottlepromotions.com\/wp-content\/uploads\/2024\/04\/Windmolen-met-blauwe-lucht-gespiegeld-1-1536x864.jpg 1536w, https:\/\/bottlepromotions.com\/wp-content\/uploads\/2024\/04\/Windmolen-met-blauwe-lucht-gespiegeld-1-600x338.jpg 600w\" sizes=\"auto, (max-width: 1920px) 100vw, 1920px\" \/>\t<\/div>\r\n\r\n\t<div class=\"container container-xl\">\r\n\t\t<div class=\"page-header-content col-md-12 col-lg-7\">\r\n\t\t\t<h1>NACHHALTIGKEIT BEI Bottle Promotions <span>A Garmin company<\/span><\/h1>\r\n\r\n\t\t\t\r\n\t\t\t\t\t\t\t<p>Nachhaltigkeit ist ein zentraler Wert bei Bottle Promotions. Wir messen unsere Nachhaltigkeit durch Umwelt- und soziale Auswirkungen sowie finanzielle Ergebnisse (People, Planet, Profit). Wir verpflichten uns, das zu tun, was wir sagen, und allen unseren Stakeholdern \u2013 einschlie\u00dflich Mitarbeitern, Gesch\u00e4ftspartnern, Kunden und Aktion\u00e4ren \u2013 langfristig zu dienen. Als Teil von Garmin laden wir Sie ein, den Garmin Corporate Impact Report zu erkunden, um weitere Einblicke in unsere Nachhaltigkeitsinitiativen zu erhalten.<\/p>\n<p>Als Teil von Garmin laden wir Sie ein, den <a href=\"https:\/\/bottlepromotions.com\/wp-content\/uploads\/2023\/Corporate_Impact_Report_2023.pdf\" target=\"_blank\" rel=\"noopener\">Garmin Corporate Impact Report<\/a> zu erkunden, um weitere Einblicke in unsere Nachhaltigkeitsinitiativen zu erhalten.<\/p>\n\t\t\t\t\t<\/div>\r\n\t<\/div>\r\n<\/div>\n\n<div id=\"container-block-block_835da940fcd5364971cbb89dc3b4d981\" class=\"container-block alignfull background-grey width-medium\">\r\n\t<div class=\"container\">\r\n\t\t\n\n<div style=\"height:60px\" aria-hidden=\"true\" class=\"wp-block-spacer\"><\/div>\n\n\n<div id=\"content-card-block_f488810bc1a98ecde337bd5e81f51eb9\" class=\"content-card-block background-white border-radius-medium\">\r\n\t<div class=\"content\">\r\n\r\n\t\t\t\t\t<h3>The 3 P\u2019s at Bottle Promotions<\/h3>\r\n\t\t\r\n\t\t\r\n\t\t\n\n<div style=\"height:10px\" aria-hidden=\"true\" class=\"wp-block-spacer\"><\/div>\n\n\n\n<h4 class=\"wp-block-heading has-text-align-left\">People<\/h4>\n\n\n\n<p>Wenn es um Menschen geht, schaffen wir bei Bottle Promotions ein lebenswertes und sicheres Umfeld f\u00fcr unsere Mitarbeiter, das Wachstum, Zusammenarbeit und gemeinsame Verantwortung f\u00f6rdert. Aber damit nicht genug: Wir respektieren ebenfalls die Rechte der Arbeitnehmer in unserer Lieferkette und arbeiten nur mit Unternehmen, die sich an einen Verhaltenskodex (COC) halten, zusammen.<\/p>\n\n\n\n<div style=\"height:10px\" aria-hidden=\"true\" class=\"wp-block-spacer\"><\/div>\n\n\n\n<h4 class=\"wp-block-heading has-text-align-left\">Planet<\/h4>\n\n\n\n<p>Unser Engagement f\u00fcr eine bessere Umwelt zeigt sich in den Schritten, die wir unternehmen, um unseren \u00f6kologischen Fu\u00dfabdruck zu minimieren. Wir arbeiten aktiv an der Klimaneutralit\u00e4t, indem wir in allen unseren Betrieben nachhaltige Vorgehensweisen umsetzen. Beispielsweise arbeiten wir daran, Solarpaneele in unsere Betriebsgeb\u00e4ude zu integrieren um so unsere Abh\u00e4ngigkeit von nicht erneuerbaren Energiequellen zu verringern. Wir legen au\u00dferdem Wert auf Recycling und Abfallmanagement und stellen sicher, dass Materialien wiederverwendet oder verantwortungsvoll entsorgt werden. Dar\u00fcber hinaus sind wir bestrebt, bei lokalen und\/oder europ\u00e4ischen Partnern einzukaufen, um die Transportkosten und -emissionen zu reduzieren und die regionale Wirtschaft zu unterst\u00fctzen.<\/p>\n\n\n\n<div style=\"height:10px\" aria-hidden=\"true\" class=\"wp-block-spacer\"><\/div>\n\n\n\n<h4 class=\"wp-block-heading has-text-align-left\">Profit<\/h4>\n\n\n\n<p>Rentabilit\u00e4t dient als Grundlage f\u00fcr unsere Nachhaltigkeitsbem\u00fchungen. Durch die Aufrechterhaltung einer soliden Finanzlage stellen wir die langfristige Rentabilit\u00e4t unserer Organisation sicher. Dadurch k\u00f6nnen wir in nachhaltige Initiativen investieren und unseren Einfluss auf Mensch und Erde kontinuierlich verbessern.<\/p>\n\n\r\n\t<\/div>\r\n<\/div>\n\r\n\t<\/div>\r\n<\/div>\n\n<div id=\"container-block-block_835da940fcd5364971cbb89dc3b4d981\" class=\"container-block alignfull background-grey width-medium\">\r\n\t<div class=\"container\">\r\n\t\t\n\n<div style=\"height:60px\" aria-hidden=\"true\" class=\"wp-block-spacer\"><\/div>\n\n\n\r\n<div id=\"text-with-image-block-block_1055748bf93b434616f1a4ce3b52137b\" class=\"fullwidth text-with-image-block position-right layout-medium\">\r\n\r\n\t<div class=\"container-text\">\r\n\t\t\t\t\t\t\t\t\t<h3>Warum werden Tacx-Flaschen noch nicht 100% aus recycelten Materialien hergestellt?<\/h3>\r\n\t\t\t\t\t\t\t\r\n\t\t\r\n\t\t<div class=\"text-with-image-block-text\">\r\n\t\t\t<p>Die Verwendung von recyceltem Material f\u00fcr Flaschen die mit Lebensmitteln in Kontakt kommen ist aus Nachhaltigkeitsgr\u00fcnden nat\u00fcrlich eine gro\u00dfartige Idee, aber es gibt viele Herausforderungen, die es zu meistern gilt. Die Vorschriften f\u00fcr die Verwendung von recycelten Materialien f\u00fcr Produkte, die mit Lebensmitteln in Kontakt kommen, sind sehr streng.<\/p>\n<p>Der Recyclingprozess bringt Komplexit\u00e4t mit sich und macht es schwierig, die Abwesenheit von Verunreinigungen zu gew\u00e4hrleisten. Die Erf\u00fcllung spezifischer Anforderungen f\u00fcr Lebensmittel- und Getr\u00e4nkeverpackungen kann bei recycelten Materialien eine gr\u00f6\u00dfere Herausforderung darstellen. Konsistenz und Einheitlichkeit sind entscheidend. Es werden Anstrengungen unternommen, Recyclingtechnologien zu verbessern und innovative L\u00f6sungen zu finden.<\/p>\n<p><strong>Bis dahin ist es unerl\u00e4sslich, Sicherheit f\u00fcr Verbraucher Vorrang zu verleihen und die Vorschriften einzuhalten.<\/strong><\/p>\n\t\t<\/div>\r\n\r\n\t\t\t<\/div>\r\n\r\n\t<div class=\"container-visual\">\r\n\t\t\t\t\t<img loading=\"lazy\" decoding=\"async\" width=\"1920\" height=\"1551\" src=\"https:\/\/bottlepromotions.com\/wp-content\/uploads\/2024\/04\/IMG_0285.jpeg1_-scaled-1-1920x1551.jpeg\" class=\"attachment-fullwidth size-fullwidth\" alt=\"\" \/>\t\t\t<\/div>\r\n\r\n<\/div>\n\n\n<div style=\"height:60px\" aria-hidden=\"true\" class=\"wp-block-spacer\"><\/div>\n\n\r\n\t<\/div>\r\n<\/div>\n\n<div id=\"container-block-block_7bda8aa946499ec6975e1f79ea5bb9eb\" class=\"container-block alignfull background-grey width-default\">\r\n\t<div class=\"container\">\r\n\t\t\n\r\n<div id=\"text-with-image-block-block_924ef8fb1afd51cfa1c28f2cb185adbc\" class=\"fullwidth text-with-image-block position-left layout-medium\">\r\n\r\n\t<div class=\"container-text\">\r\n\t\t\t\t\t\t\t\t\t<h3>Sedex Pfeiler 4<\/h3>\r\n\t\t\t\t\t\t\t\r\n\t\t\r\n\t\t<div class=\"text-with-image-block-text\">\r\n\t\t\t<p>Wir sind sehr stolz, mitteilen zu k\u00f6nnen, dass wir unsere Sedex-Zulassung bekommen haben. Vor kurzem haben wir erfolgreich ein Smeta-Audit abgeschlossen und eine \u201eKonformit\u00e4tserkl\u00e4rung\u201c f\u00fcr die n\u00e4chsten drei Jahre erhalten. Sedex ist eine globale Plattform, die verantwortungsvolle Gesch\u00e4ftspraktiken in den Bereichen Arbeitsrecht, Gesundheit und Sicherheit, Umwelt und Handelsethik gew\u00e4hrleistet. Unsere Mitgliedschaft zeigt unser Engagement f\u00fcr Nachhaltigkeit und die Einhaltung strenger Standards. Sedex genie\u00dft das Vertrauen von \u00fcber 50.000 Mitgliedern in 150 L\u00e4ndern.<\/p>\n<p><strong>Wenn Sie eines der unten aufgef\u00fchrten Dokumente erhalten m\u00f6chten, senden Sie bitte eine E-Mail an berdine@tacx.nl:\u00a0Smeta-Bericht \/ Verhaltenskodex \/ Lebensmittelzulassungszertifikate \/ Konformit\u00e4tserkl\u00e4rung<\/strong><\/p>\n\t\t<\/div>\r\n\r\n\t\t\t<\/div>\r\n\r\n\t<div class=\"container-visual\">\r\n\t\t\t\t\t<img loading=\"lazy\" decoding=\"async\" width=\"1290\" height=\"953\" src=\"https:\/\/bottlepromotions.com\/wp-content\/uploads\/2024\/04\/image005-2-1.jpg\" class=\"attachment-fullwidth size-fullwidth\" alt=\"\" srcset=\"https:\/\/bottlepromotions.com\/wp-content\/uploads\/2024\/04\/image005-2-1.jpg 1290w, https:\/\/bottlepromotions.com\/wp-content\/uploads\/2024\/04\/image005-2-1-300x222.jpg 300w, https:\/\/bottlepromotions.com\/wp-content\/uploads\/2024\/04\/image005-2-1-1024x756.jpg 1024w, https:\/\/bottlepromotions.com\/wp-content\/uploads\/2024\/04\/image005-2-1-768x567.jpg 768w, https:\/\/bottlepromotions.com\/wp-content\/uploads\/2024\/04\/image005-2-1-600x443.jpg 600w\" sizes=\"auto, (max-width: 1290px) 100vw, 1290px\" \/>\t\t\t<\/div>\r\n\r\n<\/div>\n\n\n<div style=\"height:60px\" aria-hidden=\"true\" class=\"wp-block-spacer\"><\/div>\n\n\r\n\t<\/div>\r\n<\/div>\n\n<div id=\"container-block-block_7bda8aa946499ec6975e1f79ea5bb9eb\" class=\"container-block alignfull background-grey width-default\">\r\n\t<div class=\"container\">\r\n\t\t\n\r\n<div id=\"text-with-image-block-block_44bde7554c11dadc9b9eb266c5f5d88d\" class=\"fullwidth text-with-image-block position-right layout-medium\">\r\n\r\n\t<div class=\"container-text\">\r\n\t\t\t\t\t\t\t\t\t<h3>REYCLING<\/h3>\r\n\t\t\t\t\t\t\t\r\n\t\t\r\n\t\t<div class=\"text-with-image-block-text\">\r\n\t\t\t<p>Lasst uns jetzt \u00fcber Tacx-Flaschen reden. Wir sind stolz darauf, sagen zu k\u00f6nnen, dass 15 % der in unseren Flaschen verwendeten Rohstoffe aus postindustriellen Quellen stammen. Durch ein Mahlverfahren recyceln wir die Einspritzpunkte, die dann direkt im weiteren Produktionsprozess wiederverwendet werden (geschlossenes Verfahren). Das wiederum bedeutet, dass 15 % aller Tacx-Flaschen aus recyceltem Material hergestellt werden, was den Bedarf an neuen Ressourcen reduziert.<\/p>\n<p>Dar\u00fcber hinaus haben wir eine Partnerschaft mit \u201ethe Plastic Company\u201c geschlossen, um sicherzustellen, dass jede aussortierte Flasche recycelt wird. Durch diese Zusammenarbeit werden die Flaschen in kleine Plastikflocken umgewandelt oder zu neuen Plastikperlen verarbeitet.<br \/>\nDiese recycelten Materialien finden in Produkten wie Kunststoff Blument\u00f6pfen neues Leben und stellen sicher, dass nichts verschwendet wird.<\/p>\n\t\t<\/div>\r\n\r\n\t\t\t<\/div>\r\n\r\n\t<div class=\"container-visual\">\r\n\t\t\t\t\t<img loading=\"lazy\" decoding=\"async\" width=\"1920\" height=\"1628\" src=\"https:\/\/bottlepromotions.com\/wp-content\/uploads\/2024\/04\/Shredded-plastic-with-Shiva-1-1-scaled-1-1920x1628.jpg\" class=\"attachment-fullwidth size-fullwidth\" alt=\"\" \/>\t\t\t<\/div>\r\n\r\n<\/div>\n\n\n<div style=\"height:60px\" aria-hidden=\"true\" class=\"wp-block-spacer\"><\/div>\n\n\r\n\t<\/div>\r\n<\/div>","protected":false},"excerpt":{"rendered":"","protected":false},"author":2,"featured_media":0,"parent":0,"menu_order":0,"comment_status":"closed","ping_status":"closed","template":"page-gutenberg.php","meta":{"_acf_changed":false,"_uag_custom_page_level_css":"","footnotes":""},"class_list":["post-18222","page","type-page","status-publish","hentry"],"acf":[],"yoast_head":"<!-- This site is optimized with the Yoast SEO plugin v26.9 - https:\/\/yoast.com\/product\/yoast-seo-wordpress\/ -->\n<title>Nachhaltigkeit - Bottle Promotions<\/title>\n<meta name=\"robots\" content=\"index, follow, max-snippet:-1, max-image-preview:large, max-video-preview:-1\" \/>\n<link rel=\"canonical\" href=\"https:\/\/bottlepromotions.com\/de\/nachhaltigkeit\/\" \/>\n<meta property=\"og:locale\" content=\"de_DE\" \/>\n<meta property=\"og:type\" content=\"article\" \/>\n<meta property=\"og:title\" content=\"Nachhaltigkeit - Bottle Promotions\" \/>\n<meta property=\"og:url\" content=\"https:\/\/bottlepromotions.com\/de\/nachhaltigkeit\/\" \/>\n<meta property=\"og:site_name\" content=\"Bottle Promotions\" \/>\n<meta property=\"article:modified_time\" content=\"2024-10-30T13:21:58+00:00\" \/>\n<meta name=\"twitter:card\" content=\"summary_large_image\" \/>\n<meta name=\"twitter:label1\" content=\"Gesch\u00e4tzte Lesezeit\" \/>\n\t<meta name=\"twitter:data1\" content=\"1\u00a0Minute\" \/>\n<script type=\"application\/ld+json\" class=\"yoast-schema-graph\">{\"@context\":\"https:\/\/schema.org\",\"@graph\":[{\"@type\":\"WebPage\",\"@id\":\"https:\/\/bottlepromotions.com\/de\/nachhaltigkeit\/\",\"url\":\"https:\/\/bottlepromotions.com\/de\/nachhaltigkeit\/\",\"name\":\"Nachhaltigkeit - Bottle Promotions\",\"isPartOf\":{\"@id\":\"https:\/\/bottlepromotions.com\/de\/#website\"},\"datePublished\":\"2024-04-09T14:19:25+00:00\",\"dateModified\":\"2024-10-30T13:21:58+00:00\",\"breadcrumb\":{\"@id\":\"https:\/\/bottlepromotions.com\/de\/nachhaltigkeit\/#breadcrumb\"},\"inLanguage\":\"de\",\"potentialAction\":[{\"@type\":\"ReadAction\",\"target\":[\"https:\/\/bottlepromotions.com\/de\/nachhaltigkeit\/\"]}]},{\"@type\":\"BreadcrumbList\",\"@id\":\"https:\/\/bottlepromotions.com\/de\/nachhaltigkeit\/#breadcrumb\",\"itemListElement\":[{\"@type\":\"ListItem\",\"position\":1,\"name\":\"Home\",\"item\":\"https:\/\/bottlepromotions.com\/de\/\"},{\"@type\":\"ListItem\",\"position\":2,\"name\":\"Nachhaltigkeit\"}]},{\"@type\":\"WebSite\",\"@id\":\"https:\/\/bottlepromotions.com\/de\/#website\",\"url\":\"https:\/\/bottlepromotions.com\/de\/\",\"name\":\"Bottle Promotions\",\"description\":\"Your partner in promotional bottles\",\"publisher\":{\"@id\":\"https:\/\/bottlepromotions.com\/de\/#organization\"},\"potentialAction\":[{\"@type\":\"SearchAction\",\"target\":{\"@type\":\"EntryPoint\",\"urlTemplate\":\"https:\/\/bottlepromotions.com\/de\/?s={search_term_string}\"},\"query-input\":{\"@type\":\"PropertyValueSpecification\",\"valueRequired\":true,\"valueName\":\"search_term_string\"}}],\"inLanguage\":\"de\"},{\"@type\":\"Organization\",\"@id\":\"https:\/\/bottlepromotions.com\/de\/#organization\",\"name\":\"Bottle Promotions\",\"url\":\"https:\/\/bottlepromotions.com\/de\/\",\"logo\":{\"@type\":\"ImageObject\",\"inLanguage\":\"de\",\"@id\":\"https:\/\/bottlepromotions.com\/de\/#\/schema\/logo\/image\/\",\"url\":\"https:\/\/bottlepromotions.com\/wp-content\/uploads\/2021\/05\/BP-logo-white.png\",\"contentUrl\":\"https:\/\/bottlepromotions.com\/wp-content\/uploads\/2021\/05\/BP-logo-white.png\",\"width\":1284,\"height\":802,\"caption\":\"Bottle Promotions\"},\"image\":{\"@id\":\"https:\/\/bottlepromotions.com\/de\/#\/schema\/logo\/image\/\"}}]}<\/script>\n<!-- \/ Yoast SEO plugin. -->","yoast_head_json":{"title":"Nachhaltigkeit - Bottle Promotions","robots":{"index":"index","follow":"follow","max-snippet":"max-snippet:-1","max-image-preview":"max-image-preview:large","max-video-preview":"max-video-preview:-1"},"canonical":"https:\/\/bottlepromotions.com\/de\/nachhaltigkeit\/","og_locale":"de_DE","og_type":"article","og_title":"Nachhaltigkeit - Bottle Promotions","og_url":"https:\/\/bottlepromotions.com\/de\/nachhaltigkeit\/","og_site_name":"Bottle Promotions","article_modified_time":"2024-10-30T13:21:58+00:00","twitter_card":"summary_large_image","twitter_misc":{"Gesch\u00e4tzte Lesezeit":"1\u00a0Minute"},"schema":{"@context":"https:\/\/schema.org","@graph":[{"@type":"WebPage","@id":"https:\/\/bottlepromotions.com\/de\/nachhaltigkeit\/","url":"https:\/\/bottlepromotions.com\/de\/nachhaltigkeit\/","name":"Nachhaltigkeit - Bottle Promotions","isPartOf":{"@id":"https:\/\/bottlepromotions.com\/de\/#website"},"datePublished":"2024-04-09T14:19:25+00:00","dateModified":"2024-10-30T13:21:58+00:00","breadcrumb":{"@id":"https:\/\/bottlepromotions.com\/de\/nachhaltigkeit\/#breadcrumb"},"inLanguage":"de","potentialAction":[{"@type":"ReadAction","target":["https:\/\/bottlepromotions.com\/de\/nachhaltigkeit\/"]}]},{"@type":"BreadcrumbList","@id":"https:\/\/bottlepromotions.com\/de\/nachhaltigkeit\/#breadcrumb","itemListElement":[{"@type":"ListItem","position":1,"name":"Home","item":"https:\/\/bottlepromotions.com\/de\/"},{"@type":"ListItem","position":2,"name":"Nachhaltigkeit"}]},{"@type":"WebSite","@id":"https:\/\/bottlepromotions.com\/de\/#website","url":"https:\/\/bottlepromotions.com\/de\/","name":"Bottle Promotions","description":"Your partner in promotional bottles","publisher":{"@id":"https:\/\/bottlepromotions.com\/de\/#organization"},"potentialAction":[{"@type":"SearchAction","target":{"@type":"EntryPoint","urlTemplate":"https:\/\/bottlepromotions.com\/de\/?s={search_term_string}"},"query-input":{"@type":"PropertyValueSpecification","valueRequired":true,"valueName":"search_term_string"}}],"inLanguage":"de"},{"@type":"Organization","@id":"https:\/\/bottlepromotions.com\/de\/#organization","name":"Bottle Promotions","url":"https:\/\/bottlepromotions.com\/de\/","logo":{"@type":"ImageObject","inLanguage":"de","@id":"https:\/\/bottlepromotions.com\/de\/#\/schema\/logo\/image\/","url":"https:\/\/bottlepromotions.com\/wp-content\/uploads\/2021\/05\/BP-logo-white.png","contentUrl":"https:\/\/bottlepromotions.com\/wp-content\/uploads\/2021\/05\/BP-logo-white.png","width":1284,"height":802,"caption":"Bottle Promotions"},"image":{"@id":"https:\/\/bottlepromotions.com\/de\/#\/schema\/logo\/image\/"}}]}},"uagb_featured_image_src":{"full":false,"thumbnail":false,"medium":false,"medium_large":false,"large":false,"1536x1536":false,"2048x2048":false,"fullwidth":false,"mediumplus":false,"gform-image-choice-sm":false,"gform-image-choice-md":false,"gform-image-choice-lg":false},"uagb_author_info":{"display_name":"Red Factory","author_link":"https:\/\/bottlepromotions.com\/de\/author\/redfactory\/"},"uagb_comment_info":0,"uagb_excerpt":null,"_links":{"self":[{"href":"https:\/\/bottlepromotions.com\/de\/wp-json\/wp\/v2\/pages\/18222","targetHints":{"allow":["GET"]}}],"collection":[{"href":"https:\/\/bottlepromotions.com\/de\/wp-json\/wp\/v2\/pages"}],"about":[{"href":"https:\/\/bottlepromotions.com\/de\/wp-json\/wp\/v2\/types\/page"}],"author":[{"embeddable":true,"href":"https:\/\/bottlepromotions.com\/de\/wp-json\/wp\/v2\/users\/2"}],"replies":[{"embeddable":true,"href":"https:\/\/bottlepromotions.com\/de\/wp-json\/wp\/v2\/comments?post=18222"}],"version-history":[{"count":13,"href":"https:\/\/bottlepromotions.com\/de\/wp-json\/wp\/v2\/pages\/18222\/revisions"}],"predecessor-version":[{"id":19147,"href":"https:\/\/bottlepromotions.com\/de\/wp-json\/wp\/v2\/pages\/18222\/revisions\/19147"}],"wp:attachment":[{"href":"https:\/\/bottlepromotions.com\/de\/wp-json\/wp\/v2\/media?parent=18222"}],"curies":[{"name":"wp","href":"https:\/\/api.w.org\/{rel}","templated":true}]}}