{"id":10991,"date":"2021-03-25T09:41:23","date_gmt":"2021-03-25T09:41:23","guid":{"rendered":"https:\/\/bottlepromotions.com\/sports-bottles\/"},"modified":"2026-01-14T14:09:00","modified_gmt":"2026-01-14T14:09:00","slug":"sporttrinkflasche-2","status":"publish","type":"page","link":"https:\/\/bottlepromotions.com\/de\/sporttrinkflasche-2\/","title":{"rendered":"Sporttrinkflasche"},"content":{"rendered":"<div id=\"page-header-block_3aeee27e7f7f7beb2ee6b6edf02829c0\" class=\"page-header-block alignfull\">\r\n\t<div class=\"image\">\r\n\t\t<img loading=\"lazy\" decoding=\"async\" width=\"1920\" height=\"1185\" src=\"https:\/\/bottlepromotions.com\/wp-content\/uploads\/2024\/02\/Compositie-Sport-1920px-b.jpg\" class=\"attachment-fullwidth size-fullwidth\" alt=\"\" srcset=\"https:\/\/bottlepromotions.com\/wp-content\/uploads\/2024\/02\/Compositie-Sport-1920px-b.jpg 1920w, https:\/\/bottlepromotions.com\/wp-content\/uploads\/2024\/02\/Compositie-Sport-1920px-b-300x185.jpg 300w, https:\/\/bottlepromotions.com\/wp-content\/uploads\/2024\/02\/Compositie-Sport-1920px-b-1024x632.jpg 1024w, https:\/\/bottlepromotions.com\/wp-content\/uploads\/2024\/02\/Compositie-Sport-1920px-b-768x474.jpg 768w, https:\/\/bottlepromotions.com\/wp-content\/uploads\/2024\/02\/Compositie-Sport-1920px-b-1536x948.jpg 1536w, https:\/\/bottlepromotions.com\/wp-content\/uploads\/2024\/02\/Compositie-Sport-1920px-b-600x370.jpg 600w\" sizes=\"auto, (max-width: 1920px) 100vw, 1920px\" \/>\t<\/div>\r\n\r\n\t<div class=\"container container-xl\">\r\n\t\t<div class=\"page-header-content col-md-12 col-lg-7\">\r\n\t\t\t<h1>Tacx Sport Flaschen<\/h1>\r\n\r\n\t\t\t\t\t\t\t<h2>DER DURSTL\u00d6SCHER VON MILLIONEN<\/h2>\r\n\t\t\t\r\n\t\t\t\t\t\t\t<p>In der heutigen rasanten Welt, ist das Bestreben gesund zu bleiben wichtiger als je zuvor. Daher promoten viele Firmen einen gesunden Lebensstil. Und wo gibt es einen besseren Weg Ihrer Beteiligung an Wellness zu zeigen als mit einer Sportflasche von Tacx. Es ist nicht nur eine funktionelle und wiederverwendbare Flasche, aber auch ein Werbe-Blickfang. Das stolz zur Schau gestellte Markenlogo auf die hochwertige Flasche sorgt bestimmt f\u00fcr einen bleibenden Eindruck.<\/p>\n<p>Aber es geht nicht nur um Stil. <span lang=\"DE\">Indem Sie sich f\u00fcr die hochwertigen Tacx-Sportflaschen entscheiden, eliminieren Sie die Notwendigkeit von Einweg-PET-Flaschen.<\/span>Schlie\u00dfen Sie sich den Millionen, die bereits den Wechsel zu einer Tacx Sportflasche gemacht haben, an.<\/p>\n\t\t\t\t\t<\/div>\r\n\t<\/div>\r\n<\/div>\n\n\n<div style=\"height:40px\" aria-hidden=\"true\" class=\"wp-block-spacer\"><\/div>\n\n\n\n<div class=\"wp-block-uagb-container uagb-block-7525c346 alignwide uagb-is-root-container\">\n<div class=\"wp-block-uagb-container uagb-block-52bd80d3\">\n<div class=\"wp-block-uagb-info-box uagb-block-b115ecf9 uagb-infobox__content-wrap  uagb-infobox-icon-above-title uagb-infobox-image-valign-top\"><div class=\"uagb-ifb-content\"><div class=\"uagb-ifb-image-content\"><img decoding=\"async\" src=\"https:\/\/bottlepromotions.com\/wp-content\/uploads\/2023\/08\/druppel-150x150.png\" alt=\"\" width=\"20\" height=\"20\" loading=\"lazy\"\/><\/div><div class=\"uagb-ifb-title-wrap\"><h3 class=\"uagb-ifb-title\">Die Verschl\u00fcsse Shiva sind auch f\u00fcr kohlens\u00e4urehaltige Getr\u00e4nke geeignet<\/h3><\/div><\/div><\/div>\n<\/div>\n\n\n\n<div class=\"wp-block-uagb-container uagb-block-6ba7d531\">\n<div class=\"wp-block-uagb-info-box uagb-block-3ffafea2 uagb-infobox__content-wrap  uagb-infobox-icon-above-title uagb-infobox-image-valign-top\"><div class=\"uagb-ifb-content\"><div class=\"uagb-ifb-image-content\"><img decoding=\"async\" src=\"https:\/\/bottlepromotions.com\/wp-content\/uploads\/2023\/08\/druppel-150x150.png\" alt=\"\" width=\"20\" height=\"20\" loading=\"lazy\"\/><\/div><div class=\"uagb-ifb-title-wrap\"><h3 class=\"uagb-ifb-title\">Der Shiva XT Ziehverschluss ist sehr praktisch bei Eishockey oder Motorsport<\/h3><\/div><\/div><\/div>\n<\/div>\n\n\n\n<div class=\"wp-block-uagb-container uagb-block-aa4a6edd\">\n<div class=\"wp-block-uagb-info-box uagb-block-b2a80938 uagb-infobox__content-wrap  uagb-infobox-icon-above-title uagb-infobox-image-valign-top\"><div class=\"uagb-ifb-content\"><div class=\"uagb-ifb-image-content\"><img decoding=\"async\" src=\"https:\/\/bottlepromotions.com\/wp-content\/uploads\/2023\/08\/druppel-150x150.png\" alt=\"\" width=\"20\" height=\"20\" loading=\"lazy\"\/><\/div><div class=\"uagb-ifb-title-wrap\"><h3 class=\"uagb-ifb-title\">Gro\u00dfe bedruckbare Fl\u00e4che um Ihrer Kreativit\u00e4t den freien Lauf zu lassen<\/h3><\/div><\/div><\/div>\n<\/div>\n\n\n\n<div class=\"wp-block-uagb-container uagb-block-da4ef355\">\n<div class=\"wp-block-uagb-info-box uagb-block-d18dbaf7 uagb-infobox__content-wrap  uagb-infobox-icon-above-title uagb-infobox-image-valign-top\"><div class=\"uagb-ifb-content\"><div class=\"uagb-ifb-image-content\"><img decoding=\"async\" src=\"https:\/\/bottlepromotions.com\/wp-content\/uploads\/2023\/08\/druppel-150x150.png\" alt=\"\" width=\"20\" height=\"20\" loading=\"lazy\"\/><\/div><div class=\"uagb-ifb-title-wrap\"><h3 class=\"uagb-ifb-title\">Die Kapitalrendite ist hoch (niedriger Preis, hoher Wiedererkennungswert)<\/h3><\/div><\/div><\/div>\n<\/div>\n<\/div>\n\n\n\n<div style=\"height:40px\" aria-hidden=\"true\" class=\"wp-block-spacer\"><\/div>\n\n\n\r\n\t<div id=\"products-block_cd909b73275c18b375e3bc9e93634397\" class=\"products-block\">\r\n\r\n\t\t\t\t\t<a class=\"product-block\" href=\"\/de\/bottle\/shiva-500-ml-standard-schraubdeckel\/\">\r\n\t\t\t\t<h3>\r\n\t\t\t\t\tShiva Original <small>500ml &#038; 750ml<\/small>\t\t\t\t<\/h3>\r\n\r\n\t\t\t\t<div class=\"intro\">\r\n\t\t\t\t\tDrehverschluss mit verschlie\u00dfbarem Ziehmundst\u00fcck, 22 Trinkflaschenfarben, 26 Kappenfarben\t\t\t\t<\/div>\r\n\r\n\t\t\t\t<div class=\"image\">\r\n\t\t\t\t\t<img decoding=\"async\" src=\"https:\/\/bottlepromotions.com\/wp-content\/uploads\/2023\/11\/shiva-original-with-banner.png\" alt=\"shiva-original-with-banner\" \/>\r\n\t\t\t\t<\/div>\r\n\t\t\t<\/a>\r\n\t\t\t\t\t<a class=\"product-block\" href=\"\/de\/bottle\/shiva-500-ml-shanti-premium-membrandeckel\/\">\r\n\t\t\t\t<h3>\r\n\t\t\t\t\tShiva Premium <small>500ml &#038; 750ml<\/small>\t\t\t\t<\/h3>\r\n\r\n\t\t\t\t<div class=\"intro\">\r\n\t\t\t\t\tShanti Membranverschluss, 22 Trinkflaschenfarben, Kappe anthrazit, 8 Ringfarben\t\t\t\t<\/div>\r\n\r\n\t\t\t\t<div class=\"image\">\r\n\t\t\t\t\t<img decoding=\"async\" src=\"https:\/\/bottlepromotions.com\/wp-content\/uploads\/2019\/12\/shiva-premium-bottle.png\" alt=\"shiva-premium-bottle\" \/>\r\n\t\t\t\t<\/div>\r\n\t\t\t<\/a>\r\n\t\t\t\t\t<a class=\"product-block\" href=\"\/de\/bottle\/shiva-500-ml-xt-deckel-mit-verlangertem-ziehverschluss\/\">\r\n\t\t\t\t<h3>\r\n\t\t\t\t\tShiva XT<small>500ml &#038; 750ml<\/small>\t\t\t\t<\/h3>\r\n\r\n\t\t\t\t<div class=\"intro\">\r\n\t\t\t\t\tDrehverschluss mit verl\u00e4ngertem Ziehmundst\u00fcck, 22 Trinkflaschenfarben, Kappe schwarz\t\t\t\t<\/div>\r\n\r\n\t\t\t\t<div class=\"image\">\r\n\t\t\t\t\t<img decoding=\"async\" src=\"https:\/\/bottlepromotions.com\/wp-content\/uploads\/2019\/12\/shiva-xt-bottle.png\" alt=\"shiva-xt-bottle\" \/>\r\n\t\t\t\t<\/div>\r\n\t\t\t<\/a>\r\n\t\t\t\t\t<a class=\"product-block\" href=\"\/de\/bottle\/daiya-550ml\/\">\r\n\t\t\t\t<h3>\r\n\t\t\t\t\tDAIYA <small>550ml<\/small>\t\t\t\t<\/h3>\r\n\r\n\t\t\t\t<div class=\"intro\">\r\n\t\t\t\t\tEntdecken Sie den Daiya \u2013 die neue Tacx-Trinkflasche mit modernem Design\t\t\t\t<\/div>\r\n\r\n\t\t\t\t<div class=\"image\">\r\n\t\t\t\t\t<img decoding=\"async\" src=\"https:\/\/bottlepromotions.com\/wp-content\/uploads\/2023\/10\/daiya-bottles-new.png\" alt=\"daiya-bottles-new\" \/>\r\n\t\t\t\t<\/div>\r\n\t\t\t<\/a>\r\n\t\t\r\n\t<\/div>\r\n\n\n\n<div style=\"height:40px\" aria-hidden=\"true\" class=\"wp-block-spacer\"><\/div>\n\n\n<div id=\"container-block-block_1ec76cc4a1c611577859635ddea0ce99\" class=\"container-block alignfull background-grey\">\r\n\t<div class=\"container\">\r\n\t\t\n\n<div style=\"height:50px\" aria-hidden=\"true\" class=\"wp-block-spacer\"><\/div>\n\n\n\r\n<div id=\"text-with-image-block-block_3bb0a05e2b53cbed0136afd46db1cfb8\" class=\"fullwidth text-with-image-block position-right layout-normal\">\r\n\r\n\t<div class=\"container-text\">\r\n\t\t\t\t\t\t\t\t\t<h3>Introducing Daiya &#8211; the new Tacx bottle with a bold, edgy design<\/h3>\r\n\t\t\t\t\t\t\t\r\n\t\t\r\n\t\t<div class=\"text-with-image-block-text\">\r\n\t\t\t<p>The durable, impact-resistant Daiya bottle combines modern style with practical features like a diamond-shaped, leak-proof cap and soft pull nozzle for instant hydration. Its extra-large fill opening makes refilling and cleaning easy, while 360\u00b0 full-color printing ensures your logo shines. Perfect for active lifestyles and brand promotion.<\/p>\n<ul>\n<li>550ml<\/li>\n<li>Extra-large fill opening for easy cleaning<\/li>\n<li>Soft pull nozzle for quick, effortless hydration<\/li>\n<li>Leak-proof, one-twist cap<\/li>\n<li>100% recyclable materials<\/li>\n<li>Fits all bottle cages<\/li>\n<li>Impact-resistant for durability<\/li>\n<li>BPA free<\/li>\n<\/ul>\n\t\t<\/div>\r\n\r\n\t\t\t\t\t<a class=\"btn\" href=\"https:\/\/bottlepromotions.com\/de\/bottle\/daiya-550ml\/\" >\r\n\t\t\t\tNow available!\t\t\t<\/a>\r\n\t\t\t<\/div>\r\n\r\n\t<div class=\"container-visual\">\r\n\t\t\t\t\t<img loading=\"lazy\" decoding=\"async\" width=\"1920\" height=\"1079\" src=\"https:\/\/bottlepromotions.com\/wp-content\/uploads\/2024\/10\/daiya-photo-c.jpg\" class=\"attachment-fullwidth size-fullwidth\" alt=\"\" srcset=\"https:\/\/bottlepromotions.com\/wp-content\/uploads\/2024\/10\/daiya-photo-c.jpg 1920w, https:\/\/bottlepromotions.com\/wp-content\/uploads\/2024\/10\/daiya-photo-c-300x169.jpg 300w, https:\/\/bottlepromotions.com\/wp-content\/uploads\/2024\/10\/daiya-photo-c-1024x575.jpg 1024w, https:\/\/bottlepromotions.com\/wp-content\/uploads\/2024\/10\/daiya-photo-c-768x432.jpg 768w, https:\/\/bottlepromotions.com\/wp-content\/uploads\/2024\/10\/daiya-photo-c-1536x863.jpg 1536w, https:\/\/bottlepromotions.com\/wp-content\/uploads\/2024\/10\/daiya-photo-c-600x337.jpg 600w\" sizes=\"auto, (max-width: 1920px) 100vw, 1920px\" \/>\t\t\t<\/div>\r\n\r\n<\/div>\n\n\n<div style=\"height:50px\" aria-hidden=\"true\" class=\"wp-block-spacer\"><\/div>\n\n\n\r\n<div id=\"text-with-image-block-block_b73ecd25fc82ab71a20f950e42324f91\" class=\"fullwidth text-with-image-block position-left layout-normal\">\r\n\r\n\t<div class=\"container-text\">\r\n\t\t\t\t\t\t\t\t\t<h3>SPORT FLASCHE MIT 3 VERSCHLUSS-OPTIONEN<\/h3>\r\n\t\t\t\t\t\t\t\r\n\t\t\r\n\t\t<div class=\"text-with-image-block-text\">\r\n\t\t\t<p>Die Shiva Sportflasche wird in den Gr\u00f6\u00dfen 500 ml und 750 ml mit 3 vielseitigen Verschl\u00fcssen angeboten. W\u00e4hlen Sie zwischen Standard mit einem abschlie\u00dfbarem Ziehverschluss, Premium (f\u00fcr Shanti) mit einer Membrandichtung oder XT mit einem l\u00e4ngeren Trinkverschluss, speziell f\u00fcr Athleten und Motorradfahrer die einen Helm tragen m\u00fcssen.<\/p>\n<p>Mit einer gro\u00dfen Auswahl an Farben f\u00fcr sowohl Flaschen als auch Verschl\u00fcssen, finden sie problemlos die perfekte Personalisierung f\u00fcr ihr Kundenlogo.<\/p>\n<p>Bleiben Sie frisch und stilvoll und verbessern Ihren Fl\u00fcssigkeitsbedarf mit der Shiva Sportflasche<\/p>\n\t\t<\/div>\r\n\r\n\t\t\t<\/div>\r\n\r\n\t<div class=\"container-visual\">\r\n\t\t\t\t\t<img loading=\"lazy\" decoding=\"async\" width=\"1252\" height=\"704\" src=\"https:\/\/bottlepromotions.com\/wp-content\/uploads\/2021\/04\/sports-bottles-text-1-edited.jpeg\" class=\"attachment-fullwidth size-fullwidth\" alt=\"\" srcset=\"https:\/\/bottlepromotions.com\/wp-content\/uploads\/2021\/04\/sports-bottles-text-1-edited.jpeg 1252w, https:\/\/bottlepromotions.com\/wp-content\/uploads\/2021\/04\/sports-bottles-text-1-edited-300x169.jpeg 300w, https:\/\/bottlepromotions.com\/wp-content\/uploads\/2021\/04\/sports-bottles-text-1-edited-1024x576.jpeg 1024w, https:\/\/bottlepromotions.com\/wp-content\/uploads\/2021\/04\/sports-bottles-text-1-edited-768x432.jpeg 768w, https:\/\/bottlepromotions.com\/wp-content\/uploads\/2021\/04\/sports-bottles-text-1-edited-600x337.jpeg 600w\" sizes=\"auto, (max-width: 1252px) 100vw, 1252px\" \/>\t\t\t<\/div>\r\n\r\n<\/div>\n\n\n<div style=\"height:50px\" aria-hidden=\"true\" class=\"wp-block-spacer\"><\/div>\n\n\n\r\n<div id=\"text-with-image-block-block_f8bab01acadee919a962b8235016f741\" class=\"fullwidth text-with-image-block position-right layout-normal\">\r\n\r\n\t<div class=\"container-text\">\r\n\t\t\t\t\t\t\t\t\t<h3>UMWELTFREUNDLICHE FLASCHE MIT HOHER QUALIT\u00c4T<\/h3>\r\n\t\t\t\t\t\t\t\r\n\t\t\r\n\t\t<div class=\"text-with-image-block-text\">\r\n\t\t\t<p>Wenn es darum geht, Kunststoff Produkte aus PE Material herzustellen, die den Zahn der Zeit standhalten k\u00f6nnen, ist die Entscheidung Haltbarkeit, Vielseitigkeit und \u00f6kologisches Bewusstsein mit einander im Einklang zu bringen das einzig Wahre.<\/p>\n<p>Unsere Flaschen sind aus Monokunststoffe hergestellt. Wir vermeiden die Verwendung mehrerer Kunststoffschichten da diese nur schwer zu recyceln sind. Einfach den Ziehverschluss von der Flasche ziehen, so dass beide zu 100% recycelt werden k\u00f6nnen.<\/p>\n<p style=\"font-weight: 400;\">Lassen Sie uns gemeinsam verantwortungsvolle Entscheidungen f\u00fcr unsere Kunststoffprodukte treffen.<\/p>\n\t\t<\/div>\r\n\r\n\t\t\t<\/div>\r\n\r\n\t<div class=\"container-visual\">\r\n\t\t\t\t\t<img loading=\"lazy\" decoding=\"async\" width=\"1920\" height=\"1188\" src=\"https:\/\/bottlepromotions.com\/wp-content\/uploads\/2023\/08\/Shiva-compositie-nieuwe-kleuren-bedrukt-kreten-1920x1188.jpg\" class=\"attachment-fullwidth size-fullwidth\" alt=\"\" \/>\t\t\t<\/div>\r\n\r\n<\/div>\n\n\n<div style=\"height:50px\" aria-hidden=\"true\" class=\"wp-block-spacer\"><\/div>\n\n\r\n\t<\/div>\r\n<\/div>\n\n<div id=\"container-block-block_6fb96b30bc41701b4087991544b22cd9\" class=\"container-block alignfull background-blue\">\r\n\t<div class=\"container\">\r\n\t\t\n\n<div style=\"height:60px\" aria-hidden=\"true\" class=\"wp-block-spacer\"><\/div>\n\n\n\r\n<div id=\"footer-cta-block-block_72819463a2f90b89ea2caca22baace90\" class=\"footer-cta-block position-right\">\r\n\r\n\t<div class=\"container-text\">\r\n\t\t\t\t\t<h3>TACX FLASCHENHALTER<\/h3>\r\n\t\t\r\n\t\t\t\t\t<div class=\"text\">\r\n\t\t\t\t<p>Kunden sind es leid, w\u00e4hrend ausgiebigen Radtouren mit Wasserflaschen  herum zu hantieren. H\u00f6ren Sie auf nach L\u00f6sungen zu suchen: Mit den Flaschenhaltern Ciro und Deva haben Sie den richtigen Partner f\u00fcr Radabenteuer. Die ausgekl\u00fcgelte Form der Halter h\u00e4lt Ihre Flaschen sicher an Ort und Stelle.  Er widersteht dem rauesten Gel\u00e4nde, sogar das gef\u00fcrchtete Kopfsteinpflaster.<\/p>\n<p>Beide Beh\u00e4lter sind aus hochwertigen, leichten Materialien hergestellt die St\u00e4rke und Widerstandsf\u00e4higkeit garantieren. Durch die Verwendung von Fiberglas und eine Karbon Au\u00dfenhaut ist das Gewicht des Ciro auf 29 Gramm beschr\u00e4nkt.<\/p>\n<p>Die Beh\u00e4lter sind ab 10 St\u00fcck und in vielen Farben sowie in Glanz- oder Mattfinish erh\u00e4ltlich.<\/p>\n\t\t\t<\/div>\r\n\t\t\r\n\t\t\t\t\t<a class=\"btn btn-white-solid\" href=\"\/de\/vertriebsinfo\/\" >\r\n\t\t\t\tAngebotsanfrage\t\t\t<\/a>\r\n\t\t\r\n\t\t\t<\/div>\r\n\r\n\t<div class=\"container-visual\">\r\n\t\t\t\t\t<img loading=\"lazy\" decoding=\"async\" width=\"1920\" height=\"1333\" src=\"https:\/\/bottlepromotions.com\/wp-content\/uploads\/2023\/08\/AGIns_01-e1692785625912-1920x1333.png\" class=\"attachment-fullwidth size-fullwidth\" alt=\"\" \/>\t\t\t<\/div>\r\n\r\n<\/div>\n\n\n<div style=\"height:60px\" aria-hidden=\"true\" class=\"wp-block-spacer\"><\/div>\n\n\r\n\t<\/div>\r\n<\/div>","protected":false},"excerpt":{"rendered":"","protected":false},"author":11,"featured_media":0,"parent":0,"menu_order":0,"comment_status":"closed","ping_status":"closed","template":"page-gutenberg.php","meta":{"_acf_changed":false,"_uag_custom_page_level_css":"","footnotes":""},"class_list":["post-10991","page","type-page","status-publish","hentry"],"acf":[],"yoast_head":"<!-- This site is optimized with the Yoast SEO plugin v26.9 - https:\/\/yoast.com\/product\/yoast-seo-wordpress\/ -->\n<title>Sporttrinkflasche | Hersteller und Lieferant | Bottle Promotions<\/title>\n<meta name=\"description\" content=\"Shiva, die Sportflasche von Tacx | Geh\u00f6rt zu einem gesunden Lebensstil | 25 Jahren der Branchenspezialist\" \/>\n<meta name=\"robots\" content=\"index, follow, max-snippet:-1, max-image-preview:large, max-video-preview:-1\" \/>\n<link rel=\"canonical\" href=\"https:\/\/bottlepromotions.com\/de\/sporttrinkflasche-2\/\" \/>\n<meta property=\"og:locale\" content=\"de_DE\" \/>\n<meta property=\"og:type\" content=\"article\" \/>\n<meta property=\"og:title\" content=\"Sporttrinkflasche | Hersteller und Lieferant | Bottle Promotions\" \/>\n<meta property=\"og:description\" content=\"Shiva, die Sportflasche von Tacx | Geh\u00f6rt zu einem gesunden Lebensstil | 25 Jahren der Branchenspezialist\" \/>\n<meta property=\"og:url\" content=\"https:\/\/bottlepromotions.com\/de\/sporttrinkflasche-2\/\" \/>\n<meta property=\"og:site_name\" content=\"Bottle Promotions\" \/>\n<meta property=\"article:modified_time\" content=\"2026-01-14T14:09:00+00:00\" \/>\n<meta property=\"og:image\" content=\"https:\/\/bottlepromotions.com\/wp-content\/uploads\/2023\/08\/druppel-150x150.png\" \/>\n<meta name=\"twitter:card\" content=\"summary_large_image\" \/>\n<meta name=\"twitter:label1\" content=\"Gesch\u00e4tzte Lesezeit\" \/>\n\t<meta name=\"twitter:data1\" content=\"1\u00a0Minute\" \/>\n<script type=\"application\/ld+json\" class=\"yoast-schema-graph\">{\"@context\":\"https:\/\/schema.org\",\"@graph\":[{\"@type\":\"WebPage\",\"@id\":\"https:\/\/bottlepromotions.com\/de\/sporttrinkflasche-2\/\",\"url\":\"https:\/\/bottlepromotions.com\/de\/sporttrinkflasche-2\/\",\"name\":\"Sporttrinkflasche | Hersteller und Lieferant | Bottle Promotions\",\"isPartOf\":{\"@id\":\"https:\/\/bottlepromotions.com\/de\/#website\"},\"primaryImageOfPage\":{\"@id\":\"https:\/\/bottlepromotions.com\/de\/sporttrinkflasche-2\/#primaryimage\"},\"image\":{\"@id\":\"https:\/\/bottlepromotions.com\/de\/sporttrinkflasche-2\/#primaryimage\"},\"thumbnailUrl\":\"https:\/\/bottlepromotions.com\/wp-content\/uploads\/2023\/08\/druppel-150x150.png\",\"datePublished\":\"2021-03-25T09:41:23+00:00\",\"dateModified\":\"2026-01-14T14:09:00+00:00\",\"description\":\"Shiva, die Sportflasche von Tacx | Geh\u00f6rt zu einem gesunden Lebensstil | 25 Jahren der Branchenspezialist\",\"breadcrumb\":{\"@id\":\"https:\/\/bottlepromotions.com\/de\/sporttrinkflasche-2\/#breadcrumb\"},\"inLanguage\":\"de\",\"potentialAction\":[{\"@type\":\"ReadAction\",\"target\":[\"https:\/\/bottlepromotions.com\/de\/sporttrinkflasche-2\/\"]}]},{\"@type\":\"ImageObject\",\"inLanguage\":\"de\",\"@id\":\"https:\/\/bottlepromotions.com\/de\/sporttrinkflasche-2\/#primaryimage\",\"url\":\"https:\/\/bottlepromotions.com\/wp-content\/uploads\/2023\/08\/druppel-150x150.png\",\"contentUrl\":\"https:\/\/bottlepromotions.com\/wp-content\/uploads\/2023\/08\/druppel-150x150.png\"},{\"@type\":\"BreadcrumbList\",\"@id\":\"https:\/\/bottlepromotions.com\/de\/sporttrinkflasche-2\/#breadcrumb\",\"itemListElement\":[{\"@type\":\"ListItem\",\"position\":1,\"name\":\"Home\",\"item\":\"https:\/\/bottlepromotions.com\/de\/\"},{\"@type\":\"ListItem\",\"position\":2,\"name\":\"Sporttrinkflasche\"}]},{\"@type\":\"WebSite\",\"@id\":\"https:\/\/bottlepromotions.com\/de\/#website\",\"url\":\"https:\/\/bottlepromotions.com\/de\/\",\"name\":\"Bottle Promotions\",\"description\":\"Your partner in promotional bottles\",\"publisher\":{\"@id\":\"https:\/\/bottlepromotions.com\/de\/#organization\"},\"potentialAction\":[{\"@type\":\"SearchAction\",\"target\":{\"@type\":\"EntryPoint\",\"urlTemplate\":\"https:\/\/bottlepromotions.com\/de\/?s={search_term_string}\"},\"query-input\":{\"@type\":\"PropertyValueSpecification\",\"valueRequired\":true,\"valueName\":\"search_term_string\"}}],\"inLanguage\":\"de\"},{\"@type\":\"Organization\",\"@id\":\"https:\/\/bottlepromotions.com\/de\/#organization\",\"name\":\"Bottle Promotions\",\"url\":\"https:\/\/bottlepromotions.com\/de\/\",\"logo\":{\"@type\":\"ImageObject\",\"inLanguage\":\"de\",\"@id\":\"https:\/\/bottlepromotions.com\/de\/#\/schema\/logo\/image\/\",\"url\":\"https:\/\/bottlepromotions.com\/wp-content\/uploads\/2021\/05\/BP-logo-white.png\",\"contentUrl\":\"https:\/\/bottlepromotions.com\/wp-content\/uploads\/2021\/05\/BP-logo-white.png\",\"width\":1284,\"height\":802,\"caption\":\"Bottle Promotions\"},\"image\":{\"@id\":\"https:\/\/bottlepromotions.com\/de\/#\/schema\/logo\/image\/\"}}]}<\/script>\n<!-- \/ Yoast SEO plugin. -->","yoast_head_json":{"title":"Sporttrinkflasche | Hersteller und Lieferant | Bottle Promotions","description":"Shiva, die Sportflasche von Tacx | Geh\u00f6rt zu einem gesunden Lebensstil | 25 Jahren der Branchenspezialist","robots":{"index":"index","follow":"follow","max-snippet":"max-snippet:-1","max-image-preview":"max-image-preview:large","max-video-preview":"max-video-preview:-1"},"canonical":"https:\/\/bottlepromotions.com\/de\/sporttrinkflasche-2\/","og_locale":"de_DE","og_type":"article","og_title":"Sporttrinkflasche | Hersteller und Lieferant | Bottle Promotions","og_description":"Shiva, die Sportflasche von Tacx | Geh\u00f6rt zu einem gesunden Lebensstil | 25 Jahren der Branchenspezialist","og_url":"https:\/\/bottlepromotions.com\/de\/sporttrinkflasche-2\/","og_site_name":"Bottle Promotions","article_modified_time":"2026-01-14T14:09:00+00:00","og_image":[{"url":"https:\/\/bottlepromotions.com\/wp-content\/uploads\/2023\/08\/druppel-150x150.png","type":"","width":"","height":""}],"twitter_card":"summary_large_image","twitter_misc":{"Gesch\u00e4tzte Lesezeit":"1\u00a0Minute"},"schema":{"@context":"https:\/\/schema.org","@graph":[{"@type":"WebPage","@id":"https:\/\/bottlepromotions.com\/de\/sporttrinkflasche-2\/","url":"https:\/\/bottlepromotions.com\/de\/sporttrinkflasche-2\/","name":"Sporttrinkflasche | Hersteller und Lieferant | Bottle Promotions","isPartOf":{"@id":"https:\/\/bottlepromotions.com\/de\/#website"},"primaryImageOfPage":{"@id":"https:\/\/bottlepromotions.com\/de\/sporttrinkflasche-2\/#primaryimage"},"image":{"@id":"https:\/\/bottlepromotions.com\/de\/sporttrinkflasche-2\/#primaryimage"},"thumbnailUrl":"https:\/\/bottlepromotions.com\/wp-content\/uploads\/2023\/08\/druppel-150x150.png","datePublished":"2021-03-25T09:41:23+00:00","dateModified":"2026-01-14T14:09:00+00:00","description":"Shiva, die Sportflasche von Tacx | Geh\u00f6rt zu einem gesunden Lebensstil | 25 Jahren der Branchenspezialist","breadcrumb":{"@id":"https:\/\/bottlepromotions.com\/de\/sporttrinkflasche-2\/#breadcrumb"},"inLanguage":"de","potentialAction":[{"@type":"ReadAction","target":["https:\/\/bottlepromotions.com\/de\/sporttrinkflasche-2\/"]}]},{"@type":"ImageObject","inLanguage":"de","@id":"https:\/\/bottlepromotions.com\/de\/sporttrinkflasche-2\/#primaryimage","url":"https:\/\/bottlepromotions.com\/wp-content\/uploads\/2023\/08\/druppel-150x150.png","contentUrl":"https:\/\/bottlepromotions.com\/wp-content\/uploads\/2023\/08\/druppel-150x150.png"},{"@type":"BreadcrumbList","@id":"https:\/\/bottlepromotions.com\/de\/sporttrinkflasche-2\/#breadcrumb","itemListElement":[{"@type":"ListItem","position":1,"name":"Home","item":"https:\/\/bottlepromotions.com\/de\/"},{"@type":"ListItem","position":2,"name":"Sporttrinkflasche"}]},{"@type":"WebSite","@id":"https:\/\/bottlepromotions.com\/de\/#website","url":"https:\/\/bottlepromotions.com\/de\/","name":"Bottle Promotions","description":"Your partner in promotional bottles","publisher":{"@id":"https:\/\/bottlepromotions.com\/de\/#organization"},"potentialAction":[{"@type":"SearchAction","target":{"@type":"EntryPoint","urlTemplate":"https:\/\/bottlepromotions.com\/de\/?s={search_term_string}"},"query-input":{"@type":"PropertyValueSpecification","valueRequired":true,"valueName":"search_term_string"}}],"inLanguage":"de"},{"@type":"Organization","@id":"https:\/\/bottlepromotions.com\/de\/#organization","name":"Bottle Promotions","url":"https:\/\/bottlepromotions.com\/de\/","logo":{"@type":"ImageObject","inLanguage":"de","@id":"https:\/\/bottlepromotions.com\/de\/#\/schema\/logo\/image\/","url":"https:\/\/bottlepromotions.com\/wp-content\/uploads\/2021\/05\/BP-logo-white.png","contentUrl":"https:\/\/bottlepromotions.com\/wp-content\/uploads\/2021\/05\/BP-logo-white.png","width":1284,"height":802,"caption":"Bottle Promotions"},"image":{"@id":"https:\/\/bottlepromotions.com\/de\/#\/schema\/logo\/image\/"}}]}},"uagb_featured_image_src":{"full":false,"thumbnail":false,"medium":false,"medium_large":false,"large":false,"1536x1536":false,"2048x2048":false,"fullwidth":false,"mediumplus":false,"gform-image-choice-sm":false,"gform-image-choice-md":false,"gform-image-choice-lg":false},"uagb_author_info":{"display_name":"Job Hanemaaijer","author_link":"https:\/\/bottlepromotions.com\/de\/author\/job\/"},"uagb_comment_info":0,"uagb_excerpt":null,"_links":{"self":[{"href":"https:\/\/bottlepromotions.com\/de\/wp-json\/wp\/v2\/pages\/10991","targetHints":{"allow":["GET"]}}],"collection":[{"href":"https:\/\/bottlepromotions.com\/de\/wp-json\/wp\/v2\/pages"}],"about":[{"href":"https:\/\/bottlepromotions.com\/de\/wp-json\/wp\/v2\/types\/page"}],"author":[{"embeddable":true,"href":"https:\/\/bottlepromotions.com\/de\/wp-json\/wp\/v2\/users\/11"}],"replies":[{"embeddable":true,"href":"https:\/\/bottlepromotions.com\/de\/wp-json\/wp\/v2\/comments?post=10991"}],"version-history":[{"count":20,"href":"https:\/\/bottlepromotions.com\/de\/wp-json\/wp\/v2\/pages\/10991\/revisions"}],"predecessor-version":[{"id":20813,"href":"https:\/\/bottlepromotions.com\/de\/wp-json\/wp\/v2\/pages\/10991\/revisions\/20813"}],"wp:attachment":[{"href":"https:\/\/bottlepromotions.com\/de\/wp-json\/wp\/v2\/media?parent=10991"}],"curies":[{"name":"wp","href":"https:\/\/api.w.org\/{rel}","templated":true}]}}