{"id":10971,"date":"2021-03-25T09:30:59","date_gmt":"2021-03-25T09:30:59","guid":{"rendered":"https:\/\/bottlepromotions.com\/lifestyle-bottles\/"},"modified":"2026-01-14T13:58:55","modified_gmt":"2026-01-14T13:58:55","slug":"lifestyle-bottles","status":"publish","type":"page","link":"https:\/\/bottlepromotions.com\/de\/lifestyle-bottles\/","title":{"rendered":"Lifestyle Bottles"},"content":{"rendered":"<div id=\"page-header-block_6e82a426a4e2b7542604bf848741b272\" class=\"page-header-block alignfull\">\r\n\t<div class=\"image\">\r\n\t\t<img loading=\"lazy\" decoding=\"async\" width=\"1920\" height=\"1253\" src=\"https:\/\/bottlepromotions.com\/wp-content\/uploads\/2024\/02\/compositie-Fuse-b.jpg\" class=\"attachment-fullwidth size-fullwidth\" alt=\"\" srcset=\"https:\/\/bottlepromotions.com\/wp-content\/uploads\/2024\/02\/compositie-Fuse-b.jpg 1920w, https:\/\/bottlepromotions.com\/wp-content\/uploads\/2024\/02\/compositie-Fuse-b-300x196.jpg 300w, https:\/\/bottlepromotions.com\/wp-content\/uploads\/2024\/02\/compositie-Fuse-b-1024x668.jpg 1024w, https:\/\/bottlepromotions.com\/wp-content\/uploads\/2024\/02\/compositie-Fuse-b-768x501.jpg 768w, https:\/\/bottlepromotions.com\/wp-content\/uploads\/2024\/02\/compositie-Fuse-b-1536x1002.jpg 1536w, https:\/\/bottlepromotions.com\/wp-content\/uploads\/2024\/02\/compositie-Fuse-b-600x392.jpg 600w\" sizes=\"auto, (max-width: 1920px) 100vw, 1920px\" \/>\t<\/div>\r\n\r\n\t<div class=\"container container-xl\">\r\n\t\t<div class=\"page-header-content col-md-12 col-lg-7\">\r\n\t\t\t<h1>FUSE, DIE ELEGANTE LIFESTYLE FLASCHE MIT FRUCHT-SPIE\u00df<\/h1>\r\n\r\n\t\t\t\t\t\t\t<h2>F\u00fcgen Sie Geschmack und wichtige Vitaminen Ihrem Wasser zu.<\/h2>\r\n\t\t\t\r\n\t\t\t\t\t\t\t<p>Wir alle wissen, wie wichtig es ist, ausreichend Fl\u00fcssigkeit zu sich zu nehmen, aber manchmal kann klares Wasser etwas langweilig sein. Hier kommt Fuse ins Spiel, denn mit dieser raffinierten Lifestyle-Flasche von Tacx k\u00f6nnen Sie Ihrem Wasser k\u00f6stliche Fruchtaromen beimischen. Stecken Sie einfach den optionalen (gegen Aufpreis erh\u00e4ltlichen) Fruchtspie\u00df in die Kappe, piksen sie die Fr\u00fcchte auf den Stab und aromatisieren sie so ihr Wasser. Es ist eine einfache und erfrischende M\u00f6glichkeit, Ihrer Trinkgewohnheit einen Hauch von Spannung zu verleihen. Nach dem Prinzip: \u201epimpe\u201c dein Wasser.<\/p>\n<p>Mit Fuse, der eleganten Fruit-Fusion-Flasche von Tacx, bleiben Sie auf geschmackvolle und angenehme Weise hydriert.<\/p>\n\t\t\t\t\t<\/div>\r\n\t<\/div>\r\n<\/div>\n\n\n<div style=\"height:40px\" aria-hidden=\"true\" class=\"wp-block-spacer\"><\/div>\n\n\n\n<div class=\"wp-block-uagb-container uagb-block-3a2b7de8 alignwide uagb-is-root-container\">\n<div class=\"wp-block-uagb-container uagb-block-0c42acef\">\n<div class=\"wp-block-uagb-info-box uagb-block-1bf4aa00 uagb-infobox__content-wrap  uagb-infobox-icon-above-title uagb-infobox-image-valign-top\"><div class=\"uagb-ifb-content\"><div class=\"uagb-ifb-image-content\"><img decoding=\"async\" src=\"https:\/\/bottlepromotions.com\/wp-content\/uploads\/2023\/08\/druppel-150x150.png\" alt=\"\" width=\"20\" height=\"20\" loading=\"lazy\"\/><\/div><div class=\"uagb-ifb-title-wrap\"><h3 class=\"uagb-ifb-title\">Die g\u00fcnstigste Fruit-Fusion-Flasche<\/h3><\/div><\/div><\/div>\n<\/div>\n\n\n\n<div class=\"wp-block-uagb-container uagb-block-4e770551\">\n<div class=\"wp-block-uagb-info-box uagb-block-bcf5fd1e uagb-infobox__content-wrap  uagb-infobox-icon-above-title uagb-infobox-image-valign-top\"><div class=\"uagb-ifb-content\"><div class=\"uagb-ifb-image-content\"><img decoding=\"async\" src=\"https:\/\/bottlepromotions.com\/wp-content\/uploads\/2023\/08\/druppel-150x150.png\" alt=\"\" width=\"20\" height=\"20\" loading=\"lazy\"\/><\/div><div class=\"uagb-ifb-title-wrap\"><h3 class=\"uagb-ifb-title\">Der Flaschenumfang ist auch f\u00fcr Kinderh\u00e4nde gut geeignet<\/h3><\/div><\/div><\/div>\n<\/div>\n\n\n\n<div class=\"wp-block-uagb-container uagb-block-f80f7363\">\n<div class=\"wp-block-uagb-info-box uagb-block-6b9d6c14 uagb-infobox__content-wrap  uagb-infobox-icon-above-title uagb-infobox-image-valign-top\"><div class=\"uagb-ifb-content\"><div class=\"uagb-ifb-image-content\"><img decoding=\"async\" src=\"https:\/\/bottlepromotions.com\/wp-content\/uploads\/2023\/08\/druppel-150x150.png\" alt=\"\" width=\"20\" height=\"20\" loading=\"lazy\"\/><\/div><div class=\"uagb-ifb-title-wrap\"><h3 class=\"uagb-ifb-title\">Inkl. praktischem Tragegriff<\/h3><\/div><\/div><\/div>\n<\/div>\n\n\n\n<div class=\"wp-block-uagb-container uagb-block-e70e6d43\">\n<div class=\"wp-block-uagb-info-box uagb-block-396f1b21 uagb-infobox__content-wrap  uagb-infobox-icon-above-title uagb-infobox-image-valign-top\"><div class=\"uagb-ifb-content\"><div class=\"uagb-ifb-image-content\"><img decoding=\"async\" src=\"https:\/\/bottlepromotions.com\/wp-content\/uploads\/2023\/08\/druppel-150x150.png\" alt=\"\" width=\"20\" height=\"20\" loading=\"lazy\"\/><\/div><div class=\"uagb-ifb-title-wrap\"><h3 class=\"uagb-ifb-title\">Extra gro\u00dfe Druckfl\u00e4che um Ihre Kreativit\u00e4t freien Lauf zu lassen<\/h3><\/div><\/div><\/div>\n<\/div>\n<\/div>\n\n\n\n<div style=\"height:40px\" aria-hidden=\"true\" class=\"wp-block-spacer\"><\/div>\n\n\n\r\n\t<div id=\"products-block_f59fb6760a2ef972ed70ffa99644f429\" class=\"products-block\">\r\n\r\n\t\t\t\t\t<a class=\"product-block\" href=\"\/de\/bottle\/fuse\/\">\r\n\t\t\t\t<h3>\r\n\t\t\t\t\tFuse <small>450ml<\/small>\t\t\t\t<\/h3>\r\n\r\n\t\t\t\t<div class=\"intro\">\r\n\t\t\t\t\tDrehverschluss mit oder ohne Fruit-Fusion-Stiel erh\u00e4ltlich\t\t\t\t<\/div>\r\n\r\n\t\t\t\t<div class=\"image\">\r\n\t\t\t\t\t<img decoding=\"async\" src=\"https:\/\/bottlepromotions.com\/wp-content\/uploads\/2019\/12\/fuse-unprinted.png\" alt=\"fuse-unprinted\" \/>\r\n\t\t\t\t<\/div>\r\n\t\t\t<\/a>\r\n\t\t\r\n\t<\/div>\r\n\n\n\n<div style=\"height:40px\" aria-hidden=\"true\" class=\"wp-block-spacer\"><\/div>\n\n\n<div id=\"container-block-block_82d531dde29dd067872db94215b86d93\" class=\"container-block alignfull background-grey\">\r\n\t<div class=\"container\">\r\n\t\t\n\n<div style=\"height:50px\" aria-hidden=\"true\" class=\"wp-block-spacer\"><\/div>\n\n\n\r\n<div id=\"text-with-image-block-block_01756c799b480214ba32c8c32d754ce0\" class=\"fullwidth text-with-image-block position-right layout-normal\">\r\n\r\n\t<div class=\"container-text\">\r\n\t\t\t\t\t\t\t\t\t<h3>DIE PRAKTISCHE VIELSEITIGE LIFESTYLE FLASCHE<\/h3>\r\n\t\t\t\t\t\t\t\r\n\t\t\r\n\t\t<div class=\"text-with-image-block-text\">\r\n\t\t\t<p>Die 450-ml-Flasche wurde f\u00fcr einen aktiven Lebensstil entwickelt, also ideal f\u00fcr sportliche, energiegeladene Menschen.Die Flasche verf\u00fcgt \u00fcber einen praktischen Ziehverschluss, der auch verriegelt werden kann, wodurch sie ebenfalls f\u00fcr kohlens\u00e4urehaltige Getr\u00e4nke geeignet ist. Hergestellt aus quetschbarem, BPA-freiem Polyethylen, das ein einfaches Trinken unterwegs erm\u00f6glicht. Der integrierte Tragegriff sorgt daf\u00fcr, dass Sie ihn \u00fcberall mit hinnehmen k\u00f6nnen.<\/p>\n<p>Dar\u00fcber hinaus ist diese Flasche wirklich vielseitig. Sie k\u00f6nnen sie wahlweise mit oder ohne Frucht-Spie\u00df (gegen Aufpreis) genie\u00dfen. Mit einem Durchmesser von nur 64 mm ist es auch f\u00fcr Kinder ein toller Werbeartikel, sie passt in jede Kinderhand. Sie bietet ausreichend Platz f\u00fcr einen lebhaften. Druck von oben bis unten und rund-herum.<\/p>\n\t\t<\/div>\r\n\r\n\t\t\t<\/div>\r\n\r\n\t<div class=\"container-visual\">\r\n\t\t\t\t\t<img loading=\"lazy\" decoding=\"async\" width=\"1920\" height=\"1188\" src=\"https:\/\/bottlepromotions.com\/wp-content\/uploads\/2023\/08\/Fuse-compositie-div-kleuren-bedrukt-1920x1188.jpg\" class=\"attachment-fullwidth size-fullwidth\" alt=\"\" \/>\t\t\t<\/div>\r\n\r\n<\/div>\n\n\n<div style=\"height:50px\" aria-hidden=\"true\" class=\"wp-block-spacer\"><\/div>\n\n\r\n\t<\/div>\r\n<\/div>\n\n<div id=\"container-block-block_8a6a962002f38b26213d0d33ab22a97b\" class=\"container-block alignfull background-blue\">\r\n\t<div class=\"container\">\r\n\t\t\n\n<div style=\"height:60px\" aria-hidden=\"true\" class=\"wp-block-spacer\"><\/div>\n\n\n\n<div style=\"height:60px\" aria-hidden=\"true\" class=\"wp-block-spacer\"><\/div>\n\n\r\n\t<\/div>\r\n<\/div>","protected":false},"excerpt":{"rendered":"","protected":false},"author":11,"featured_media":0,"parent":0,"menu_order":0,"comment_status":"closed","ping_status":"closed","template":"page-gutenberg.php","meta":{"_acf_changed":false,"_uag_custom_page_level_css":"","footnotes":""},"class_list":["post-10971","page","type-page","status-publish","hentry"],"acf":[],"yoast_head":"<!-- This site is optimized with the Yoast SEO plugin v26.9 - https:\/\/yoast.com\/product\/yoast-seo-wordpress\/ -->\n<title>Lifestyle Bottles - Bottle Promotions<\/title>\n<meta name=\"robots\" content=\"index, follow, max-snippet:-1, max-image-preview:large, max-video-preview:-1\" \/>\n<link rel=\"canonical\" href=\"https:\/\/bottlepromotions.com\/de\/lifestyle-bottles\/\" \/>\n<meta property=\"og:locale\" content=\"de_DE\" \/>\n<meta property=\"og:type\" content=\"article\" \/>\n<meta property=\"og:title\" content=\"Lifestyle Bottles - Bottle Promotions\" \/>\n<meta property=\"og:url\" content=\"https:\/\/bottlepromotions.com\/de\/lifestyle-bottles\/\" \/>\n<meta property=\"og:site_name\" content=\"Bottle Promotions\" \/>\n<meta property=\"article:modified_time\" content=\"2026-01-14T13:58:55+00:00\" \/>\n<meta property=\"og:image\" content=\"https:\/\/bottlepromotions.com\/wp-content\/uploads\/2023\/08\/druppel-150x150.png\" \/>\n<meta name=\"twitter:card\" content=\"summary_large_image\" \/>\n<meta name=\"twitter:label1\" content=\"Gesch\u00e4tzte Lesezeit\" \/>\n\t<meta name=\"twitter:data1\" content=\"1\u00a0Minute\" \/>\n<script type=\"application\/ld+json\" class=\"yoast-schema-graph\">{\"@context\":\"https:\/\/schema.org\",\"@graph\":[{\"@type\":\"WebPage\",\"@id\":\"https:\/\/bottlepromotions.com\/de\/lifestyle-bottles\/\",\"url\":\"https:\/\/bottlepromotions.com\/de\/lifestyle-bottles\/\",\"name\":\"Lifestyle Bottles - Bottle Promotions\",\"isPartOf\":{\"@id\":\"https:\/\/bottlepromotions.com\/de\/#website\"},\"primaryImageOfPage\":{\"@id\":\"https:\/\/bottlepromotions.com\/de\/lifestyle-bottles\/#primaryimage\"},\"image\":{\"@id\":\"https:\/\/bottlepromotions.com\/de\/lifestyle-bottles\/#primaryimage\"},\"thumbnailUrl\":\"https:\/\/bottlepromotions.com\/wp-content\/uploads\/2023\/08\/druppel-150x150.png\",\"datePublished\":\"2021-03-25T09:30:59+00:00\",\"dateModified\":\"2026-01-14T13:58:55+00:00\",\"breadcrumb\":{\"@id\":\"https:\/\/bottlepromotions.com\/de\/lifestyle-bottles\/#breadcrumb\"},\"inLanguage\":\"de\",\"potentialAction\":[{\"@type\":\"ReadAction\",\"target\":[\"https:\/\/bottlepromotions.com\/de\/lifestyle-bottles\/\"]}]},{\"@type\":\"ImageObject\",\"inLanguage\":\"de\",\"@id\":\"https:\/\/bottlepromotions.com\/de\/lifestyle-bottles\/#primaryimage\",\"url\":\"https:\/\/bottlepromotions.com\/wp-content\/uploads\/2023\/08\/druppel-150x150.png\",\"contentUrl\":\"https:\/\/bottlepromotions.com\/wp-content\/uploads\/2023\/08\/druppel-150x150.png\"},{\"@type\":\"BreadcrumbList\",\"@id\":\"https:\/\/bottlepromotions.com\/de\/lifestyle-bottles\/#breadcrumb\",\"itemListElement\":[{\"@type\":\"ListItem\",\"position\":1,\"name\":\"Home\",\"item\":\"https:\/\/bottlepromotions.com\/de\/\"},{\"@type\":\"ListItem\",\"position\":2,\"name\":\"Lifestyle Bottles\"}]},{\"@type\":\"WebSite\",\"@id\":\"https:\/\/bottlepromotions.com\/de\/#website\",\"url\":\"https:\/\/bottlepromotions.com\/de\/\",\"name\":\"Bottle Promotions\",\"description\":\"Your partner in promotional bottles\",\"publisher\":{\"@id\":\"https:\/\/bottlepromotions.com\/de\/#organization\"},\"potentialAction\":[{\"@type\":\"SearchAction\",\"target\":{\"@type\":\"EntryPoint\",\"urlTemplate\":\"https:\/\/bottlepromotions.com\/de\/?s={search_term_string}\"},\"query-input\":{\"@type\":\"PropertyValueSpecification\",\"valueRequired\":true,\"valueName\":\"search_term_string\"}}],\"inLanguage\":\"de\"},{\"@type\":\"Organization\",\"@id\":\"https:\/\/bottlepromotions.com\/de\/#organization\",\"name\":\"Bottle Promotions\",\"url\":\"https:\/\/bottlepromotions.com\/de\/\",\"logo\":{\"@type\":\"ImageObject\",\"inLanguage\":\"de\",\"@id\":\"https:\/\/bottlepromotions.com\/de\/#\/schema\/logo\/image\/\",\"url\":\"https:\/\/bottlepromotions.com\/wp-content\/uploads\/2021\/05\/BP-logo-white.png\",\"contentUrl\":\"https:\/\/bottlepromotions.com\/wp-content\/uploads\/2021\/05\/BP-logo-white.png\",\"width\":1284,\"height\":802,\"caption\":\"Bottle Promotions\"},\"image\":{\"@id\":\"https:\/\/bottlepromotions.com\/de\/#\/schema\/logo\/image\/\"}}]}<\/script>\n<!-- \/ Yoast SEO plugin. -->","yoast_head_json":{"title":"Lifestyle Bottles - Bottle Promotions","robots":{"index":"index","follow":"follow","max-snippet":"max-snippet:-1","max-image-preview":"max-image-preview:large","max-video-preview":"max-video-preview:-1"},"canonical":"https:\/\/bottlepromotions.com\/de\/lifestyle-bottles\/","og_locale":"de_DE","og_type":"article","og_title":"Lifestyle Bottles - Bottle Promotions","og_url":"https:\/\/bottlepromotions.com\/de\/lifestyle-bottles\/","og_site_name":"Bottle Promotions","article_modified_time":"2026-01-14T13:58:55+00:00","og_image":[{"url":"https:\/\/bottlepromotions.com\/wp-content\/uploads\/2023\/08\/druppel-150x150.png","type":"","width":"","height":""}],"twitter_card":"summary_large_image","twitter_misc":{"Gesch\u00e4tzte Lesezeit":"1\u00a0Minute"},"schema":{"@context":"https:\/\/schema.org","@graph":[{"@type":"WebPage","@id":"https:\/\/bottlepromotions.com\/de\/lifestyle-bottles\/","url":"https:\/\/bottlepromotions.com\/de\/lifestyle-bottles\/","name":"Lifestyle Bottles - Bottle Promotions","isPartOf":{"@id":"https:\/\/bottlepromotions.com\/de\/#website"},"primaryImageOfPage":{"@id":"https:\/\/bottlepromotions.com\/de\/lifestyle-bottles\/#primaryimage"},"image":{"@id":"https:\/\/bottlepromotions.com\/de\/lifestyle-bottles\/#primaryimage"},"thumbnailUrl":"https:\/\/bottlepromotions.com\/wp-content\/uploads\/2023\/08\/druppel-150x150.png","datePublished":"2021-03-25T09:30:59+00:00","dateModified":"2026-01-14T13:58:55+00:00","breadcrumb":{"@id":"https:\/\/bottlepromotions.com\/de\/lifestyle-bottles\/#breadcrumb"},"inLanguage":"de","potentialAction":[{"@type":"ReadAction","target":["https:\/\/bottlepromotions.com\/de\/lifestyle-bottles\/"]}]},{"@type":"ImageObject","inLanguage":"de","@id":"https:\/\/bottlepromotions.com\/de\/lifestyle-bottles\/#primaryimage","url":"https:\/\/bottlepromotions.com\/wp-content\/uploads\/2023\/08\/druppel-150x150.png","contentUrl":"https:\/\/bottlepromotions.com\/wp-content\/uploads\/2023\/08\/druppel-150x150.png"},{"@type":"BreadcrumbList","@id":"https:\/\/bottlepromotions.com\/de\/lifestyle-bottles\/#breadcrumb","itemListElement":[{"@type":"ListItem","position":1,"name":"Home","item":"https:\/\/bottlepromotions.com\/de\/"},{"@type":"ListItem","position":2,"name":"Lifestyle Bottles"}]},{"@type":"WebSite","@id":"https:\/\/bottlepromotions.com\/de\/#website","url":"https:\/\/bottlepromotions.com\/de\/","name":"Bottle Promotions","description":"Your partner in promotional bottles","publisher":{"@id":"https:\/\/bottlepromotions.com\/de\/#organization"},"potentialAction":[{"@type":"SearchAction","target":{"@type":"EntryPoint","urlTemplate":"https:\/\/bottlepromotions.com\/de\/?s={search_term_string}"},"query-input":{"@type":"PropertyValueSpecification","valueRequired":true,"valueName":"search_term_string"}}],"inLanguage":"de"},{"@type":"Organization","@id":"https:\/\/bottlepromotions.com\/de\/#organization","name":"Bottle Promotions","url":"https:\/\/bottlepromotions.com\/de\/","logo":{"@type":"ImageObject","inLanguage":"de","@id":"https:\/\/bottlepromotions.com\/de\/#\/schema\/logo\/image\/","url":"https:\/\/bottlepromotions.com\/wp-content\/uploads\/2021\/05\/BP-logo-white.png","contentUrl":"https:\/\/bottlepromotions.com\/wp-content\/uploads\/2021\/05\/BP-logo-white.png","width":1284,"height":802,"caption":"Bottle Promotions"},"image":{"@id":"https:\/\/bottlepromotions.com\/de\/#\/schema\/logo\/image\/"}}]}},"uagb_featured_image_src":{"full":false,"thumbnail":false,"medium":false,"medium_large":false,"large":false,"1536x1536":false,"2048x2048":false,"fullwidth":false,"mediumplus":false,"gform-image-choice-sm":false,"gform-image-choice-md":false,"gform-image-choice-lg":false},"uagb_author_info":{"display_name":"Job Hanemaaijer","author_link":"https:\/\/bottlepromotions.com\/de\/author\/job\/"},"uagb_comment_info":0,"uagb_excerpt":null,"_links":{"self":[{"href":"https:\/\/bottlepromotions.com\/de\/wp-json\/wp\/v2\/pages\/10971","targetHints":{"allow":["GET"]}}],"collection":[{"href":"https:\/\/bottlepromotions.com\/de\/wp-json\/wp\/v2\/pages"}],"about":[{"href":"https:\/\/bottlepromotions.com\/de\/wp-json\/wp\/v2\/types\/page"}],"author":[{"embeddable":true,"href":"https:\/\/bottlepromotions.com\/de\/wp-json\/wp\/v2\/users\/11"}],"replies":[{"embeddable":true,"href":"https:\/\/bottlepromotions.com\/de\/wp-json\/wp\/v2\/comments?post=10971"}],"version-history":[{"count":18,"href":"https:\/\/bottlepromotions.com\/de\/wp-json\/wp\/v2\/pages\/10971\/revisions"}],"predecessor-version":[{"id":20804,"href":"https:\/\/bottlepromotions.com\/de\/wp-json\/wp\/v2\/pages\/10971\/revisions\/20804"}],"wp:attachment":[{"href":"https:\/\/bottlepromotions.com\/de\/wp-json\/wp\/v2\/media?parent=10971"}],"curies":[{"name":"wp","href":"https:\/\/api.w.org\/{rel}","templated":true}]}}